{"id":117,"date":"2023-09-29T18:56:51","date_gmt":"2023-09-29T18:56:51","guid":{"rendered":"https:\/\/thczenvapes.com\/?post_type=product&#038;p=117"},"modified":"2025-12-04T00:24:22","modified_gmt":"2025-12-03T23:24:22","slug":"thc-vape-red-candy-zkittlez","status":"publish","type":"product","link":"https:\/\/thczenvapes.com\/sv\/shop\/thc-vapes\/thc-vape-rott-godis-zkittlez\/","title":{"rendered":"THC Vape \u2013 Red \u2013 Zkittlez"},"content":{"rendered":"<p>Uppt\u00e4ck v\u00e5r eng\u00e5ngs THC Vape \u2013 R\u00f6d \u2013 Zkittlez<br \/>\nDenna 1 ml penna ger en kraft med en imponerande koncentration p\u00e5 1000 mg THC\/ml, vilket s\u00e4kerst\u00e4ller en ultraren THC-upplevelse.<br \/>\nMed l\u00e5ng livsl\u00e4ngd i \u00e5tanke kan den p\u00e5g\u00e5 i upp till 2 m\u00e5nader eller cirka 800 tr\u00e4ffar.<br \/>\nTillverkad av premium THC-destillat, denna vape-penna har ett totalt cannabinoidinneh\u00e5ll p\u00e5 95%.<\/p>\n<p>F\u00f6r extra bekv\u00e4mlighet har det uppladdningsbara batteriet USB-C-kompatibilitet och aktiveras med ett enkelt drag.<br \/>\nV\u00e5rt engagemang f\u00f6r kvalitet \u00e5terspeglas i ingredienserna \u2013 THC-destillat och terpener, utan att absolut kompromissa med produktens ursprung.<\/p>\n<p>Ta det lugnt med att veta att detta inte \u00e4r en generisk kinesisk produkt; vi garanterar f\u00f6rstklassig kvalitet.<br \/>\nDet \u00e4r dock viktigt att notera att cannabislagarna varierar fr\u00e5n land till land, s\u00e5 v\u00e4nligen bekanta dig med dina lokala regler.<br \/>\nPrioritera framf\u00f6r allt s\u00e4kerheten och avst\u00e5 fr\u00e5n att k\u00f6ra ett fordon efter att ha njutit av denna produkt.<\/p>","protected":false},"excerpt":{"rendered":"<ul>\n<li>Eng\u00e5ngs THC Vape \u2013 R\u00f6d \u2013 Zkittlez<\/li>\n<li>Inneh\u00e5ller 1 ml vapejuice med 1000mg THC\/ml<\/li>\n<li>Varar upp till 2 m\u00e5nader eller runt 800 tr\u00e4ffar<\/li>\n<li>95% totalt cannabinoidinneh\u00e5ll fr\u00e5n premium THC-destillat<\/li>\n<li>Uppladdningsbart batteri med USB-C-aktivering<\/li>\n<li>Ingen kompromiss med produktkvalitet<\/li>\n<li>F\u00f6lj lokala cannabislagar och k\u00f6r aldrig efter anv\u00e4ndning f\u00f6r s\u00e4kerhets skull.<\/li>\n<\/ul>","protected":false},"featured_media":105,"comment_status":"open","ping_status":"closed","template":"","meta":[],"product_brand":[],"product_cat":[35,20],"product_tag":[],"class_list":{"0":"post-117","1":"product","2":"type-product","3":"status-publish","4":"has-post-thumbnail","6":"product_cat-classic-tastes","7":"product_cat-thc-vapes","9":"first","10":"instock","11":"sale","12":"shipping-taxable","13":"purchasable","14":"product-type-simple"},"jetpack_sharing_enabled":true,"_links":{"self":[{"href":"https:\/\/thczenvapes.com\/sv\/wp-json\/wp\/v2\/product\/117","targetHints":{"allow":["GET"]}}],"collection":[{"href":"https:\/\/thczenvapes.com\/sv\/wp-json\/wp\/v2\/product"}],"about":[{"href":"https:\/\/thczenvapes.com\/sv\/wp-json\/wp\/v2\/types\/product"}],"replies":[{"embeddable":true,"href":"https:\/\/thczenvapes.com\/sv\/wp-json\/wp\/v2\/comments?post=117"}],"version-history":[{"count":3,"href":"https:\/\/thczenvapes.com\/sv\/wp-json\/wp\/v2\/product\/117\/revisions"}],"predecessor-version":[{"id":265,"href":"https:\/\/thczenvapes.com\/sv\/wp-json\/wp\/v2\/product\/117\/revisions\/265"}],"wp:featuredmedia":[{"embeddable":true,"href":"https:\/\/thczenvapes.com\/sv\/wp-json\/wp\/v2\/media\/105"}],"wp:attachment":[{"href":"https:\/\/thczenvapes.com\/sv\/wp-json\/wp\/v2\/media?parent=117"}],"wp:term":[{"taxonomy":"product_brand","embeddable":true,"href":"https:\/\/thczenvapes.com\/sv\/wp-json\/wp\/v2\/product_brand?post=117"},{"taxonomy":"product_cat","embeddable":true,"href":"https:\/\/thczenvapes.com\/sv\/wp-json\/wp\/v2\/product_cat?post=117"},{"taxonomy":"product_tag","embeddable":true,"href":"https:\/\/thczenvapes.com\/sv\/wp-json\/wp\/v2\/product_tag?post=117"}],"curies":[{"name":"wp","href":"https:\/\/api.w.org\/{rel}","templated":true}]}}