{"id":968,"date":"2024-09-13T11:12:30","date_gmt":"2024-09-13T11:12:30","guid":{"rendered":"https:\/\/thczenvapes.com\/?page_id=968"},"modified":"2024-09-13T11:12:34","modified_gmt":"2024-09-13T11:12:34","slug":"buy-thc-carts-online-without-id","status":"publish","type":"page","link":"https:\/\/thczenvapes.com\/sv\/kop-thc-vagnar-online-utan-id-2\/","title":{"rendered":"Snabbt och enkelt: K\u00f6p THC-vagnar online utan ID kr\u00e4vs idag 2024"},"content":{"rendered":"<h3 class=\"wp-block-heading\"><strong>Introduktion<\/strong><\/h3>\n\n\n\n<p>Vill du k\u00f6pa THC-vagnar online utan ID-verifiering? Du \u00e4r inte ensam! I takt med att efterfr\u00e5gan p\u00e5 THC-vagnar forts\u00e4tter att v\u00e4xa v\u00e4nder sig m\u00e5nga till online-f\u00f6rs\u00e4ljare som erbjuder en mer avslappnad k\u00f6pprocess. I den h\u00e4r artikeln kommer vi att g\u00e5 igenom allt du beh\u00f6ver veta om att k\u00f6pa THC-vagnar online, med fokus p\u00e5 de som inte kr\u00e4ver ID. Fr\u00e5n hur de fungerar till risker och f\u00f6rdelar, l\u00e5t oss dyka in!<\/p>\n\n\n\n<h3 class=\"wp-block-heading\"><strong>Vad \u00e4r THC-vagnar?<\/strong><\/h3>\n\n\n\n<p>THC-k\u00e4rl, f\u00f6rkortning f\u00f6r THC-patroner, \u00e4r f\u00f6rfyllda beh\u00e5llare med cannabisolja som kan f\u00e4stas p\u00e5 vape-pennor eller e-cigaretter. Dessa k\u00e4rl \u00e4r fyllda med koncentrerad THC, den psykoaktiva f\u00f6reningen som finns i cannabis och som ger dig det d\u00e4r v\u00e4lbekanta &quot;high&quot;-k\u00e4nslan. De \u00e4r otroligt popul\u00e4ra f\u00f6r sin enkla anv\u00e4ndning och portabilitet.<\/p>\n\n\n\n<h3 class=\"wp-block-heading\"><strong>\u00d6kningen av THC-k\u00f6p online<\/strong><\/h3>\n\n\n\n<p>Fler m\u00e4nniskor v\u00e4ljer att k\u00f6pa THC-vagnar online av m\u00e5nga anledningar \u2013 bekv\u00e4mlighet, b\u00e4ttre priser och integritet toppar listan. P\u00e5 senare \u00e5r har onlineplattformar gjort det enklare \u00e4n n\u00e5gonsin att bl\u00e4ddra igenom ett brett utbud av THC-vagnar, j\u00e4mf\u00f6ra varum\u00e4rken och f\u00e5 dem levererade direkt till d\u00f6rren.<\/p>\n\n\n\n<h3 class=\"wp-block-heading\"><strong>Varf\u00f6r vissa f\u00f6redrar alternativ utan krav p\u00e5 legitimation<\/strong><\/h3>\n\n\n\n<p>Vissa k\u00f6pare f\u00f6redrar f\u00f6rs\u00e4ljare som inte ber om legitimation eftersom det f\u00f6renklar k\u00f6pprocessen. F\u00f6r de som bor i omr\u00e5den med strikta cannabislagar eller personer som bara v\u00e4rdes\u00e4tter integritet \u00e4r alternativet att k\u00f6pa utan att visa legitimation s\u00e4rskilt attraktivt.<\/p>\n\n\n\n<h3 class=\"wp-block-heading\"><strong>F\u00f6rst\u00e5 THC-vagnar<\/strong><\/h3>\n\n\n\n<h4 class=\"wp-block-heading\"><strong>Vad \u00e4r THC?<\/strong><\/h4>\n\n\n\n<p>THC, eller tetrahydrocannabinol, \u00e4r den huvudsakliga f\u00f6reningen i cannabis som ansvarar f\u00f6r de psykoaktiva effekterna. Den binder till receptorer i hj\u00e4rnan och nervsystemet, vilket ger effekter som eufori, avslappning och f\u00f6r\u00e4ndrade sensoriska uppfattningar.<\/p>\n\n\n\n<h4 class=\"wp-block-heading\"><strong>Typer av THC-vagnar tillg\u00e4ngliga<\/strong><\/h4>\n\n\n\n<p>Det finns olika typer av THC-beh\u00e5llare tillg\u00e4ngliga, inklusive indica-, sativa- och hybridsorter. Dessutom varierar THC-koncentrationerna mellan olika produkter, vilket g\u00f6r det m\u00f6jligt f\u00f6r anv\u00e4ndare att v\u00e4lja den styrka som b\u00e4st passar deras behov.<\/p>\n\n\n\n<h4 class=\"wp-block-heading\"><strong>Hur fungerar THC-vagnar?<\/strong><\/h4>\n\n\n\n<p>THC-patroner fungerar genom att v\u00e4rma upp cannabisoljan inuti patronen till den punkt d\u00e4r den f\u00f6r\u00e5ngas. Denna \u00e5nga inhaleras sedan, vilket levererar THC direkt in i blodomloppet f\u00f6r en snabb och kraftfull effekt.<\/p>\n\n\n\n<h3 class=\"wp-block-heading\"><strong>F\u00f6rdelar med <a href=\"https:\/\/thczenvapes.com\/sv\/shop\/\">K\u00f6pa THC-vagnar online<\/a><\/strong><\/h3>\n\n\n\n<h4 class=\"wp-block-heading\"><strong>Bekv\u00e4mlighet och integritet<\/strong><\/h4>\n\n\n\n<p><a href=\"https:\/\/vadercnbs.com\/\" target=\"_blank\" rel=\"noopener\">K\u00f6pa THC-vagnar online<\/a> erbjuder o\u00f6vertr\u00e4ffad bekv\u00e4mlighet. Du beh\u00f6ver inte k\u00f6ra till ett apotek eller oroa dig f\u00f6r butikernas \u00f6ppettider \u2013 l\u00e4gg bara en best\u00e4llning fr\u00e5n soffan! Dessutom blir dina k\u00f6p mer diskreta, med THC-vagnar online utan legitimation, d\u00e4r paket vanligtvis anl\u00e4nder i vanliga, om\u00e4rkta l\u00e5dor.<\/p>\n\n\n\n<h4 class=\"wp-block-heading\"><strong>Brett utbud av produkter<\/strong><\/h4>\n\n\n\n<p>Onlineplattformar erbjuder ofta ett mycket bredare utbud av THC-f\u00f6rpackningar j\u00e4mf\u00f6rt med lokala dispens\u00e4rer. Du kan enkelt bl\u00e4ddra igenom olika m\u00e4rken, sorter och smaker f\u00f6r att hitta den som b\u00e4st passar dina preferenser.<\/p>\n\n\n\n<h4 class=\"wp-block-heading\"><strong>Diskret frakt<\/strong><\/h4>\n\n\n\n<p>De flesta online-s\u00e4ljare f\u00f6rst\u00e5r vikten av integritet och erbjuder diskret frakt. N\u00e4r du vill k\u00f6pa THC-vagnar online utan legitimation kommer ingen att veta vad som finns i ditt paket, vilket ger sinnesro f\u00f6r de som oroar sig f\u00f6r nyfikna grannar eller huskamrater.<\/p>\n\n\n\n<h3 class=\"wp-block-heading\"><strong>Ingen legitimation kr\u00e4vs: Vad betyder det?<\/strong><\/h3>\n\n\n\n<h4 class=\"wp-block-heading\"><strong>Juridiska \u00f6verv\u00e4ganden<\/strong><\/h4>\n\n\n\n<p>I vissa stater \u00e4r cannabisprodukter starkt reglerade och k\u00f6p kr\u00e4ver \u00e5ldersverifiering. Vissa online-s\u00e4ljare hittar dock s\u00e4tt att kringg\u00e5 dessa regler och l\u00e5ter kunder k\u00f6pa THC-beh\u00e5llare online utan legitimation. Men det \u00e4r viktigt att f\u00f6rst\u00e5 att detta inte alltid \u00e4r lagligt.<\/p>\n\n\n\n<h4 class=\"wp-block-heading\"><strong>Hur vissa s\u00e4ljare inte erbjuder n\u00e5gon ID-verifiering<\/strong><\/h4>\n\n\n\n<p>N\u00e4r du k\u00f6per THC-beh\u00e5llare online utan legitimation verkar vissa online-s\u00e4ljare antingen i stater med l\u00f6sare cannabislagar eller s\u00e5 utnyttjar de kryph\u00e5l i lagstiftningen. Var f\u00f6rsiktig n\u00e4r du har att g\u00f6ra med dessa s\u00e4ljare, eftersom det kan finnas risker.<\/p>\n\n\n\n<h3 class=\"wp-block-heading\"><strong>Hur man s\u00e4kert k\u00f6per THC-vagnar online<\/strong><\/h3>\n\n\n\n<h4 class=\"wp-block-heading\"><strong>Unders\u00f6k v\u00e4lrenommerade s\u00e4ljare<\/strong><\/h4>\n\n\n\n<p>Innan du k\u00f6per THC-k\u00e4rl online utan legitimation, ta dig tid att unders\u00f6ka v\u00e4lrenommerade s\u00e4ljare. Leta efter etablerade varum\u00e4rken med bra kundservice och tydliga produktbeskrivningar.<\/p>\n\n\n\n<h4 class=\"wp-block-heading\"><strong>L\u00e4s kundrecensioner<\/strong><\/h4>\n\n\n\n<p>Kundrecensioner kan vara en guldgruva av information. Se till att du l\u00e4ser igenom b\u00e5de positiva och negativa recensioner f\u00f6r att f\u00e5 ett balanserat perspektiv p\u00e5 produktens kvalitet och leverant\u00f6rens p\u00e5litlighet.<\/p>\n\n\n\n<h4 class=\"wp-block-heading\"><strong>Kontrollera produktens laboratorietester<\/strong><\/h4>\n\n\n\n<p>V\u00e4lrenommerade leverant\u00f6rer l\u00e5ter ofta sina produkter testas av tredjepartslaboratorier. Dessa labresultat b\u00f6r finnas tillg\u00e4ngliga p\u00e5 deras webbplats och bekr\u00e4ftar THC-k\u00e4rlens styrka och s\u00e4kerhet.<\/p>\n\n\n\n<h3 class=\"wp-block-heading\"><strong>Risker och nackdelar med k\u00f6p utan legitimation<\/strong><\/h3>\n\n\n\n<h4 class=\"wp-block-heading\"><strong>Potentiella r\u00e4ttsliga konsekvenser<\/strong><\/h4>\n\n\n\n<p>\u00c4ven om det kan verka enkelt att k\u00f6pa THC-beh\u00e5llare utan legitimation, kan det medf\u00f6ra juridiska risker. I vissa jurisdiktioner kan k\u00f6p av cannabis utan verifiering leda till b\u00f6ter eller andra r\u00e4ttsliga konsekvenser.<\/p>\n\n\n\n<h4 class=\"wp-block-heading\"><strong>Kvalitets- och s\u00e4kerhetsproblem<\/strong><\/h4>\n\n\n\n<p>N\u00e4r du k\u00f6per fr\u00e5n s\u00e4ljare som inte kr\u00e4ver legitimation finns det en h\u00f6gre risk att produkterna inte uppfyller kvalitetsstandarderna. Utan korrekt reglering kan du k\u00f6pa en produkt som \u00e4r mindre potent, inneh\u00e5ller skadliga tillsatser eller \u00e4r felm\u00e4rkt.<\/p>\n\n\n\n<h3 class=\"wp-block-heading\"><strong>Alternativ till alternativen Ingen legitimation kr\u00e4vs<\/strong><\/h3>\n\n\n\n<h4 class=\"wp-block-heading\"><strong>\u00c5ldersverifierade s\u00e4ljare<\/strong><\/h4>\n\n\n\n<p>Om du letar efter ett s\u00e4krare alternativ \u00e4r \u00e5ldersverifierade s\u00e4ljare ett b\u00e4ttre val. Dessa s\u00e4ljare f\u00f6ljer lagen och s\u00e4kerst\u00e4ller att produkten du k\u00f6per uppfyller s\u00e4kerhets- och kvalitetsstandarder.<\/p>\n\n\n\n<h4 class=\"wp-block-heading\"><strong>S\u00e4kra betalningsmetoder<\/strong><\/h4>\n\n\n\n<p>N\u00e4r du k\u00f6per THC-vagnar online, v\u00e4lj alltid s\u00e4kra betalningsmetoder. De flesta v\u00e4lrenommerade webbplatser erbjuder kryptering f\u00f6r att skydda din personliga information och dina betalningsuppgifter.<\/p>\n\n\n\n<h3 class=\"wp-block-heading\"><strong>Slutsats<\/strong><\/h3>\n\n\n\n<p>Att k\u00f6pa THC-vagnar online utan legitimation kan verka som ett snabbt och enkelt alternativ, men det \u00e4r viktigt att v\u00e4ga f\u00f6r- och nackdelar. \u00c4ven om bekv\u00e4mligheten och integriteten \u00e4r attraktiv, finns det potentiella juridiska och s\u00e4kerhetsm\u00e4ssiga risker. G\u00f6r alltid din research, och om m\u00f6jligt, \u00f6verv\u00e4g att k\u00f6pa fr\u00e5n v\u00e4lrenommerade, \u00e5ldersverifierade leverant\u00f6rer f\u00f6r att s\u00e4kerst\u00e4lla en s\u00e4ker och tillfredsst\u00e4llande upplevelse.<\/p>\n\n\n\n<hr class=\"wp-block-separator has-alpha-channel-opacity\"\/>\n\n\n\n<h3 class=\"wp-block-heading\"><strong>Vanliga fr\u00e5gor<\/strong><\/h3>\n\n\n\n<ol class=\"wp-block-list\">\n<li><strong>\u00c4r THC-vagnar lagliga i alla stater?<\/strong><br>Nej, THC-beh\u00e5llare \u00e4r endast lagliga i stater d\u00e4r rekreations- eller medicinsk cannabis \u00e4r legaliserad. Kontrollera alltid lokala lagar innan du g\u00f6r ett k\u00f6p.<\/li>\n\n\n\n<li><strong>Vad ska jag leta efter i en h\u00f6gkvalitativ THC-vagn?<\/strong><br>Leta efter tredjepartslaboratorietester, h\u00f6gkvalitativa material och positiva kundrecensioner. Dessa indikatorer tyder p\u00e5 en produkt som \u00e4r b\u00e5de s\u00e4ker och effektiv.<\/li>\n\n\n\n<li><strong>Hur l\u00e4nge h\u00e5ller THC-k\u00e4rl?<\/strong><br>En THC-vagns livsl\u00e4ngd beror p\u00e5 anv\u00e4ndningsfrekvensen och patronens storlek, men i genomsnitt kan en vagn h\u00e5lla allt fr\u00e5n n\u00e5gra dagar till n\u00e5gra veckor.<\/li>\n\n\n\n<li><strong>Kan jag f\u00e5 juridiska problem f\u00f6r att k\u00f6pa THC-vagnar online?<\/strong><br>Ja, om cannabis \u00e4r olagligt i din stat eller ditt land kan det f\u00e5 r\u00e4ttsliga konsekvenser att k\u00f6pa THC-beh\u00e5llare online.<\/li>\n\n\n\n<li><strong>Vad \u00e4r skillnaden mellan att k\u00f6pa fr\u00e5n ett apotek och online?<\/strong><br>Att k\u00f6pa fr\u00e5n ett apotek s\u00e4kerst\u00e4ller lagefterlevnad och produktkvalitet, medan onlinek\u00f6p kan erbjuda st\u00f6rre variation men medf\u00f6r potentiella risker, s\u00e4rskilt om ingen legitimation kr\u00e4vs.<\/li>\n<\/ol>","protected":false},"excerpt":{"rendered":"<p>Introduktion Vill du k\u00f6pa THC-vagnar online utan ID-verifiering? Du \u00e4r inte ensam! I takt med att efterfr\u00e5gan p\u00e5 THC-vagnar forts\u00e4tter att v\u00e4xa v\u00e4nder sig m\u00e5nga m\u00e4nniskor<span class=\"excerpt-hellip\"> [\u2026]<\/span><\/p>","protected":false},"author":1,"featured_media":911,"parent":0,"menu_order":0,"comment_status":"closed","ping_status":"closed","template":"","meta":{"footnotes":""},"class_list":["post-968","page","type-page","status-publish","has-post-thumbnail","hentry"],"jetpack_sharing_enabled":true,"_links":{"self":[{"href":"https:\/\/thczenvapes.com\/sv\/wp-json\/wp\/v2\/pages\/968","targetHints":{"allow":["GET"]}}],"collection":[{"href":"https:\/\/thczenvapes.com\/sv\/wp-json\/wp\/v2\/pages"}],"about":[{"href":"https:\/\/thczenvapes.com\/sv\/wp-json\/wp\/v2\/types\/page"}],"author":[{"embeddable":true,"href":"https:\/\/thczenvapes.com\/sv\/wp-json\/wp\/v2\/users\/1"}],"replies":[{"embeddable":true,"href":"https:\/\/thczenvapes.com\/sv\/wp-json\/wp\/v2\/comments?post=968"}],"version-history":[{"count":1,"href":"https:\/\/thczenvapes.com\/sv\/wp-json\/wp\/v2\/pages\/968\/revisions"}],"predecessor-version":[{"id":969,"href":"https:\/\/thczenvapes.com\/sv\/wp-json\/wp\/v2\/pages\/968\/revisions\/969"}],"wp:featuredmedia":[{"embeddable":true,"href":"https:\/\/thczenvapes.com\/sv\/wp-json\/wp\/v2\/media\/911"}],"wp:attachment":[{"href":"https:\/\/thczenvapes.com\/sv\/wp-json\/wp\/v2\/media?parent=968"}],"curies":[{"name":"wp","href":"https:\/\/api.w.org\/{rel}","templated":true}]}}