{"id":320,"date":"2023-11-02T09:47:55","date_gmt":"2023-11-02T09:47:55","guid":{"rendered":"https:\/\/thczenvapes.com\/?page_id=320"},"modified":"2023-11-02T10:14:50","modified_gmt":"2023-11-02T10:14:50","slug":"buy-online-thc-vapes-with-ease-in-belgium-easy-guide-how-to-purchase-thc-zen-vape-in-belgium","status":"publish","type":"page","link":"https:\/\/thczenvapes.com\/sv\/kop-thc-online\/kop-online-thc-vapes-med-latthet-i-belgien-enkel-guide-hur-man-koper-thc-zen-vape-i-belgien\/","title":{"rendered":"K\u00f6p online THC Vapes med l\u00e4tthet i Belgien: Enkel guide hur du k\u00f6per THC Zen Vape i Belgien"},"content":{"rendered":"<p>V\u00e5rt m\u00e5l \u00e4r att g\u00f6ra processen att k\u00f6pa THC vapes i Belgien enkel. Oavsett om du \u00e4r ny p\u00e5 THC vaping eller en erfaren entusiast, \u00e4r v\u00e5r plattform h\u00e4r f\u00f6r att tillgodose dina behov. Utforska v\u00e5rt utbud, k\u00f6p THC vapes i Belgien med tillf\u00f6rsikt och h\u00f6j din THC-upplevelse med THC Zen Vapes.<\/p>\n<style>\/*! elementor - v3.15.0 - 02-08-2023 *\/\n.elementor-heading-title{padding:0;margin:0;line-height:1}.elementor-widget-heading .elementor-heading-title[class*=elementor-size-]>a{color:inherit;font-size:inherit;line-height:inherit}.elementor-widget-heading .elementor-heading-title.elementor-size-small{font-size:15px}.elementor-widget-heading .elementor-heading-title.elementor-size-medium{font-size:19px}.elementor-widget-heading .elementor-heading-title.elementor-size-large{font-size:29px}.elementor-widget-heading .elementor-heading-title.elementor-size-xl{font-size:39px}.elementor-widget-heading .elementor-heading-title.elementor-size-xxl{font-size:59px}<\/style>\n<h3>Introduktion f\u00f6r att k\u00f6pa THC Zen Vapes i Belgien:<\/h3>\n<p>V\u00e4lkommen till THC Zen Vapes Belgien, din <strong>betrodd<\/strong> destination f\u00f6r s\u00f6ml\u00f6s <strong>THC vape<\/strong> k\u00f6p. V\u00e5rt uppdrag \u00e4r att tillhandah\u00e5lla ett varierat utbud av <strong>THC av h\u00f6gsta kvalitet<\/strong> vape-produkter, vilket s\u00e4kerst\u00e4ller en problemfri upplevelse n\u00e4r du utforskar THC-v\u00e4rlden. V\u00e5r anv\u00e4ndarv\u00e4nliga <a href=\"https:\/\/thczenvapes.com\/sv\/handla\/\">webbutik<\/a> \u00e4r designad med din bekv\u00e4mlighet i \u00e5tanke, och erbjuder detaljerade produktbeskrivningar och h\u00f6guppl\u00f6sta bilder f\u00f6r att hj\u00e4lpa dig att g\u00f6ra v\u00e4lgrundade val.<\/p>\n<h3>Shopupplevelse med THC Zen Vapes: <\/h3>\n<p>P\u00e5 THC Zen Vapes Belgium \u00e4r vi stolta \u00f6ver att leverera en enast\u00e5ende shoppingupplevelse. V\u00e5r <strong><a href=\"https:\/\/thczenvapes.com\/sv\/handla\/\">webbutik<\/a><\/strong> \u00e4r genomt\u00e4nkt designad f\u00f6r enkel navigering, s\u00e5 att du enkelt kan utforska och v\u00e4lja produkter som passar dina preferenser.<\/p>\n<link rel=\"stylesheet\" href=\"https:\/\/thczenvapes.com\/wp-content\/plugins\/elementor-pro\/assets\/css\/widget-call-to-action.min.css\">\n<h2>K\u00f6p Premium ZEN THC VAPES<\/h2>\n<p>\t\t\t\t\t\tS\u00e4kra ditt k\u00f6p av Zen THC Vapes fr\u00e5n Belgien<br \/>\n\t\t\t\t\t<a href=\"https:\/\/thczenvapes.com\/sv\/handla\/\"><br \/>\n\t\t\t\t\t\tK\u00f6p nu\t\t\t\t\t<\/a><\/p>\n<h3>Navigera i butik:<\/h3>\n<p>Navigerar v\u00e5r <a href=\"https:\/\/thczenvapes.com\/sv\/handla\/\">Lagra<\/a> det \u00e4r enkelt. Du kan s\u00f6ka efter specifika produkter eller bl\u00e4ddra igenom kategorier f\u00f6r att hitta den perfekta<strong> THC vape<\/strong> f\u00f6r dina behov. Med en s\u00f6ml\u00f6s och <a href=\"https:\/\/thczenvapes.com\/sv\/en-steg-for-steg-guide-for-fakturabetalningar-i-thc-zen-vapes-store\/\"><strong>s\u00e4ker utcheckning<\/strong><\/a> process kommer du snabbt att ha dina \u00f6nskade produkter p\u00e5 v\u00e4g till dig.<\/p>\n<h3>K\u00f6p online i Belgien:<\/h3>\n<p>K\u00f6p av <a href=\"https:\/\/thczenvapes.com\/sv\/handla\/\">THC vapes online<\/a> i Belgien har aldrig varit bekv\u00e4mare. Vi erbjuder snabb och <a href=\"https:\/\/thczenvapes.com\/sv\/frakt-och-betalningar-som-sakerstaller-effektivitet-och-sakerhet-hos-thc-zen-vapes\/\"><strong>diskret frakt<\/strong><\/a> \u00f6ver hela landet, vilket s\u00e4kerst\u00e4ller din <strong>integritet och s\u00e4kerhet<\/strong> under hela processen.<\/p>\n<h3>Produktsortiment:<\/h3>\n<p>Utforska v\u00e5rt breda urval av THC vape-produkter, fr\u00e5n <a href=\"https:\/\/thczenvapes.com\/sv\/handla\/\"><strong>premium vape<\/strong><\/a> pennor till en m\u00e4ngd olika THC-infunderade e-v\u00e4tskor. Vi k\u00f6per v\u00e5ra produkter fr\u00e5n v\u00e4lrenommerade tillverkare till <strong>garantera kvalitet<\/strong> och potens. Oavsett om du \u00e4r en erfaren THC-entusiast eller en f\u00f6rstag\u00e5ngsutforskare, tillgodoser vi alla preferenser.<\/p>\n<h3>S\u00e4kerhet och integritet n\u00e4r du k\u00f6per THC Zen i Belgien:<\/h3>\n<p>P\u00e5 THC Zen Vapes Belgien, din <a href=\"https:\/\/thczenvapes.com\/sv\/integritetspolicy\/\"><strong>s\u00e4kerhet och integritet<\/strong><\/a> \u00e4r v\u00e5ra h\u00f6gsta prioriteringar. Vi vidtar alla n\u00f6dv\u00e4ndiga \u00e5tg\u00e4rder f\u00f6r att skydda din personliga information och s\u00e4kerst\u00e4lla <a href=\"https:\/\/thczenvapes.com\/sv\/frakt-och-betalningar-som-sakerstaller-effektivitet-och-sakerhet-hos-thc-zen-vapes\/\"><strong>diskreta orderleveranser<\/strong><\/a>. Alla v\u00e5ra produkter genomg\u00e5r omfattande laboratorietester f\u00f6r att uppfylla de h\u00f6gsta standarderna <strong>kvalitet och s\u00e4kerhet<\/strong>, vilket s\u00e4kerst\u00e4ller sinnesfrid vid varje k\u00f6p.<\/p>\n<h3>Best\u00e4ll din THC Zen Vape s\u00e4kert och enkelt fr\u00e5n Belgien:<br \/>K\u00f6p s\u00e4kert och snabbt<\/h3>\n<h3>Vanliga fr\u00e5gor (FAQ):<\/h3>\n<ul>\n<li><strong>\u00c4r det lagligt att k\u00f6pa THC vapes i Belgien?<\/strong> Den r\u00e4ttsliga statusen f\u00f6r THC vapes i Belgien kan vara komplex. Det \u00e4r viktigt att f\u00f6rst\u00e5 att THC \u00e4r ett kontrollerat \u00e4mne, och anv\u00e4ndning och innehav av THC vape-produkter \u00e4r i allm\u00e4nhet f\u00f6rem\u00e5l f\u00f6r strikta regler. Vi r\u00e5der dig att bekanta dig med lagar och f\u00f6rordningar i ditt omr\u00e5de f\u00f6r att s\u00e4kerst\u00e4lla efterlevnad.<\/li>\n<li><strong>Vilka betalningsmetoder accepterar du?<\/strong> Vi erbjuder en m\u00e4ngd olika betalningsmetoder f\u00f6r din bekv\u00e4mlighet, inklusive kredit-\/betalkort, bank\u00f6verf\u00f6ringar och kryptovaluta.<\/li>\n<li><strong>Erbjuder ni internationell frakt till andra europeiska l\u00e4nder? <\/strong>Ja, vi tillhandah\u00e5ller internationell frakt till utvalda europeiska l\u00e4nder. Se v\u00e5r fraktinformation f\u00f6r listan \u00f6ver <a href=\"https:\/\/thczenvapes.com\/sv\/lander-vi-skickar-till\/\"><strong>destinationer som st\u00f6ds<\/strong><\/a>.<\/li>\n<li><strong>Hur kan jag n\u00e5 ditt kundsupportteam om jag har fr\u00e5gor eller funderingar? <\/strong>Du kan n\u00e5 v\u00e5rt kundsupportteam via e-post, telefon eller v\u00e5r hemsidas livechattfunktion. Vi finns h\u00e4r f\u00f6r att hj\u00e4lpa dig med eventuella fr\u00e5gor eller funderingar.<\/li>\n<li><strong>Finns det n\u00e5gra rabatter eller kampanjer f\u00f6r \u00e5terkommande kunder? <\/strong>Ja, vi erbjuder regelbundet specialerbjudanden och rabatter till v\u00e5ra lojala kunder. H\u00e5ll dig uppdaterad om v\u00e5ra senaste erbjudanden genom att prenumerera p\u00e5 v\u00e5rt nyhetsbrev och f\u00f6lja oss p\u00e5 sociala medier.<\/li>\n<\/ul>\n<style>\/*! elementor - v3.15.0 - 02-08-2023 *\/\n.elementor-widget-image{text-align:center}.elementor-widget-image a{display:inline-block}.elementor-widget-image a img[src$=\".svg\"]{width:48px}.elementor-widget-image img{vertical-align:middle;display:inline-block}<\/style>\n<p>\t\t\t\t\t\t\t\t\t\t\t\t<img loading=\"lazy\" decoding=\"async\" width=\"150\" height=\"150\" src=\"https:\/\/thczenvapes.com\/wp-content\/uploads\/2023\/09\/logo_only_512-150x150.png\" alt=\"thc vapes\" srcset=\"https:\/\/thczenvapes.com\/wp-content\/uploads\/2023\/09\/logo_only_512-150x150.png 150w, https:\/\/thczenvapes.com\/wp-content\/uploads\/2023\/09\/logo_only_512-300x300.png 300w, https:\/\/thczenvapes.com\/wp-content\/uploads\/2023\/09\/logo_only_512-500x500.png 500w, https:\/\/thczenvapes.com\/wp-content\/uploads\/2023\/09\/logo_only_512-75x75.png 75w, https:\/\/thczenvapes.com\/wp-content\/uploads\/2023\/09\/logo_only_512-480x480.png 480w, https:\/\/thczenvapes.com\/wp-content\/uploads\/2023\/09\/logo_only_512.png 512w\" sizes=\"auto, (max-width:767px) 150px, 150px\" title=\"thc vapes\"><\/p>","protected":false},"excerpt":{"rendered":"<p>V\u00e5rt m\u00e5l \u00e4r att g\u00f6ra processen att k\u00f6pa THC vapes i Belgien enkel. Oavsett om du \u00e4r ny p\u00e5 THC-vaping eller en erfaren entusiast, v\u00e5r plattform<span class=\"excerpt-hellip\"> [\u2026]<\/span><\/p>","protected":false},"author":1,"featured_media":0,"parent":138,"menu_order":0,"comment_status":"closed","ping_status":"closed","template":"","meta":{"footnotes":""},"class_list":["post-320","page","type-page","status-publish","hentry"],"jetpack_sharing_enabled":true,"_links":{"self":[{"href":"https:\/\/thczenvapes.com\/sv\/wp-json\/wp\/v2\/pages\/320","targetHints":{"allow":["GET"]}}],"collection":[{"href":"https:\/\/thczenvapes.com\/sv\/wp-json\/wp\/v2\/pages"}],"about":[{"href":"https:\/\/thczenvapes.com\/sv\/wp-json\/wp\/v2\/types\/page"}],"author":[{"embeddable":true,"href":"https:\/\/thczenvapes.com\/sv\/wp-json\/wp\/v2\/users\/1"}],"replies":[{"embeddable":true,"href":"https:\/\/thczenvapes.com\/sv\/wp-json\/wp\/v2\/comments?post=320"}],"version-history":[{"count":5,"href":"https:\/\/thczenvapes.com\/sv\/wp-json\/wp\/v2\/pages\/320\/revisions"}],"predecessor-version":[{"id":325,"href":"https:\/\/thczenvapes.com\/sv\/wp-json\/wp\/v2\/pages\/320\/revisions\/325"}],"up":[{"embeddable":true,"href":"https:\/\/thczenvapes.com\/sv\/wp-json\/wp\/v2\/pages\/138"}],"wp:attachment":[{"href":"https:\/\/thczenvapes.com\/sv\/wp-json\/wp\/v2\/media?parent=320"}],"curies":[{"name":"wp","href":"https:\/\/api.w.org\/{rel}","templated":true}]}}