{"id":246,"date":"2023-09-30T21:31:30","date_gmt":"2023-09-30T21:31:30","guid":{"rendered":"https:\/\/thczenvapes.com\/?page_id=246"},"modified":"2023-09-30T21:31:32","modified_gmt":"2023-09-30T21:31:32","slug":"a-step-by-step-guide-to-invoice-payments-on-thc-zen-vapes-store","status":"publish","type":"page","link":"https:\/\/thczenvapes.com\/sv\/en-steg-for-steg-guide-for-fakturabetalningar-i-thc-zen-vapes-store\/","title":{"rendered":"En steg-f\u00f6r-steg-guide f\u00f6r att fakturera betalningar p\u00e5 THC Zen Vapes Store"},"content":{"rendered":"<p>P\u00e5 THC Zen Vapes \u00e4r vi dedikerade till att tillhandah\u00e5lla en s\u00f6ml\u00f6s och berikad shoppingupplevelse f\u00f6r v\u00e5ra uppskattade kunder. F\u00f6r detta \u00e4ndam\u00e5l erbjuder vi en m\u00e4ngd olika betalningsalternativ f\u00f6r att passa v\u00e5ra kunders olika behov. En av v\u00e5ra bekv\u00e4ma och enkla betalningsmetoder \u00e4r genom fakturabetalningar. I den h\u00e4r guiden g\u00e5r vi igenom de enkla stegen f\u00f6r att g\u00f6ra en betalning via faktura efter att du har lagt en best\u00e4llning i v\u00e5r butik.<\/p>\n\n\n\n<h3 class=\"wp-block-heading\">Navigera enkelt fakturabetalningar<\/h3>\n\n\n\n<h4 class=\"wp-block-heading\"><strong>1. Bl\u00e4ddra och v\u00e4lj dina f\u00f6redragna produkter:<\/strong><\/h4>\n\n\n\n<p>Navigera genom v\u00e5rt varierade utbud av premium THC vapes, v\u00e4lj dina favoriter och l\u00e4gg till dem i din kundvagn.<\/p>\n\n\n\n<h4 class=\"wp-block-heading\"><strong>2. Forts\u00e4tt till kassan:<\/strong><\/h4>\n\n\n\n<p>N\u00e4r du har valt alla \u00f6nskade varor, forts\u00e4tt till kassan f\u00f6r att ange din fraktinformation och v\u00e4lj \u00f6nskat betalningsalternativ.<\/p>\n\n\n\n<h4 class=\"wp-block-heading\"><strong>3. V\u00e4lj fakturabetalningsalternativ:<\/strong><\/h4>\n\n\n\n<p>Bland listan \u00f6ver tillg\u00e4ngliga betalningsmetoder, v\u00e4lj &quot;Fakturabetalning&quot; och slutf\u00f6r betalningsprocessen.<\/p>\n\n\n\n<h4 class=\"wp-block-heading\"><strong>4. Bekr\u00e4ftelse och e-postfaktura:<\/strong><\/h4>\n\n\n\n<p>N\u00e4r du har slutf\u00f6rt kassan f\u00e5r du en bekr\u00e4ftelse och en faktura skickas till din angivna e-postadress med information om det totala beloppet och betalningsinstruktioner.<\/p>\n\n\n\n<h3 class=\"wp-block-heading\">G\u00f6ra betalningen<\/h3>\n\n\n\n<h4 class=\"wp-block-heading\"><strong>5. Kontrollera din e-post:<\/strong><\/h4>\n\n\n\n<p>\u00d6ppna din e-postinkorg f\u00f6r att hitta fakturan fr\u00e5n THC Zen Vapes. Om du inte kan hitta e-postmeddelandet i din inkorg, se till att kontrollera din skr\u00e4ppost- eller skr\u00e4ppostmapp eftersom det kan omdirigeras dit.<\/p>\n\n\n\n<h4 class=\"wp-block-heading\"><strong>6. Granska fakturan:<\/strong><\/h4>\n\n\n\n<p>Granska fakturan noggrant f\u00f6r att s\u00e4kerst\u00e4lla att alla detaljer, inklusive det totala beloppet och bankuppgifter, \u00e4r korrekta.<\/p>\n\n\n\n<h4 class=\"wp-block-heading\"><strong>7. G\u00f6r betalningen:<\/strong><\/h4>\n\n\n\n<p>F\u00f6lj betalningsinstruktionerna som beskrivs p\u00e5 fakturan och g\u00f6r betalningen med din f\u00f6redragna metod, och se till att inkludera ditt ordernummer i betalningsreferensen f\u00f6r att underl\u00e4tta snabb hantering.<\/p>\n\n\n\n<h4 class=\"wp-block-heading\"><strong>8. Betalningsbekr\u00e4ftelse:<\/strong><\/h4>\n\n\n\n<p>N\u00e4r betalningen har tagits emot och bekr\u00e4ftats kommer du att f\u00e5 ett bekr\u00e4ftelsemail, och din best\u00e4llning kommer att behandlas f\u00f6r frakt.<\/p>\n\n\n\n<h3 class=\"wp-block-heading\">Punkter att komma ih\u00e5g:<\/h3>\n\n\n\n<ul class=\"wp-block-list\">\n<li>Se till att kontrollera b\u00e5de din huvudsakliga inkorg och skr\u00e4ppostmapp f\u00f6r e-postfakturan.<\/li>\n\n\n\n<li>G\u00e5 alltid igenom fakturauppgifterna noggrant innan du betalar.<\/li>\n\n\n\n<li>Att inkludera ditt ordernummer i betalningsreferensen \u00e4r avg\u00f6rande f\u00f6r snabb orderhantering.<\/li>\n<\/ul>\n\n\n\n<h3 class=\"wp-block-heading\">Slutsats<\/h3>\n\n\n\n<p>P\u00e5 THC Zen Vapes \u00e4r varje steg i din shoppingupplevelse designad f\u00f6r att vara anv\u00e4ndarv\u00e4nlig, s\u00e4ker och effektiv. Att betala via faktura \u00e4r inte bara okomplicerat utan s\u00e4kerst\u00e4ller ocks\u00e5 att du kan granska dina best\u00e4llningsuppgifter innan du betalar. V\u00e5rt dedikerade kundsupportteam \u00e4r alltid i beredskap f\u00f6r att hj\u00e4lpa dig med alla fr\u00e5gor eller utmaningar du kan m\u00f6ta under denna process.<\/p>\n\n\n\n<p>Vi \u00e4r engagerade i att h\u00f6ja din shoppingupplevelse och se till att varje interaktion pr\u00e4glas av kvalitet, s\u00e4kerhet och o\u00f6vertr\u00e4ffad kundservice. V\u00e4lkommen till THC Zen Vapes, d\u00e4r kvalitet och kundn\u00f6jdhet m\u00f6ts f\u00f6r en exceptionell resa av n\u00f6je och tillfredsst\u00e4llelse. Glad shopping!<\/p>","protected":false},"excerpt":{"rendered":"<p>P\u00e5 THC Zen Vapes \u00e4r vi dedikerade till att tillhandah\u00e5lla en s\u00f6ml\u00f6s och berikad shoppingupplevelse f\u00f6r v\u00e5ra uppskattade kunder. F\u00f6r detta \u00e4ndam\u00e5l erbjuder vi en variation<span class=\"excerpt-hellip\"> [\u2026]<\/span><\/p>","protected":false},"author":1,"featured_media":0,"parent":0,"menu_order":0,"comment_status":"closed","ping_status":"closed","template":"","meta":{"footnotes":""},"class_list":["post-246","page","type-page","status-publish","hentry"],"jetpack_sharing_enabled":true,"_links":{"self":[{"href":"https:\/\/thczenvapes.com\/sv\/wp-json\/wp\/v2\/pages\/246","targetHints":{"allow":["GET"]}}],"collection":[{"href":"https:\/\/thczenvapes.com\/sv\/wp-json\/wp\/v2\/pages"}],"about":[{"href":"https:\/\/thczenvapes.com\/sv\/wp-json\/wp\/v2\/types\/page"}],"author":[{"embeddable":true,"href":"https:\/\/thczenvapes.com\/sv\/wp-json\/wp\/v2\/users\/1"}],"replies":[{"embeddable":true,"href":"https:\/\/thczenvapes.com\/sv\/wp-json\/wp\/v2\/comments?post=246"}],"version-history":[{"count":1,"href":"https:\/\/thczenvapes.com\/sv\/wp-json\/wp\/v2\/pages\/246\/revisions"}],"predecessor-version":[{"id":247,"href":"https:\/\/thczenvapes.com\/sv\/wp-json\/wp\/v2\/pages\/246\/revisions\/247"}],"wp:attachment":[{"href":"https:\/\/thczenvapes.com\/sv\/wp-json\/wp\/v2\/media?parent=246"}],"curies":[{"name":"wp","href":"https:\/\/api.w.org\/{rel}","templated":true}]}}