{"id":244,"date":"2023-09-30T21:30:00","date_gmt":"2023-09-30T21:30:00","guid":{"rendered":"https:\/\/thczenvapes.com\/?page_id=244"},"modified":"2023-09-30T21:30:02","modified_gmt":"2023-09-30T21:30:02","slug":"a-comprehensive-guide-on-how-to-pay-with-cryptocurrency-on-thc-zen-vapes-woocommerce-store","status":"publish","type":"page","link":"https:\/\/thczenvapes.com\/sv\/en-omfattande-guide-om-hur-man-betalar-med-kryptovaluta-i-thc-zen-vapes-woocommerce-store\/","title":{"rendered":"En omfattande guide om hur man betalar med kryptovaluta i THC Zen Vapes WooCommerce Store"},"content":{"rendered":"<p>V\u00e4lkommen till THC Zen Vapes, d\u00e4r vi inte bara str\u00e4var efter att erbjuda premium THC vapes utan ocks\u00e5 se till att din shoppingupplevelse \u00e4r s\u00f6ml\u00f6s och bekv\u00e4m. I v\u00e5r st\u00e4ndiga str\u00e4van att f\u00f6rb\u00e4ttra din shoppingupplevelse accepterar vi nu betalningar via kryptovaluta i v\u00e5r WooCommerce-butik. Den h\u00e4r omfattande guiden \u00e4r utformad f\u00f6r att leda dig genom de enkla stegen f\u00f6r att g\u00f6ra en betalning med kryptovalutor efter att du har lagt din best\u00e4llning.<\/p>\n\n\n\n<h3 class=\"wp-block-heading\">Steg-f\u00f6r-steg-guide f\u00f6r betalning med kryptovaluta<\/h3>\n\n\n\n<h4 class=\"wp-block-heading\"><strong>1. V\u00e4lj dina \u00f6nskade produkter:<\/strong><\/h4>\n\n\n\n<p>Bl\u00e4ddra igenom v\u00e5r omfattande samling av premium THC-vapes, l\u00e4gg dina utvalda f\u00f6rem\u00e5l i varukorgen och forts\u00e4tt till kassan.<\/p>\n\n\n\n<h4 class=\"wp-block-heading\"><strong>2. V\u00e4lj kryptovaluta som din f\u00f6redragna betalningsmetod:<\/strong><\/h4>\n\n\n\n<p>P\u00e5 kassasidan hittar du olika betalningsalternativ. V\u00e4lj &quot;Cryptocurrency&quot; som din f\u00f6redragna betalningsmetod.<\/p>\n\n\n\n<h4 class=\"wp-block-heading\"><strong>3. Slutf\u00f6r utcheckningsprocessen:<\/strong><\/h4>\n\n\n\n<p>Fyll i n\u00f6dv\u00e4ndig information inklusive din leveransadress och forts\u00e4tt f\u00f6r att slutf\u00f6ra kassan. Efter slutf\u00f6randet kommer en best\u00e4llnings\u00f6versiktssida att visas.<\/p>\n\n\n\n<h4 class=\"wp-block-heading\"><strong>4. Anteckna QR-koden och pl\u00e5nboksinformationen:<\/strong><\/h4>\n\n\n\n<p>P\u00e5 ordersammanfattningssidan kommer du att presenteras med en QR-kod och pl\u00e5nboksinformation f\u00f6r kryptovalutabetalningen. Denna information \u00e4r avg\u00f6rande f\u00f6r att slutf\u00f6ra din betalning.<\/p>\n\n\n\n<h4 class=\"wp-block-heading\"><strong>5. \u00d6ppna din kryptovaluta-pl\u00e5nbok:<\/strong><\/h4>\n\n\n\n<p>F\u00e5 \u00e5tkomst till din applikation f\u00f6r kryptovaluta pl\u00e5nbok. Om du inte redan har en pl\u00e5nbok finns det olika betrodda pl\u00e5nboksappar tillg\u00e4ngliga som du enkelt kan ladda ner och st\u00e4lla in.<\/p>\n\n\n\n<h4 class=\"wp-block-heading\"><strong>6. Skanna QR-koden eller ange pl\u00e5nboksinformationen manuellt:<\/strong><\/h4>\n\n\n\n<p>Anv\u00e4nd din kryptovaluta-pl\u00e5nboksapp f\u00f6r att skanna QR-koden som visas p\u00e5 best\u00e4llningssammanfattningssidan. Alternativt kan du ange pl\u00e5nboksinformationen manuellt f\u00f6r att forts\u00e4tta med betalningen.<\/p>\n\n\n\n<h4 class=\"wp-block-heading\"><strong>7. Ange det exakta betalningsbeloppet:<\/strong><\/h4>\n\n\n\n<p>Se till att du anger det exakta beloppet som visas p\u00e5 order\u00f6versiktssidan. Det \u00e4r viktigt att vara exakt f\u00f6r att undvika transaktionsproblem.<\/p>\n\n\n\n<h4 class=\"wp-block-heading\"><strong>8. Bekr\u00e4fta och slutf\u00f6r din transaktion:<\/strong><\/h4>\n\n\n\n<p>Granska alla betalningsdetaljer f\u00f6r att s\u00e4kerst\u00e4lla riktigheten och bekr\u00e4fta sedan transaktionen. Betalningsprocessen \u00e4r snabb och du kommer att f\u00e5 en bekr\u00e4ftelse n\u00e4r den \u00e4r klar.<\/p>\n\n\n\n<h4 class=\"wp-block-heading\"><strong>9. Inv\u00e4nta din orderbekr\u00e4ftelse:<\/strong><\/h4>\n\n\n\n<p>N\u00e4r betalningen \u00e4r lyckad kommer du att f\u00e5 en orderbekr\u00e4ftelse fr\u00e5n THC Zen Vapes, och din best\u00e4llning kommer att behandlas f\u00f6r frakt.<\/p>\n\n\n\n<h3 class=\"wp-block-heading\">Viktiga punkter att notera:<\/h3>\n\n\n\n<ul class=\"wp-block-list\">\n<li>Betalningar i kryptovaluta \u00e4r ej \u00e5terbetalningsbara.<\/li>\n\n\n\n<li>Se till att pl\u00e5nboksinformationen och betalningsbeloppet anges korrekt f\u00f6r att undvika problem.<\/li>\n\n\n\n<li>Betalningar som g\u00f6rs till fel pl\u00e5nbok kommer inte att betraktas som en betald order.<\/li>\n<\/ul>\n\n\n\n<h3 class=\"wp-block-heading\">Slutsats<\/h3>\n\n\n\n<p>Att betala med kryptovaluta i THC Zen Vapes WooCommerce-butiken \u00e4r utformad f\u00f6r att vara en enkel och s\u00e4ker process, vilket s\u00e4kerst\u00e4ller en f\u00f6rb\u00e4ttrad shoppingupplevelse. Om du st\u00f6ter p\u00e5 n\u00e5gra utmaningar eller har ytterligare f\u00f6rfr\u00e5gningar finns v\u00e5rt engagerade kundserviceteam tillg\u00e4ngligt f\u00f6r att hj\u00e4lpa dig. Vi \u00e4r fast beslutna att g\u00f6ra varje steg av din shoppingresa med oss, fr\u00e5n urval till betalning, till en njutbar upplevelse. Glad shopping!<\/p>","protected":false},"excerpt":{"rendered":"<p>V\u00e4lkommen till THC Zen Vapes, d\u00e4r vi inte bara str\u00e4var efter att erbjuda premium THC vapes utan ocks\u00e5 se till att din shoppingupplevelse \u00e4r s\u00f6ml\u00f6s och bekv\u00e4m. I<span class=\"excerpt-hellip\"> [\u2026]<\/span><\/p>","protected":false},"author":1,"featured_media":0,"parent":0,"menu_order":0,"comment_status":"closed","ping_status":"closed","template":"","meta":{"footnotes":""},"class_list":["post-244","page","type-page","status-publish","hentry"],"jetpack_sharing_enabled":true,"_links":{"self":[{"href":"https:\/\/thczenvapes.com\/sv\/wp-json\/wp\/v2\/pages\/244","targetHints":{"allow":["GET"]}}],"collection":[{"href":"https:\/\/thczenvapes.com\/sv\/wp-json\/wp\/v2\/pages"}],"about":[{"href":"https:\/\/thczenvapes.com\/sv\/wp-json\/wp\/v2\/types\/page"}],"author":[{"embeddable":true,"href":"https:\/\/thczenvapes.com\/sv\/wp-json\/wp\/v2\/users\/1"}],"replies":[{"embeddable":true,"href":"https:\/\/thczenvapes.com\/sv\/wp-json\/wp\/v2\/comments?post=244"}],"version-history":[{"count":1,"href":"https:\/\/thczenvapes.com\/sv\/wp-json\/wp\/v2\/pages\/244\/revisions"}],"predecessor-version":[{"id":245,"href":"https:\/\/thczenvapes.com\/sv\/wp-json\/wp\/v2\/pages\/244\/revisions\/245"}],"wp:attachment":[{"href":"https:\/\/thczenvapes.com\/sv\/wp-json\/wp\/v2\/media?parent=244"}],"curies":[{"name":"wp","href":"https:\/\/api.w.org\/{rel}","templated":true}]}}