{"id":242,"date":"2023-09-30T21:28:30","date_gmt":"2023-09-30T21:28:30","guid":{"rendered":"https:\/\/thczenvapes.com\/?page_id=242"},"modified":"2023-09-30T21:28:31","modified_gmt":"2023-09-30T21:28:31","slug":"shipping-and-payments-ensuring-efficiency-and-security-at-thc-zen-vapes","status":"publish","type":"page","link":"https:\/\/thczenvapes.com\/sv\/frakt-och-betalningar-som-sakerstaller-effektivitet-och-sakerhet-hos-thc-zen-vapes\/","title":{"rendered":"Frakt och betalningar: S\u00e4kerst\u00e4ll effektivitet och s\u00e4kerhet hos THC Zen Vapes"},"content":{"rendered":"<p>P\u00e5 THC Zen Vapes har vi inte bara \u00e5tagit oss att leverera produkter av h\u00f6gsta kvalitet utan ocks\u00e5 att se till att processen fr\u00e5n best\u00e4llning till att du tar emot dina favorit THC vapes \u00e4r s\u00f6ml\u00f6s, s\u00e4ker och effektiv. Vi v\u00e4rdes\u00e4tter v\u00e5ra kunder och str\u00e4var efter att g\u00f6ra varje steg i din shoppingupplevelse hos oss till ett n\u00f6je. Nedan f\u00f6rdjupar vi oss i v\u00e5ra frakt- och betalningsprocedurer och beskriver vad som g\u00f6r shopping hos oss till ett utm\u00e4rkt val.<\/p>\n\n\n\n<h3 class=\"wp-block-heading\">Snabb och s\u00e4ker frakt<\/h3>\n\n\n\n<p><strong>48-timmars utskick:<\/strong> Vi f\u00f6rst\u00e5r ivern att ta emot din best\u00e4llning, och det \u00e4r d\u00e4rf\u00f6r vi har effektiviserat v\u00e5ra processer f\u00f6r att s\u00e4kerst\u00e4lla att varje best\u00e4llning skickas inom 48 timmar efter att den lagts. V\u00e5r verksamhet \u00e4r optimerad f\u00f6r att garantera att dina vapes \u00e4r p\u00e5 v\u00e4g till dig p\u00e5 nolltid.<\/p>\n\n\n\n<p><strong>Diskret f\u00f6rpackning:<\/strong> Din integritet \u00e4r av st\u00f6rsta vikt. Varje best\u00e4llning f\u00f6rpackas diskret, vilket s\u00e4kerst\u00e4ller att inneh\u00e5llet f\u00f6rblir konfidentiellt, vilket skyddar v\u00e5ra kunders integritet. Vi \u00e4r noggranna med att se till att du ensam k\u00e4nner till sp\u00e4nningen som v\u00e4ntar inom varje paket.<\/p>\n\n\n\n<p><strong>Kvalitetss\u00e4kring:<\/strong> Innan vi skickar ut n\u00e5gon best\u00e4llning testas varje enhet rigor\u00f6st f\u00f6r att s\u00e4kerst\u00e4lla att den uppfyller v\u00e5ra str\u00e4nga kvalitetsstandarder. Varje f\u00f6rpackning \u00e4r noggrant m\u00e4rkt, vilket s\u00e4kerst\u00e4ller att produkten som n\u00e5r dig \u00e4r i perfekt skick, redo att erbjuda den o\u00f6vertr\u00e4ffade vapingupplevelsen som THC Zen Vapes \u00e4r k\u00e4nd f\u00f6r.<\/p>\n\n\n\n<h3 class=\"wp-block-heading\">Transparenta och s\u00e4kra betalningsprocesser<\/h3>\n\n\n\n<p><strong>Tredjepartsbehandling:<\/strong> Betalningar hanteras s\u00f6ml\u00f6st och s\u00e4kert genom en tredjepartsleverant\u00f6r, vilket s\u00e4kerst\u00e4ller att dina finansiella data \u00e4r skyddade. Vi \u00e4r dedikerade till att uppr\u00e4tth\u00e5lla de h\u00f6gsta s\u00e4kerhetsstandarderna och se till att varje transaktion genomf\u00f6rs med st\u00f6rsta f\u00f6rtroende.<\/p>\n\n\n\n<p><strong>\u00c5terbetalningspolicy:<\/strong> Vi v\u00e4rdes\u00e4tter v\u00e5ra kunder och str\u00e4var efter att s\u00e4kerst\u00e4lla tillfredsst\u00e4llelse i varje steg. Det \u00e4r dock viktigt att notera att betalningar f\u00f6r best\u00e4llningar inte kan \u00e5terbetalas efter 7 dagar efter leverans av en best\u00e4llning. Vi uppmuntrar v\u00e5ra kunder att ta kontakt med eventuella problem inom detta f\u00f6nster f\u00f6r att s\u00e4kerst\u00e4lla snabb och effektiv l\u00f6sning.<\/p>\n\n\n\n<p><strong>Kryptovalutatransaktioner:<\/strong> I v\u00e5rt f\u00f6rs\u00f6k att erbjuda olika och bekv\u00e4ma betalningsalternativ accepterar vi betalningar i kryptovaluta. Det \u00e4r dock viktigt att notera att dessa betalningar inte \u00e4r \u00e5terbetalningsbara. Vi uppmanar v\u00e5ra kunder att s\u00e4kerst\u00e4lla noggrannhet under transaktioner eftersom betalningar som skickas till fel pl\u00e5nbok inte kommer att erk\u00e4nnas som en betald order.<\/p>\n\n\n\n<h3 class=\"wp-block-heading\">Sammanfattningsvis<\/h3>\n\n\n\n<p>THC Zen Vapes handlar inte bara om att erbjuda ett omfattande utbud av premiumvapes utan ocks\u00e5 att se till att varje interaktion, fr\u00e5n att l\u00e4gga en best\u00e4llning till att njuta av din favoritvape, k\u00e4nnetecknas av effektivitet, s\u00e4kerhet och bekv\u00e4mlighet. Vi utvecklas st\u00e4ndigt och antar innovativa \u00e5tg\u00e4rder f\u00f6r att f\u00f6rb\u00e4ttra din shoppingupplevelse, och ser till att varje steg \u00e4r ett bevis p\u00e5 v\u00e5rt engagemang f\u00f6r excellens, kvalitet och o\u00f6vertr\u00e4ffad kundservice.<\/p>\n\n\n\n<p>Din tillfredsst\u00e4llelse \u00e4r v\u00e5r prioritet, och n\u00e4r vi forts\u00e4tter att utveckla nya horisonter av erbjudanden, f\u00f6rblir v\u00e5rt engagemang f\u00f6r att s\u00e4kerst\u00e4lla en s\u00f6ml\u00f6s, s\u00e4ker och f\u00f6rtjusande shoppingupplevelse orubblig. Med THC Zen Vapes \u00e4r varje puff inte bara en upplevelse utan en resa genom en v\u00e4rld d\u00e4r kvalitet, innovation och utm\u00e4rkt service f\u00f6renas till en ber\u00e4ttelse om o\u00f6vertr\u00e4ffad tillfredsst\u00e4llelse. V\u00e4lkommen till en v\u00e4rld d\u00e4r varje interaktion \u00e4r skr\u00e4ddarsydd f\u00f6r att \u00e5terspegla den sofistikering och kvalitet som definierar oss. V\u00e4lkommen till THC Zen Vapes.<\/p>","protected":false},"excerpt":{"rendered":"<p>P\u00e5 THC Zen Vapes \u00e4r vi inte bara angel\u00e4gna om att leverera produkter av h\u00f6gsta kvalitet utan ocks\u00e5 att se till att processen fr\u00e5n best\u00e4llning till att du f\u00e5r din favorit THC<span class=\"excerpt-hellip\"> [\u2026]<\/span><\/p>","protected":false},"author":1,"featured_media":0,"parent":0,"menu_order":0,"comment_status":"closed","ping_status":"closed","template":"","meta":{"footnotes":""},"class_list":["post-242","page","type-page","status-publish","hentry"],"jetpack_sharing_enabled":true,"_links":{"self":[{"href":"https:\/\/thczenvapes.com\/sv\/wp-json\/wp\/v2\/pages\/242","targetHints":{"allow":["GET"]}}],"collection":[{"href":"https:\/\/thczenvapes.com\/sv\/wp-json\/wp\/v2\/pages"}],"about":[{"href":"https:\/\/thczenvapes.com\/sv\/wp-json\/wp\/v2\/types\/page"}],"author":[{"embeddable":true,"href":"https:\/\/thczenvapes.com\/sv\/wp-json\/wp\/v2\/users\/1"}],"replies":[{"embeddable":true,"href":"https:\/\/thczenvapes.com\/sv\/wp-json\/wp\/v2\/comments?post=242"}],"version-history":[{"count":1,"href":"https:\/\/thczenvapes.com\/sv\/wp-json\/wp\/v2\/pages\/242\/revisions"}],"predecessor-version":[{"id":243,"href":"https:\/\/thczenvapes.com\/sv\/wp-json\/wp\/v2\/pages\/242\/revisions\/243"}],"wp:attachment":[{"href":"https:\/\/thczenvapes.com\/sv\/wp-json\/wp\/v2\/media?parent=242"}],"curies":[{"name":"wp","href":"https:\/\/api.w.org\/{rel}","templated":true}]}}