{"id":237,"date":"2023-09-30T21:22:21","date_gmt":"2023-09-30T21:22:21","guid":{"rendered":"https:\/\/thczenvapes.com\/?page_id=237"},"modified":"2023-09-30T21:22:23","modified_gmt":"2023-09-30T21:22:23","slug":"countries-we-ship-to","status":"publish","type":"page","link":"https:\/\/thczenvapes.com\/sv\/lander-vi-skickar-till\/","title":{"rendered":"L\u00e4nder vi skickar till"},"content":{"rendered":"<p>P\u00e5 Zen THC Vapes \u00e4r vi stolta \u00f6ver v\u00e5r f\u00f6rm\u00e5ga att betj\u00e4na ett brett spektrum av kunder fr\u00e5n olika h\u00f6rn av Europa. Vi \u00e4r k\u00e4nda f\u00f6r v\u00e5ra produkter av h\u00f6gsta kvalitet, exceptionell kundservice och snabba leveranssystem. V\u00e5r r\u00e4ckvidd str\u00e4cker sig \u00f6ver gr\u00e4nserna, vilket s\u00e4kerst\u00e4ller att v\u00e5ra uppskattade kunder f\u00e5r sina f\u00f6redragna THC Vapes levererade direkt till dem, oavsett var de befinner sig i de regioner vi t\u00e4cker. Nedan f\u00f6ljer en inblick i de l\u00e4nder som finns inom v\u00e5r fraktradar.<\/p>\n\n\n\n<h3 class=\"wp-block-heading\">V\u00e5r r\u00e4ckvidd \u00f6ver hela Europa<\/h3>\n\n\n\n<p><strong>Tyskland<\/strong> \u2013 Ett land k\u00e4nt f\u00f6r sin rika historia och tekniska framsteg, vi ser till att v\u00e5ra tyska kunder f\u00e5r s\u00f6ml\u00f6s tillg\u00e5ng till v\u00e5ra toppprodukter.<\/p>\n\n\n\n<p><strong>Italien<\/strong> \u2013 Fr\u00e5n Roms arkitektoniska underverk till Venedigs fridfulla kanaler, v\u00e5r italienska kundkrets \u00e5tnjuter oavbruten leverans av Zen THC Vapes.<\/p>\n\n\n\n<p><strong>Portugal<\/strong> \u2013 Vare sig det \u00e4r i Portos historiska stadsk\u00e4rnor eller Lissabons vackra landskap, v\u00e5ra kunder i Portugal \u00e4r aldrig f\u00f6r l\u00e5ngt borta f\u00f6r att kunna njuta av v\u00e5ra oklanderliga leveranstj\u00e4nster.<\/p>\n\n\n\n<p><strong>Spanien<\/strong> \u2013 Lika f\u00e4rgstarkt och m\u00e5ngsidigt som landet sj\u00e4lvt, erbjuder vi en rad THC-vapes f\u00f6r att tillgodose v\u00e5ra spanska kunders eklektiska smaker.<\/p>\n\n\n\n<p><strong>Frankrike<\/strong> \u2013 I den romantiska atmosf\u00e4ren i Paris och utanf\u00f6r, kan franska cannabisk\u00e4nnare l\u00e4tt l\u00e4gga vantarna p\u00e5 v\u00e5rt sortiment av produkter.<\/p>\n\n\n\n<p><strong>Belgien<\/strong> \u2013 Belgien \u00e4r k\u00e4nd f\u00f6r sina medeltida st\u00e4der och ren\u00e4ssansarkitektur och \u00e4r ocks\u00e5 hem f\u00f6r en befolkning som \u00e5tnjuter obehindrad tillg\u00e5ng till Zen THC Vapes.<\/p>\n\n\n\n<h3 class=\"wp-block-heading\">Dykning in i olika demografier<\/h3>\n\n\n\n<p><strong>Schweiz<\/strong> och <strong>Slovenien<\/strong> \u2013 Mitt i det fridfulla landskapet och det sofistikerade boendet s\u00e4kerst\u00e4ller vi att befolkningen kan njuta av ett urval av v\u00e5ra THC Vapes.<\/p>\n\n\n\n<p><strong>Estland, Slovakien, Tjeckien och Polen<\/strong> \u2013 I dessa arkitektoniska p\u00e4rlor i Europa har vi etablerat ett n\u00e4tverk som garanterar snabba och effektiva leveranser.<\/p>\n\n\n\n<p><strong>Ungern<\/strong> och <strong>Storbritannien (UK)<\/strong> \u2013 V\u00e5ra uppskattade kunder i s\u00e5v\u00e4l de historiska st\u00e4derna som moderna metropoler tar emot sina best\u00e4llningar med snabbhet och precision.<\/p>\n\n\n\n<h3 class=\"wp-block-heading\">Vi \u00e4r bara ett klick bort<\/h3>\n\n\n\n<p><strong>\u00d6sterrike, Bulgarien, Kroatien, Cypern, Danmark, Finland, Grekland, Irland, Lettland, Litauen, Luxemburg, Malta, Nederl\u00e4nderna, Rum\u00e4nien, Sverige<\/strong> \u2013 V\u00e5rt fotavtryck str\u00e4cker sig robust, vilket s\u00e4kerst\u00e4ller att varje land, med sin unika kultur och arv, \u00e4r i kretsen av v\u00e5rt effektiva leveransn\u00e4tverk.<\/p>\n\n\n\n<h3 class=\"wp-block-heading\">Slutsats<\/h3>\n\n\n\n<p>P\u00e5 Zen THC Vapes \u00e4r v\u00e4rlden v\u00e5rt ostron, och Europa \u00e4r v\u00e5r omhuldade juvel. V\u00e5ra utbredda fraktm\u00f6jligheter \u00e4r utformade f\u00f6r att s\u00e4kerst\u00e4lla att ingen kund l\u00e4mnas bakom, och varje individ, oavsett var de befinner sig, kan njuta av den oklanderliga kvaliteten och o\u00f6vertr\u00e4ffade variationen av v\u00e5ra THC Vapes.<\/p>\n\n\n\n<p>Varje best\u00e4llning hanteras med yttersta precision, vilket s\u00e4kerst\u00e4ller snabba leveranser och produkter som n\u00e5r dig i perfekt skick, vilket bevarar kvaliteten och integriteten som Zen THC Vapes \u00e4r k\u00e4nt f\u00f6r.<\/p>\n\n\n\n<p>V\u00e5rt engagemang f\u00f6r att \u00f6verskrida gr\u00e4nser \u00e4r orubbligt, och n\u00e4r vi forts\u00e4tter att vidga v\u00e5ra horisonter f\u00f6rblir v\u00e5rt engagemang f\u00f6r oklanderlig service och kvalitet lika orubbligt som n\u00e5gonsin. Med Zen THC Vapes \u00e4r du inte bara en kund; du \u00e4r en uppskattad medlem av en global familj d\u00e4r kvalitet, m\u00e5ngfald och oklanderlig service \u00e4r h\u00f6rnstenarna i din upplevelse.<\/p>","protected":false},"excerpt":{"rendered":"<p>P\u00e5 Zen THC Vapes \u00e4r vi stolta \u00f6ver v\u00e5r f\u00f6rm\u00e5ga att betj\u00e4na ett brett spektrum av kunder fr\u00e5n olika h\u00f6rn av Europa. Vi \u00e4r k\u00e4nda f\u00f6r<span class=\"excerpt-hellip\"> [\u2026]<\/span><\/p>","protected":false},"author":1,"featured_media":0,"parent":0,"menu_order":0,"comment_status":"closed","ping_status":"closed","template":"","meta":{"footnotes":""},"class_list":["post-237","page","type-page","status-publish","hentry"],"jetpack_sharing_enabled":true,"_links":{"self":[{"href":"https:\/\/thczenvapes.com\/sv\/wp-json\/wp\/v2\/pages\/237","targetHints":{"allow":["GET"]}}],"collection":[{"href":"https:\/\/thczenvapes.com\/sv\/wp-json\/wp\/v2\/pages"}],"about":[{"href":"https:\/\/thczenvapes.com\/sv\/wp-json\/wp\/v2\/types\/page"}],"author":[{"embeddable":true,"href":"https:\/\/thczenvapes.com\/sv\/wp-json\/wp\/v2\/users\/1"}],"replies":[{"embeddable":true,"href":"https:\/\/thczenvapes.com\/sv\/wp-json\/wp\/v2\/comments?post=237"}],"version-history":[{"count":1,"href":"https:\/\/thczenvapes.com\/sv\/wp-json\/wp\/v2\/pages\/237\/revisions"}],"predecessor-version":[{"id":238,"href":"https:\/\/thczenvapes.com\/sv\/wp-json\/wp\/v2\/pages\/237\/revisions\/238"}],"wp:attachment":[{"href":"https:\/\/thczenvapes.com\/sv\/wp-json\/wp\/v2\/media?parent=237"}],"curies":[{"name":"wp","href":"https:\/\/api.w.org\/{rel}","templated":true}]}}