{"id":223,"date":"2023-09-30T20:22:52","date_gmt":"2023-09-30T20:22:52","guid":{"rendered":"https:\/\/thczenvapes.com\/?page_id=223"},"modified":"2023-09-30T21:16:59","modified_gmt":"2023-09-30T21:16:59","slug":"terms-and-conditions","status":"publish","type":"page","link":"https:\/\/thczenvapes.com\/sv\/villkor\/","title":{"rendered":"Villkor"},"content":{"rendered":"<p>V\u00e4lkommen till Zen THC Vapes. Dessa villkor beskriver reglerna och best\u00e4mmelserna f\u00f6r anv\u00e4ndningen av Zen THC Vapes webbplats och tj\u00e4nster. Genom att g\u00e5 in p\u00e5 denna webbplats antar vi att du accepterar dessa villkor till fullo. Forts\u00e4tt inte att anv\u00e4nda Zen THC Vapes webbplats om du inte accepterar alla villkor som anges p\u00e5 denna sida.<\/p>\n\n\n\n<h4 class=\"wp-block-heading\"><strong>1. Villkor f\u00f6r onlinebutik<\/strong><\/h4>\n\n\n\n<p>Genom att godk\u00e4nna dessa anv\u00e4ndarvillkor intygar du att du \u00e4r minst myndig i din stat eller provins d\u00e4r du bor, eller att du \u00e4r myndig i din stat eller provins d\u00e4r du bor och att du har gett oss ditt samtycke till till\u00e5t n\u00e5gon av dina minder\u00e5riga anh\u00f6riga att anv\u00e4nda denna webbplats.<\/p>\n\n\n\n<h4 class=\"wp-block-heading\"><strong>2. Allm\u00e4nna villkor<\/strong><\/h4>\n\n\n\n<p>Vi f\u00f6rbeh\u00e5ller oss r\u00e4tten att n\u00e4r som helst v\u00e4gra service till n\u00e5gon av vilken anledning som helst. Du f\u00f6rst\u00e5r att ditt inneh\u00e5ll (exklusive kreditkortsinformation) kan \u00f6verf\u00f6ras okrypterat och involvera \u00f6verf\u00f6ringar \u00f6ver olika n\u00e4tverk och \u00e4ndringar f\u00f6r att \u00f6verensst\u00e4mma med och anpassa sig till tekniska krav f\u00f6r att ansluta n\u00e4tverk eller enheter.<\/p>\n\n\n\n<h4 class=\"wp-block-heading\"><strong>3. Produkter eller tj\u00e4nster<\/strong><\/h4>\n\n\n\n<p>Vissa produkter eller tj\u00e4nster kan vara tillg\u00e4ngliga exklusivt online via webbplatsen. Dessa produkter eller tj\u00e4nster kan ha begr\u00e4nsade kvantiteter och kan endast returneras eller bytas enligt v\u00e5r returpolicy.<\/p>\n\n\n\n<h4 class=\"wp-block-heading\"><strong>4. Korrekthet i fakturerings- och kontoinformation<\/strong><\/h4>\n\n\n\n<p>Vi f\u00f6rbeh\u00e5ller oss r\u00e4tten att neka alla best\u00e4llningar du g\u00f6r hos oss. Vi kan, efter eget gottfinnande, begr\u00e4nsa eller annullera k\u00f6pta kvantiteter per person, per hush\u00e5ll eller per best\u00e4llning.<\/p>\n\n\n\n<h4 class=\"wp-block-heading\"><strong>5. Valfria verktyg<\/strong><\/h4>\n\n\n\n<p>Vi kan ge dig tillg\u00e5ng till tredjepartsverktyg som vi varken \u00f6vervakar eller har n\u00e5gon kontroll eller input \u00f6ver.<\/p>\n\n\n\n<h4 class=\"wp-block-heading\"><strong>6. \u00c5terbetalningspolicy<\/strong><\/h4>\n\n\n\n<p>Vi erbjuder en \u00e5terbetalningspolicy f\u00f6r v\u00e5ra uppskattade kunder f\u00f6r deras sinnesfrid och f\u00f6rb\u00e4ttrade shoppingupplevelse. \u00c5terbetalningar \u00e4r tillg\u00e4ngliga inom 5 dagar efter leverans av varan. F\u00f6r att initiera en \u00e5terbetalning, kontakta v\u00e5r kundtj\u00e4nst med dina best\u00e4llningsuppgifter, s\u00e5 guidar vi dig genom processen. Produkten ska returneras i originalskick, och fraktkostnader f\u00f6r att returnera varan \u00e4r kundens ansvar.<\/p>\n\n\n\n<h4 class=\"wp-block-heading\"><strong>7. Ansvarsbegr\u00e4nsning<\/strong><\/h4>\n\n\n\n<p>Zen THC Vapes, v\u00e5ra direkt\u00f6rer, tj\u00e4nstem\u00e4n, anst\u00e4llda, affiliates, agenter, entrepren\u00f6rer, praktikanter, leverant\u00f6rer, tj\u00e4nsteleverant\u00f6rer eller licensgivare ska inte i n\u00e5got fall vara ansvariga f\u00f6r n\u00e5gon skada, f\u00f6rlust, anspr\u00e5k eller n\u00e5gon direkt, indirekt, tillf\u00e4llig, bestraffande, speciell , eller f\u00f6ljdskador av n\u00e5got slag.<\/p>\n\n\n\n<h4 class=\"wp-block-heading\"><strong>8. Ers\u00e4ttning<\/strong><\/h4>\n\n\n\n<p>Du samtycker till att gottg\u00f6ra, f\u00f6rsvara och h\u00e5lla Zen THC Vapes och v\u00e5rt moderbolag, dotterbolag, dotterbolag, partners, tj\u00e4nstem\u00e4n, direkt\u00f6rer, agenter, entrepren\u00f6rer, licensgivare, tj\u00e4nsteleverant\u00f6rer, underleverant\u00f6rer, leverant\u00f6rer, praktikanter och anst\u00e4llda skadesl\u00f6sa fr\u00e5n alla krav eller krav.<\/p>\n\n\n\n<h4 class=\"wp-block-heading\"><strong>9. Avskiljbarhet<\/strong><\/h4>\n\n\n\n<p>I h\u00e4ndelse av att n\u00e5gon best\u00e4mmelse i dessa anv\u00e4ndarvillkor fastst\u00e4lls vara olaglig, ogiltig eller om\u00f6jlig att verkst\u00e4lla, ska en s\u00e5dan best\u00e4mmelse \u00e4nd\u00e5 vara verkst\u00e4llbar i den utstr\u00e4ckning som till\u00e5ts enligt till\u00e4mplig lag.<\/p>\n\n\n\n<h4 class=\"wp-block-heading\"><strong>10. Upps\u00e4gning<\/strong><\/h4>\n\n\n\n<p>Parternas skyldigheter och skulder som \u00e5dragits f\u00f6re upps\u00e4gningsdatumet ska forts\u00e4tta att g\u00e4lla efter upps\u00e4gningen av detta avtal f\u00f6r alla \u00e4ndam\u00e5l.<\/p>","protected":false},"excerpt":{"rendered":"<p>V\u00e4lkommen till Zen THC Vapes. Dessa villkor beskriver reglerna och best\u00e4mmelserna f\u00f6r anv\u00e4ndningen av Zen THC Vapes webbplats och tj\u00e4nster. Genom att komma \u00e5t<span class=\"excerpt-hellip\"> [\u2026]<\/span><\/p>","protected":false},"author":1,"featured_media":0,"parent":0,"menu_order":0,"comment_status":"closed","ping_status":"closed","template":"","meta":{"footnotes":""},"class_list":["post-223","page","type-page","status-publish","hentry"],"jetpack_sharing_enabled":true,"_links":{"self":[{"href":"https:\/\/thczenvapes.com\/sv\/wp-json\/wp\/v2\/pages\/223","targetHints":{"allow":["GET"]}}],"collection":[{"href":"https:\/\/thczenvapes.com\/sv\/wp-json\/wp\/v2\/pages"}],"about":[{"href":"https:\/\/thczenvapes.com\/sv\/wp-json\/wp\/v2\/types\/page"}],"author":[{"embeddable":true,"href":"https:\/\/thczenvapes.com\/sv\/wp-json\/wp\/v2\/users\/1"}],"replies":[{"embeddable":true,"href":"https:\/\/thczenvapes.com\/sv\/wp-json\/wp\/v2\/comments?post=223"}],"version-history":[{"count":2,"href":"https:\/\/thczenvapes.com\/sv\/wp-json\/wp\/v2\/pages\/223\/revisions"}],"predecessor-version":[{"id":233,"href":"https:\/\/thczenvapes.com\/sv\/wp-json\/wp\/v2\/pages\/223\/revisions\/233"}],"wp:attachment":[{"href":"https:\/\/thczenvapes.com\/sv\/wp-json\/wp\/v2\/media?parent=223"}],"curies":[{"name":"wp","href":"https:\/\/api.w.org\/{rel}","templated":true}]}}