{"id":138,"date":"2023-09-30T18:54:08","date_gmt":"2023-09-30T18:54:08","guid":{"rendered":"https:\/\/thczenvapes.com\/?page_id=138"},"modified":"2024-05-23T21:00:08","modified_gmt":"2024-05-23T21:00:08","slug":"buy-thc-online","status":"publish","type":"page","link":"https:\/\/thczenvapes.com\/sv\/kop-thc-online\/","title":{"rendered":"K\u00f6p THC online i Europa: En omfattande guide"},"content":{"rendered":"<div data-elementor-type=\"wp-page\" data-elementor-id=\"138\" class=\"elementor elementor-138\">\n\t\t\t\t\t\t<section class=\"elementor-section elementor-top-section elementor-element elementor-element-a3e41b8 elementor-section-boxed elementor-section-height-default elementor-section-height-default\" data-id=\"a3e41b8\" data-element_type=\"section\">\n\t\t\t\t\t\t<div class=\"elementor-container elementor-column-gap-default\">\n\t\t\t\t\t<div class=\"elementor-column elementor-col-100 elementor-top-column elementor-element elementor-element-ae1d111\" data-id=\"ae1d111\" data-element_type=\"column\">\n\t\t\t<div class=\"elementor-widget-wrap elementor-element-populated\">\n\t\t\t\t\t\t<div class=\"elementor-element elementor-element-61685ed elementor-widget elementor-widget-text-editor\" data-id=\"61685ed\" data-element_type=\"widget\" data-widget_type=\"text-editor.default\">\n\t\t\t\t<div class=\"elementor-widget-container\">\n\t\t\t\t\t\t\t\t\t<p>I dagens snabbt f\u00f6r\u00e4nderliga v\u00e4rld har tillg\u00e5ngen till olika produkter och tj\u00e4nster via onlineplattformar blivit vanligt. En s\u00e5dan produkt som har f\u00e5tt stor uppm\u00e4rksamhet \u00e4r THC, den psykoaktiva f\u00f6reningen som finns i cannabis. M\u00e4nniskor \u00f6ver hela Europa blir alltmer nyfikna p\u00e5 hur man k\u00f6per THC online, med tanke p\u00e5 de potentiella f\u00f6rdelarna och rekreationsanv\u00e4ndningen som \u00e4r f\u00f6rknippad med det. I den h\u00e4r omfattande guiden kommer vi att f\u00f6rdjupa oss i de olika aspekterna av att k\u00f6pa THC online i Europa, f\u00f6r att s\u00e4kerst\u00e4lla att du har all n\u00f6dv\u00e4ndig information f\u00f6r att fatta v\u00e4lgrundade beslut.<\/p>\t\t\t\t\t\t\t\t<\/div>\n\t\t\t\t<\/div>\n\t\t\t\t<div class=\"elementor-element elementor-element-801fbc1 elementor-widget elementor-widget-text-editor\" data-id=\"801fbc1\" data-element_type=\"widget\" data-widget_type=\"text-editor.default\">\n\t\t\t\t<div class=\"elementor-widget-container\">\n\t\t\t\t\t\t\t\t\t<h2>Inneh\u00e5llsf\u00f6rteckning<\/h2><ol><li><p><strong>F\u00f6rst\u00e5 THC<\/strong><\/p><ul><li>Vad \u00e4r THC?<\/li><li>THC:s r\u00e4ttsliga status i Europa<\/li><\/ul><\/li><li><p><strong>F\u00f6rdelar med att anv\u00e4nda THC<\/strong><\/p><ul><li>Medicinska till\u00e4mpningar<\/li><li>Fritidsanv\u00e4ndning<\/li><\/ul><\/li><li><p><strong>Utmaningar och risker<\/strong><\/p><ul><li>Juridiska bekymmer<\/li><li>Kvalitets- och s\u00e4kerhetsfr\u00e5gor<\/li><\/ul><\/li><li><p><strong>Hur man k\u00f6per THC online<\/strong><\/p><ul><li>Unders\u00f6ker v\u00e4lrenommerade k\u00e4llor<\/li><li>S\u00e4kerst\u00e4lla laglig efterlevnad<\/li><\/ul><\/li><li><p><strong>Att v\u00e4lja r\u00e4tt THC-produkt<\/strong><\/p><ul><li>Olika typer av THC-produkter<\/li><li>Dosering och konsumtionsmetoder<\/li><\/ul><\/li><li><p><strong>Betalning och leverans<\/strong><\/p><ul><li>Betalningsalternativ<\/li><li>Diskret och s\u00e4ker frakt<\/li><\/ul><\/li><li><p><strong>S\u00e4kerhets\u00e5tg\u00e4rder<\/strong><\/p><ul><li>Ansvarsfull anv\u00e4ndning<\/li><li>H\u00e5ll dig informerad om lokala lagar<\/li><\/ul><\/li><li><p><strong>Kundrecensioner och rekommendationer<\/strong><\/p><ul><li>Hitta tillf\u00f6rlitlig feedback<\/li><li>Tips f\u00f6r en positiv k\u00f6pupplevelse<\/li><\/ul><\/li><li><p><strong>Vanliga fr\u00e5gor om att k\u00f6pa THC online i Europa<\/strong><\/p><ul><li>\u00c4r det lagligt att k\u00f6pa THC online i Europa?<\/li><li>Vilka \u00e4r de potentiella h\u00e4lsof\u00f6rdelarna med THC?<\/li><li>Hur kan jag s\u00e4kerst\u00e4lla kvaliteten p\u00e5 THC-produkten?<\/li><li>Vilka f\u00f6rsiktighets\u00e5tg\u00e4rder ska jag vidta n\u00e4r jag k\u00f6per THC online?<\/li><li>Finns det \u00e5ldersbegr\u00e4nsningar f\u00f6r att k\u00f6pa THC online i Europa?<\/li><\/ul><\/li><\/ol>\t\t\t\t\t\t\t\t<\/div>\n\t\t\t\t<\/div>\n\t\t\t\t<section class=\"elementor-section elementor-inner-section elementor-element elementor-element-0e4c109 elementor-section-boxed elementor-section-height-default elementor-section-height-default\" data-id=\"0e4c109\" data-element_type=\"section\">\n\t\t\t\t\t\t<div class=\"elementor-container elementor-column-gap-default\">\n\t\t\t\t\t<div class=\"elementor-column elementor-col-50 elementor-inner-column elementor-element elementor-element-af163df\" data-id=\"af163df\" data-element_type=\"column\">\n\t\t\t<div class=\"elementor-widget-wrap elementor-element-populated\">\n\t\t\t\t\t\t<div class=\"elementor-element elementor-element-edd4eb1 elementor-widget elementor-widget-image\" data-id=\"edd4eb1\" data-element_type=\"widget\" data-widget_type=\"image.default\">\n\t\t\t\t<div class=\"elementor-widget-container\">\n\t\t\t\t\t\t\t\t\t\t\t\t\t\t\t<img fetchpriority=\"high\" decoding=\"async\" width=\"322\" height=\"157\" src=\"https:\/\/thczenvapes.com\/wp-content\/uploads\/2023\/09\/1.jpeg\" class=\"attachment-medium_large size-medium_large wp-image-149\" alt=\"K\u00f6p THC Online Europe\" srcset=\"https:\/\/thczenvapes.com\/wp-content\/uploads\/2023\/09\/1.jpeg 322w, https:\/\/thczenvapes.com\/wp-content\/uploads\/2023\/09\/1-300x146.jpeg 300w, https:\/\/thczenvapes.com\/wp-content\/uploads\/2023\/09\/1-150x73.jpeg 150w\" sizes=\"(max-width:767px) 322px, 322px\" title=\"thc vapes\">\t\t\t\t\t\t\t\t\t\t\t\t\t\t\t<\/div>\n\t\t\t\t<\/div>\n\t\t\t\t\t<\/div>\n\t\t<\/div>\n\t\t\t\t<div class=\"elementor-column elementor-col-50 elementor-inner-column elementor-element elementor-element-d5b2a71\" data-id=\"d5b2a71\" data-element_type=\"column\">\n\t\t\t<div class=\"elementor-widget-wrap\">\n\t\t\t\t\t\t\t<\/div>\n\t\t<\/div>\n\t\t\t\t\t<\/div>\n\t\t<\/section>\n\t\t\t\t<div class=\"elementor-element elementor-element-855ee30 elementor-widget elementor-widget-text-editor\" data-id=\"855ee30\" data-element_type=\"widget\" data-widget_type=\"text-editor.default\">\n\t\t\t\t<div class=\"elementor-widget-container\">\n\t\t\t\t\t\t\t\t\t<h2>Utforska v\u00e4lrenommerade THC-butiker online<\/h2>\n<p>N\u00e4r det kommer till att k\u00f6pa THC online i Europa \u00e4r det avg\u00f6rande att v\u00e4lja v\u00e4lrenommerade och p\u00e5litliga k\u00e4llor. Tv\u00e5 s\u00e5dana anl\u00e4ggningar som har f\u00e5tt erk\u00e4nnande i THC-gemenskapen \u00e4r THC Zen Vapes och Vader THC Vapes. Dessa onlinebutiker erbjuder ett brett utbud av THC-produkter, vilket s\u00e4kerst\u00e4ller att du har tillg\u00e5ng till h\u00f6gkvalitativa alternativ f\u00f6r dina behov.<\/p>\n<h2>THC Zen Vapes onlinebutik<\/h2>\n<p><a href=\"https:\/\/thczenvapes.com\/sv\/shop\/\" target=\"_new\"><strong>THC Zen Vapes<\/strong><\/a> \u00e4r en v\u00e4lrenommerad onlineapotek k\u00e4nd f\u00f6r sitt engagemang f\u00f6r kvalitet och kundn\u00f6jdhet. De erbjuder ett brett urval av THC-produkter, inklusive vapes, \u00e4tbara varor och mer. Med fokus p\u00e5 att tillhandah\u00e5lla s\u00e4kra och labbtestade produkter \u00e4r THC Zen Vapes en go-to-destination f\u00f6r dem som s\u00f6ker en p\u00e5litlig k\u00e4lla f\u00f6r THC-produkter.<\/p>\n<h2>Vader THC Vapes onlinebutik<\/h2>\n<p>Om du letar efter en exceptionell shoppingupplevelse online f\u00f6r THC-produkter, <a href=\"https:\/\/vadercnbs.com\/thc-shop\/\" target=\"_new\" rel=\"noopener\"><strong>Vader THC Vapes<\/strong><\/a> \u00e4r ett annat utm\u00e4rkt val. Deras breda utbud av THC vape-produkter kommer s\u00e4kerligen att tillgodose olika preferenser. Vader THC Vapes \u00e4r stolta \u00f6ver sitt engagemang f\u00f6r produkts\u00e4kerhet och kvalitet, vilket g\u00f6r dem till ett p\u00e5litligt alternativ f\u00f6r THC-entusiaster.<\/p>\n<p><strong>Vidta \u00e5tg\u00e4rder nu:<\/strong> Om du \u00e4r redo att utforska v\u00e4rlden av THC och uppleva f\u00f6rdelarna den kan erbjuda, \u00f6verv\u00e4g att bes\u00f6ka <a href=\"https:\/\/thczenvapes.com\/sv\/shop\/\" target=\"_new\">THC Zen Vapes<\/a> och <a href=\"https:\/\/vadercnbs.com\/thc-shop\/\" target=\"_new\" rel=\"noopener\">Vader THC Vapes<\/a>. Dessa v\u00e4lrenommerade onlinebutiker erbjuder ett s\u00e4kert och bekv\u00e4mt s\u00e4tt att komma \u00e5t premium THC-produkter. B\u00f6rja din resa idag och uppt\u00e4ck de m\u00f6jligheter som THC har att erbjuda. Din tillfredsst\u00e4llelse och ditt v\u00e4lbefinnande \u00e4r deras h\u00f6gsta prioritet.<\/p>\n<p>Observera att det \u00e4r viktigt att unders\u00f6ka och f\u00f6lja dina lokala lagar och f\u00f6rordningar n\u00e4r du k\u00f6per THC-produkter online. Njut av ansvarsfullt och g\u00f6r v\u00e4lgrundade val f\u00f6r att s\u00e4kerst\u00e4lla en positiv upplevelse.<\/p>\t\t\t\t\t\t\t\t<\/div>\n\t\t\t\t<\/div>\n\t\t\t\t<div class=\"elementor-element elementor-element-57d0363 elementor-widget elementor-widget-text-editor\" data-id=\"57d0363\" data-element_type=\"widget\" data-widget_type=\"text-editor.default\">\n\t\t\t\t<div class=\"elementor-widget-container\">\n\t\t\t\t\t\t\t\t\t<h2>Shopping THC efter l\u00e4nder:<\/h2><ul><li><a href=\"https:\/\/thczenvapes.com\/sv\/kop-thc-online\/kop-thc-online-i-tyskland-din-ultimata-guide-till-thc-zen-vapes-shop\/\"><span style=\"letter-spacing: 0px;\"><u>K\u00f6p THC Tyskland<\/u><\/span><\/a><\/li><li><a href=\"https:\/\/thczenvapes.com\/sv\/buy-thc-online-in-italy-with-confidence-at-thc-zen-shop\/\"><span style=\"letter-spacing: 0px;\"><u>K\u00f6p THC Italien<\/u><\/span><\/a><\/li><li><span style=\"text-decoration: underline;\"><a href=\"https:\/\/thczenvapes.com\/sv\/buy-thc-online-in-portugal-find-best-thc-flavor-at-thc-zen-vapes-shop\/\">K\u00f6p THC Portugal<\/a><\/span><\/li><li><span style=\"text-decoration: underline;\"><a href=\"https:\/\/thczenvapes.com\/sv\/buy-thc-in-spain-online-easy-guide-how-to-buy-thc-vapes-in-spain-using-thc-zen-shop\/\">K\u00f6p THC Spanien<\/a><\/span><\/li><li><span style=\"text-decoration: underline;\"><a href=\"https:\/\/thczenvapes.com\/sv\/kop-thc-online\/upptack-och-kop-sakert-dina-foredragna-thc-vapes-med-thc-zen-vapes-i-frankrike\/\">K\u00f6p THC Frankrike<\/a><\/span><\/li><li><span style=\"text-decoration: underline;\"><a href=\"https:\/\/thczenvapes.com\/sv\/kop-thc-online\/kop-online-thc-vapes-med-latthet-i-belgien-enkel-guide-hur-man-koper-thc-zen-vape-i-belgien\/\">K\u00f6p THC Belgien<\/a><\/span><\/li><li><a href=\"https:\/\/thczenvapes.com\/sv\/kop-thc-online\/kopa-thc-vape-produkter-i-schweiz-sakert-och-enkelt-med-zen-vape\/\"><span style=\"text-decoration: underline;\">K\u00f6p THC Switzerland<\/span><\/a><\/li><li><span style=\"text-decoration: underline;\"><a href=\"https:\/\/thczenvapes.com\/sv\/kop-thc-online\/utforska-varlden-av-thc-vaping-i-slovenien-kop-thc-zen-vape-i-slovenien\/\">K\u00f6p THC Slovenien<\/a><\/span><\/li><li><span style=\"text-decoration: underline;\"><a href=\"https:\/\/thczenvapes.com\/sv\/kop-thc-online\/utforska-thc-vaping-i-estland-guide-for-att-kopa-thc-zen-vape-i-estland\/\">K\u00f6p THC Estonia<\/a><\/span><\/li><li><span style=\"text-decoration: underline;\"><a href=\"https:\/\/thczenvapes.com\/sv\/kop-thc-online\/utforska-thc-vaping-i-slovakien\/\">K\u00f6p THC Slovakien<\/a><\/span><\/li><li><span style=\"text-decoration: underline;\"><a href=\"https:\/\/thczenvapes.com\/sv\/kop-thc-online\/thc-vaping-i-tjeckien\/\">K\u00f6p THC Tjeckien<\/a><\/span><\/li><li><span style=\"text-decoration: underline;\"><a href=\"https:\/\/thczenvapes.com\/sv\/kop-thc-online\/kop-thc-zen-vape-i-polen\/\">K\u00f6p THC Polen<\/a><\/span><\/li><li><span style=\"text-decoration: underline;\"><a href=\"https:\/\/thczenvapes.com\/sv\/kop-thc-online\/basta-vapingupplevelsen-i-ungern\/\">K\u00f6p THC Ungern<\/a><\/span><\/li><li><span style=\"text-decoration: underline;\"><a href=\"https:\/\/thczenvapes.com\/sv\/kop-thc-online\/thc-vapingupplevelse-i-storbritannien-med-zen-vape\/\">K\u00f6p THC Storbritannien (UK)<\/a><\/span><\/li><li><span style=\"text-decoration: underline;\"><a href=\"https:\/\/thczenvapes.com\/sv\/kop-thc-online\/ultimat-guide-for-att-kopa-thc-vapes-i-osterrike\/\">K\u00f6p THC \u00d6sterrike<\/a><\/span><\/li><li><a href=\"https:\/\/thczenvapes.com\/sv\/kop-thc-online\/kop-thc-vapes-i-bulgarien-utforska-thc-zen\/\"><span style=\"text-decoration: underline;\">K\u00f6p THC Bulgarien<\/span><\/a><\/li><li><a href=\"https:\/\/thczenvapes.com\/sv\/kop-thc-online\/kop-thc-vapes-i-kroatien-med-thc-zen\/\"><span style=\"text-decoration: underline;\">K\u00f6p THC Kroatien<\/span><\/a><\/li><li><a href=\"https:\/\/thczenvapes.com\/sv\/kop-thc-online\/premium-thc-vapes-pa-cypern-kop-nu-med-thc-zen-vapes\/\"><span style=\"text-decoration: underline;\">K\u00f6p THC Cypern<\/span><\/a><\/li><li><a href=\"https:\/\/thczenvapes.com\/sv\/kop-thc-online\/vapingupplevelse-i-danmark-med-thc-zen-vapes\/\"><span style=\"text-decoration: underline;\">K\u00f6p THC Danmark<\/span><\/a><\/li><li><a href=\"https:\/\/thczenvapes.com\/sv\/kop-thc-online\/kop-thc-vapes-i-finland-med-thc-zen-vapes\/\"><span style=\"text-decoration: underline;\">K\u00f6p THC Finland<\/span><\/a><\/li><li><a href=\"https:\/\/thczenvapes.com\/sv\/kop-thc-online\/thc-vaping-i-grekland-med-thc-zen-vapes\/\"><span style=\"text-decoration: underline;\"><span style=\"font-family: Poppins, -apple-system, BlinkMacSystemFont, 'Segoe UI', Roboto, Oxygen-Sans, Ubuntu, Cantarell, 'Helvetica Neue', sans-serif; font-size: 16px; font-style: normal; font-variant-ligatures: normal; font-variant-caps: normal; font-weight: 400;\">K\u00f6p THC\u00a0<\/span>Grekland<\/span><\/a><\/li><li><a href=\"https:\/\/thczenvapes.com\/sv\/kop-thc-online\/thc-vaping-i-irland-med-thc-zen-vapes\/\"><span style=\"text-decoration: underline;\"><span style=\"font-family: Poppins, -apple-system, BlinkMacSystemFont, 'Segoe UI', Roboto, Oxygen-Sans, Ubuntu, Cantarell, 'Helvetica Neue', sans-serif; font-size: 16px; font-style: normal; font-variant-ligatures: normal; font-variant-caps: normal; font-weight: 400;\">K\u00f6p THC Irland<\/span><\/span><\/a><\/li><li><span style=\"font-family: Poppins, -apple-system, BlinkMacSystemFont, 'Segoe UI', Roboto, Oxygen-Sans, Ubuntu, Cantarell, 'Helvetica Neue', sans-serif; font-size: 16px; font-style: normal; font-variant-ligatures: normal; font-variant-caps: normal; font-weight: 400;\"><a href=\"https:\/\/thczenvapes.com\/sv\/kop-thc-online\/thc-vapingupplevelse-i-lettland-med-thc-zen-vapes\/\"><span style=\"text-decoration: underline;\">K\u00f6p THC Lettland<\/span><\/a><br \/><\/span><\/li><li><span style=\"font-family: Poppins, -apple-system, BlinkMacSystemFont, 'Segoe UI', Roboto, Oxygen-Sans, Ubuntu, Cantarell, 'Helvetica Neue', sans-serif; font-size: 16px; font-style: normal; font-variant-ligatures: normal; font-variant-caps: normal; font-weight: 400;\"><a href=\"https:\/\/thczenvapes.com\/sv\/kop-thc-online\/premium-vaping-i-litauen-med-thc-zen-vapes\/\"><span style=\"text-decoration: underline;\">K\u00f6p THC Litauen<\/span><\/a><br \/><\/span><\/li><li><span style=\"font-family: Poppins, -apple-system, BlinkMacSystemFont, 'Segoe UI', Roboto, Oxygen-Sans, Ubuntu, Cantarell, 'Helvetica Neue', sans-serif; font-size: 16px; font-style: normal; font-variant-ligatures: normal; font-variant-caps: normal; font-weight: 400;\"><a href=\"https:\/\/thczenvapes.com\/sv\/kop-thc-online\/thc-vapingupplevelse-i-luxembourg-med-thc-zen-vapes\/\"><span style=\"text-decoration: underline;\">K\u00f6p THC Luxemburg<\/span><\/a><br \/><\/span><\/li><li><span style=\"font-family: Poppins, -apple-system, BlinkMacSystemFont, 'Segoe UI', Roboto, Oxygen-Sans, Ubuntu, Cantarell, 'Helvetica Neue', sans-serif; font-size: 16px; font-style: normal; font-variant-ligatures: normal; font-variant-caps: normal; font-weight: 400;\"><a href=\"https:\/\/thczenvapes.com\/sv\/kop-thc-online\/hoj-din-vapingupplevelse-pa-malta-med-thc-zen-vapes\/\"><span style=\"text-decoration: underline;\">K\u00f6p THC Malta<\/span><\/a><br \/><\/span><\/li><li><span style=\"font-family: Poppins, -apple-system, BlinkMacSystemFont, 'Segoe UI', Roboto, Oxygen-Sans, Ubuntu, Cantarell, 'Helvetica Neue', sans-serif; font-size: 16px; font-style: normal; font-variant-ligatures: normal; font-variant-caps: normal; font-weight: 400;\"><span style=\"text-decoration: underline;\"><a href=\"https:\/\/thczenvapes.com\/sv\/kop-thc-online\/kop-premium-thc-vapes-i-nederlanderna-med-thc-zen\/\">K\u00f6p THC Nederl\u00e4nderna<\/a><\/span><br \/><\/span><\/li><li><a href=\"https:\/\/thczenvapes.com\/sv\/kop-thc-online\/vapingupplevelse-i-rumanien-med-thc-zen-vapes\/\"><span style=\"text-decoration: underline;\"><span style=\"font-family: Poppins, -apple-system, BlinkMacSystemFont, 'Segoe UI', Roboto, Oxygen-Sans, Ubuntu, Cantarell, 'Helvetica Neue', sans-serif; font-size: 16px; font-style: normal; font-variant-ligatures: normal; font-variant-caps: normal; font-weight: 400;\">K\u00f6p THC Rum\u00e4nien<\/span><\/span><\/a><\/li><li><span style=\"font-family: Poppins, -apple-system, BlinkMacSystemFont, 'Segoe UI', Roboto, Oxygen-Sans, Ubuntu, Cantarell, 'Helvetica Neue', sans-serif; font-size: 16px; font-style: normal; font-variant-ligatures: normal; font-variant-caps: normal; font-weight: 400;\">K\u00f6p THC Sverige<br \/><\/span><\/li><\/ul>\t\t\t\t\t\t\t\t<\/div>\n\t\t\t\t<\/div>\n\t\t\t\t<div class=\"elementor-element elementor-element-f9f191f elementor-widget elementor-widget-text-editor\" data-id=\"f9f191f\" data-element_type=\"widget\" data-widget_type=\"text-editor.default\">\n\t\t\t\t<div class=\"elementor-widget-container\">\n\t\t\t\t\t\t\t\t\t<h2>F\u00f6rst\u00e5 THC<\/h2><h3>Vad \u00e4r THC?<\/h3><p>Tetrahydrocannabinol, allm\u00e4nt k\u00e4nd som THC, \u00e4r den prim\u00e4ra psykoaktiva f\u00f6reningen som finns i cannabis. Det \u00e4r ansvarigt f\u00f6r de euforiska och berusande effekterna som ofta f\u00f6rknippas med v\u00e4xten.<\/p><h3>THC:s r\u00e4ttsliga status i Europa<\/h3><p>Lagligheten av THC varierar fr\u00e5n ett europeiskt land till ett annat. Vissa l\u00e4nder har legaliserat det f\u00f6r medicinskt och\/eller rekreationsbruk, medan andra har strikta f\u00f6rbud.<\/p><h2>F\u00f6rdelar med att anv\u00e4nda THC<\/h2><h3>Medicinska till\u00e4mpningar<\/h3><p>THC har visat sig lovande f\u00f6r att lindra symtom p\u00e5 olika medicinska tillst\u00e5nd, inklusive kronisk sm\u00e4rta, illam\u00e5ende och muskelspasmer.<\/p><h3>Fritidsanv\u00e4ndning<\/h3><p>M\u00e5nga individer anv\u00e4nder THC f\u00f6r att koppla av, f\u00f6rb\u00e4ttra kreativiteten eller helt enkelt njuta av dess euforiska effekter.<\/p><h2>Utmaningar och risker<\/h2><h3>Juridiska bekymmer<\/h3><p>Innan du k\u00f6per THC \u00e4r det viktigt att f\u00f6rst\u00e5 den r\u00e4ttsliga ramen i ditt specifika land eller din region. Att inneha eller k\u00f6pa THC d\u00e4r det \u00e4r olagligt kan f\u00e5 allvarliga konsekvenser.<\/p><h3>Kvalitets- och s\u00e4kerhetsfr\u00e5gor<\/h3><p>Att k\u00f6pa THC online inneb\u00e4r risker relaterade till produktkvalitet och s\u00e4kerhet. Det \u00e4r viktigt att se till att du f\u00e5r en h\u00f6gkvalitativ produkt fr\u00e5n en ansedd k\u00e4lla.<\/p><h2>Hur man k\u00f6per THC online<\/h2><h3>Unders\u00f6ker v\u00e4lrenommerade k\u00e4llor<\/h3><p>Unders\u00f6k noggrant och veterin\u00e4r onlineapoteker f\u00f6r att s\u00e4kerst\u00e4lla att de \u00e4r legitima och erbjuder s\u00e4kra produkter.<\/p><h3>S\u00e4kerst\u00e4lla laglig efterlevnad<\/h3><p>F\u00f6lj alltid dina lokala lagar och f\u00f6rordningar n\u00e4r du k\u00f6per och anv\u00e4nder THC. Okunskap om lagen \u00e4r ingen giltig urs\u00e4kt.<\/p><p>Kolla upp <a href=\"https:\/\/www.youtube.com\/shorts\/DrurV-wAakA\" target=\"_blank\" rel=\"noopener\">den h\u00e4r videon som n\u00e4mner onlinek\u00f6p av THC<\/a><\/p><h2>Att v\u00e4lja r\u00e4tt THC-produkt<\/h2><h3>Olika typer av THC-produkter<\/h3><p>THC finns i olika former, inklusive \u00e4tbara produkter, oljor och torkade blommor. V\u00e4lj en produkt som passar dina \u00f6nskem\u00e5l och behov.<\/p><h3>Dosering och konsumtionsmetoder<\/h3><p>Att f\u00f6rst\u00e5 l\u00e4mplig dosering och konsumtionsmetod \u00e4r avg\u00f6rande f\u00f6r en positiv upplevelse av THC.<\/p><h2>Betalning och leverans<\/h2><h3>Betalningsalternativ<\/h3><p>Ansedda online-dispenser erbjuder s\u00e4kra betalningsmetoder f\u00f6r att skydda din ekonomiska information.<\/p><h3>Diskret och s\u00e4ker frakt<\/h3><p>V\u00e4lj s\u00e4ljare som prioriterar diskret och s\u00e4ker f\u00f6rpackning f\u00f6r att uppr\u00e4tth\u00e5lla din integritet.<\/p><h2>S\u00e4kerhets\u00e5tg\u00e4rder<\/h2><h3>Ansvarsfull anv\u00e4ndning<\/h3><p>Konsumera THC ansvarsfullt och med m\u00e5tta. \u00d6vergivenhet kan leda till negativa effekter.<\/p><h3>H\u00e5ll dig informerad om lokala lagar<\/h3><p>H\u00e5ll dig uppdaterad om det framv\u00e4xande juridiska landskapet f\u00f6r THC i din region f\u00f6r att undvika juridiska problem.<\/p><h2>Kundrecensioner och rekommendationer<\/h2><h3>Hitta tillf\u00f6rlitlig feedback<\/h3><p>L\u00e4s recensioner och s\u00f6k rekommendationer fr\u00e5n p\u00e5litliga k\u00e4llor f\u00f6r att s\u00e4kerst\u00e4lla en positiv k\u00f6pupplevelse.<\/p><h3>Tips f\u00f6r en positiv k\u00f6pupplevelse<\/h3><p>F\u00f6lj tips och riktlinjer f\u00f6r att f\u00f6rb\u00e4ttra din THC-k\u00f6pupplevelse online.<\/p><h2>Vanliga fr\u00e5gor om att k\u00f6pa THC online i Europa<\/h2><h3>\u00c4r det lagligt att k\u00f6pa THC online i Europa?<\/h3><p>Lagligheten av att k\u00f6pa THC online varierar beroende p\u00e5 land. Unders\u00f6k dina lokala lagar f\u00f6r att s\u00e4kerst\u00e4lla efterlevnad.<\/p><h3>Vilka \u00e4r de potentiella h\u00e4lsof\u00f6rdelarna med THC?<\/h3><p>THC kan erbjuda lindring fr\u00e5n olika medicinska tillst\u00e5nd, men kontakta en sjukv\u00e5rdspersonal f\u00f6r personlig r\u00e5dgivning.<\/p><h3>Hur kan jag s\u00e4kerst\u00e4lla kvaliteten p\u00e5 THC-produkten?<\/h3><p>V\u00e4lj v\u00e4lrenommerade apotek med positiv kundfeedback och transparent produktinformation.<\/p><h3>Vilka f\u00f6rsiktighets\u00e5tg\u00e4rder ska jag vidta n\u00e4r jag k\u00f6per THC online?<\/h3><p>S\u00e4kerst\u00e4ll laglig efterlevnad, ut\u00f6va ansvarsfull anv\u00e4ndning och prioritera din s\u00e4kerhet och integritet.<\/p><h3>Finns det \u00e5ldersbegr\u00e4nsningar f\u00f6r att k\u00f6pa THC online i Europa?<\/h3><p>Ja, de flesta europeiska l\u00e4nder har \u00e5ldersbegr\u00e4nsningar f\u00f6r att k\u00f6pa THC-produkter online. Verifiera den lagliga \u00e5ldern i din jurisdiktion.<\/p><p>Sammanfattningsvis, att k\u00f6pa THC online i Europa kan vara ett bekv\u00e4mt s\u00e4tt att komma \u00e5t detta \u00e4mne, men det kommer med ansvar och potentiella risker. Genom att f\u00f6rst\u00e5 det juridiska landskapet, v\u00e4lja v\u00e4lrenommerade k\u00e4llor och ut\u00f6va ansvarsfull anv\u00e4ndning kan du f\u00e5 en s\u00e4ker och positiv upplevelse. Kom ih\u00e5g att h\u00e5lla dig informerad och fatta v\u00e4lgrundade beslut n\u00e4r du \u00f6verv\u00e4ger att k\u00f6pa THC-produkter.<\/p>\t\t\t\t\t\t\t\t<\/div>\n\t\t\t\t<\/div>\n\t\t\t\t\t<\/div>\n\t\t<\/div>\n\t\t\t\t\t<\/div>\n\t\t<\/section>\n\t\t\t\t<section class=\"elementor-section elementor-top-section elementor-element elementor-element-7c47ad4 elementor-section-boxed elementor-section-height-default elementor-section-height-default\" data-id=\"7c47ad4\" data-element_type=\"section\">\n\t\t\t\t\t\t<div class=\"elementor-container elementor-column-gap-default\">\n\t\t\t\t\t<div class=\"elementor-column elementor-col-100 elementor-top-column elementor-element elementor-element-43a8064\" data-id=\"43a8064\" data-element_type=\"column\">\n\t\t\t<div class=\"elementor-widget-wrap elementor-element-populated\">\n\t\t\t\t\t\t<div class=\"elementor-element elementor-element-e7ea031 elementor-widget elementor-widget-heading\" data-id=\"e7ea031\" data-element_type=\"widget\" data-widget_type=\"heading.default\">\n\t\t\t\t<div class=\"elementor-widget-container\">\n\t\t\t\t\t<h2 class=\"elementor-heading-title elementor-size-default\">L\u00e4s mer<\/h2>\t\t\t\t<\/div>\n\t\t\t\t<\/div>\n\t\t\t\t<div class=\"elementor-element elementor-element-a0b7e80 elementor-icon-list--layout-traditional elementor-list-item-link-full_width elementor-widget elementor-widget-icon-list\" data-id=\"a0b7e80\" data-element_type=\"widget\" data-widget_type=\"icon-list.default\">\n\t\t\t\t<div class=\"elementor-widget-container\">\n\t\t\t\t\t\t\t<ul class=\"elementor-icon-list-items\">\n\t\t\t\t\t\t\t<li class=\"elementor-icon-list-item\">\n\t\t\t\t\t\t\t\t\t\t\t<a href=\"https:\/\/thczenvapes.com\/sv\/ar-thc-vape-vagnar-daliga-for-dig\/\">\n\n\t\t\t\t\t\t\t\t\t\t\t\t<span class=\"elementor-icon-list-icon\">\n\t\t\t\t\t\t\t<i aria-hidden=\"true\" class=\"far fa-dizzy\"><\/i>\t\t\t\t\t\t<\/span>\n\t\t\t\t\t\t\t\t\t\t<span class=\"elementor-icon-list-text\">\u00c4r THC Vape-vagnar riktigt d\u00e5liga f\u00f6r dig<\/span>\n\t\t\t\t\t\t\t\t\t\t\t<\/a>\n\t\t\t\t\t\t\t\t\t<\/li>\n\t\t\t\t\t\t<\/ul>\n\t\t\t\t\t\t<\/div>\n\t\t\t\t<\/div>\n\t\t\t\t\t<\/div>\n\t\t<\/div>\n\t\t\t\t\t<\/div>\n\t\t<\/section>\n\t\t\t\t<\/div>","protected":false},"excerpt":{"rendered":"<p>I dagens snabbt f\u00f6r\u00e4nderliga v\u00e4rld har tillg\u00e5ngen till olika produkter och tj\u00e4nster via onlineplattformar blivit vanligt. En s\u00e5dan produkt som har f\u00e5tt stor uppm\u00e4rksamhet<span class=\"excerpt-hellip\"> [\u2026]<\/span><\/p>","protected":false},"author":1,"featured_media":0,"parent":0,"menu_order":0,"comment_status":"closed","ping_status":"closed","template":"","meta":{"footnotes":""},"class_list":["post-138","page","type-page","status-publish","hentry"],"jetpack_sharing_enabled":true,"_links":{"self":[{"href":"https:\/\/thczenvapes.com\/sv\/wp-json\/wp\/v2\/pages\/138","targetHints":{"allow":["GET"]}}],"collection":[{"href":"https:\/\/thczenvapes.com\/sv\/wp-json\/wp\/v2\/pages"}],"about":[{"href":"https:\/\/thczenvapes.com\/sv\/wp-json\/wp\/v2\/types\/page"}],"author":[{"embeddable":true,"href":"https:\/\/thczenvapes.com\/sv\/wp-json\/wp\/v2\/users\/1"}],"replies":[{"embeddable":true,"href":"https:\/\/thczenvapes.com\/sv\/wp-json\/wp\/v2\/comments?post=138"}],"version-history":[{"count":5,"href":"https:\/\/thczenvapes.com\/sv\/wp-json\/wp\/v2\/pages\/138\/revisions"}],"predecessor-version":[{"id":664,"href":"https:\/\/thczenvapes.com\/sv\/wp-json\/wp\/v2\/pages\/138\/revisions\/664"}],"wp:attachment":[{"href":"https:\/\/thczenvapes.com\/sv\/wp-json\/wp\/v2\/media?parent=138"}],"curies":[{"name":"wp","href":"https:\/\/api.w.org\/{rel}","templated":true}]}}