{"id":1304,"date":"2025-03-12T20:51:27","date_gmt":"2025-03-12T20:51:27","guid":{"rendered":"https:\/\/thczenvapes.com\/?page_id=1304"},"modified":"2025-03-12T20:51:33","modified_gmt":"2025-03-12T20:51:33","slug":"indica-vape-pens","status":"publish","type":"page","link":"https:\/\/thczenvapes.com\/sv\/indica-vape-pennor\/","title":{"rendered":"Uppt\u00e4ck de b\u00e4sta Indica Vape-pennorna \u00e5r 2025 med Zen THC Vapes"},"content":{"rendered":"<h2 class=\"wp-block-heading\"><strong>Introduktion<\/strong><\/h2>\n\n\n\n<p>Letar efter det b\u00e4sta <a href=\"https:\/\/vadercnbs.com\/\" target=\"_blank\" rel=\"noopener\">Indica vape-pennor<\/a> \u00e5r 2025? Du har kommit r\u00e4tt! Med den st\u00e4ndigt f\u00f6r\u00e4nderliga cannabisindustrin kan det vara en utmaning att hitta den perfekta vapen. Som tur \u00e4r har Zen THC Vapes tagit spelet till en helt ny niv\u00e5. Oavsett om du beh\u00f6ver avslappning, sm\u00e4rtlindring eller b\u00e4ttre s\u00f6mn, har dessa pennor dig t\u00e4ckt.<\/p>\n\n\n\n<h2 class=\"wp-block-heading\"><strong>Att f\u00f6rst\u00e5 Indica Vape-pennor<\/strong><\/h2>\n\n\n\n<p>Indica vape-pennor \u00e4r utformade f\u00f6r de som vill ha en lugnande och avkopplande upplevelse. Till skillnad fr\u00e5n Sativa, som \u00e4r mer energigivande, hj\u00e4lper Indica-sorter till med stresslindring, s\u00f6mn och sm\u00e4rtlindring. Dessa pennor ger ett bekv\u00e4mt och diskret s\u00e4tt att njuta av effekterna av THC utan besv\u00e4ret med traditionell r\u00f6kning.<\/p>\n\n\n\n<h2 class=\"wp-block-heading\"><strong>Varf\u00f6r v\u00e4lja Indica Vape-pennor?<\/strong><\/h2>\n\n\n\n<h3 class=\"wp-block-heading\"><strong>Avslappning och stresslindring<\/strong><\/h3>\n\n\n\n<p>Indica-sorter \u00e4r k\u00e4nda f\u00f6r sina lugnande effekter, vilket g\u00f6r dem perfekta f\u00f6r att varva ner efter en l\u00e5ng dag.<\/p>\n\n\n\n<h3 class=\"wp-block-heading\"><strong>S\u00f6mnf\u00f6rb\u00e4ttring<\/strong><\/h3>\n\n\n\n<p>K\u00e4mpar du med s\u00f6mnl\u00f6shet? Indica-vapes kan hj\u00e4lpa dig att f\u00e5 en god natts s\u00f6mn utan att bli omt\u00f6cknad p\u00e5 morgonen.<\/p>\n\n\n\n<h3 class=\"wp-block-heading\"><strong>Sm\u00e4rthantering<\/strong><\/h3>\n\n\n\n<p>Fr\u00e5n kronisk sm\u00e4rta till muskel\u00f6mhet ger Indica vape-pennor lindring utan behov av l\u00e4kemedel.<\/p>\n\n\n\n<h2 class=\"wp-block-heading\"><strong>Vad som g\u00f6r <a href=\"https:\/\/thczenvapes.com\/sv\/\">Zen THC Vapes<\/a> Unik?<\/strong><\/h2>\n\n\n\n<p>Zen THC Vapes \u00e4r ledande inom branschen med h\u00f6gkvalitativ, laboratorietestad THC-olja och avancerad vapingteknik. Deras pennor erbjuder en smidig och smakrik upplevelse samtidigt som de s\u00e4kerst\u00e4ller maximal styrka och s\u00e4kerhet.<\/p>\n\n\n\n<h2 class=\"wp-block-heading\"><strong>B\u00e4sta Indica Vape-pennorna fr\u00e5n Zen THC Vapes \u00e5r 2025<\/strong><\/h2>\n\n\n\n<h3 class=\"wp-block-heading\"><strong>1. Zen Nighttime Bliss-penna<\/strong><\/h3>\n\n\n\n<p>Perfekt f\u00f6r de som k\u00e4mpar med s\u00f6mn, denna penna levererar en potent Indica-sort utformad f\u00f6r att slappna av b\u00e5de kropp och sj\u00e4l.<\/p>\n\n\n\n<h3 class=\"wp-block-heading\"><strong>2. Zen djup avslappningspenna<\/strong><\/h3>\n\n\n\n<p>Ett toppval f\u00f6r stresslindring, denna penna erbjuder en smidig upplevelse med rika terpenprofiler.<\/p>\n\n\n\n<h3 class=\"wp-block-heading\"><strong>3. Zen sm\u00e4rtlindrande penna<\/strong><\/h3>\n\n\n\n<p>Denna penna \u00e4r utformad f\u00f6r personer som lider av kronisk sm\u00e4rta och ger l\u00e5ngvarig lindring utan den h\u00f6ga intensiteten.<\/p>\n\n\n\n<h3 class=\"wp-block-heading\"><strong>4. Zen s\u00f6mnmedelspenna<\/strong><\/h3>\n\n\n\n<p>Denna penna \u00e4r berikad med lugnande terpener som myrcen och linalool och fr\u00e4mjar en vilsam s\u00f6mn utan att bli omt\u00f6cknad.<\/p>\n\n\n\n<h3 class=\"wp-block-heading\"><strong>5. Zen Ultimate Chill-penna<\/strong><\/h3>\n\n\n\n<p>F\u00f6r dig som vill varva ner helt och h\u00e5llet ger den h\u00e4r pennan en kraftfull dos avslappning.<\/p>\n\n\n\n<h2 class=\"wp-block-heading\"><strong>Funktioner att leta efter i Indica Vape-pennor<\/strong><\/h2>\n\n\n\n<h3 class=\"wp-block-heading\"><strong>Batteri-liv<\/strong><\/h3>\n\n\n\n<p>L\u00e5ngvarigt batteri s\u00e4kerst\u00e4ller att du kan vapa utan konstant laddning.<\/p>\n\n\n\n<h3 class=\"wp-block-heading\"><strong>Styrka och THC-koncentration<\/strong><\/h3>\n\n\n\n<p>Se till att pennan har en stark men hanterbar THC-niv\u00e5 f\u00f6r dina behov.<\/p>\n\n\n\n<h3 class=\"wp-block-heading\"><strong>Smakprofiler<\/strong><\/h3>\n\n\n\n<p>Zen THC Vapes erbjuder en m\u00e4ngd olika smaker, fr\u00e5n fruktiga till jordiga.<\/p>\n\n\n\n<h3 class=\"wp-block-heading\"><strong>Anv\u00e4ndarv\u00e4nlighet<\/strong><\/h3>\n\n\n\n<p>En bra vape-penna ska vara enkel att anv\u00e4nda, \u00e4ven f\u00f6r nyb\u00f6rjare.<\/p>\n\n\n\n<h2 class=\"wp-block-heading\"><strong>Hur man anv\u00e4nder Indica Vape-pennor s\u00e4kert<\/strong><\/h2>\n\n\n\n<ul class=\"wp-block-list\">\n<li><strong>B\u00f6rja l\u00e5ngsamt:<\/strong> Om du \u00e4r nyb\u00f6rjare p\u00e5 vaping, ta sm\u00e5 bloss och m\u00e4t din tolerans.<\/li>\n\n\n\n<li><strong>F\u00f6rvara p\u00e5 r\u00e4tt s\u00e4tt:<\/strong> F\u00f6rvara pennan p\u00e5 en sval och torr plats f\u00f6r att bibeh\u00e5lla dess styrka.<\/li>\n\n\n\n<li><strong>K\u00e4nn till biverkningarna:<\/strong> \u00d6veranv\u00e4ndning kan orsaka d\u00e5sighet eller muntorrhet.<\/li>\n<\/ul>\n\n\n\n<h2 class=\"wp-block-heading\"><strong>Var kan man k\u00f6pa Zen THC-vapes?<\/strong><\/h2>\n\n\n\n<p>Zen THC Vapes finns tillg\u00e4ngliga b\u00e5de online och p\u00e5 apotek. K\u00f6p alltid fr\u00e5n p\u00e5litliga k\u00e4llor f\u00f6r att s\u00e4kerst\u00e4lla \u00e4kthet.<\/p>\n\n\n\n<h2 class=\"wp-block-heading\"><strong>Kundrecensioner och rekommendationer<\/strong><\/h2>\n\n\n\n<p>Anv\u00e4ndare lovordar effektiviteten hos Zen THC Vapes och framh\u00e4ver deras styrka, anv\u00e4ndarv\u00e4nlighet och l\u00e4ckra smaker.<\/p>\n\n\n\n<h2 class=\"wp-block-heading\"><strong>Framtiden f\u00f6r Indica Vape-pennor<\/strong><\/h2>\n\n\n\n<p>Med tekniska framsteg blir Indica vape-pennor mer effektiva och anpassningsbara. F\u00f6rv\u00e4nta dig \u00e4nnu b\u00e4ttre smakprofiler och f\u00f6rb\u00e4ttrade s\u00e4kerhetsfunktioner under de kommande \u00e5ren.<\/p>\n\n\n\n<h2 class=\"wp-block-heading\"><strong>Slutsats<\/strong><\/h2>\n\n\n\n<p>Indica vape-pennor erbjuder ett bekv\u00e4mt och effektivt s\u00e4tt att slappna av, sova b\u00e4ttre och hantera sm\u00e4rta. Zen THC Vapes forts\u00e4tter att s\u00e4tta standarden \u00e5r 2025, vilket g\u00f6r det enklare \u00e4n n\u00e5gonsin att njuta av h\u00f6gkvalitativa cannabisprodukter. Oavsett om du \u00e4r en erfaren anv\u00e4ndare eller nyb\u00f6rjare finns det en perfekt penna som v\u00e4ntar p\u00e5 dig.<\/p>\n\n\n\n<h2 class=\"wp-block-heading\"><strong>Vanliga fr\u00e5gor<\/strong><\/h2>\n\n\n\n<h3 class=\"wp-block-heading\"><strong>1. \u00c4r Indica vape-pennor lagliga?<\/strong><\/h3>\n\n\n\n<p>Ja, men lagligheten beror p\u00e5 var du befinner dig. Kontrollera alltid lokala cannabislagar innan du k\u00f6per.<\/p>\n\n\n\n<h3 class=\"wp-block-heading\"><strong>2. Hur l\u00e4nge h\u00e5ller en Indica vape-penna?<\/strong><\/h3>\n\n\n\n<p>Det beror p\u00e5 anv\u00e4ndning, men de flesta pennor h\u00e5ller flera veckor vid m\u00e5ttlig anv\u00e4ndning.<\/p>\n\n\n\n<h3 class=\"wp-block-heading\"><strong>3. Kan Indica vape-pennor hj\u00e4lpa mot \u00e5ngest?<\/strong><\/h3>\n\n\n\n<p>Ja! Indica-sorter \u00e4r k\u00e4nda f\u00f6r sina lugnande effekter, vilket kan bidra till att minska \u00e5ngest.<\/p>\n\n\n\n<h3 class=\"wp-block-heading\"><strong>4. Vad \u00e4r skillnaden mellan Indica- och Sativa-vapes?<\/strong><\/h3>\n\n\n\n<p>Indica \u00e4r f\u00f6r avslappning och s\u00f6mn, medan Sativa \u00e4r mer energigivande och upplyftande.<\/p>\n\n\n\n<h3 class=\"wp-block-heading\"><strong>5. Inneh\u00e5ller Zen THC Vapes n\u00e5gra tillsatser?<\/strong><\/h3>\n\n\n\n<p>Nej, de anv\u00e4nder ren, laboratorietestad THC-olja utan skadliga tillsatser.<\/p>","protected":false},"excerpt":{"rendered":"<p>Introduction Looking for the best Indica vape pens in 2025? You&#8217;re in the right place! With the ever-evolving cannabis industry, finding the perfect vape can be<span class=\"excerpt-hellip\"> [\u2026]<\/span><\/p>","protected":false},"author":1,"featured_media":0,"parent":0,"menu_order":0,"comment_status":"closed","ping_status":"closed","template":"","meta":{"footnotes":""},"class_list":["post-1304","page","type-page","status-publish","hentry"],"jetpack_sharing_enabled":true,"_links":{"self":[{"href":"https:\/\/thczenvapes.com\/sv\/wp-json\/wp\/v2\/pages\/1304","targetHints":{"allow":["GET"]}}],"collection":[{"href":"https:\/\/thczenvapes.com\/sv\/wp-json\/wp\/v2\/pages"}],"about":[{"href":"https:\/\/thczenvapes.com\/sv\/wp-json\/wp\/v2\/types\/page"}],"author":[{"embeddable":true,"href":"https:\/\/thczenvapes.com\/sv\/wp-json\/wp\/v2\/users\/1"}],"replies":[{"embeddable":true,"href":"https:\/\/thczenvapes.com\/sv\/wp-json\/wp\/v2\/comments?post=1304"}],"version-history":[{"count":1,"href":"https:\/\/thczenvapes.com\/sv\/wp-json\/wp\/v2\/pages\/1304\/revisions"}],"predecessor-version":[{"id":1305,"href":"https:\/\/thczenvapes.com\/sv\/wp-json\/wp\/v2\/pages\/1304\/revisions\/1305"}],"wp:attachment":[{"href":"https:\/\/thczenvapes.com\/sv\/wp-json\/wp\/v2\/media?parent=1304"}],"curies":[{"name":"wp","href":"https:\/\/api.w.org\/{rel}","templated":true}]}}