{"id":320,"date":"2023-11-02T09:47:55","date_gmt":"2023-11-02T09:47:55","guid":{"rendered":"https:\/\/thczenvapes.com\/?page_id=320"},"modified":"2023-11-02T10:14:50","modified_gmt":"2023-11-02T10:14:50","slug":"buy-online-thc-vapes-with-ease-in-belgium-easy-guide-how-to-purchase-thc-zen-vape-in-belgium","status":"publish","type":"page","link":"https:\/\/thczenvapes.com\/pt\/compre-online\/compre-thc-vapes-online-com-facilidade-na-belgica-guia-facil-de-como-comprar-thc-zen-vape-na-belgica\/","title":{"rendered":"Compre THC Vapes online com facilidade na B\u00e9lgica: Guia f\u00e1cil de como comprar THC Zen Vape na B\u00e9lgica"},"content":{"rendered":"<p>Nosso objetivo \u00e9 facilitar o processo de compra de vapes de THC na B\u00e9lgica. Quer voc\u00ea seja novo na vaporiza\u00e7\u00e3o de THC ou um entusiasta experiente, nossa plataforma est\u00e1 aqui para atender \u00e0s suas necessidades. Explore nossa sele\u00e7\u00e3o, compre vapes de THC na B\u00e9lgica com confian\u00e7a e eleve sua experi\u00eancia de THC com THC Zen Vapes.<\/p>\n<style>\/*! elementor - v3.15.0 - 02-08-2023 *\/\n.elementor-heading-title{padding:0;margin:0;line-height:1}.elementor-widget-heading .elementor-heading-title[class*=elementor-size-]>a{color:inherit;font-size:inherit;line-height:inherit}.elementor-widget-heading .elementor-heading-title.elementor-size-small{font-size:15px}.elementor-widget-heading .elementor-heading-title.elementor-size-medium{font-size:19px}.elementor-widget-heading .elementor-heading-title.elementor-size-large{font-size:29px}.elementor-widget-heading .elementor-heading-title.elementor-size-xl{font-size:39px}.elementor-widget-heading .elementor-heading-title.elementor-size-xxl{font-size:59px}<\/style>\n<h3>Introdu\u00e7\u00e3o para comprar THC Zen Vapes na B\u00e9lgica:<\/h3>\n<p>Bem-vindo ao THC Zen Vapes B\u00e9lgica, seu <strong>confi\u00e1vel<\/strong> destino para perfeita <strong>Vaporizador de THC<\/strong> compras. Nossa miss\u00e3o \u00e9 fornecer uma sele\u00e7\u00e3o diversificada de <strong>THC de alta qualidade<\/strong> produtos vape, garantindo uma experi\u00eancia descomplicada enquanto voc\u00ea explora o mundo do THC. Nosso f\u00e1cil de usar <a href=\"https:\/\/thczenvapes.com\/pt\/shop\/\">loja online<\/a> foi projetado pensando na sua conveni\u00eancia, oferecendo descri\u00e7\u00f5es detalhadas dos produtos e imagens de alta resolu\u00e7\u00e3o para ajud\u00e1-lo a fazer escolhas informadas.<\/p>\n<h3>Experi\u00eancia de compra com THC Zen Vapes: <\/h3>\n<p>Na THC Zen Vapes B\u00e9lgica, temos orgulho em oferecer uma experi\u00eancia de compra not\u00e1vel. Nosso <strong><a href=\"https:\/\/thczenvapes.com\/pt\/shop\/\">loja online<\/a><\/strong> foi cuidadosamente projetado para facilitar a navega\u00e7\u00e3o, permitindo que voc\u00ea explore e selecione produtos que se alinham \u00e0s suas prefer\u00eancias sem esfor\u00e7o.<\/p>\n<link rel=\"stylesheet\" href=\"https:\/\/thczenvapes.com\/wp-content\/plugins\/elementor-pro\/assets\/css\/widget-call-to-action.min.css\">\n<h2>Compre VAPES ZEN THC Premium<\/h2>\n<p>\t\t\t\t\t\tGaranta sua compra de Zen THC Vapes da B\u00e9lgica<br \/>\n\t\t\t\t\t<a href=\"https:\/\/thczenvapes.com\/pt\/shop\/\"><br \/>\n\t\t\t\t\t\tComprar agora\t\t\t\t\t<\/a><\/p>\n<h3>Navegue na loja:<\/h3>\n<p>Navegando em nosso <a href=\"https:\/\/thczenvapes.com\/pt\/shop\/\">loja<\/a> \u00e9 simples. Voc\u00ea pode pesquisar produtos espec\u00edficos ou navegar pelas categorias para encontrar o perfeito<strong> Vaporizador de THC<\/strong> para suas necessidades. Com uma perfeita e <a href=\"https:\/\/thczenvapes.com\/pt\/um-guia-passo-a-passo-para-pagamentos-de-faturas-na-loja-zen-vapes\/\"><strong>check-out seguro<\/strong><\/a> processo, voc\u00ea ter\u00e1 os produtos desejados a caminho de voc\u00ea rapidamente.<\/p>\n<h3>Compre online na B\u00e9lgica:<\/h3>\n<p>Compras <a href=\"https:\/\/thczenvapes.com\/pt\/shop\/\">Vaporizadores de THC on-line<\/a> na B\u00e9lgica nunca foi t\u00e3o conveniente. Oferecemos rapidez e <a href=\"https:\/\/thczenvapes.com\/pt\/envio-e-pagamentos-garantindo-eficiencia-e-seguranca-no-zen-vapes\/\"><strong>envio discreto<\/strong><\/a> em todo o pa\u00eds, garantindo a sua <strong>privacidade e seguran\u00e7a<\/strong> durante todo o processo.<\/p>\n<h3>Gama de Produtos:<\/h3>\n<p>Explore nossa ampla sele\u00e7\u00e3o de produtos THC vape, de <a href=\"https:\/\/thczenvapes.com\/pt\/shop\/\"><strong>vaporizador premium<\/strong><\/a> canetas para uma variedade de e-l\u00edquidos com infus\u00e3o de THC. N\u00f3s adquirimos nossos produtos de fabricantes respeit\u00e1veis para <strong>garantir qualidade<\/strong> e pot\u00eancia. Quer voc\u00ea seja um entusiasta experiente do THC ou um explorador iniciante, atendemos a todas as prefer\u00eancias.<\/p>\n<h3>Seguran\u00e7a e privacidade comprando THC Zen na B\u00e9lgica:<\/h3>\n<p>Na THC Zen Vapes B\u00e9lgica, seu <a href=\"https:\/\/thczenvapes.com\/pt\/politica-de-privacidade\/\"><strong>seguran\u00e7a e privacidade<\/strong><\/a> s\u00e3o as nossas principais prioridades. Tomamos todas as medidas necess\u00e1rias para proteger suas informa\u00e7\u00f5es pessoais e garantir <a href=\"https:\/\/thczenvapes.com\/pt\/envio-e-pagamentos-garantindo-eficiencia-e-seguranca-no-zen-vapes\/\"><strong>entregas discretas de pedidos<\/strong><\/a>. Todos os nossos produtos passam por testes laboratoriais abrangentes para atender aos mais altos padr\u00f5es de <strong>qualidade e seguran\u00e7a<\/strong>, garantindo tranquilidade em cada compra.<\/p>\n<h3>Encomende o seu THC Zen Vape de forma segura e f\u00e1cil na B\u00e9lgica:<br \/>Compre com seguran\u00e7a e rapidez<\/h3>\n<h3>Perguntas frequentes (FAQ):<\/h3>\n<ul>\n<li><strong>\u00c9 legal comprar vapes de THC na B\u00e9lgica?<\/strong> O estatuto jur\u00eddico dos vapes de THC na B\u00e9lgica pode ser complexo. \u00c9 importante compreender que o THC \u00e9 uma subst\u00e2ncia controlada e que o uso e a posse de produtos vape de THC est\u00e3o geralmente sujeitos a regulamenta\u00e7\u00f5es rigorosas. Aconselhamos que voc\u00ea se familiarize com as leis e regulamentos da sua \u00e1rea para garantir a conformidade.<\/li>\n<li><strong>Que tipos de pagamentos voc\u00ea aceita?<\/strong> Oferecemos uma variedade de m\u00e9todos de pagamento para sua conveni\u00eancia, incluindo cart\u00f5es de cr\u00e9dito\/d\u00e9bito, transfer\u00eancias banc\u00e1rias e criptomoedas.<\/li>\n<li><strong>Voc\u00eas oferecem remessas internacionais para outros pa\u00edses europeus? <\/strong>Sim, oferecemos remessa internacional para pa\u00edses europeus selecionados. Consulte nossas informa\u00e7\u00f5es de envio para obter a lista de <a href=\"https:\/\/thczenvapes.com\/pt\/paises-para-onde-enviamos\/\"><strong>destinos suportados<\/strong><\/a>.<\/li>\n<li><strong>Como posso entrar em contato com sua equipe de suporte ao cliente se tiver d\u00favidas ou preocupa\u00e7\u00f5es? <\/strong>Voc\u00ea pode entrar em contato com nossa equipe de suporte ao cliente por e-mail, telefone ou pelo recurso de chat ao vivo do nosso site. Estamos aqui para ajud\u00e1-lo com qualquer d\u00favida ou preocupa\u00e7\u00e3o.<\/li>\n<li><strong>H\u00e1 algum desconto ou promo\u00e7\u00e3o para clientes recorrentes? <\/strong>Sim, oferecemos regularmente promo\u00e7\u00f5es e descontos especiais aos nossos clientes fi\u00e9is. Fique atualizado sobre nossas \u00faltimas ofertas assinando nossa newsletter e seguindo-nos nas redes sociais.<\/li>\n<\/ul>\n<style>\/*! elementor - v3.15.0 - 02-08-2023 *\/\n.elementor-widget-image{text-align:center}.elementor-widget-image a{display:inline-block}.elementor-widget-image a img[src$=\".svg\"]{width:48px}.elementor-widget-image img{vertical-align:middle;display:inline-block}<\/style>\n<p>\t\t\t\t\t\t\t\t\t\t\t\t<img loading=\"lazy\" decoding=\"async\" width=\"150\" height=\"150\" src=\"https:\/\/thczenvapes.com\/wp-content\/uploads\/2023\/09\/logo_only_512-150x150.png\" alt=\"os vapores\" srcset=\"https:\/\/thczenvapes.com\/wp-content\/uploads\/2023\/09\/logo_only_512-150x150.png 150w, https:\/\/thczenvapes.com\/wp-content\/uploads\/2023\/09\/logo_only_512-300x300.png 300w, https:\/\/thczenvapes.com\/wp-content\/uploads\/2023\/09\/logo_only_512-500x500.png 500w, https:\/\/thczenvapes.com\/wp-content\/uploads\/2023\/09\/logo_only_512-75x75.png 75w, https:\/\/thczenvapes.com\/wp-content\/uploads\/2023\/09\/logo_only_512-480x480.png 480w, https:\/\/thczenvapes.com\/wp-content\/uploads\/2023\/09\/logo_only_512.png 512w\" sizes=\"auto, (max-width:767px) 150px, 150px\" title=\"os vapores\"><\/p>","protected":false},"excerpt":{"rendered":"<p>Nosso objetivo \u00e9 tornar o processo de compra de vapes de THC na B\u00e9lgica f\u00e1cil. Seja voc\u00ea um novato em vaping de THC ou um entusiasta experiente, nossa plataforma<span class=\"excerpt-hellip\"> [\u2026]<\/span><\/p>","protected":false},"author":1,"featured_media":0,"parent":138,"menu_order":0,"comment_status":"closed","ping_status":"closed","template":"","meta":{"footnotes":""},"class_list":["post-320","page","type-page","status-publish","hentry"],"jetpack_sharing_enabled":true,"_links":{"self":[{"href":"https:\/\/thczenvapes.com\/pt\/wp-json\/wp\/v2\/pages\/320","targetHints":{"allow":["GET"]}}],"collection":[{"href":"https:\/\/thczenvapes.com\/pt\/wp-json\/wp\/v2\/pages"}],"about":[{"href":"https:\/\/thczenvapes.com\/pt\/wp-json\/wp\/v2\/types\/page"}],"author":[{"embeddable":true,"href":"https:\/\/thczenvapes.com\/pt\/wp-json\/wp\/v2\/users\/1"}],"replies":[{"embeddable":true,"href":"https:\/\/thczenvapes.com\/pt\/wp-json\/wp\/v2\/comments?post=320"}],"version-history":[{"count":5,"href":"https:\/\/thczenvapes.com\/pt\/wp-json\/wp\/v2\/pages\/320\/revisions"}],"predecessor-version":[{"id":325,"href":"https:\/\/thczenvapes.com\/pt\/wp-json\/wp\/v2\/pages\/320\/revisions\/325"}],"up":[{"embeddable":true,"href":"https:\/\/thczenvapes.com\/pt\/wp-json\/wp\/v2\/pages\/138"}],"wp:attachment":[{"href":"https:\/\/thczenvapes.com\/pt\/wp-json\/wp\/v2\/media?parent=320"}],"curies":[{"name":"wp","href":"https:\/\/api.w.org\/{rel}","templated":true}]}}