{"id":240,"date":"2023-09-30T21:24:27","date_gmt":"2023-09-30T21:24:27","guid":{"rendered":"https:\/\/thczenvapes.com\/?page_id=240"},"modified":"2023-09-30T21:24:28","modified_gmt":"2023-09-30T21:24:28","slug":"overcoming-clogged-vapes-a-comprehensive-guide-by-thc-zen-vapes","status":"publish","type":"page","link":"https:\/\/thczenvapes.com\/pt\/superando-vapes-entupidos-um-guia-completo-de-zen-vapes\/","title":{"rendered":"Superando Vapes entupidos: um guia abrangente da THC Zen Vapes"},"content":{"rendered":"<p>Experimentar um vapor entupido \u00e9 um problema comum e tende a ocorrer com mais frequ\u00eancia durante os meses mais frios. Embora medidas preventivas, como guardar a caneta na posi\u00e7\u00e3o vertical, possam ser \u00fateis, \u00e0s vezes ainda podem ocorrer entupimentos.<\/p>\n\n\n\n<p>No entanto, h\u00e1 boas not\u00edcias \u2013 resolver uma obstru\u00e7\u00e3o \u00e9 simples e f\u00e1cil. Dado que os constituintes do vaporizador s\u00e3o espessos e aderem uns aos outros em temperaturas mais baixas, aplicar um pouco de calor pode liquefaz\u00ea-los, simplificando o processo de limpeza. Isto pode ser conseguido soprando no vaporizador ou aquecendo-o algumas vezes para dissolver as subst\u00e2ncias que obstruem as passagens de ar.<\/p>\n\n\n\n<h3 class=\"wp-block-heading\">Passos para desentupir seus THC Zen Vapes:<\/h3>\n\n\n\n<p><strong>1. Fa\u00e7a uma limpeza completa em seu Vape:<\/strong> Utilize um instrumento fino e alongado, como um clipe de papel ou um palito, para sondar suavemente o bocal. Varra cuidadosamente o instrumento de um lado para o outro para limpar as partes internas do bocal, eliminando assim o excesso de \u00f3leo. Este m\u00e9todo deve ser executado com cautela e pode fornecer uma solu\u00e7\u00e3o r\u00e1pida para bloqueios.<\/p>\n\n\n\n<p><strong>2. Aque\u00e7a:<\/strong> Considere usar um secador de cabelo para aquecer a caneta por alguns segundos, mantendo-a na vertical para facilitar o fluxo de \u00f3leo para fora dos canais de ar. Se um secador de cabelo n\u00e3o estiver ao seu alcance, coloque sua caneta vaporizadora em um saco pl\u00e1stico lacrado e mergulhe-a em \u00e1gua morna, garantindo que nenhuma \u00e1gua penetre no saco ou entre em contato com a caneta.<\/p>\n\n\n\n<p><strong>3. Pux\u00f5es de ar suaves:<\/strong> Em caso de obstru\u00e7\u00e3o, inspire delicadamente o ar. Voc\u00ea pode sentir a obstru\u00e7\u00e3o se deslocando pelo canal de ar, corrigindo o problema. Evite pux\u00f5es intensos para evitar que \u00f3leo adicional entre nas vias a\u00e9reas. Soprar diretamente na base da porta USB-C tamb\u00e9m pode ser eficaz para resolver o bloqueio.<\/p>\n\n\n\n<h3 class=\"wp-block-heading\">Dicas para prevenir obstru\u00e7\u00f5es:<\/h3>\n\n\n\n<p>\u2022 <strong>Armazenamento adequado:<\/strong> Ap\u00f3s o uso, certifique-se de que a caneta seja armazenada na posi\u00e7\u00e3o vertical at\u00e9 que o \u00f3leo recupere a espessura.<\/p>\n\n\n\n<p>\u2022 <strong>Manuten\u00e7\u00e3o da bateria:<\/strong> Certifique-se de que sua bateria esteja sempre totalmente carregada.<\/p>\n\n\n\n<p>\u2022 <strong>Precau\u00e7\u00f5es de armazenamento:<\/strong> Evite colocar o vaporizador nos bolsos.<\/p>\n\n\n\n<p>\u2022 <strong>Exposi\u00e7\u00e3o \u00e0 luz solar:<\/strong> Minimize a exposi\u00e7\u00e3o \u00e0 luz solar direta, especialmente por per\u00edodos prolongados.<\/p>\n\n\n\n<p>\u2022 <strong>Controle de temperatura:<\/strong> Evite deixar o vaporizador no carro para evitar varia\u00e7\u00f5es de temperatura e considere armazen\u00e1-lo em um local quente, pois o frio pode fazer com que o l\u00edquido do vaporizador engrosse e cristalize.<\/p>\n\n\n\n<p>\u2022 <strong>Uso Regular:<\/strong> Envolva-se no uso frequente de seu vaporizador. Os entupimentos s\u00e3o frequentemente resultado de inatividade; uma batida r\u00e1pida algumas vezes por semana pode manter uma passagem clara.<\/p>\n\n\n\n<p>Estamos imensamente gratos pelo seu apoio inabal\u00e1vel e incentivamos voc\u00ea a aproveitar ao m\u00e1ximo nossa variedade de produtos. Cada baforada \u00e9 projetada para proporcionar uma experi\u00eancia incompar\u00e1vel de qualidade, sabor e satisfa\u00e7\u00e3o.<\/p>\n\n\n\n<p>Atenciosamente,<br>Sua equipe THC Zen Vapes!<\/p>","protected":false},"excerpt":{"rendered":"<p>Experimentar um vapor entupido \u00e9 um problema comum e tende a ocorrer com mais frequ\u00eancia durante os meses mais frios. Embora medidas preventivas como guardar a caneta<span class=\"excerpt-hellip\"> [\u2026]<\/span><\/p>","protected":false},"author":1,"featured_media":0,"parent":0,"menu_order":0,"comment_status":"closed","ping_status":"closed","template":"","meta":{"footnotes":""},"class_list":["post-240","page","type-page","status-publish","hentry"],"jetpack_sharing_enabled":true,"_links":{"self":[{"href":"https:\/\/thczenvapes.com\/pt\/wp-json\/wp\/v2\/pages\/240","targetHints":{"allow":["GET"]}}],"collection":[{"href":"https:\/\/thczenvapes.com\/pt\/wp-json\/wp\/v2\/pages"}],"about":[{"href":"https:\/\/thczenvapes.com\/pt\/wp-json\/wp\/v2\/types\/page"}],"author":[{"embeddable":true,"href":"https:\/\/thczenvapes.com\/pt\/wp-json\/wp\/v2\/users\/1"}],"replies":[{"embeddable":true,"href":"https:\/\/thczenvapes.com\/pt\/wp-json\/wp\/v2\/comments?post=240"}],"version-history":[{"count":1,"href":"https:\/\/thczenvapes.com\/pt\/wp-json\/wp\/v2\/pages\/240\/revisions"}],"predecessor-version":[{"id":241,"href":"https:\/\/thczenvapes.com\/pt\/wp-json\/wp\/v2\/pages\/240\/revisions\/241"}],"wp:attachment":[{"href":"https:\/\/thczenvapes.com\/pt\/wp-json\/wp\/v2\/media?parent=240"}],"curies":[{"name":"wp","href":"https:\/\/api.w.org\/{rel}","templated":true}]}}