{"id":237,"date":"2023-09-30T21:22:21","date_gmt":"2023-09-30T21:22:21","guid":{"rendered":"https:\/\/thczenvapes.com\/?page_id=237"},"modified":"2023-09-30T21:22:23","modified_gmt":"2023-09-30T21:22:23","slug":"countries-we-ship-to","status":"publish","type":"page","link":"https:\/\/thczenvapes.com\/pt\/paises-para-onde-enviamos\/","title":{"rendered":"Pa\u00edses para onde enviamos"},"content":{"rendered":"<p>Na Zen THC Vapes, orgulhamo-nos da nossa capacidade de servir um amplo espectro de clientes de v\u00e1rios cantos da Europa. Somos conhecidos por nossos produtos de qualidade premium, atendimento ao cliente excepcional e sistemas de entrega r\u00e1pida. Nosso alcance se estende al\u00e9m das fronteiras, garantindo que nossos estimados clientes recebam seus THC Vapes preferidos diretamente a eles, independentemente de sua localiza\u00e7\u00e3o nas regi\u00f5es que cobrimos. Abaixo est\u00e1 uma vis\u00e3o dos pa\u00edses que est\u00e3o dentro do nosso radar mar\u00edtimo.<\/p>\n\n\n\n<h3 class=\"wp-block-heading\">Nosso alcance em toda a Europa<\/h3>\n\n\n\n<p><strong>Alemanha<\/strong> \u2013 Uma terra conhecida pela sua rica hist\u00f3ria e avan\u00e7os tecnol\u00f3gicos, garantimos que os nossos clientes alem\u00e3es desfrutem de acesso cont\u00ednuo aos nossos produtos de primeira linha.<\/p>\n\n\n\n<p><strong>It\u00e1lia<\/strong> \u2013 Das maravilhas arquitet\u00f4nicas de Roma aos canais serenos de Veneza, nossa clientela italiana desfruta da entrega ininterrupta de Zen THC Vapes.<\/p>\n\n\n\n<p><strong>Portugal<\/strong> \u2013 Seja nos centros hist\u00f3ricos do Porto ou nas belas paisagens de Lisboa, os nossos clientes em Portugal nunca est\u00e3o longe para desfrutar dos nossos impec\u00e1veis servi\u00e7os de entrega.<\/p>\n\n\n\n<p><strong>Espanha<\/strong> \u2013 T\u00e3o colorido e diversificado como o pr\u00f3prio pa\u00eds, oferecemos uma gama de THC Vapes para atender aos gostos ecl\u00e9ticos dos nossos clientes espanh\u00f3is.<\/p>\n\n\n\n<p><strong>Fran\u00e7a<\/strong> \u2013 No ambiente rom\u00e2ntico de Paris e de outros lugares, os conhecedores franceses de cannabis podem facilmente colocar as m\u00e3os na nossa variedade de produtos.<\/p>\n\n\n\n<p><strong>B\u00e9lgica<\/strong> \u2013 Conhecida pelas suas cidades medievais e arquitectura renascentista, a B\u00e9lgica \u00e9 tamb\u00e9m o lar de uma popula\u00e7\u00e3o que desfruta de acesso irrestrito ao Zen THC Vapes.<\/p>\n\n\n\n<h3 class=\"wp-block-heading\">Mergulhando em diversas demografias<\/h3>\n\n\n\n<p><strong>Su\u00ed\u00e7a<\/strong> e <strong>Eslov\u00eania<\/strong> \u2013 Em meio \u00e0s paisagens serenas e \u00e0 vida sofisticada, garantimos que a popula\u00e7\u00e3o desfrute de uma variedade de nossos THC Vapes.<\/p>\n\n\n\n<p><strong>Est\u00f3nia, Eslov\u00e1quia, Rep\u00fablica Checa e Pol\u00f3nia<\/strong> \u2013 Nestas joias arquitet\u00f3nicas da Europa, estabelecemos uma rede que garante entregas atempadas e eficientes.<\/p>\n\n\n\n<p><strong>Hungria<\/strong> e <strong>Reino Unido (Reino Unido)<\/strong> \u2013 Nossos estimados clientes nas cidades hist\u00f3ricas e nas metr\u00f3poles modernas recebem seus pedidos com rapidez e precis\u00e3o.<\/p>\n\n\n\n<h3 class=\"wp-block-heading\">Estamos a apenas um clique de dist\u00e2ncia<\/h3>\n\n\n\n<p><strong>\u00c1ustria, Bulg\u00e1ria, Cro\u00e1cia, Chipre, Dinamarca, Finl\u00e2ndia, Gr\u00e9cia, Irlanda, Let\u00f3nia, Litu\u00e2nia, Luxemburgo, Malta, Pa\u00edses Baixos, Rom\u00e9nia, Su\u00e9cia<\/strong> \u2013 A nossa presen\u00e7a estende-se de forma robusta, garantindo que cada pa\u00eds, com a sua cultura e patrim\u00f3nio \u00fanicos, esteja no circuito da nossa rede de distribui\u00e7\u00e3o eficiente.<\/p>\n\n\n\n<h3 class=\"wp-block-heading\">Conclus\u00e3o<\/h3>\n\n\n\n<p>Na Zen THC Vapes, o mundo \u00e9 a nossa ostra e a Europa \u00e9 a nossa joia mais querida. Nossa ampla capacidade de envio \u00e9 projetada para garantir que nenhum cliente seja deixado para tr\u00e1s e que cada indiv\u00edduo, independentemente de sua localiza\u00e7\u00e3o, possa desfrutar da qualidade impec\u00e1vel e da variedade incompar\u00e1vel de nossos THC Vapes.<\/p>\n\n\n\n<p>Cada pedido \u00e9 tratado com a m\u00e1xima precis\u00e3o, garantindo entregas pontuais e produtos que chegam at\u00e9 voc\u00ea em perfeitas condi\u00e7\u00f5es, preservando a qualidade e integridade pelas quais Zen THC Vapes \u00e9 conhecido.<\/p>\n\n\n\n<p>Nosso compromisso em transcender fronteiras \u00e9 inabal\u00e1vel e, \u00e0 medida que continuamos a expandir nossos horizontes, nossa dedica\u00e7\u00e3o a um servi\u00e7o impec\u00e1vel e \u00e0 qualidade permanece t\u00e3o firme como sempre. Com Zen THC Vapes, voc\u00ea n\u00e3o \u00e9 apenas um cliente; voc\u00ea \u00e9 um membro valioso de uma fam\u00edlia global onde qualidade, diversidade e servi\u00e7o impec\u00e1vel s\u00e3o os pilares de sua experi\u00eancia.<\/p>","protected":false},"excerpt":{"rendered":"<p>Na Zen THC Vapes, temos orgulho de nossa capacidade de atender a um amplo espectro de clientes de v\u00e1rios cantos da Europa. Somos conhecidos por<span class=\"excerpt-hellip\"> [\u2026]<\/span><\/p>","protected":false},"author":1,"featured_media":0,"parent":0,"menu_order":0,"comment_status":"closed","ping_status":"closed","template":"","meta":{"footnotes":""},"class_list":["post-237","page","type-page","status-publish","hentry"],"jetpack_sharing_enabled":true,"_links":{"self":[{"href":"https:\/\/thczenvapes.com\/pt\/wp-json\/wp\/v2\/pages\/237","targetHints":{"allow":["GET"]}}],"collection":[{"href":"https:\/\/thczenvapes.com\/pt\/wp-json\/wp\/v2\/pages"}],"about":[{"href":"https:\/\/thczenvapes.com\/pt\/wp-json\/wp\/v2\/types\/page"}],"author":[{"embeddable":true,"href":"https:\/\/thczenvapes.com\/pt\/wp-json\/wp\/v2\/users\/1"}],"replies":[{"embeddable":true,"href":"https:\/\/thczenvapes.com\/pt\/wp-json\/wp\/v2\/comments?post=237"}],"version-history":[{"count":1,"href":"https:\/\/thczenvapes.com\/pt\/wp-json\/wp\/v2\/pages\/237\/revisions"}],"predecessor-version":[{"id":238,"href":"https:\/\/thczenvapes.com\/pt\/wp-json\/wp\/v2\/pages\/237\/revisions\/238"}],"wp:attachment":[{"href":"https:\/\/thczenvapes.com\/pt\/wp-json\/wp\/v2\/media?parent=237"}],"curies":[{"name":"wp","href":"https:\/\/api.w.org\/{rel}","templated":true}]}}