{"id":223,"date":"2023-09-30T20:22:52","date_gmt":"2023-09-30T20:22:52","guid":{"rendered":"https:\/\/thczenvapes.com\/?page_id=223"},"modified":"2023-09-30T21:16:59","modified_gmt":"2023-09-30T21:16:59","slug":"terms-and-conditions","status":"publish","type":"page","link":"https:\/\/thczenvapes.com\/pt\/termos-e-condicoes\/","title":{"rendered":"Termos e Condi\u00e7\u00f5es"},"content":{"rendered":"<p>Bem-vindo ao Zen THC Vapes. Estes termos e condi\u00e7\u00f5es descrevem as regras e regulamentos para o uso do site e dos servi\u00e7os da Zen THC Vapes. Ao acessar este site, presumimos que voc\u00ea aceita estes termos e condi\u00e7\u00f5es na \u00edntegra. N\u00e3o continue a usar o site da Zen THC Vapes se n\u00e3o aceitar todos os termos e condi\u00e7\u00f5es declarados nesta p\u00e1gina.<\/p>\n\n\n\n<h4 class=\"wp-block-heading\"><strong>1. Termos da Loja Online<\/strong><\/h4>\n\n\n\n<p>Ao concordar com estes termos de servi\u00e7o, voc\u00ea declara que tem pelo menos a maioridade em seu estado ou prov\u00edncia de resid\u00eancia, ou que tem a maioridade em seu estado ou prov\u00edncia de resid\u00eancia e nos deu seu consentimento para permitir que qualquer um de seus dependentes menores use este site.<\/p>\n\n\n\n<h4 class=\"wp-block-heading\"><strong>2. Condi\u00e7\u00f5es Gerais<\/strong><\/h4>\n\n\n\n<p>Reservamo-nos o direito de recusar servi\u00e7o a qualquer pessoa, por qualquer motivo e a qualquer momento. Voc\u00ea entende que seu conte\u00fado (n\u00e3o incluindo informa\u00e7\u00f5es de cart\u00e3o de cr\u00e9dito) pode ser transferido sem criptografia e envolver transmiss\u00f5es por diversas redes e altera\u00e7\u00f5es para conformidade e adapta\u00e7\u00e3o aos requisitos t\u00e9cnicos de conex\u00e3o de redes ou dispositivos.<\/p>\n\n\n\n<h4 class=\"wp-block-heading\"><strong>3. Produtos ou Servi\u00e7os<\/strong><\/h4>\n\n\n\n<p>Certos produtos ou servi\u00e7os podem estar dispon\u00edveis exclusivamente online atrav\u00e9s do site. Estes produtos ou servi\u00e7os podem ter quantidades limitadas e est\u00e3o sujeitos a devolu\u00e7\u00e3o ou troca apenas de acordo com a nossa Pol\u00edtica de Devolu\u00e7\u00e3o.<\/p>\n\n\n\n<h4 class=\"wp-block-heading\"><strong>4. Precis\u00e3o das informa\u00e7\u00f5es de faturamento e conta<\/strong><\/h4>\n\n\n\n<p>Reservamo-nos o direito de recusar qualquer encomenda que nos fa\u00e7a. Podemos, a nosso exclusivo crit\u00e9rio, limitar ou cancelar quantidades compradas por pessoa, por fam\u00edlia ou por pedido.<\/p>\n\n\n\n<h4 class=\"wp-block-heading\"><strong>5. Ferramentas opcionais<\/strong><\/h4>\n\n\n\n<p>Podemos fornecer-lhe acesso a ferramentas de terceiros sobre as quais n\u00e3o monitoramos nem temos qualquer controle ou contribui\u00e7\u00e3o.<\/p>\n\n\n\n<h4 class=\"wp-block-heading\"><strong>6. Pol\u00edtica de Reembolso<\/strong><\/h4>\n\n\n\n<p>Oferecemos uma pol\u00edtica de reembolso para nossos valiosos clientes para sua tranquilidade e experi\u00eancia de compra aprimorada. Os reembolsos est\u00e3o dispon\u00edveis dentro de 5 dias ap\u00f3s o envio do item. Para iniciar um reembolso, entre em contato com nosso atendimento ao cliente com os detalhes do seu pedido e n\u00f3s o orientaremos durante o processo. O produto dever\u00e1 ser devolvido no seu estado original, sendo os custos de envio para devolu\u00e7\u00e3o do artigo da responsabilidade do cliente.<\/p>\n\n\n\n<h4 class=\"wp-block-heading\"><strong>7. Limita\u00e7\u00e3o de Responsabilidade<\/strong><\/h4>\n\n\n\n<p>Em nenhum caso a Zen THC Vapes, nossos diretores, executivos, funcion\u00e1rios, afiliados, agentes, contratados, estagi\u00e1rios, fornecedores, prestadores de servi\u00e7os ou licenciadores ser\u00e3o respons\u00e1veis por qualquer les\u00e3o, perda, reclama\u00e7\u00e3o ou qualquer dano direto, indireto, incidental, punitivo, especial , ou danos consequenciais de qualquer tipo.<\/p>\n\n\n\n<h4 class=\"wp-block-heading\"><strong>8. Indeniza\u00e7\u00e3o<\/strong><\/h4>\n\n\n\n<p>Voc\u00ea concorda em indenizar, defender e isentar Zen THC Vapes e nossos controladores, subsidi\u00e1rias, afiliadas, parceiros, executivos, diretores, agentes, contratados, licenciadores, prestadores de servi\u00e7os, subcontratados, fornecedores, estagi\u00e1rios e funcion\u00e1rios, de qualquer reclama\u00e7\u00e3o ou demanda.<\/p>\n\n\n\n<h4 class=\"wp-block-heading\"><strong>9. Divisibilidade<\/strong><\/h4>\n\n\n\n<p>No caso de qualquer disposi\u00e7\u00e3o destes Termos de Servi\u00e7o ser considerada ilegal, nula ou inexequ\u00edvel, tal disposi\u00e7\u00e3o ser\u00e1, no entanto, exequ\u00edvel em toda a extens\u00e3o permitida pela lei aplic\u00e1vel.<\/p>\n\n\n\n<h4 class=\"wp-block-heading\"><strong>10. Rescis\u00e3o<\/strong><\/h4>\n\n\n\n<p>As obriga\u00e7\u00f5es e responsabilidades das partes incorridas antes da data de rescis\u00e3o sobreviver\u00e3o \u00e0 rescis\u00e3o deste contrato para todos os efeitos.<\/p>","protected":false},"excerpt":{"rendered":"<p>Bem-vindo \u00e0 Zen THC Vapes. Estes termos e condi\u00e7\u00f5es descrevem as regras e regulamentos para o uso do site e servi\u00e7os da Zen THC Vapes. Ao acessar<span class=\"excerpt-hellip\"> [\u2026]<\/span><\/p>","protected":false},"author":1,"featured_media":0,"parent":0,"menu_order":0,"comment_status":"closed","ping_status":"closed","template":"","meta":{"footnotes":""},"class_list":["post-223","page","type-page","status-publish","hentry"],"jetpack_sharing_enabled":true,"_links":{"self":[{"href":"https:\/\/thczenvapes.com\/pt\/wp-json\/wp\/v2\/pages\/223","targetHints":{"allow":["GET"]}}],"collection":[{"href":"https:\/\/thczenvapes.com\/pt\/wp-json\/wp\/v2\/pages"}],"about":[{"href":"https:\/\/thczenvapes.com\/pt\/wp-json\/wp\/v2\/types\/page"}],"author":[{"embeddable":true,"href":"https:\/\/thczenvapes.com\/pt\/wp-json\/wp\/v2\/users\/1"}],"replies":[{"embeddable":true,"href":"https:\/\/thczenvapes.com\/pt\/wp-json\/wp\/v2\/comments?post=223"}],"version-history":[{"count":2,"href":"https:\/\/thczenvapes.com\/pt\/wp-json\/wp\/v2\/pages\/223\/revisions"}],"predecessor-version":[{"id":233,"href":"https:\/\/thczenvapes.com\/pt\/wp-json\/wp\/v2\/pages\/223\/revisions\/233"}],"wp:attachment":[{"href":"https:\/\/thczenvapes.com\/pt\/wp-json\/wp\/v2\/media?parent=223"}],"curies":[{"name":"wp","href":"https:\/\/api.w.org\/{rel}","templated":true}]}}