{"id":138,"date":"2023-09-30T18:54:08","date_gmt":"2023-09-30T18:54:08","guid":{"rendered":"https:\/\/thczenvapes.com\/?page_id=138"},"modified":"2024-05-23T21:00:08","modified_gmt":"2024-05-23T21:00:08","slug":"buy-thc-online","status":"publish","type":"page","link":"https:\/\/thczenvapes.com\/pt\/compre-online\/","title":{"rendered":"Compre THC online na Europa: um guia completo"},"content":{"rendered":"<div data-elementor-type=\"wp-page\" data-elementor-id=\"138\" class=\"elementor elementor-138\">\n\t\t\t\t\t\t<section class=\"elementor-section elementor-top-section elementor-element elementor-element-a3e41b8 elementor-section-boxed elementor-section-height-default elementor-section-height-default\" data-id=\"a3e41b8\" data-element_type=\"section\">\n\t\t\t\t\t\t<div class=\"elementor-container elementor-column-gap-default\">\n\t\t\t\t\t<div class=\"elementor-column elementor-col-100 elementor-top-column elementor-element elementor-element-ae1d111\" data-id=\"ae1d111\" data-element_type=\"column\">\n\t\t\t<div class=\"elementor-widget-wrap elementor-element-populated\">\n\t\t\t\t\t\t<div class=\"elementor-element elementor-element-61685ed elementor-widget elementor-widget-text-editor\" data-id=\"61685ed\" data-element_type=\"widget\" data-widget_type=\"text-editor.default\">\n\t\t\t\t<div class=\"elementor-widget-container\">\n\t\t\t\t\t\t\t\t\t<p>No mundo em r\u00e1pida evolu\u00e7\u00e3o de hoje, a acessibilidade de v\u00e1rios produtos e servi\u00e7os atrav\u00e9s de plataformas online tornou-se comum. Um desses produtos que tem atra\u00eddo aten\u00e7\u00e3o significativa \u00e9 o THC, o composto psicoativo encontrado na cannabis. As pessoas em toda a Europa est\u00e3o cada vez mais curiosas sobre como comprar THC online, dados os potenciais benef\u00edcios e a utiliza\u00e7\u00e3o recreativa a ele associados. Neste guia completo, iremos aprofundar os v\u00e1rios aspectos da compra online de THC na Europa, garantindo que voc\u00ea tenha todas as informa\u00e7\u00f5es necess\u00e1rias para tomar decis\u00f5es informadas.<\/p>\t\t\t\t\t\t\t\t<\/div>\n\t\t\t\t<\/div>\n\t\t\t\t<div class=\"elementor-element elementor-element-801fbc1 elementor-widget elementor-widget-text-editor\" data-id=\"801fbc1\" data-element_type=\"widget\" data-widget_type=\"text-editor.default\">\n\t\t\t\t<div class=\"elementor-widget-container\">\n\t\t\t\t\t\t\t\t\t<h2>\u00cdndice<\/h2><ol><li><p><strong>Compreendendo o THC<\/strong><\/p><ul><li>O que \u00e9 THC?<\/li><li>O estatuto jur\u00eddico do THC na Europa<\/li><\/ul><\/li><li><p><strong>Benef\u00edcios do uso de THC<\/strong><\/p><ul><li>Aplica\u00e7\u00f5es M\u00e9dicas<\/li><li>Uso recreativo<\/li><\/ul><\/li><li><p><strong>Desafios e Riscos<\/strong><\/p><ul><li>Preocupa\u00e7\u00f5es Legais<\/li><li>Quest\u00f5es de qualidade e seguran\u00e7a<\/li><\/ul><\/li><li><p><strong>Como comprar THC on-line<\/strong><\/p><ul><li>Pesquisando fontes confi\u00e1veis<\/li><li>Garantindo a conformidade legal<\/li><\/ul><\/li><li><p><strong>Selecionando o produto THC certo<\/strong><\/p><ul><li>Diferentes tipos de produtos THC<\/li><li>M\u00e9todos de dosagem e consumo<\/li><\/ul><\/li><li><p><strong>Pagamento e Entrega<\/strong><\/p><ul><li>Op\u00e7\u00f5es de pagamento<\/li><li>Envio Discreto e Seguro<\/li><\/ul><\/li><li><p><strong>Medidas de seguran\u00e7a<\/strong><\/p><ul><li>Uso respons\u00e1vel<\/li><li>Manter-se informado sobre as leis locais<\/li><\/ul><\/li><li><p><strong>Avalia\u00e7\u00f5es e recomenda\u00e7\u00f5es de clientes<\/strong><\/p><ul><li>Encontrando feedback confi\u00e1vel<\/li><li>Dicas para uma experi\u00eancia de compra positiva<\/li><\/ul><\/li><li><p><strong>Perguntas frequentes sobre como comprar THC online na Europa<\/strong><\/p><ul><li>\u00c9 legal comprar THC online na Europa?<\/li><li>Quais s\u00e3o os benef\u00edcios potenciais do THC para a sa\u00fade?<\/li><li>Como posso garantir a qualidade do produto THC?<\/li><li>Que cuidados devo tomar ao comprar THC online?<\/li><li>Existem restri\u00e7\u00f5es de idade para comprar THC online na Europa?<\/li><\/ul><\/li><\/ol>\t\t\t\t\t\t\t\t<\/div>\n\t\t\t\t<\/div>\n\t\t\t\t<section class=\"elementor-section elementor-inner-section elementor-element elementor-element-0e4c109 elementor-section-boxed elementor-section-height-default elementor-section-height-default\" data-id=\"0e4c109\" data-element_type=\"section\">\n\t\t\t\t\t\t<div class=\"elementor-container elementor-column-gap-default\">\n\t\t\t\t\t<div class=\"elementor-column elementor-col-50 elementor-inner-column elementor-element elementor-element-af163df\" data-id=\"af163df\" data-element_type=\"column\">\n\t\t\t<div class=\"elementor-widget-wrap elementor-element-populated\">\n\t\t\t\t\t\t<div class=\"elementor-element elementor-element-edd4eb1 elementor-widget elementor-widget-image\" data-id=\"edd4eb1\" data-element_type=\"widget\" data-widget_type=\"image.default\">\n\t\t\t\t<div class=\"elementor-widget-container\">\n\t\t\t\t\t\t\t\t\t\t\t\t\t\t\t<img fetchpriority=\"high\" decoding=\"async\" width=\"322\" height=\"157\" src=\"https:\/\/thczenvapes.com\/wp-content\/uploads\/2023\/09\/1.jpeg\" class=\"attachment-medium_large size-medium_large wp-image-149\" alt=\"Compre THC online na Europa\" srcset=\"https:\/\/thczenvapes.com\/wp-content\/uploads\/2023\/09\/1.jpeg 322w, https:\/\/thczenvapes.com\/wp-content\/uploads\/2023\/09\/1-300x146.jpeg 300w, https:\/\/thczenvapes.com\/wp-content\/uploads\/2023\/09\/1-150x73.jpeg 150w\" sizes=\"(max-width:767px) 322px, 322px\" title=\"os vapores\">\t\t\t\t\t\t\t\t\t\t\t\t\t\t\t<\/div>\n\t\t\t\t<\/div>\n\t\t\t\t\t<\/div>\n\t\t<\/div>\n\t\t\t\t<div class=\"elementor-column elementor-col-50 elementor-inner-column elementor-element elementor-element-d5b2a71\" data-id=\"d5b2a71\" data-element_type=\"column\">\n\t\t\t<div class=\"elementor-widget-wrap\">\n\t\t\t\t\t\t\t<\/div>\n\t\t<\/div>\n\t\t\t\t\t<\/div>\n\t\t<\/section>\n\t\t\t\t<div class=\"elementor-element elementor-element-855ee30 elementor-widget elementor-widget-text-editor\" data-id=\"855ee30\" data-element_type=\"widget\" data-widget_type=\"text-editor.default\">\n\t\t\t\t<div class=\"elementor-widget-container\">\n\t\t\t\t\t\t\t\t\t<h2>Explorando lojas online respeit\u00e1veis de THC<\/h2>\n<p>Quando se trata de comprar THC online na Europa, \u00e9 crucial escolher fontes respeit\u00e1veis e confi\u00e1veis. Dois desses estabelecimentos que ganharam reconhecimento na comunidade THC s\u00e3o o THC Zen Vapes e o Vader THC Vapes. Estas lojas online oferecem uma vasta gama de produtos THC, garantindo-lhe acesso a op\u00e7\u00f5es de alta qualidade para as suas necessidades.<\/p>\n<h2>Loja Online THC Zen Vapes<\/h2>\n<p><a href=\"https:\/\/thczenvapes.com\/pt\/shop\/\" target=\"_new\"><strong>THC Zen Vapes<\/strong><\/a> \u00e9 um dispens\u00e1rio online respeit\u00e1vel, conhecido por seu compromisso com a qualidade e a satisfa\u00e7\u00e3o do cliente. Eles oferecem uma sele\u00e7\u00e3o diversificada de produtos de THC, incluindo vapes, comest\u00edveis e muito mais. Com foco no fornecimento de produtos seguros e testados em laborat\u00f3rio, o THC Zen Vapes \u00e9 um destino obrigat\u00f3rio para quem procura uma fonte confi\u00e1vel de produtos de THC.<\/p>\n<h2>Loja Online Vader THC Vapes<\/h2>\n<p>Se voc\u00ea est\u00e1 procurando uma experi\u00eancia de compra on-line excepcional para produtos THC, <a href=\"https:\/\/vadercnbs.com\/thc-shop\/\" target=\"_new\" rel=\"noopener\"><strong>Vader THC Vapes<\/strong><\/a> \u00e9 outra excelente escolha. Sua ampla gama de produtos vape THC certamente atender\u00e1 a v\u00e1rias prefer\u00eancias. A Vader THC Vapes se orgulha de sua dedica\u00e7\u00e3o \u00e0 seguran\u00e7a e qualidade dos produtos, tornando-os uma op\u00e7\u00e3o confi\u00e1vel para os entusiastas do THC.<\/p>\n<p><strong>Mexa-se agora:<\/strong> Se voc\u00ea estiver pronto para explorar o mundo do THC e experimentar os benef\u00edcios que ele pode oferecer, considere visitar <a href=\"https:\/\/thczenvapes.com\/pt\/shop\/\" target=\"_new\">THC Zen Vapes<\/a> e <a href=\"https:\/\/vadercnbs.com\/thc-shop\/\" target=\"_new\" rel=\"noopener\">Vader THC Vapes<\/a>. Essas lojas online respeit\u00e1veis oferecem uma maneira segura e conveniente de acessar produtos premium de THC. Comece hoje a sua viagem e descubra as possibilidades que o THC tem para oferecer. Sua satisfa\u00e7\u00e3o e bem-estar s\u00e3o suas principais prioridades.<\/p>\n<p>Observe que \u00e9 essencial pesquisar e cumprir as leis e regulamentos locais ao comprar produtos de THC online. Aproveite com responsabilidade e fa\u00e7a escolhas informadas para garantir uma experi\u00eancia positiva.<\/p>\t\t\t\t\t\t\t\t<\/div>\n\t\t\t\t<\/div>\n\t\t\t\t<div class=\"elementor-element elementor-element-57d0363 elementor-widget elementor-widget-text-editor\" data-id=\"57d0363\" data-element_type=\"widget\" data-widget_type=\"text-editor.default\">\n\t\t\t\t<div class=\"elementor-widget-container\">\n\t\t\t\t\t\t\t\t\t<h2>Compras de THC por pa\u00edses:<\/h2><ul><li><a href=\"https:\/\/thczenvapes.com\/pt\/compre-online\/compre-online-na-alemanha-seu-guia-definitivo-para-a-loja-zen-vapes\/\"><span style=\"letter-spacing: 0px;\"><u>Compre THC Alemanha<\/u><\/span><\/a><\/li><li><a href=\"https:\/\/thczenvapes.com\/pt\/buy-thc-online-in-italy-with-confidence-at-thc-zen-shop\/\"><span style=\"letter-spacing: 0px;\"><u>Compre THC It\u00e1lia<\/u><\/span><\/a><\/li><li><span style=\"text-decoration: underline;\"><a href=\"https:\/\/thczenvapes.com\/pt\/buy-thc-online-in-portugal-find-best-thc-flavor-at-thc-zen-vapes-shop\/\">Comprar THC Portugal<\/a><\/span><\/li><li><span style=\"text-decoration: underline;\"><a href=\"https:\/\/thczenvapes.com\/pt\/buy-thc-in-spain-online-easy-guide-how-to-buy-thc-vapes-in-spain-using-thc-zen-shop\/\">Compre THC Espanha<\/a><\/span><\/li><li><span style=\"text-decoration: underline;\"><a href=\"https:\/\/thczenvapes.com\/pt\/compre-online\/descubra-e-compre-com-seguranca-seus-vapes-thc-preferidos-com-thc-zen-vapes-na-franca\/\">Compre THC Fran\u00e7a<\/a><\/span><\/li><li><span style=\"text-decoration: underline;\"><a href=\"https:\/\/thczenvapes.com\/pt\/compre-online\/compre-thc-vapes-online-com-facilidade-na-belgica-guia-facil-de-como-comprar-thc-zen-vape-na-belgica\/\">Compre THC B\u00e9lgica<\/a><\/span><\/li><li><a href=\"https:\/\/thczenvapes.com\/pt\/compre-online\/comprar-produtos-thc-vape-na-suica-com-seguranca-e-facilidade-com-zen-vape\/\"><span style=\"text-decoration: underline;\">Compre THC Su\u00ed\u00e7a<\/span><\/a><\/li><li><span style=\"text-decoration: underline;\"><a href=\"https:\/\/thczenvapes.com\/pt\/compre-online\/explorando-o-mundo-do-vaping-de-thc-na-eslovenia-compre-thc-zen-vape-na-eslovenia\/\">Compre THC Eslov\u00eania<\/a><\/span><\/li><li><span style=\"text-decoration: underline;\"><a href=\"https:\/\/thczenvapes.com\/pt\/compre-online\/explorando-thc-vaping-na-estonia-guia-para-comprar-thc-zen-vape-na-estonia\/\">Compre THC Est\u00f4nia<\/a><\/span><\/li><li><span style=\"text-decoration: underline;\"><a href=\"https:\/\/thczenvapes.com\/pt\/compre-online\/explorando-o-vaping-de-thc-na-eslovaquia\/\">Compre THC Eslov\u00e1quia<\/a><\/span><\/li><li><span style=\"text-decoration: underline;\"><a href=\"https:\/\/thczenvapes.com\/pt\/compre-online\/vaporizacao-de-thc-na-republica-checa\/\">Compre THC Rep\u00fablica Tcheca<\/a><\/span><\/li><li><span style=\"text-decoration: underline;\"><a href=\"https:\/\/thczenvapes.com\/pt\/compre-online\/comprar-thc-zen-vape-na-polonia\/\">Compre THC Pol\u00f4nia<\/a><\/span><\/li><li><span style=\"text-decoration: underline;\"><a href=\"https:\/\/thczenvapes.com\/pt\/compre-online\/melhor-experiencia-de-vaporizacao-de-thc-na-hungria\/\">Compre THC Hungria<\/a><\/span><\/li><li><span style=\"text-decoration: underline;\"><a href=\"https:\/\/thczenvapes.com\/pt\/compre-online\/experiencia-de-vaporizacao-de-thc-no-reino-unido-com-zen-vape\/\">Compre THC no Reino Unido (Reino Unido)<\/a><\/span><\/li><li><span style=\"text-decoration: underline;\"><a href=\"https:\/\/thczenvapes.com\/pt\/compre-online\/guia-definitivo-para-comprar-vapes-na-austria\/\">Compre THC \u00c1ustria<\/a><\/span><\/li><li><a href=\"https:\/\/thczenvapes.com\/pt\/compre-online\/compre-thc-vapes-na-bulgaria-explore-thc-zen\/\"><span style=\"text-decoration: underline;\">Compre THC Bulg\u00e1ria<\/span><\/a><\/li><li><a href=\"https:\/\/thczenvapes.com\/pt\/compre-online\/compre-thc-vapes-na-croacia-com-thc-zen\/\"><span style=\"text-decoration: underline;\">Compre THC Cro\u00e1cia<\/span><\/a><\/li><li><a href=\"https:\/\/thczenvapes.com\/pt\/compre-online\/vapes-thc-premium-em-chipre-compre-agora-com-thc-zen-vapes\/\"><span style=\"text-decoration: underline;\">Compre THC Chipre<\/span><\/a><\/li><li><a href=\"https:\/\/thczenvapes.com\/pt\/compre-online\/experiencia-de-vaporizacao-na-dinamarca-com-thc-zen-vapes\/\"><span style=\"text-decoration: underline;\">Compre THC Dinamarca<\/span><\/a><\/li><li><a href=\"https:\/\/thczenvapes.com\/pt\/compre-online\/compre-thc-vapes-na-finlandia-com-thc-zen-vapes\/\"><span style=\"text-decoration: underline;\">Compre THC Finl\u00e2ndia<\/span><\/a><\/li><li><a href=\"https:\/\/thczenvapes.com\/pt\/compre-online\/vaping-na-grecia-com-os-vapes-zen\/\"><span style=\"text-decoration: underline;\"><span style=\"font-family: Poppins, -apple-system, BlinkMacSystemFont, 'Segoe UI', Roboto, Oxygen-Sans, Ubuntu, Cantarell, 'Helvetica Neue', sans-serif; font-size: 16px; font-style: normal; font-variant-ligatures: normal; font-variant-caps: normal; font-weight: 400;\">Comprar THC\u00a0<\/span>Gr\u00e9cia<\/span><\/a><\/li><li><a href=\"https:\/\/thczenvapes.com\/pt\/compre-online\/vaporizacao-de-thc-na-irlanda-com-thc-zen-vapes\/\"><span style=\"text-decoration: underline;\"><span style=\"font-family: Poppins, -apple-system, BlinkMacSystemFont, 'Segoe UI', Roboto, Oxygen-Sans, Ubuntu, Cantarell, 'Helvetica Neue', sans-serif; font-size: 16px; font-style: normal; font-variant-ligatures: normal; font-variant-caps: normal; font-weight: 400;\">Compre THC Irlanda<\/span><\/span><\/a><\/li><li><span style=\"font-family: Poppins, -apple-system, BlinkMacSystemFont, 'Segoe UI', Roboto, Oxygen-Sans, Ubuntu, Cantarell, 'Helvetica Neue', sans-serif; font-size: 16px; font-style: normal; font-variant-ligatures: normal; font-variant-caps: normal; font-weight: 400;\"><a href=\"https:\/\/thczenvapes.com\/pt\/compre-online\/experiencia-de-vaporizacao-de-thc-na-letonia-com-thc-zen-vapes\/\"><span style=\"text-decoration: underline;\">Compre THC Let\u00f4nia<\/span><\/a><br \/><\/span><\/li><li><span style=\"font-family: Poppins, -apple-system, BlinkMacSystemFont, 'Segoe UI', Roboto, Oxygen-Sans, Ubuntu, Cantarell, 'Helvetica Neue', sans-serif; font-size: 16px; font-style: normal; font-variant-ligatures: normal; font-variant-caps: normal; font-weight: 400;\"><a href=\"https:\/\/thczenvapes.com\/pt\/compre-online\/vaporizacao-premium-na-lituania-com-thc-zen-vapes\/\"><span style=\"text-decoration: underline;\">Compre THC Litu\u00e2nia<\/span><\/a><br \/><\/span><\/li><li><span style=\"font-family: Poppins, -apple-system, BlinkMacSystemFont, 'Segoe UI', Roboto, Oxygen-Sans, Ubuntu, Cantarell, 'Helvetica Neue', sans-serif; font-size: 16px; font-style: normal; font-variant-ligatures: normal; font-variant-caps: normal; font-weight: 400;\"><a href=\"https:\/\/thczenvapes.com\/pt\/compre-online\/experiencia-de-vaporizacao-de-thc-em-luxemburgo-com-thc-zen-vapes\/\"><span style=\"text-decoration: underline;\">Compre THC Luxemburgo<\/span><\/a><br \/><\/span><\/li><li><span style=\"font-family: Poppins, -apple-system, BlinkMacSystemFont, 'Segoe UI', Roboto, Oxygen-Sans, Ubuntu, Cantarell, 'Helvetica Neue', sans-serif; font-size: 16px; font-style: normal; font-variant-ligatures: normal; font-variant-caps: normal; font-weight: 400;\"><a href=\"https:\/\/thczenvapes.com\/pt\/compre-online\/eleve-sua-experiencia-de-vaporizacao-em-malta-com-thc-zen-vapes\/\"><span style=\"text-decoration: underline;\">Compre THC Malta<\/span><\/a><br \/><\/span><\/li><li><span style=\"font-family: Poppins, -apple-system, BlinkMacSystemFont, 'Segoe UI', Roboto, Oxygen-Sans, Ubuntu, Cantarell, 'Helvetica Neue', sans-serif; font-size: 16px; font-style: normal; font-variant-ligatures: normal; font-variant-caps: normal; font-weight: 400;\"><span style=\"text-decoration: underline;\"><a href=\"https:\/\/thczenvapes.com\/pt\/compre-online\/compre-vapes-premium-na-holanda-com-o-zen\/\">Compre THC Holanda<\/a><\/span><br \/><\/span><\/li><li><a href=\"https:\/\/thczenvapes.com\/pt\/compre-online\/experiencia-de-vaporizacao-na-romenia-com-thc-zen-vapes\/\"><span style=\"text-decoration: underline;\"><span style=\"font-family: Poppins, -apple-system, BlinkMacSystemFont, 'Segoe UI', Roboto, Oxygen-Sans, Ubuntu, Cantarell, 'Helvetica Neue', sans-serif; font-size: 16px; font-style: normal; font-variant-ligatures: normal; font-variant-caps: normal; font-weight: 400;\">Compre THC Rom\u00eania<\/span><\/span><\/a><\/li><li><span style=\"font-family: Poppins, -apple-system, BlinkMacSystemFont, 'Segoe UI', Roboto, Oxygen-Sans, Ubuntu, Cantarell, 'Helvetica Neue', sans-serif; font-size: 16px; font-style: normal; font-variant-ligatures: normal; font-variant-caps: normal; font-weight: 400;\">Compre THC Su\u00e9cia<br \/><\/span><\/li><\/ul>\t\t\t\t\t\t\t\t<\/div>\n\t\t\t\t<\/div>\n\t\t\t\t<div class=\"elementor-element elementor-element-f9f191f elementor-widget elementor-widget-text-editor\" data-id=\"f9f191f\" data-element_type=\"widget\" data-widget_type=\"text-editor.default\">\n\t\t\t\t<div class=\"elementor-widget-container\">\n\t\t\t\t\t\t\t\t\t<h2>Compreendendo o THC<\/h2><h3>O que \u00e9 THC?<\/h3><p>O tetrahidrocanabinol, comumente conhecido como THC, \u00e9 o principal composto psicoativo encontrado na cannabis. \u00c9 respons\u00e1vel pelos efeitos euf\u00f3ricos e intoxicantes frequentemente associados \u00e0 planta.<\/p><h3>O estatuto jur\u00eddico do THC na Europa<\/h3><p>A legalidade do THC varia de um pa\u00eds europeu para outro. Alguns pa\u00edses legalizaram-no para uso m\u00e9dico e\/ou recreativo, enquanto outros mant\u00eam proibi\u00e7\u00f5es estritas.<\/p><h2>Benef\u00edcios do uso de THC<\/h2><h3>Aplica\u00e7\u00f5es M\u00e9dicas<\/h3><p>O THC tem se mostrado promissor no al\u00edvio dos sintomas de v\u00e1rias condi\u00e7\u00f5es m\u00e9dicas, incluindo dor cr\u00f4nica, n\u00e1usea e espasmos musculares.<\/p><h3>Uso recreativo<\/h3><p>Muitas pessoas usam o THC de forma recreativa para relaxar, aumentar a criatividade ou simplesmente desfrutar dos seus efeitos euf\u00f3ricos.<\/p><h2>Desafios e Riscos<\/h2><h3>Preocupa\u00e7\u00f5es Legais<\/h3><p>Antes de comprar THC, \u00e9 crucial compreender o quadro jur\u00eddico do seu pa\u00eds ou regi\u00e3o espec\u00edfica. Possuir ou comprar THC onde \u00e9 ilegal pode ter consequ\u00eancias graves.<\/p><h3>Quest\u00f5es de qualidade e seguran\u00e7a<\/h3><p>Comprar THC online apresenta riscos relacionados \u00e0 qualidade e seguran\u00e7a do produto. Garantir que voc\u00ea obtenha um produto de alta qualidade de uma fonte confi\u00e1vel \u00e9 essencial.<\/p><h2>Como comprar THC on-line<\/h2><h3>Pesquisando fontes confi\u00e1veis<\/h3><p>Pesquise e examine minuciosamente os dispens\u00e1rios on-line para garantir que sejam leg\u00edtimos e ofere\u00e7am produtos seguros.<\/p><h3>Garantindo a conformidade legal<\/h3><p>Sempre cumpra as leis e regulamentos locais ao comprar e usar THC. A ignor\u00e2ncia da lei n\u00e3o \u00e9 uma desculpa v\u00e1lida.<\/p><p>Confira <a href=\"https:\/\/www.youtube.com\/shorts\/DrurV-wAakA\" target=\"_blank\" rel=\"noopener\">este v\u00eddeo menciona a compra online de THC<\/a><\/p><h2>Selecionando o produto THC certo<\/h2><h3>Diferentes tipos de produtos THC<\/h3><p>O THC est\u00e1 dispon\u00edvel em v\u00e1rias formas, incluindo alimentos, \u00f3leos e flores secas. Escolha um produto que atenda \u00e0s suas prefer\u00eancias e necessidades.<\/p><h3>M\u00e9todos de dosagem e consumo<\/h3><p>Compreender a dosagem apropriada e o m\u00e9todo de consumo \u00e9 vital para uma experi\u00eancia positiva com o THC.<\/p><h2>Pagamento e Entrega<\/h2><h3>Op\u00e7\u00f5es de pagamento<\/h3><p>Dispens\u00e1rios online respeit\u00e1veis oferecem m\u00e9todos de pagamento seguros para proteger suas informa\u00e7\u00f5es financeiras.<\/p><h3>Envio Discreto e Seguro<\/h3><p>Escolha vendedores que priorizem embalagens discretas e seguras para manter sua privacidade.<\/p><h2>Medidas de seguran\u00e7a<\/h2><h3>Uso respons\u00e1vel<\/h3><p>Consuma THC com responsabilidade e modera\u00e7\u00e3o. O excesso de indulg\u00eancia pode levar a efeitos adversos.<\/p><h3>Manter-se informado sobre as leis locais<\/h3><p>Mantenha-se atualizado sobre a evolu\u00e7\u00e3o do cen\u00e1rio jur\u00eddico do THC em sua regi\u00e3o para evitar problemas jur\u00eddicos.<\/p><h2>Avalia\u00e7\u00f5es e recomenda\u00e7\u00f5es de clientes<\/h2><h3>Encontrando feedback confi\u00e1vel<\/h3><p>Leia as avalia\u00e7\u00f5es e busque recomenda\u00e7\u00f5es de fontes confi\u00e1veis para garantir uma experi\u00eancia de compra positiva.<\/p><h3>Dicas para uma experi\u00eancia de compra positiva<\/h3><p>Siga dicas e orienta\u00e7\u00f5es para aprimorar sua experi\u00eancia de compra de THC online.<\/p><h2>Perguntas frequentes sobre como comprar THC online na Europa<\/h2><h3>\u00c9 legal comprar THC online na Europa?<\/h3><p>A legalidade da compra de THC online varia de acordo com o pa\u00eds. Pesquise as leis locais para garantir a conformidade.<\/p><h3>Quais s\u00e3o os benef\u00edcios potenciais do THC para a sa\u00fade?<\/h3><p>O THC pode oferecer al\u00edvio para v\u00e1rias condi\u00e7\u00f5es m\u00e9dicas, mas consulte um profissional de sa\u00fade para aconselhamento personalizado.<\/p><h3>Como posso garantir a qualidade do produto THC?<\/h3><p>Escolha dispens\u00e1rios confi\u00e1veis, com feedback positivo dos clientes e informa\u00e7\u00f5es transparentes sobre os produtos.<\/p><h3>Que cuidados devo tomar ao comprar THC online?<\/h3><p>Garanta a conformidade legal, pratique o uso respons\u00e1vel e priorize sua seguran\u00e7a e privacidade.<\/p><h3>Existem restri\u00e7\u00f5es de idade para comprar THC online na Europa?<\/h3><p>Sim, a maioria dos pa\u00edses europeus tem restri\u00e7\u00f5es de idade para a compra online de produtos de THC. Verifique a idade legal em sua jurisdi\u00e7\u00e3o.<\/p><p>Concluindo, comprar THC online na Europa pode ser uma forma conveniente de aceder a esta subst\u00e2ncia, mas acarreta responsabilidades e riscos potenciais. Ao compreender o cen\u00e1rio jur\u00eddico, escolher fontes confi\u00e1veis e praticar o uso respons\u00e1vel, voc\u00ea poder\u00e1 ter uma experi\u00eancia segura e positiva. Lembre-se de manter-se informado e tomar decis\u00f5es informadas ao considerar a compra de produtos THC.<\/p>\t\t\t\t\t\t\t\t<\/div>\n\t\t\t\t<\/div>\n\t\t\t\t\t<\/div>\n\t\t<\/div>\n\t\t\t\t\t<\/div>\n\t\t<\/section>\n\t\t\t\t<section class=\"elementor-section elementor-top-section elementor-element elementor-element-7c47ad4 elementor-section-boxed elementor-section-height-default elementor-section-height-default\" data-id=\"7c47ad4\" data-element_type=\"section\">\n\t\t\t\t\t\t<div class=\"elementor-container elementor-column-gap-default\">\n\t\t\t\t\t<div class=\"elementor-column elementor-col-100 elementor-top-column elementor-element elementor-element-43a8064\" data-id=\"43a8064\" data-element_type=\"column\">\n\t\t\t<div class=\"elementor-widget-wrap elementor-element-populated\">\n\t\t\t\t\t\t<div class=\"elementor-element elementor-element-e7ea031 elementor-widget elementor-widget-heading\" data-id=\"e7ea031\" data-element_type=\"widget\" data-widget_type=\"heading.default\">\n\t\t\t\t<div class=\"elementor-widget-container\">\n\t\t\t\t\t<h2 class=\"elementor-heading-title elementor-size-default\">Consulte Mais informa\u00e7\u00e3o<\/h2>\t\t\t\t<\/div>\n\t\t\t\t<\/div>\n\t\t\t\t<div class=\"elementor-element elementor-element-a0b7e80 elementor-icon-list--layout-traditional elementor-list-item-link-full_width elementor-widget elementor-widget-icon-list\" data-id=\"a0b7e80\" data-element_type=\"widget\" data-widget_type=\"icon-list.default\">\n\t\t\t\t<div class=\"elementor-widget-container\">\n\t\t\t\t\t\t\t<ul class=\"elementor-icon-list-items\">\n\t\t\t\t\t\t\t<li class=\"elementor-icon-list-item\">\n\t\t\t\t\t\t\t\t\t\t\t<a href=\"https:\/\/thczenvapes.com\/pt\/os-cartuchos-de-vape-thc-sao-ruins-para-voce\/\">\n\n\t\t\t\t\t\t\t\t\t\t\t\t<span class=\"elementor-icon-list-icon\">\n\t\t\t\t\t\t\t<i aria-hidden=\"true\" class=\"far fa-dizzy\"><\/i>\t\t\t\t\t\t<\/span>\n\t\t\t\t\t\t\t\t\t\t<span class=\"elementor-icon-list-text\">Os carrinhos THC Vape s\u00e3o realmente ruins para voc\u00ea<\/span>\n\t\t\t\t\t\t\t\t\t\t\t<\/a>\n\t\t\t\t\t\t\t\t\t<\/li>\n\t\t\t\t\t\t<\/ul>\n\t\t\t\t\t\t<\/div>\n\t\t\t\t<\/div>\n\t\t\t\t\t<\/div>\n\t\t<\/div>\n\t\t\t\t\t<\/div>\n\t\t<\/section>\n\t\t\t\t<\/div>","protected":false},"excerpt":{"rendered":"<p>No mundo em r\u00e1pida evolu\u00e7\u00e3o de hoje, a acessibilidade de v\u00e1rios produtos e servi\u00e7os por meio de plataformas online se tornou comum. Um desses produtos que atraiu aten\u00e7\u00e3o significativa<span class=\"excerpt-hellip\"> [\u2026]<\/span><\/p>","protected":false},"author":1,"featured_media":0,"parent":0,"menu_order":0,"comment_status":"closed","ping_status":"closed","template":"","meta":{"footnotes":""},"class_list":["post-138","page","type-page","status-publish","hentry"],"jetpack_sharing_enabled":true,"_links":{"self":[{"href":"https:\/\/thczenvapes.com\/pt\/wp-json\/wp\/v2\/pages\/138","targetHints":{"allow":["GET"]}}],"collection":[{"href":"https:\/\/thczenvapes.com\/pt\/wp-json\/wp\/v2\/pages"}],"about":[{"href":"https:\/\/thczenvapes.com\/pt\/wp-json\/wp\/v2\/types\/page"}],"author":[{"embeddable":true,"href":"https:\/\/thczenvapes.com\/pt\/wp-json\/wp\/v2\/users\/1"}],"replies":[{"embeddable":true,"href":"https:\/\/thczenvapes.com\/pt\/wp-json\/wp\/v2\/comments?post=138"}],"version-history":[{"count":5,"href":"https:\/\/thczenvapes.com\/pt\/wp-json\/wp\/v2\/pages\/138\/revisions"}],"predecessor-version":[{"id":664,"href":"https:\/\/thczenvapes.com\/pt\/wp-json\/wp\/v2\/pages\/138\/revisions\/664"}],"wp:attachment":[{"href":"https:\/\/thczenvapes.com\/pt\/wp-json\/wp\/v2\/media?parent=138"}],"curies":[{"name":"wp","href":"https:\/\/api.w.org\/{rel}","templated":true}]}}