{"id":320,"date":"2023-11-02T09:47:55","date_gmt":"2023-11-02T09:47:55","guid":{"rendered":"https:\/\/thczenvapes.com\/?page_id=320"},"modified":"2023-11-02T10:14:50","modified_gmt":"2023-11-02T10:14:50","slug":"buy-online-thc-vapes-with-ease-in-belgium-easy-guide-how-to-purchase-thc-zen-vape-in-belgium","status":"publish","type":"page","link":"https:\/\/thczenvapes.com\/it\/acquistalo-online\/acquista-online-thc-vapes-con-facilita-in-belgio-guida-facile-come-acquistare-thc-zen-vape-in-belgio\/","title":{"rendered":"Acquista vaporizzatori THC online con facilit\u00e0 in Belgio: guida semplice su come acquistare vaporizzatori THC Zen in Belgio"},"content":{"rendered":"<p>Il nostro obiettivo \u00e8 semplificare il processo di acquisto di vaporizzatori di THC in Belgio. Che tu sia nuovo allo svapo di THC o un appassionato esperto, la nostra piattaforma \u00e8 qui per soddisfare le tue esigenze. Esplora la nostra selezione, acquista vaporizzatori di THC in Belgio in tutta sicurezza e migliora la tua esperienza con il THC con THC Zen Vapes.<\/p>\n<style>\/*! elementor - v3.15.0 - 02-08-2023 *\/\n.elementor-heading-title{padding:0;margin:0;line-height:1}.elementor-widget-heading .elementor-heading-title[class*=elementor-size-]>a{color:inherit;font-size:inherit;line-height:inherit}.elementor-widget-heading .elementor-heading-title.elementor-size-small{font-size:15px}.elementor-widget-heading .elementor-heading-title.elementor-size-medium{font-size:19px}.elementor-widget-heading .elementor-heading-title.elementor-size-large{font-size:29px}.elementor-widget-heading .elementor-heading-title.elementor-size-xl{font-size:39px}.elementor-widget-heading .elementor-heading-title.elementor-size-xxl{font-size:59px}<\/style>\n<h3>Introduzione per l&#039;acquisto di THC Zen Vapes in Belgio:<\/h3>\n<p>Benvenuto su THC Zen Vapes Belgium, il tuo <strong>fidato<\/strong> destinazione per senza soluzione di continuit\u00e0 <strong>Svapo del THC<\/strong> acquisti. La nostra missione \u00e8 fornire una selezione diversificata di <strong>THC di prima qualit\u00e0<\/strong> prodotti di svapo, garantendo un&#039;esperienza senza problemi mentre esplori il mondo del THC. La nostra facilit\u00e0 d&#039;uso <a href=\"https:\/\/thczenvapes.com\/it\/shop\/\">negozio online<\/a> \u00e8 stato progettato pensando alla tua comodit\u00e0, offrendo descrizioni dettagliate dei prodotti e immagini ad alta risoluzione per aiutarti a fare scelte informate.<\/p>\n<h3>Esperienza di acquisto con THC Zen Vapes: <\/h3>\n<p>Noi di THC Zen Vapes Belgium siamo orgogliosi di offrire un&#039;esperienza di acquisto straordinaria. Nostro <strong><a href=\"https:\/\/thczenvapes.com\/it\/shop\/\">negozio online<\/a><\/strong> \u00e8 progettato con cura per una facile navigazione, permettendoti di esplorare e selezionare prodotti che si allineano alle tue preferenze senza sforzo.<\/p>\n<link rel=\"stylesheet\" href=\"https:\/\/thczenvapes.com\/wp-content\/plugins\/elementor-pro\/assets\/css\/widget-call-to-action.min.css\">\n<h2>Acquista VAPORI ZEN THC Premium<\/h2>\n<p>\t\t\t\t\t\tAssicurati il tuo acquisto di vaporizzatori Zen THC dal Belgio<br \/>\n\t\t\t\t\t<a href=\"https:\/\/thczenvapes.com\/it\/shop\/\"><br \/>\n\t\t\t\t\t\tAcquista ora\t\t\t\t\t<\/a><\/p>\n<h3>Naviga nel negozio:<\/h3>\n<p>Navigando nel nostro <a href=\"https:\/\/thczenvapes.com\/it\/shop\/\">negozio<\/a> \u00e8 semplice. Puoi cercare prodotti specifici o sfogliare le categorie per trovare quello perfetto<strong> Svapo del THC<\/strong> per le tue esigenze Con una soluzione senza soluzione di continuit\u00e0 e <a href=\"https:\/\/thczenvapes.com\/it\/una-guida-passo-passo-per-i-pagamenti-delle-fatture-sul-negozio-zen-vapes\/\"><strong>pagamento sicuro<\/strong><\/a> processo, riceverai rapidamente i prodotti desiderati.<\/p>\n<h3>Acquista online in Belgio:<\/h3>\n<p>Acquisto <a href=\"https:\/\/thczenvapes.com\/it\/shop\/\">THC vaporizza online<\/a> in Belgio non \u00e8 mai stato cos\u00ec conveniente. Offriamo rapido e <a href=\"https:\/\/thczenvapes.com\/it\/spedizioni-e-pagamenti-garantendo-efficienza-e-sicurezza-presso-thc-zen-vapes\/\"><strong>spedizione discreta<\/strong><\/a> in tutto il paese, garantendo il tuo <strong>privacy e sicurezza<\/strong> durante tutto il processo.<\/p>\n<h3>Gamma di prodotti:<\/h3>\n<p>Esplora la nostra vasta selezione di prodotti per lo svapo di THC, da <a href=\"https:\/\/thczenvapes.com\/it\/shop\/\"><strong>vaporizzatore premium<\/strong><\/a> penne a una variet\u00e0 di e-liquid infusi con THC. Acquistiamo i nostri prodotti da produttori rinomati <strong>garantire la qualit\u00e0<\/strong> e potenza. Che tu sia un esperto appassionato di THC o un esploratore alle prime armi, soddisfiamo tutte le preferenze.<\/p>\n<h3>Sicurezza e privacy acquistando THC Zen in Belgio:<\/h3>\n<p>A THC Zen Vapes Belgium, il tuo <a href=\"https:\/\/thczenvapes.com\/it\/politica-sulla-riservatezza\/\"><strong>sicurezza e privacy<\/strong><\/a> sono le nostre massime priorit\u00e0. Adottiamo tutte le misure necessarie per proteggere le tue informazioni personali e garantire <a href=\"https:\/\/thczenvapes.com\/it\/spedizioni-e-pagamenti-garantendo-efficienza-e-sicurezza-presso-thc-zen-vapes\/\"><strong>consegne discrete degli ordini<\/strong><\/a>. Tutti i nostri prodotti sono sottoposti a test di laboratorio approfonditi per soddisfare gli standard pi\u00f9 elevati <strong>qualit\u00e0 e sicurezza<\/strong>, garantendoti tranquillit\u00e0 ad ogni acquisto.<\/p>\n<h3>Ordina il tuo THC Zen Vape in modo facile e sicuro dal Belgio:<br \/>Acquista in modo sicuro e veloce<\/h3>\n<h3>Domande frequenti (FAQ):<\/h3>\n<ul>\n<li><strong>\u00c8 legale acquistare vaporizzatori di THC in Belgio?<\/strong> Lo status giuridico dei vaporizzatori di THC in Belgio pu\u00f2 essere complesso. \u00c8 importante capire che il THC \u00e8 una sostanza controllata e che l&#039;uso e il possesso di prodotti da svapo a base di THC sono generalmente soggetti a normative rigorose. Ti consigliamo di familiarizzare con le leggi e i regolamenti della tua zona per garantirne la conformit\u00e0.<\/li>\n<li><strong>Quali metodi di pagamento accettate?<\/strong> Offriamo una variet\u00e0 di metodi di pagamento per la tua comodit\u00e0, tra cui carte di credito\/debito, bonifici bancari e criptovaluta.<\/li>\n<li><strong>Offrite spedizioni internazionali verso altri paesi europei? <\/strong>S\u00ec, forniamo spedizioni internazionali in paesi europei selezionati. Si prega di fare riferimento alle nostre informazioni di spedizione per l&#039;elenco di <a href=\"https:\/\/thczenvapes.com\/it\/paesi-in-cui-spediamo\/\"><strong>destinazioni supportate<\/strong><\/a>.<\/li>\n<li><strong>Come posso contattare il vostro team di assistenza clienti se ho domande o dubbi? <\/strong>Puoi contattare il nostro team di assistenza clienti tramite e-mail, telefono o la funzione di chat dal vivo del nostro sito Web. Siamo qui per assistervi con qualsiasi richiesta o dubbio.<\/li>\n<li><strong>Sono previsti sconti o promozioni per i clienti abituali? <\/strong>S\u00ec, offriamo regolarmente promozioni speciali e sconti ai nostri clienti fedeli. Rimani aggiornato sulle nostre ultime offerte iscrivendoti alla nostra newsletter e seguendoci sui social media.<\/li>\n<\/ul>\n<style>\/*! elementor - v3.15.0 - 02-08-2023 *\/\n.elementor-widget-image{text-align:center}.elementor-widget-image a{display:inline-block}.elementor-widget-image a img[src$=\".svg\"]{width:48px}.elementor-widget-image img{vertical-align:middle;display:inline-block}<\/style>\n<p>\t\t\t\t\t\t\t\t\t\t\t\t<img loading=\"lazy\" decoding=\"async\" width=\"150\" height=\"150\" src=\"https:\/\/thczenvapes.com\/wp-content\/uploads\/2023\/09\/logo_only_512-150x150.png\" alt=\"i vapori\" srcset=\"https:\/\/thczenvapes.com\/wp-content\/uploads\/2023\/09\/logo_only_512-150x150.png 150w, https:\/\/thczenvapes.com\/wp-content\/uploads\/2023\/09\/logo_only_512-300x300.png 300w, https:\/\/thczenvapes.com\/wp-content\/uploads\/2023\/09\/logo_only_512-500x500.png 500w, https:\/\/thczenvapes.com\/wp-content\/uploads\/2023\/09\/logo_only_512-75x75.png 75w, https:\/\/thczenvapes.com\/wp-content\/uploads\/2023\/09\/logo_only_512-480x480.png 480w, https:\/\/thczenvapes.com\/wp-content\/uploads\/2023\/09\/logo_only_512.png 512w\" sizes=\"auto, (max-width:767px) 150px, 150px\" title=\"i vapori\"><\/p>","protected":false},"excerpt":{"rendered":"<p>Il nostro obiettivo \u00e8 rendere il processo di acquisto di THC vape in Belgio semplice. Che tu sia un novizio dello svapo di THC o un appassionato esperto, la nostra piattaforma<span class=\"excerpt-hellip\"> [\u2026]<\/span><\/p>","protected":false},"author":1,"featured_media":0,"parent":138,"menu_order":0,"comment_status":"closed","ping_status":"closed","template":"","meta":{"footnotes":""},"class_list":["post-320","page","type-page","status-publish","hentry"],"jetpack_sharing_enabled":true,"_links":{"self":[{"href":"https:\/\/thczenvapes.com\/it\/wp-json\/wp\/v2\/pages\/320","targetHints":{"allow":["GET"]}}],"collection":[{"href":"https:\/\/thczenvapes.com\/it\/wp-json\/wp\/v2\/pages"}],"about":[{"href":"https:\/\/thczenvapes.com\/it\/wp-json\/wp\/v2\/types\/page"}],"author":[{"embeddable":true,"href":"https:\/\/thczenvapes.com\/it\/wp-json\/wp\/v2\/users\/1"}],"replies":[{"embeddable":true,"href":"https:\/\/thczenvapes.com\/it\/wp-json\/wp\/v2\/comments?post=320"}],"version-history":[{"count":5,"href":"https:\/\/thczenvapes.com\/it\/wp-json\/wp\/v2\/pages\/320\/revisions"}],"predecessor-version":[{"id":325,"href":"https:\/\/thczenvapes.com\/it\/wp-json\/wp\/v2\/pages\/320\/revisions\/325"}],"up":[{"embeddable":true,"href":"https:\/\/thczenvapes.com\/it\/wp-json\/wp\/v2\/pages\/138"}],"wp:attachment":[{"href":"https:\/\/thczenvapes.com\/it\/wp-json\/wp\/v2\/media?parent=320"}],"curies":[{"name":"wp","href":"https:\/\/api.w.org\/{rel}","templated":true}]}}