{"id":240,"date":"2023-09-30T21:24:27","date_gmt":"2023-09-30T21:24:27","guid":{"rendered":"https:\/\/thczenvapes.com\/?page_id=240"},"modified":"2023-09-30T21:24:28","modified_gmt":"2023-09-30T21:24:28","slug":"overcoming-clogged-vapes-a-comprehensive-guide-by-thc-zen-vapes","status":"publish","type":"page","link":"https:\/\/thczenvapes.com\/it\/superare-i-vapori-intasati-una-guida-completa-di-thc-zen-vapes\/","title":{"rendered":"Come superare i vaporizzatori intasati: una guida completa di THC Zen Vapes"},"content":{"rendered":"<p>L&#039;esperienza di un vaporizzatore intasato \u00e8 un problema comune e tende a verificarsi pi\u00f9 frequentemente durante i mesi pi\u00f9 freddi. Sebbene misure preventive come riporre la penna in posizione verticale possano essere utili, a volte possono comunque verificarsi intasamenti.<\/p>\n\n\n\n<p>Tuttavia, ci sono buone notizie: risolvere un intasamento \u00e8 semplice e diretto. Dato che i componenti del vaporizzatore sono spessi e aderiscono tra loro a temperature pi\u00f9 basse, l&#039;applicazione di un po&#039; di calore pu\u00f2 liquefarli, rendendo semplice il processo di pulizia. Ci\u00f2 pu\u00f2 essere ottenuto soffiando nel vaporizzatore o riscaldandolo alcune volte per dissolvere le sostanze che ostruiscono i passaggi dell&#039;aria.<\/p>\n\n\n\n<h3 class=\"wp-block-heading\">Passaggi per sbloccare i tuoi vaporizzatori Zen THC:<\/h3>\n\n\n\n<p><strong>1. Pulisci accuratamente il tuo vaporizzatore:<\/strong> Utilizza uno strumento sottile e allungato come una graffetta o uno stuzzicadenti per sondare delicatamente il boccaglio. Spazzare con cura lo strumento da un lato all&#039;altro per pulire le parti interne del bocchino, eliminando cos\u00ec l&#039;olio in eccesso. Questo metodo deve essere eseguito con cautela e pu\u00f2 fornire una soluzione rapida ai blocchi.<\/p>\n\n\n\n<p><strong>2. Riscaldalo:<\/strong> Considera l&#039;utilizzo di un asciugacapelli per riscaldare la penna per diversi secondi mantenendola in posizione verticale per facilitare il flusso dell&#039;olio fuori dai canali dell&#039;aria. Se un asciugacapelli non \u00e8 a portata di mano, posiziona il vaporizzatore a penna in un sacchetto di plastica sigillato e immergilo in acqua tiepida, assicurandoti che l&#039;acqua non penetri nel sacchetto o venga a contatto con la penna.<\/p>\n\n\n\n<p><strong>3. Tirate d&#039;aria delicate:<\/strong> In caso di intasamento, aspirare delicatamente aria. Potresti percepire che l&#039;ostruzione si sposta attraverso il canale dell&#039;aria, risolvendo il problema. Astenersi da tiri intensi per evitare che ulteriore olio entri nelle vie aeree. Anche soffiare direttamente nella base della porta USB-C pu\u00f2 essere efficace per risolvere il blocco.<\/p>\n\n\n\n<h3 class=\"wp-block-heading\">Suggerimenti per prevenire gli intasamenti:<\/h3>\n\n\n\n<p>\u2022 <strong>Conservazione corretta:<\/strong> Dopo l&#039;uso, assicurarsi che la penna sia conservata in posizione verticale finch\u00e9 l&#039;olio non riacquista la sua densit\u00e0.<\/p>\n\n\n\n<p>\u2022 <strong>Manutenzione della batteria:<\/strong> Assicurati che la batteria sia sempre completamente carica.<\/p>\n\n\n\n<p>\u2022 <strong>Precauzioni per la conservazione:<\/strong> Evita di mettere il vaporizzatore in tasca.<\/p>\n\n\n\n<p>\u2022 <strong>Esposizione alla luce solare:<\/strong> Ridurre al minimo l&#039;esposizione alla luce solare diretta, in particolare per periodi prolungati.<\/p>\n\n\n\n<p>\u2022 <strong>Controllo della temperatura:<\/strong> Evita di lasciare il vaporizzatore in macchina per evitare variazioni di temperatura e considera di conservarlo in un luogo caldo, poich\u00e9 le condizioni fredde possono far addensare e cristallizzare il liquido del vaporizzatore.<\/p>\n\n\n\n<p>\u2022 <strong>Utilizzo regolare:<\/strong> Impegnati in un uso frequente del tuo vaporizzatore. Gli zoccoli sono spesso il risultato dell&#039;inattivit\u00e0; un colpo veloce un paio di volte alla settimana pu\u00f2 mantenere un passaggio libero.<\/p>\n\n\n\n<p>Siamo immensamente grati per il vostro costante supporto e vi incoraggiamo a godere appieno della nostra gamma di prodotti. Ogni boccata \u00e8 progettata per offrire un&#039;esperienza senza precedenti di qualit\u00e0, sapore e soddisfazione.<\/p>\n\n\n\n<p>Cordiali saluti,<br>Il tuo team THC Zen Vapes!<\/p>","protected":false},"excerpt":{"rendered":"<p>L&#039;esperienza di un vaporizzatore intasato \u00e8 un problema comune e tende a verificarsi pi\u00f9 frequentemente durante i mesi pi\u00f9 freddi. Sebbene siano adottate misure preventive come conservare la penna<span class=\"excerpt-hellip\"> [\u2026]<\/span><\/p>","protected":false},"author":1,"featured_media":0,"parent":0,"menu_order":0,"comment_status":"closed","ping_status":"closed","template":"","meta":{"footnotes":""},"class_list":["post-240","page","type-page","status-publish","hentry"],"jetpack_sharing_enabled":true,"_links":{"self":[{"href":"https:\/\/thczenvapes.com\/it\/wp-json\/wp\/v2\/pages\/240","targetHints":{"allow":["GET"]}}],"collection":[{"href":"https:\/\/thczenvapes.com\/it\/wp-json\/wp\/v2\/pages"}],"about":[{"href":"https:\/\/thczenvapes.com\/it\/wp-json\/wp\/v2\/types\/page"}],"author":[{"embeddable":true,"href":"https:\/\/thczenvapes.com\/it\/wp-json\/wp\/v2\/users\/1"}],"replies":[{"embeddable":true,"href":"https:\/\/thczenvapes.com\/it\/wp-json\/wp\/v2\/comments?post=240"}],"version-history":[{"count":1,"href":"https:\/\/thczenvapes.com\/it\/wp-json\/wp\/v2\/pages\/240\/revisions"}],"predecessor-version":[{"id":241,"href":"https:\/\/thczenvapes.com\/it\/wp-json\/wp\/v2\/pages\/240\/revisions\/241"}],"wp:attachment":[{"href":"https:\/\/thczenvapes.com\/it\/wp-json\/wp\/v2\/media?parent=240"}],"curies":[{"name":"wp","href":"https:\/\/api.w.org\/{rel}","templated":true}]}}