{"id":237,"date":"2023-09-30T21:22:21","date_gmt":"2023-09-30T21:22:21","guid":{"rendered":"https:\/\/thczenvapes.com\/?page_id=237"},"modified":"2023-09-30T21:22:23","modified_gmt":"2023-09-30T21:22:23","slug":"countries-we-ship-to","status":"publish","type":"page","link":"https:\/\/thczenvapes.com\/it\/paesi-in-cui-spediamo\/","title":{"rendered":"Paesi in cui spediamo"},"content":{"rendered":"<p>Noi di Zen THC Vapes siamo orgogliosi della nostra capacit\u00e0 di servire un ampio spettro di clienti provenienti da vari angoli d&#039;Europa. Siamo rinomati per i nostri prodotti di alta qualit\u00e0, un servizio clienti eccezionale e sistemi di consegna tempestivi. La nostra portata si estende oltre confine, garantendo che i nostri stimati clienti ricevano direttamente i loro vaporizzatori THC preferiti, indipendentemente dalla loro ubicazione all&#039;interno delle regioni che copriamo. Di seguito \u00e8 riportato un approfondimento sui paesi che rientrano nel nostro radar di spedizione.<\/p>\n\n\n\n<h3 class=\"wp-block-heading\">La nostra portata in tutta Europa<\/h3>\n\n\n\n<p><strong>Germania<\/strong> \u2013 Una terra conosciuta per la sua ricca storia e i progressi tecnologici, garantiamo che i nostri clienti tedeschi godano di un accesso senza interruzioni ai nostri prodotti di alto livello.<\/p>\n\n\n\n<p><strong>Italia<\/strong> \u2013 Dalle meraviglie architettoniche di Roma ai sereni canali di Venezia, la nostra clientela italiana gode di una consegna ininterrotta di Zen THC Vapes.<\/p>\n\n\n\n<p><strong>Portogallo<\/strong> \u2013 Che si tratti dei centri storici di Porto o degli splendidi paesaggi di Lisbona, i nostri clienti in Portogallo non sono mai troppo lontani per godere dei nostri impeccabili servizi di consegna.<\/p>\n\n\n\n<p><strong>Spagna<\/strong> \u2013 Colorato e diversificato come il paese stesso, offriamo una gamma di vaporizzatori al THC per soddisfare i gusti eclettici dei nostri clienti spagnoli.<\/p>\n\n\n\n<p><strong>Francia<\/strong> \u2013 Nell\u2019atmosfera romantica di Parigi e non solo, gli intenditori francesi di cannabis potranno facilmente mettere le mani sul nostro assortimento di prodotti.<\/p>\n\n\n\n<p><strong>Belgio<\/strong> \u2013 Conosciuto per le sue citt\u00e0 medievali e l\u2019architettura rinascimentale, il Belgio \u00e8 anche sede di una popolazione che gode di libero accesso ai vaporizzatori Zen THC.<\/p>\n\n\n\n<h3 class=\"wp-block-heading\">Immergersi in diversi dati demografici<\/h3>\n\n\n\n<p><strong>Svizzera<\/strong> E <strong>Slovenia<\/strong> \u2013 Tra paesaggi sereni e una vita sofisticata, ci assicuriamo che la popolazione possa godere di una gamma assortita dei nostri vaporizzatori THC.<\/p>\n\n\n\n<p><strong>Estonia, Slovacchia, Repubblica Ceca e Polonia<\/strong> \u2013 In questi gioielli architettonici d&#039;Europa, abbiamo creato una rete che garantisce consegne puntuali ed efficienti.<\/p>\n\n\n\n<p><strong>Ungheria<\/strong> E <strong>Regno Unito (Regno Unito)<\/strong> \u2013 I nostri stimati clienti sia nelle citt\u00e0 storiche che nelle metropoli moderne ricevono i loro ordini con velocit\u00e0 e precisione.<\/p>\n\n\n\n<h3 class=\"wp-block-heading\">Siamo a portata di clic<\/h3>\n\n\n\n<p><strong>Austria, Bulgaria, Croazia, Cipro, Danimarca, Finlandia, Grecia, Irlanda, Lettonia, Lituania, Lussemburgo, Malta, Paesi Bassi, Romania, Svezia<\/strong> \u2013 La nostra impronta si estende in modo solido, garantendo che ogni Paese, con la sua cultura e il suo patrimonio unici, sia nel circuito della nostra efficiente rete di consegna.<\/p>\n\n\n\n<h3 class=\"wp-block-heading\">Conclusione<\/h3>\n\n\n\n<p>Presso Zen THC Vapes, il mondo \u00e8 la nostra ostrica e l&#039;Europa \u00e8 il nostro prezioso gioiello. Le nostre diffuse capacit\u00e0 di spedizione sono progettate per garantire che nessun cliente venga lasciato indietro e che ogni individuo, indipendentemente da dove si trovi, possa godere della qualit\u00e0 impeccabile e della variet\u00e0 senza rivali dei nostri vaporizzatori THC.<\/p>\n\n\n\n<p>Ogni ordine viene gestito con la massima precisione, garantendo consegne puntuali e prodotti che ti arrivano in ottime condizioni, preservando la qualit\u00e0 e l&#039;integrit\u00e0 per cui Zen THC Vapes \u00e8 rinomata.<\/p>\n\n\n\n<p>Il nostro impegno a superare i confini \u00e8 costante e, mentre continuiamo ad espandere i nostri orizzonti, la nostra dedizione al servizio e alla qualit\u00e0 impeccabili rimane pi\u00f9 salda che mai. Con Zen THC Vapes, non sei solo un cliente; sei un membro stimato di una famiglia globale in cui qualit\u00e0, diversit\u00e0 e servizio impeccabile sono i pilastri della tua esperienza.<\/p>","protected":false},"excerpt":{"rendered":"<p>Noi di Zen THC Vapes siamo orgogliosi della nostra capacit\u00e0 di servire un ampio spettro di clienti da vari angoli d&#039;Europa. Siamo rinomati per<span class=\"excerpt-hellip\"> [\u2026]<\/span><\/p>","protected":false},"author":1,"featured_media":0,"parent":0,"menu_order":0,"comment_status":"closed","ping_status":"closed","template":"","meta":{"footnotes":""},"class_list":["post-237","page","type-page","status-publish","hentry"],"jetpack_sharing_enabled":true,"_links":{"self":[{"href":"https:\/\/thczenvapes.com\/it\/wp-json\/wp\/v2\/pages\/237","targetHints":{"allow":["GET"]}}],"collection":[{"href":"https:\/\/thczenvapes.com\/it\/wp-json\/wp\/v2\/pages"}],"about":[{"href":"https:\/\/thczenvapes.com\/it\/wp-json\/wp\/v2\/types\/page"}],"author":[{"embeddable":true,"href":"https:\/\/thczenvapes.com\/it\/wp-json\/wp\/v2\/users\/1"}],"replies":[{"embeddable":true,"href":"https:\/\/thczenvapes.com\/it\/wp-json\/wp\/v2\/comments?post=237"}],"version-history":[{"count":1,"href":"https:\/\/thczenvapes.com\/it\/wp-json\/wp\/v2\/pages\/237\/revisions"}],"predecessor-version":[{"id":238,"href":"https:\/\/thczenvapes.com\/it\/wp-json\/wp\/v2\/pages\/237\/revisions\/238"}],"wp:attachment":[{"href":"https:\/\/thczenvapes.com\/it\/wp-json\/wp\/v2\/media?parent=237"}],"curies":[{"name":"wp","href":"https:\/\/api.w.org\/{rel}","templated":true}]}}