{"id":138,"date":"2023-09-30T18:54:08","date_gmt":"2023-09-30T18:54:08","guid":{"rendered":"https:\/\/thczenvapes.com\/?page_id=138"},"modified":"2024-05-23T21:00:08","modified_gmt":"2024-05-23T21:00:08","slug":"buy-thc-online","status":"publish","type":"page","link":"https:\/\/thczenvapes.com\/it\/acquistalo-online\/","title":{"rendered":"Acquista THC online in Europa: una guida completa"},"content":{"rendered":"<div data-elementor-type=\"wp-page\" data-elementor-id=\"138\" class=\"elementor elementor-138\">\n\t\t\t\t\t\t<section class=\"elementor-section elementor-top-section elementor-element elementor-element-a3e41b8 elementor-section-boxed elementor-section-height-default elementor-section-height-default\" data-id=\"a3e41b8\" data-element_type=\"section\">\n\t\t\t\t\t\t<div class=\"elementor-container elementor-column-gap-default\">\n\t\t\t\t\t<div class=\"elementor-column elementor-col-100 elementor-top-column elementor-element elementor-element-ae1d111\" data-id=\"ae1d111\" data-element_type=\"column\">\n\t\t\t<div class=\"elementor-widget-wrap elementor-element-populated\">\n\t\t\t\t\t\t<div class=\"elementor-element elementor-element-61685ed elementor-widget elementor-widget-text-editor\" data-id=\"61685ed\" data-element_type=\"widget\" data-widget_type=\"text-editor.default\">\n\t\t\t\t<div class=\"elementor-widget-container\">\n\t\t\t\t\t\t\t\t\t<p>Nel mondo di oggi in rapida evoluzione, l&#039;accessibilit\u00e0 di vari prodotti e servizi attraverso piattaforme online \u00e8 diventata un luogo comune. Uno di questi prodotti che ha attirato molta attenzione \u00e8 il THC, il composto psicoattivo presente nella cannabis. Le persone in tutta Europa sono sempre pi\u00f9 curiose di sapere come acquistare THC online, visti i potenziali benefici e l\u2019uso ricreativo ad esso associato. In questa guida completa, approfondiremo i vari aspetti dell&#039;acquisto di THC online in Europa, assicurandoti di avere tutte le informazioni necessarie per prendere decisioni informate.<\/p>\t\t\t\t\t\t\t\t<\/div>\n\t\t\t\t<\/div>\n\t\t\t\t<div class=\"elementor-element elementor-element-801fbc1 elementor-widget elementor-widget-text-editor\" data-id=\"801fbc1\" data-element_type=\"widget\" data-widget_type=\"text-editor.default\">\n\t\t\t\t<div class=\"elementor-widget-container\">\n\t\t\t\t\t\t\t\t\t<h2>Sommario<\/h2><ol><li><p><strong>Capire il THC<\/strong><\/p><ul><li>Cos&#039;\u00e8 il THC?<\/li><li>Lo status giuridico del THC in Europa<\/li><\/ul><\/li><li><p><strong>Vantaggi dell&#039;uso del THC<\/strong><\/p><ul><li>Applicazioni mediche<\/li><li>Uso ricreativo<\/li><\/ul><\/li><li><p><strong>Sfide e rischi<\/strong><\/p><ul><li>Preoccupazioni legali<\/li><li>Problemi di qualit\u00e0 e sicurezza<\/li><\/ul><\/li><li><p><strong>Come acquistare THC online<\/strong><\/p><ul><li>Ricerca di fonti attendibili<\/li><li>Garantire la conformit\u00e0 legale<\/li><\/ul><\/li><li><p><strong>Selezionare il giusto prodotto THC<\/strong><\/p><ul><li>Diversi tipi di prodotti THC<\/li><li>Metodi di dosaggio e consumo<\/li><\/ul><\/li><li><p><strong>Pagamento e consegna<\/strong><\/p><ul><li>Opzioni di pagamento<\/li><li>Spedizione discreta e sicura<\/li><\/ul><\/li><li><p><strong>Misure di sicurezza<\/strong><\/p><ul><li>Utilizzo responsabile<\/li><li>Rimanere informati sulle leggi locali<\/li><\/ul><\/li><li><p><strong>Recensioni e raccomandazioni dei clienti<\/strong><\/p><ul><li>Trovare feedback affidabili<\/li><li>Suggerimenti per un&#039;esperienza d&#039;acquisto positiva<\/li><\/ul><\/li><li><p><strong>Domande frequenti sull&#039;acquisto di THC online in Europa<\/strong><\/p><ul><li>\u00c8 legale acquistare THC online in Europa?<\/li><li>Quali sono i potenziali benefici per la salute del THC?<\/li><li>Come posso garantire la qualit\u00e0 del prodotto THC?<\/li><li>Quali precauzioni dovrei prendere quando acquisto THC online?<\/li><li>Esistono limiti di et\u00e0 per l\u2019acquisto di THC online in Europa?<\/li><\/ul><\/li><\/ol>\t\t\t\t\t\t\t\t<\/div>\n\t\t\t\t<\/div>\n\t\t\t\t<section class=\"elementor-section elementor-inner-section elementor-element elementor-element-0e4c109 elementor-section-boxed elementor-section-height-default elementor-section-height-default\" data-id=\"0e4c109\" data-element_type=\"section\">\n\t\t\t\t\t\t<div class=\"elementor-container elementor-column-gap-default\">\n\t\t\t\t\t<div class=\"elementor-column elementor-col-50 elementor-inner-column elementor-element elementor-element-af163df\" data-id=\"af163df\" data-element_type=\"column\">\n\t\t\t<div class=\"elementor-widget-wrap elementor-element-populated\">\n\t\t\t\t\t\t<div class=\"elementor-element elementor-element-edd4eb1 elementor-widget elementor-widget-image\" data-id=\"edd4eb1\" data-element_type=\"widget\" data-widget_type=\"image.default\">\n\t\t\t\t<div class=\"elementor-widget-container\">\n\t\t\t\t\t\t\t\t\t\t\t\t\t\t\t<img fetchpriority=\"high\" decoding=\"async\" width=\"322\" height=\"157\" src=\"https:\/\/thczenvapes.com\/wp-content\/uploads\/2023\/09\/1.jpeg\" class=\"attachment-medium_large size-medium_large wp-image-149\" alt=\"Acquista THC online in Europa\" srcset=\"https:\/\/thczenvapes.com\/wp-content\/uploads\/2023\/09\/1.jpeg 322w, https:\/\/thczenvapes.com\/wp-content\/uploads\/2023\/09\/1-300x146.jpeg 300w, https:\/\/thczenvapes.com\/wp-content\/uploads\/2023\/09\/1-150x73.jpeg 150w\" sizes=\"(max-width:767px) 322px, 322px\" title=\"i vapori\">\t\t\t\t\t\t\t\t\t\t\t\t\t\t\t<\/div>\n\t\t\t\t<\/div>\n\t\t\t\t\t<\/div>\n\t\t<\/div>\n\t\t\t\t<div class=\"elementor-column elementor-col-50 elementor-inner-column elementor-element elementor-element-d5b2a71\" data-id=\"d5b2a71\" data-element_type=\"column\">\n\t\t\t<div class=\"elementor-widget-wrap\">\n\t\t\t\t\t\t\t<\/div>\n\t\t<\/div>\n\t\t\t\t\t<\/div>\n\t\t<\/section>\n\t\t\t\t<div class=\"elementor-element elementor-element-855ee30 elementor-widget elementor-widget-text-editor\" data-id=\"855ee30\" data-element_type=\"widget\" data-widget_type=\"text-editor.default\">\n\t\t\t\t<div class=\"elementor-widget-container\">\n\t\t\t\t\t\t\t\t\t<h2>Esplorare negozi di THC online affidabili<\/h2>\n<p>Quando si tratta di acquistare THC online in Europa, \u00e8 fondamentale scegliere fonti affidabili e affidabili. Due di questi stabilimenti che hanno ottenuto riconoscimenti nella comunit\u00e0 del THC sono THC Zen Vapes e Vader THC Vapes. Questi negozi online offrono una vasta gamma di prodotti THC, garantendoti l&#039;accesso a opzioni di alta qualit\u00e0 per le tue esigenze.<\/p>\n<h2>Negozio online di THC Zen Vapes<\/h2>\n<p><a href=\"https:\/\/thczenvapes.com\/it\/shop\/\" target=\"_new\"><strong>THC Zen Vapes<\/strong><\/a> \u00e8 un rispettabile dispensario online noto per il suo impegno per la qualit\u00e0 e la soddisfazione del cliente. Offrono una vasta selezione di prodotti THC, inclusi vaporizzatori, commestibili e altro ancora. Con l&#039;obiettivo di fornire prodotti sicuri e testati in laboratorio, THC Zen Vapes \u00e8 una destinazione ideale per coloro che cercano una fonte affidabile per i prodotti THC.<\/p>\n<h2>Negozio online di vaporizzatori Vader THC<\/h2>\n<p>Se stai cercando un&#039;esperienza di acquisto online eccezionale per i prodotti THC, <a href=\"https:\/\/vadercnbs.com\/thc-shop\/\" target=\"_new\" rel=\"noopener\"><strong>Vaporizzatori Vader THC<\/strong><\/a> \u00e8 un&#039;altra scelta eccellente. La loro vasta gamma di prodotti per lo svapo di THC soddisfer\u00e0 sicuramente varie preferenze. Vader THC Vapes \u00e8 orgoglioso della propria dedizione alla sicurezza e alla qualit\u00e0 dei prodotti, rendendoli un&#039;opzione affidabile per gli appassionati di THC.<\/p>\n<p><strong>Agisci ora:<\/strong> Se sei pronto per esplorare il mondo del THC e sperimentare i benefici che pu\u00f2 offrire, considera di visitarlo <a href=\"https:\/\/thczenvapes.com\/it\/shop\/\" target=\"_new\">THC Zen Vapes<\/a> E <a href=\"https:\/\/vadercnbs.com\/thc-shop\/\" target=\"_new\" rel=\"noopener\">Vaporizzatori Vader THC<\/a>. Questi rinomati negozi online forniscono un modo sicuro e conveniente per accedere a prodotti THC premium. Inizia oggi il tuo viaggio e scopri le possibilit\u00e0 che il THC ha da offrire. La tua soddisfazione e il tuo benessere sono le loro massime priorit\u00e0.<\/p>\n<p>Tieni presente che \u00e8 essenziale ricercare e rispettare le leggi e i regolamenti locali quando acquisti prodotti THC online. Godetevi in modo responsabile e fate scelte informate per garantire un&#039;esperienza positiva.<\/p>\t\t\t\t\t\t\t\t<\/div>\n\t\t\t\t<\/div>\n\t\t\t\t<div class=\"elementor-element elementor-element-57d0363 elementor-widget elementor-widget-text-editor\" data-id=\"57d0363\" data-element_type=\"widget\" data-widget_type=\"text-editor.default\">\n\t\t\t\t<div class=\"elementor-widget-container\">\n\t\t\t\t\t\t\t\t\t<h2>Acquistare THC per paesi:<\/h2><ul><li><a href=\"https:\/\/thczenvapes.com\/it\/acquistalo-online\/acquista-thc-online-in-germania-la-tua-guida-definitiva-al-negozio-di-vaporizzatori-zen\/\"><span style=\"letter-spacing: 0px;\"><u>Acquista THC Germania<\/u><\/span><\/a><\/li><li><a href=\"https:\/\/thczenvapes.com\/it\/buy-thc-online-in-italy-with-confidence-at-thc-zen-shop\/\"><span style=\"letter-spacing: 0px;\"><u>Acquista THC Italia<\/u><\/span><\/a><\/li><li><span style=\"text-decoration: underline;\"><a href=\"https:\/\/thczenvapes.com\/it\/buy-thc-online-in-portugal-find-best-thc-flavor-at-thc-zen-vapes-shop\/\">Acquista THC Portogallo<\/a><\/span><\/li><li><span style=\"text-decoration: underline;\"><a href=\"https:\/\/thczenvapes.com\/it\/buy-thc-in-spain-online-easy-guide-how-to-buy-thc-vapes-in-spain-using-thc-zen-shop\/\">Acquista THC Spagna<\/a><\/span><\/li><li><span style=\"text-decoration: underline;\"><a href=\"https:\/\/thczenvapes.com\/it\/acquistalo-online\/scopri-e-acquista-in-modo-sicuro-i-tuoi-thc-vapes-preferiti-con-thc-zen-vapes-in-francia\/\">Acquista THC Francia<\/a><\/span><\/li><li><span style=\"text-decoration: underline;\"><a href=\"https:\/\/thczenvapes.com\/it\/acquistalo-online\/acquista-online-thc-vapes-con-facilita-in-belgio-guida-facile-come-acquistare-thc-zen-vape-in-belgio\/\">Acquista THC Belgio<\/a><\/span><\/li><li><a href=\"https:\/\/thczenvapes.com\/it\/acquistalo-online\/acquistare-prodotti-thc-vape-in-svizzera-in-modo-sicuro-e-semplice-con-zen-vape\/\"><span style=\"text-decoration: underline;\">Acquista THC Svizzera<\/span><\/a><\/li><li><span style=\"text-decoration: underline;\"><a href=\"https:\/\/thczenvapes.com\/it\/acquistalo-online\/esplorando-il-mondo-dello-svapo-in-slovenia-acquista-lo-zen-vape-in-slovenia\/\">Acquista THC Slovenia<\/a><\/span><\/li><li><span style=\"text-decoration: underline;\"><a href=\"https:\/\/thczenvapes.com\/it\/acquistalo-online\/esplorare-thc-vaping-in-estonia-guida-per-lacquisto-di-thc-zen-vape-in-estonia\/\">Acquista THC Estonia<\/a><\/span><\/li><li><span style=\"text-decoration: underline;\"><a href=\"https:\/\/thczenvapes.com\/it\/acquistalo-online\/esplorare-lo-svapo-di-thc-in-slovacchia\/\">Acquista THC Slovacchia<\/a><\/span><\/li><li><span style=\"text-decoration: underline;\"><a href=\"https:\/\/thczenvapes.com\/it\/acquistalo-online\/thc-vaping-nella-repubblica-ceca\/\">Acquista THC Repubblica Ceca<\/a><\/span><\/li><li><span style=\"text-decoration: underline;\"><a href=\"https:\/\/thczenvapes.com\/it\/acquistalo-online\/acquista-thc-zen-vape-in-polonia\/\">Acquista THC Polonia<\/a><\/span><\/li><li><span style=\"text-decoration: underline;\"><a href=\"https:\/\/thczenvapes.com\/it\/acquistalo-online\/migliore-esperienza-di-svapo-di-thc-in-ungheria\/\">Acquista THC Ungheria<\/a><\/span><\/li><li><span style=\"text-decoration: underline;\"><a href=\"https:\/\/thczenvapes.com\/it\/acquistalo-online\/esperienza-di-svapo-di-thc-nel-regno-unito-con-zen-vape\/\">Acquista THC Regno Unito (Regno Unito)<\/a><\/span><\/li><li><span style=\"text-decoration: underline;\"><a href=\"https:\/\/thczenvapes.com\/it\/acquistalo-online\/guida-definitiva-per-lacquisto-di-vaporizzatori-in-austria\/\">Acquista THC Austria<\/a><\/span><\/li><li><a href=\"https:\/\/thczenvapes.com\/it\/acquistalo-online\/acquista-thc-vapes-in-bulgaria-esplora-thc-zen\/\"><span style=\"text-decoration: underline;\">Acquista THC Bulgaria<\/span><\/a><\/li><li><a href=\"https:\/\/thczenvapes.com\/it\/acquistalo-online\/acquista-thc-vapes-in-croazia-con-thc-zen\/\"><span style=\"text-decoration: underline;\">Acquista THC Croazia<\/span><\/a><\/li><li><a href=\"https:\/\/thczenvapes.com\/it\/acquistalo-online\/thc-vapes-premium-a-cipro-acquista-ora-con-thc-zen-vapes\/\"><span style=\"text-decoration: underline;\">Acquista THC Cipro<\/span><\/a><\/li><li><a href=\"https:\/\/thczenvapes.com\/it\/acquistalo-online\/esperienza-di-svapo-in-danimarca-con-i-vaporizzatori-zen\/\"><span style=\"text-decoration: underline;\">Acquista THC Danimarca<\/span><\/a><\/li><li><a href=\"https:\/\/thczenvapes.com\/it\/acquistalo-online\/acquista-thc-vapes-in-finlandia-con-thc-zen-vapes\/\"><span style=\"text-decoration: underline;\">Acquista THC Finlandia<\/span><\/a><\/li><li><a href=\"https:\/\/thczenvapes.com\/it\/acquistalo-online\/thc-vaping-in-grecia-con-thc-zen-vapes\/\"><span style=\"text-decoration: underline;\"><span style=\"font-family: Poppins, -apple-system, BlinkMacSystemFont, 'Segoe UI', Roboto, Oxygen-Sans, Ubuntu, Cantarell, 'Helvetica Neue', sans-serif; font-size: 16px; font-style: normal; font-variant-ligatures: normal; font-variant-caps: normal; font-weight: 400;\">Acquista THC\u00a0<\/span>Grecia<\/span><\/a><\/li><li><a href=\"https:\/\/thczenvapes.com\/it\/acquistalo-online\/lo-svapo-in-irlanda-con-lo-zen-vapes\/\"><span style=\"text-decoration: underline;\"><span style=\"font-family: Poppins, -apple-system, BlinkMacSystemFont, 'Segoe UI', Roboto, Oxygen-Sans, Ubuntu, Cantarell, 'Helvetica Neue', sans-serif; font-size: 16px; font-style: normal; font-variant-ligatures: normal; font-variant-caps: normal; font-weight: 400;\">Acquista THC Irlanda<\/span><\/span><\/a><\/li><li><span style=\"font-family: Poppins, -apple-system, BlinkMacSystemFont, 'Segoe UI', Roboto, Oxygen-Sans, Ubuntu, Cantarell, 'Helvetica Neue', sans-serif; font-size: 16px; font-style: normal; font-variant-ligatures: normal; font-variant-caps: normal; font-weight: 400;\"><a href=\"https:\/\/thczenvapes.com\/it\/acquistalo-online\/esperienza-di-svapo-di-thc-in-lettonia-con-thc-zen-vapes\/\"><span style=\"text-decoration: underline;\">Acquista THC Lettonia<\/span><\/a><br \/><\/span><\/li><li><span style=\"font-family: Poppins, -apple-system, BlinkMacSystemFont, 'Segoe UI', Roboto, Oxygen-Sans, Ubuntu, Cantarell, 'Helvetica Neue', sans-serif; font-size: 16px; font-style: normal; font-variant-ligatures: normal; font-variant-caps: normal; font-weight: 400;\"><a href=\"https:\/\/thczenvapes.com\/it\/acquistalo-online\/svapo-premium-in-lituania-con-thc-zen-vapes\/\"><span style=\"text-decoration: underline;\">Acquista THC Lituania<\/span><\/a><br \/><\/span><\/li><li><span style=\"font-family: Poppins, -apple-system, BlinkMacSystemFont, 'Segoe UI', Roboto, Oxygen-Sans, Ubuntu, Cantarell, 'Helvetica Neue', sans-serif; font-size: 16px; font-style: normal; font-variant-ligatures: normal; font-variant-caps: normal; font-weight: 400;\"><a href=\"https:\/\/thczenvapes.com\/it\/acquistalo-online\/esperienza-di-svapo-thc-in-lussemburgo-con-thc-zen-vapes\/\"><span style=\"text-decoration: underline;\">Acquista THC Lussemburgo<\/span><\/a><br \/><\/span><\/li><li><span style=\"font-family: Poppins, -apple-system, BlinkMacSystemFont, 'Segoe UI', Roboto, Oxygen-Sans, Ubuntu, Cantarell, 'Helvetica Neue', sans-serif; font-size: 16px; font-style: normal; font-variant-ligatures: normal; font-variant-caps: normal; font-weight: 400;\"><a href=\"https:\/\/thczenvapes.com\/it\/acquistalo-online\/eleva-la-tua-esperienza-di-svapo-a-malta-con-i-vaporizzatori-zen\/\"><span style=\"text-decoration: underline;\">Acquista THC Malta<\/span><\/a><br \/><\/span><\/li><li><span style=\"font-family: Poppins, -apple-system, BlinkMacSystemFont, 'Segoe UI', Roboto, Oxygen-Sans, Ubuntu, Cantarell, 'Helvetica Neue', sans-serif; font-size: 16px; font-style: normal; font-variant-ligatures: normal; font-variant-caps: normal; font-weight: 400;\"><span style=\"text-decoration: underline;\"><a href=\"https:\/\/thczenvapes.com\/it\/acquistalo-online\/acquista-vaporizzatori-thc-premium-nei-paesi-bassi-con-thc-zen\/\">Acquista THC Paesi Bassi<\/a><\/span><br \/><\/span><\/li><li><a href=\"https:\/\/thczenvapes.com\/it\/acquistalo-online\/esperienza-di-svapo-in-romania-con-thc-zen-vapes\/\"><span style=\"text-decoration: underline;\"><span style=\"font-family: Poppins, -apple-system, BlinkMacSystemFont, 'Segoe UI', Roboto, Oxygen-Sans, Ubuntu, Cantarell, 'Helvetica Neue', sans-serif; font-size: 16px; font-style: normal; font-variant-ligatures: normal; font-variant-caps: normal; font-weight: 400;\">Acquista THC Romania<\/span><\/span><\/a><\/li><li><span style=\"font-family: Poppins, -apple-system, BlinkMacSystemFont, 'Segoe UI', Roboto, Oxygen-Sans, Ubuntu, Cantarell, 'Helvetica Neue', sans-serif; font-size: 16px; font-style: normal; font-variant-ligatures: normal; font-variant-caps: normal; font-weight: 400;\">Acquista THC Svezia<br \/><\/span><\/li><\/ul>\t\t\t\t\t\t\t\t<\/div>\n\t\t\t\t<\/div>\n\t\t\t\t<div class=\"elementor-element elementor-element-f9f191f elementor-widget elementor-widget-text-editor\" data-id=\"f9f191f\" data-element_type=\"widget\" data-widget_type=\"text-editor.default\">\n\t\t\t\t<div class=\"elementor-widget-container\">\n\t\t\t\t\t\t\t\t\t<h2>Capire il THC<\/h2><h3>Cos&#039;\u00e8 il THC?<\/h3><p>Il tetraidrocannabinolo, comunemente noto come THC, \u00e8 il principale composto psicoattivo presente nella cannabis. \u00c8 responsabile degli effetti euforici e inebrianti spesso associati alla pianta.<\/p><h3>Lo status giuridico del THC in Europa<\/h3><p>La legalit\u00e0 del THC varia da un paese europeo all&#039;altro. Alcuni paesi lo hanno legalizzato per uso medico e\/o ricreativo, mentre altri mantengono severi divieti.<\/p><h2>Vantaggi dell&#039;uso del THC<\/h2><h3>Applicazioni mediche<\/h3><p>Il THC si \u00e8 dimostrato promettente nell\u2019alleviare i sintomi di varie condizioni mediche, tra cui dolore cronico, nausea e spasmi muscolari.<\/p><h3>Uso ricreativo<\/h3><p>Molte persone usano il THC a scopo ricreativo per rilassarsi, stimolare la creativit\u00e0 o semplicemente godersi i suoi effetti euforici.<\/p><h2>Sfide e rischi<\/h2><h3>Preoccupazioni legali<\/h3><p>Prima di acquistare il THC, \u00e8 fondamentale comprendere il quadro giuridico del proprio paese o regione specifica. Possedere o acquistare THC dove \u00e8 illegale pu\u00f2 avere gravi conseguenze.<\/p><h3>Problemi di qualit\u00e0 e sicurezza<\/h3><p>L&#039;acquisto di THC online comporta rischi legati alla qualit\u00e0 e alla sicurezza del prodotto. \u00c8 essenziale assicurarsi di ottenere un prodotto di alta qualit\u00e0 da una fonte affidabile.<\/p><h2>Come acquistare THC online<\/h2><h3>Ricerca di fonti attendibili<\/h3><p>Effettuare ricerche approfondite e controllare i dispensari online per garantire che siano legittimi e offrano prodotti sicuri.<\/p><h3>Garantire la conformit\u00e0 legale<\/h3><p>Rispetta sempre le leggi e i regolamenti locali quando acquisti e utilizzi il THC. L\u2019ignoranza della legge non \u00e8 una scusa valida.<\/p><p>Guardare <a href=\"https:\/\/www.youtube.com\/shorts\/DrurV-wAakA\" target=\"_blank\" rel=\"noopener\">questo video che menziona l&#039;acquisto online di THC<\/a><\/p><h2>Selezionare il giusto prodotto THC<\/h2><h3>Diversi tipi di prodotti THC<\/h3><p>Il THC \u00e8 disponibile in varie forme, inclusi commestibili, oli e fiori secchi. Scegli un prodotto che si adatta alle tue preferenze ed esigenze.<\/p><h3>Metodi di dosaggio e consumo<\/h3><p>Comprendere il dosaggio e il metodo di consumo appropriati \u00e8 vitale per un&#039;esperienza positiva con il THC.<\/p><h2>Pagamento e consegna<\/h2><h3>Opzioni di pagamento<\/h3><p>I dispensari online affidabili offrono metodi di pagamento sicuri per proteggere le tue informazioni finanziarie.<\/p><h3>Spedizione discreta e sicura<\/h3><p>Scegli venditori che danno priorit\u00e0 a imballaggi discreti e sicuri per preservare la tua privacy.<\/p><h2>Misure di sicurezza<\/h2><h3>Utilizzo responsabile<\/h3><p>Consuma il THC in modo responsabile e con moderazione. L&#039;eccessiva indulgenza pu\u00f2 portare a effetti negativi.<\/p><h3>Rimanere informati sulle leggi locali<\/h3><p>Rimani aggiornato sull&#039;evoluzione del panorama legale del THC nella tua regione per evitare problemi legali.<\/p><h2>Recensioni e raccomandazioni dei clienti<\/h2><h3>Trovare feedback affidabili<\/h3><p>Leggi le recensioni e chiedi consigli a fonti attendibili per garantire un&#039;esperienza di acquisto positiva.<\/p><h3>Suggerimenti per un&#039;esperienza d&#039;acquisto positiva<\/h3><p>Segui suggerimenti e linee guida per migliorare la tua esperienza di acquisto di THC online.<\/p><h2>Domande frequenti sull&#039;acquisto di THC online in Europa<\/h2><h3>\u00c8 legale acquistare THC online in Europa?<\/h3><p>La legalit\u00e0 dell\u2019acquisto di THC online varia in base al Paese. Ricerca le leggi locali per garantire la conformit\u00e0.<\/p><h3>Quali sono i potenziali benefici per la salute del THC?<\/h3><p>Il THC pu\u00f2 offrire sollievo da varie condizioni mediche, ma consulta un operatore sanitario per un consiglio personalizzato.<\/p><h3>Come posso garantire la qualit\u00e0 del prodotto THC?<\/h3><p>Scegli dispensari affidabili con feedback positivo dei clienti e informazioni trasparenti sui prodotti.<\/p><h3>Quali precauzioni dovrei prendere quando acquisto THC online?<\/h3><p>Garantisci la conformit\u00e0 legale, pratica un utilizzo responsabile e dai priorit\u00e0 alla tua sicurezza e privacy.<\/p><h3>Esistono limiti di et\u00e0 per l\u2019acquisto di THC online in Europa?<\/h3><p>S\u00ec, la maggior parte dei paesi europei prevede limiti di et\u00e0 per l\u2019acquisto di prodotti a base di THC online. Verifica l&#039;et\u00e0 legale nella tua giurisdizione.<\/p><p>In conclusione, acquistare THC online in Europa pu\u00f2 essere un modo conveniente per accedere a questa sostanza, ma comporta responsabilit\u00e0 e rischi potenziali. Comprendendo il panorama legale, scegliendo fonti affidabili e praticando un utilizzo responsabile, puoi vivere un&#039;esperienza sicura e positiva. Ricordati di rimanere informato e prendere decisioni informate quando consideri l&#039;acquisto di prodotti THC.<\/p>\t\t\t\t\t\t\t\t<\/div>\n\t\t\t\t<\/div>\n\t\t\t\t\t<\/div>\n\t\t<\/div>\n\t\t\t\t\t<\/div>\n\t\t<\/section>\n\t\t\t\t<section class=\"elementor-section elementor-top-section elementor-element elementor-element-7c47ad4 elementor-section-boxed elementor-section-height-default elementor-section-height-default\" data-id=\"7c47ad4\" data-element_type=\"section\">\n\t\t\t\t\t\t<div class=\"elementor-container elementor-column-gap-default\">\n\t\t\t\t\t<div class=\"elementor-column elementor-col-100 elementor-top-column elementor-element elementor-element-43a8064\" data-id=\"43a8064\" data-element_type=\"column\">\n\t\t\t<div class=\"elementor-widget-wrap elementor-element-populated\">\n\t\t\t\t\t\t<div class=\"elementor-element elementor-element-e7ea031 elementor-widget elementor-widget-heading\" data-id=\"e7ea031\" data-element_type=\"widget\" data-widget_type=\"heading.default\">\n\t\t\t\t<div class=\"elementor-widget-container\">\n\t\t\t\t\t<h2 class=\"elementor-heading-title elementor-size-default\">Per saperne di pi\u00f9<\/h2>\t\t\t\t<\/div>\n\t\t\t\t<\/div>\n\t\t\t\t<div class=\"elementor-element elementor-element-a0b7e80 elementor-icon-list--layout-traditional elementor-list-item-link-full_width elementor-widget elementor-widget-icon-list\" data-id=\"a0b7e80\" data-element_type=\"widget\" data-widget_type=\"icon-list.default\">\n\t\t\t\t<div class=\"elementor-widget-container\">\n\t\t\t\t\t\t\t<ul class=\"elementor-icon-list-items\">\n\t\t\t\t\t\t\t<li class=\"elementor-icon-list-item\">\n\t\t\t\t\t\t\t\t\t\t\t<a href=\"https:\/\/thczenvapes.com\/it\/le-cartucce-per-svapare-thc-fanno-male\/\">\n\n\t\t\t\t\t\t\t\t\t\t\t\t<span class=\"elementor-icon-list-icon\">\n\t\t\t\t\t\t\t<i aria-hidden=\"true\" class=\"far fa-dizzy\"><\/i>\t\t\t\t\t\t<\/span>\n\t\t\t\t\t\t\t\t\t\t<span class=\"elementor-icon-list-text\">I carrelli THC Vape sono davvero dannosi per te<\/span>\n\t\t\t\t\t\t\t\t\t\t\t<\/a>\n\t\t\t\t\t\t\t\t\t<\/li>\n\t\t\t\t\t\t<\/ul>\n\t\t\t\t\t\t<\/div>\n\t\t\t\t<\/div>\n\t\t\t\t\t<\/div>\n\t\t<\/div>\n\t\t\t\t\t<\/div>\n\t\t<\/section>\n\t\t\t\t<\/div>","protected":false},"excerpt":{"rendered":"<p>Nel mondo in rapida evoluzione di oggi, l&#039;accessibilit\u00e0 di vari prodotti e servizi tramite piattaforme online \u00e8 diventata un luogo comune. Uno di questi prodotti che ha attirato un&#039;attenzione significativa<span class=\"excerpt-hellip\"> [\u2026]<\/span><\/p>","protected":false},"author":1,"featured_media":0,"parent":0,"menu_order":0,"comment_status":"closed","ping_status":"closed","template":"","meta":{"footnotes":""},"class_list":["post-138","page","type-page","status-publish","hentry"],"jetpack_sharing_enabled":true,"_links":{"self":[{"href":"https:\/\/thczenvapes.com\/it\/wp-json\/wp\/v2\/pages\/138","targetHints":{"allow":["GET"]}}],"collection":[{"href":"https:\/\/thczenvapes.com\/it\/wp-json\/wp\/v2\/pages"}],"about":[{"href":"https:\/\/thczenvapes.com\/it\/wp-json\/wp\/v2\/types\/page"}],"author":[{"embeddable":true,"href":"https:\/\/thczenvapes.com\/it\/wp-json\/wp\/v2\/users\/1"}],"replies":[{"embeddable":true,"href":"https:\/\/thczenvapes.com\/it\/wp-json\/wp\/v2\/comments?post=138"}],"version-history":[{"count":5,"href":"https:\/\/thczenvapes.com\/it\/wp-json\/wp\/v2\/pages\/138\/revisions"}],"predecessor-version":[{"id":664,"href":"https:\/\/thczenvapes.com\/it\/wp-json\/wp\/v2\/pages\/138\/revisions\/664"}],"wp:attachment":[{"href":"https:\/\/thczenvapes.com\/it\/wp-json\/wp\/v2\/media?parent=138"}],"curies":[{"name":"wp","href":"https:\/\/api.w.org\/{rel}","templated":true}]}}