{"id":320,"date":"2023-11-02T09:47:55","date_gmt":"2023-11-02T09:47:55","guid":{"rendered":"https:\/\/thczenvapes.com\/?page_id=320"},"modified":"2023-11-02T10:14:50","modified_gmt":"2023-11-02T10:14:50","slug":"buy-online-thc-vapes-with-ease-in-belgium-easy-guide-how-to-purchase-thc-zen-vape-in-belgium","status":"publish","type":"page","link":"https:\/\/thczenvapes.com\/fr\/acheter-du-thc-en-ligne\/acheter-en-ligne-facilement-des-vapes-thc-en-belgique-guide-facile-comment-acheter-des-vapes-thc-zen-en-belgique\/","title":{"rendered":"Achetez facilement des THC Vapes en ligne en Belgique\u00a0: Guide facile pour acheter du THC Zen Vape en Belgique"},"content":{"rendered":"<p>Notre objectif est de rendre le processus d&#039;achat de vapes THC en Belgique sans effort. Que vous soyez nouveau dans le vapotage du THC ou un passionn\u00e9 exp\u00e9riment\u00e9, notre plateforme est l\u00e0 pour r\u00e9pondre \u00e0 vos besoins. Explorez notre s\u00e9lection, achetez des vapes THC en Belgique en toute confiance et am\u00e9liorez votre exp\u00e9rience THC avec THC Zen Vapes.<\/p>\n<style>\/*! elementor - v3.15.0 - 02-08-2023 *\/\n.elementor-heading-title{padding:0;margin:0;line-height:1}.elementor-widget-heading .elementor-heading-title[class*=elementor-size-]>a{color:inherit;font-size:inherit;line-height:inherit}.elementor-widget-heading .elementor-heading-title.elementor-size-small{font-size:15px}.elementor-widget-heading .elementor-heading-title.elementor-size-medium{font-size:19px}.elementor-widget-heading .elementor-heading-title.elementor-size-large{font-size:29px}.elementor-widget-heading .elementor-heading-title.elementor-size-xl{font-size:39px}.elementor-widget-heading .elementor-heading-title.elementor-size-xxl{font-size:59px}<\/style>\n<h3>Introduction pour acheter des THC Zen Vapes en Belgique :<\/h3>\n<p>Bienvenue chez THC Zen Vapes Belgique, votre <strong>de confiance<\/strong> destination pour une navigation fluide <strong>Vapeur de THC<\/strong> achats. Notre mission est de fournir une s\u00e9lection diversifi\u00e9e de <strong>THC de qualit\u00e9 sup\u00e9rieure<\/strong> produits de vape, garantissant une exp\u00e9rience sans tracas lorsque vous explorez le monde du THC. Notre convivialit\u00e9 <a href=\"https:\/\/thczenvapes.com\/fr\/boutique\/\">boutique en ligne<\/a> est con\u00e7u pour votre commodit\u00e9, offrant des descriptions d\u00e9taill\u00e9es des produits et des images haute r\u00e9solution pour vous aider \u00e0 faire des choix \u00e9clair\u00e9s.<\/p>\n<h3>Exp\u00e9rience de magasinage avec THC Zen Vapes\u00a0: <\/h3>\n<p>Chez THC Zen Vapes Belgium, nous sommes fiers d&#039;offrir une exp\u00e9rience d&#039;achat remarquable. Notre <strong><a href=\"https:\/\/thczenvapes.com\/fr\/boutique\/\">boutique en ligne<\/a><\/strong> est soigneusement con\u00e7u pour une navigation facile, vous permettant d&#039;explorer et de s\u00e9lectionner sans effort les produits qui correspondent \u00e0 vos pr\u00e9f\u00e9rences.<\/p>\n<link rel=\"stylesheet\" href=\"https:\/\/thczenvapes.com\/wp-content\/plugins\/elementor-pro\/assets\/css\/widget-call-to-action.min.css\">\n<h2>Acheter des VAPES ZEN THC Premium<\/h2>\n<p>\t\t\t\t\t\tS\u00e9curisez votre achat de Zen THC Vapes de Belgique<br \/>\n\t\t\t\t\t<a href=\"https:\/\/thczenvapes.com\/fr\/boutique\/\"><br \/>\n\t\t\t\t\t\tAcheter maintenant\t\t\t\t\t<\/a><\/p>\n<h3>Naviguer dans le magasin\u00a0:<\/h3>\n<p>Naviguer dans notre <a href=\"https:\/\/thczenvapes.com\/fr\/boutique\/\">magasin<\/a> est simple. Vous pouvez rechercher des produits sp\u00e9cifiques ou parcourir les cat\u00e9gories pour trouver le parfait<strong> Vapeur de THC<\/strong> pour vos besoins. Avec un sans couture et <a href=\"https:\/\/thczenvapes.com\/fr\/un-guide-etape-par-etape-pour-les-paiements-de-factures-sur-le-magasin-thc-zen-vapes\/\"><strong>paiement s\u00e9curis\u00e9<\/strong><\/a> processus, vous recevrez rapidement les produits souhait\u00e9s.<\/p>\n<h3>Acheter en ligne en Belgique :<\/h3>\n<p>Achat <a href=\"https:\/\/thczenvapes.com\/fr\/boutique\/\">Vapes THC en ligne<\/a> en Belgique n&#039;a jamais \u00e9t\u00e9 aussi pratique. Nous offrons rapide et <a href=\"https:\/\/thczenvapes.com\/fr\/expedition-et-paiements-garantissant-lefficacite-et-la-securite-chez-thc-zen-vapes\/\"><strong>exp\u00e9dition discr\u00e8te<\/strong><\/a> \u00e0 travers le pays, assurant votre <strong>confidentialit\u00e9 et s\u00e9curit\u00e9<\/strong> tout au long du processus.<\/p>\n<h3>Gamme de produits\u00a0:<\/h3>\n<p>D\u00e9couvrez notre large s\u00e9lection de produits de vape THC, de <a href=\"https:\/\/thczenvapes.com\/fr\/boutique\/\"><strong>vape haut de gamme<\/strong><\/a> stylos \u00e0 une vari\u00e9t\u00e9 d\u2019e-liquides infus\u00e9s de THC. Nous achetons nos produits aupr\u00e8s de fabricants r\u00e9put\u00e9s pour <strong>garantir la qualit\u00e9<\/strong> et la puissance. Que vous soyez un amateur exp\u00e9riment\u00e9 de THC ou un explorateur d\u00e9butant, nous r\u00e9pondons \u00e0 toutes les pr\u00e9f\u00e9rences.<\/p>\n<h3>S\u00e9curit\u00e9 et confidentialit\u00e9 en achetant du THC Zen en Belgique\u00a0:<\/h3>\n<p>Chez THC Zen Vapes Belgium, votre <a href=\"https:\/\/thczenvapes.com\/fr\/politique-de-confidentialite\/\"><strong>s\u00e9curit\u00e9 et confidentialit\u00e9<\/strong><\/a> sont nos principales priorit\u00e9s. Nous prenons toutes les mesures n\u00e9cessaires pour prot\u00e9ger vos informations personnelles et garantir <a href=\"https:\/\/thczenvapes.com\/fr\/expedition-et-paiements-garantissant-lefficacite-et-la-securite-chez-thc-zen-vapes\/\"><strong>livraisons de commandes discr\u00e8tes<\/strong><\/a>. Tous nos produits sont soumis \u00e0 des tests complets en laboratoire pour r\u00e9pondre aux normes les plus \u00e9lev\u00e9es de <strong>qualit\u00e9 et s\u00e9curit\u00e9<\/strong>, garantissant une tranquillit\u00e9 d&#039;esprit \u00e0 chaque achat.<\/p>\n<h3>Commandez votre THC Zen Vape en toute s\u00e9curit\u00e9 et facilement depuis la Belgique :<br \/>Achetez rapidement et en toute s\u00e9curit\u00e9<\/h3>\n<h3>Foire aux questions (FAQ)\u00a0:<\/h3>\n<ul>\n<li><strong>Est-il l\u00e9gal d&#039;acheter des vapes THC en Belgique ?<\/strong> Le statut juridique des vapes au THC en Belgique peut \u00eatre complexe. Il est important de comprendre que le THC est une substance contr\u00f4l\u00e9e et que l\u2019utilisation et la possession de produits de vapotage au THC sont g\u00e9n\u00e9ralement soumises \u00e0 des r\u00e9glementations strictes. Nous vous conseillons de vous familiariser avec les lois et r\u00e9glementations de votre r\u00e9gion pour en assurer le respect.<\/li>\n<li><strong>Quels modes de paiement acceptez-vous?<\/strong> Nous proposons une vari\u00e9t\u00e9 de m\u00e9thodes de paiement pour votre commodit\u00e9, notamment les cartes de cr\u00e9dit\/d\u00e9bit, les virements bancaires et les crypto-monnaies.<\/li>\n<li><strong>Proposez-vous des exp\u00e9ditions internationales vers d\u2019autres pays europ\u00e9ens ? <\/strong>Oui, nous proposons une exp\u00e9dition internationale vers certains pays europ\u00e9ens. Veuillez vous r\u00e9f\u00e9rer \u00e0 nos informations d&#039;exp\u00e9dition pour la liste des <a href=\"https:\/\/thczenvapes.com\/fr\/pays-vers-lesquels-nous-expedions\/\"><strong>destinations prises en charge<\/strong><\/a>.<\/li>\n<li><strong>Comment puis-je contacter votre \u00e9quipe de support client si j&#039;ai des questions ou des pr\u00e9occupations ? <\/strong>Vous pouvez contacter notre \u00e9quipe de support client par e-mail, par t\u00e9l\u00e9phone ou via la fonction de chat en direct de notre site Web. Nous sommes l\u00e0 pour vous aider pour toute demande de renseignements ou pr\u00e9occupation.<\/li>\n<li><strong>Existe-t-il des r\u00e9ductions ou des promotions pour les clients fid\u00e8les\u00a0? <\/strong>Oui, nous proposons r\u00e9guli\u00e8rement des promotions sp\u00e9ciales et des r\u00e9ductions \u00e0 nos clients fid\u00e8les. Restez inform\u00e9 de nos derni\u00e8res offres en vous abonnant \u00e0 notre newsletter et en nous suivant sur les r\u00e9seaux sociaux.<\/li>\n<\/ul>\n<style>\/*! elementor - v3.15.0 - 02-08-2023 *\/\n.elementor-widget-image{text-align:center}.elementor-widget-image a{display:inline-block}.elementor-widget-image a img[src$=\".svg\"]{width:48px}.elementor-widget-image img{vertical-align:middle;display:inline-block}<\/style>\n<p>\t\t\t\t\t\t\t\t\t\t\t\t<img loading=\"lazy\" decoding=\"async\" width=\"150\" height=\"150\" src=\"https:\/\/thczenvapes.com\/wp-content\/uploads\/2023\/09\/logo_only_512-150x150.png\" alt=\"les vapes\" srcset=\"https:\/\/thczenvapes.com\/wp-content\/uploads\/2023\/09\/logo_only_512-150x150.png 150w, https:\/\/thczenvapes.com\/wp-content\/uploads\/2023\/09\/logo_only_512-300x300.png 300w, https:\/\/thczenvapes.com\/wp-content\/uploads\/2023\/09\/logo_only_512-500x500.png 500w, https:\/\/thczenvapes.com\/wp-content\/uploads\/2023\/09\/logo_only_512-75x75.png 75w, https:\/\/thczenvapes.com\/wp-content\/uploads\/2023\/09\/logo_only_512-480x480.png 480w, https:\/\/thczenvapes.com\/wp-content\/uploads\/2023\/09\/logo_only_512.png 512w\" sizes=\"auto, (max-width:767px) 150px, 150px\" title=\"les vapes\"><\/p>","protected":false},"excerpt":{"rendered":"<p>Notre objectif est de rendre le processus d&#039;achat de vapes THC en Belgique sans effort. Que vous soyez nouveau dans le vapotage du THC ou passionn\u00e9 exp\u00e9riment\u00e9, notre plateforme<span class=\"excerpt-hellip\"> [\u2026]<\/span><\/p>","protected":false},"author":1,"featured_media":0,"parent":138,"menu_order":0,"comment_status":"closed","ping_status":"closed","template":"","meta":{"footnotes":""},"class_list":["post-320","page","type-page","status-publish","hentry"],"jetpack_sharing_enabled":true,"_links":{"self":[{"href":"https:\/\/thczenvapes.com\/fr\/wp-json\/wp\/v2\/pages\/320","targetHints":{"allow":["GET"]}}],"collection":[{"href":"https:\/\/thczenvapes.com\/fr\/wp-json\/wp\/v2\/pages"}],"about":[{"href":"https:\/\/thczenvapes.com\/fr\/wp-json\/wp\/v2\/types\/page"}],"author":[{"embeddable":true,"href":"https:\/\/thczenvapes.com\/fr\/wp-json\/wp\/v2\/users\/1"}],"replies":[{"embeddable":true,"href":"https:\/\/thczenvapes.com\/fr\/wp-json\/wp\/v2\/comments?post=320"}],"version-history":[{"count":5,"href":"https:\/\/thczenvapes.com\/fr\/wp-json\/wp\/v2\/pages\/320\/revisions"}],"predecessor-version":[{"id":325,"href":"https:\/\/thczenvapes.com\/fr\/wp-json\/wp\/v2\/pages\/320\/revisions\/325"}],"up":[{"embeddable":true,"href":"https:\/\/thczenvapes.com\/fr\/wp-json\/wp\/v2\/pages\/138"}],"wp:attachment":[{"href":"https:\/\/thczenvapes.com\/fr\/wp-json\/wp\/v2\/media?parent=320"}],"curies":[{"name":"wp","href":"https:\/\/api.w.org\/{rel}","templated":true}]}}