{"id":3,"date":"2021-03-09T08:57:42","date_gmt":"2021-03-09T08:57:42","guid":{"rendered":"https:\/\/thczenvapes.com\/?page_id=3"},"modified":"2023-09-30T21:16:34","modified_gmt":"2023-09-30T21:16:34","slug":"privacy-policy","status":"publish","type":"page","link":"https:\/\/thczenvapes.com\/fr\/politique-de-confidentialite\/","title":{"rendered":"politique de confidentialit\u00e9"},"content":{"rendered":"<p>Bienvenue chez Zen THC Vapes. Votre vie priv\u00e9e est primordiale pour nous et nous nous engageons \u00e0 prot\u00e9ger et \u00e0 sauvegarder vos droits en mati\u00e8re de confidentialit\u00e9 des donn\u00e9es. Cette politique de confidentialit\u00e9 d\u00e9crit nos pratiques concernant la collecte, l&#039;utilisation et le partage de vos informations personnelles. En utilisant notre site Web, vous acceptez les termes de cette politique.<\/p>\n\n\n\n<h4 class=\"wp-block-heading\"><strong>1. Informations que nous collectons<\/strong><\/h4>\n\n\n\n<p>Nous collectons diff\u00e9rents types d\u2019informations pour am\u00e9liorer et personnaliser votre exp\u00e9rience d\u2019achat :<\/p>\n\n\n\n<p><strong>un. Informations personnelles:<\/strong> Comprend, mais sans s&#039;y limiter, votre nom, votre adresse e-mail, votre adresse de livraison et vos informations de facturation.<\/p>\n\n\n\n<p><strong>b. Informations non personnelles\u00a0:<\/strong> Donn\u00e9es qui ne vous identifient pas personnellement, telles que votre type de navigateur, l&#039;appareil utilis\u00e9 et les pages que vous avez visit\u00e9es sur notre site Internet.<\/p>\n\n\n\n<h4 class=\"wp-block-heading\"><strong>2. Comment nous utilisons vos informations<\/strong><\/h4>\n\n\n\n<p><strong>un. Commande en cours de traitement:<\/strong> Nous utilisons les informations personnelles pour traiter vos commandes, envoyer une confirmation et fournir des mises \u00e0 jour sur l&#039;exp\u00e9dition.<\/p>\n\n\n\n<p><strong>b. Service client:<\/strong> Pour r\u00e9pondre \u00e0 vos questions, commentaires et offrir une exp\u00e9rience d&#039;achat personnalis\u00e9e.<\/p>\n\n\n\n<p><strong>c. Commercialisation:<\/strong> Avec votre consentement, nous utilisons vos informations pour envoyer des newsletters, des promotions et des publicit\u00e9s.<\/p>\n\n\n\n<p><strong>d. Analytique:<\/strong> Nous analysons les informations non personnelles pour am\u00e9liorer les fonctionnalit\u00e9s et les offres de notre site Web.<\/p>\n\n\n\n<h4 class=\"wp-block-heading\"><strong>3. Cookies<\/strong><\/h4>\n\n\n\n<p>Nous utilisons des cookies pour am\u00e9liorer votre exp\u00e9rience d&#039;achat, m\u00e9moriser vos pr\u00e9f\u00e9rences et suivre les performances du site Web.<\/p>\n\n\n\n<h4 class=\"wp-block-heading\"><strong>4. Services tiers<\/strong><\/h4>\n\n\n\n<p>Nous ne vendons, n\u2019\u00e9changeons ni ne transf\u00e9rons vos informations personnelles \u00e0 des tiers. Les services tiers de confiance qui nous aident dans nos op\u00e9rations commerciales sont exempt\u00e9s, \u00e0 condition qu&#039;ils acceptent de maintenir la confidentialit\u00e9 de ces informations.<\/p>\n\n\n\n<h4 class=\"wp-block-heading\"><strong>5. S\u00e9curit\u00e9<\/strong><\/h4>\n\n\n\n<p>Nous mettons en \u0153uvre diverses mesures de s\u00e9curit\u00e9 pour garantir la s\u00e9curit\u00e9 de vos informations personnelles, notamment la technologie SSL pour crypter les donn\u00e9es pendant la transmission.<\/p>\n\n\n\n<h4 class=\"wp-block-heading\"><strong>6. Vos choix<\/strong><\/h4>\n\n\n\n<p><strong>un. D\u00e9sinscription\u00a0:<\/strong> Vous pouvez refuser de recevoir des e-mails promotionnels en suivant le lien de d\u00e9sabonnement situ\u00e9 au bas de nos e-mails.<\/p>\n\n\n\n<p><strong>b. Biscuits:<\/strong> Vous pouvez modifier les param\u00e8tres de votre navigateur pour refuser les cookies. Cependant, cela peut affecter votre exp\u00e9rience sur le site Web.<\/p>\n\n\n\n<h4 class=\"wp-block-heading\"><strong>7. Confidentialit\u00e9 des enfants<\/strong><\/h4>\n\n\n\n<p>Notre site Web n&#039;est pas destin\u00e9 aux personnes de moins de 18 ans. Nous ne collectons pas sciemment d&#039;informations personnelles aupr\u00e8s d&#039;enfants de moins de 18 ans.<\/p>\n\n\n\n<h4 class=\"wp-block-heading\"><strong>8. Modifications de cette politique<\/strong><\/h4>\n\n\n\n<p>Nous nous r\u00e9servons le droit de modifier cette politique de confidentialit\u00e9 \u00e0 tout moment. Les modifications prendront effet imm\u00e9diatement apr\u00e8s leur publication sur le site Web.<\/p>\n\n\n\n<h4 class=\"wp-block-heading\"><strong>9. Contactez-nous<\/strong><\/h4>\n\n\n\n<p>Pour toute question concernant cette politique de confidentialit\u00e9, vous pouvez nous contacter en utilisant les informations ci-dessous :<br>E-mail: [<a href=\"mailto:email@example.com\">support@thczenvapes.com<\/a>]<\/p>\n\n\n\n<p>Merci d&#039;avoir choisi Zen THC Vapes. Nous nous engageons \u00e0 pr\u00e9server votre vie priv\u00e9e et \u00e0 prot\u00e9ger vos informations en ligne. Votre confiance est notre priorit\u00e9 absolue et nous nous engageons \u00e0 garantir une exp\u00e9rience d&#039;achat s\u00e9curis\u00e9e et confidentielle.<\/p>","protected":false},"excerpt":{"rendered":"<p>Bienvenue chez Zen THC Vapes. Votre vie priv\u00e9e est primordiale pour nous et nous nous engageons \u00e0 prot\u00e9ger et \u00e0 sauvegarder vos droits en mati\u00e8re de confidentialit\u00e9 des donn\u00e9es. Cette politique de confidentialit\u00e9<span class=\"excerpt-hellip\"> [\u2026]<\/span><\/p>","protected":false},"author":1,"featured_media":0,"parent":0,"menu_order":0,"comment_status":"open","ping_status":"closed","template":"","meta":{"footnotes":""},"class_list":["post-3","page","type-page","status-publish","hentry"],"jetpack_sharing_enabled":true,"_links":{"self":[{"href":"https:\/\/thczenvapes.com\/fr\/wp-json\/wp\/v2\/pages\/3","targetHints":{"allow":["GET"]}}],"collection":[{"href":"https:\/\/thczenvapes.com\/fr\/wp-json\/wp\/v2\/pages"}],"about":[{"href":"https:\/\/thczenvapes.com\/fr\/wp-json\/wp\/v2\/types\/page"}],"author":[{"embeddable":true,"href":"https:\/\/thczenvapes.com\/fr\/wp-json\/wp\/v2\/users\/1"}],"replies":[{"embeddable":true,"href":"https:\/\/thczenvapes.com\/fr\/wp-json\/wp\/v2\/comments?post=3"}],"version-history":[{"count":2,"href":"https:\/\/thczenvapes.com\/fr\/wp-json\/wp\/v2\/pages\/3\/revisions"}],"predecessor-version":[{"id":232,"href":"https:\/\/thczenvapes.com\/fr\/wp-json\/wp\/v2\/pages\/3\/revisions\/232"}],"wp:attachment":[{"href":"https:\/\/thczenvapes.com\/fr\/wp-json\/wp\/v2\/media?parent=3"}],"curies":[{"name":"wp","href":"https:\/\/api.w.org\/{rel}","templated":true}]}}