{"id":244,"date":"2023-09-30T21:30:00","date_gmt":"2023-09-30T21:30:00","guid":{"rendered":"https:\/\/thczenvapes.com\/?page_id=244"},"modified":"2023-09-30T21:30:02","modified_gmt":"2023-09-30T21:30:02","slug":"a-comprehensive-guide-on-how-to-pay-with-cryptocurrency-on-thc-zen-vapes-woocommerce-store","status":"publish","type":"page","link":"https:\/\/thczenvapes.com\/fr\/un-guide-complet-sur-la-facon-de-payer-avec-la-crypto-monnaie-sur-la-boutique-woocommerce-thc-zen-vapes\/","title":{"rendered":"Un guide complet sur la fa\u00e7on de payer avec la crypto-monnaie sur la boutique THC Zen Vapes WooCommerce"},"content":{"rendered":"<p>Bienvenue chez THC Zen Vapes, o\u00f9 nous nous effor\u00e7ons non seulement d&#039;offrir des vapes THC de qualit\u00e9 sup\u00e9rieure, mais \u00e9galement de garantir que votre exp\u00e9rience d&#039;achat soit transparente et pratique. Dans notre effort continu pour am\u00e9liorer votre exp\u00e9rience d&#039;achat, nous acceptons d\u00e9sormais les paiements via crypto-monnaie sur notre boutique WooCommerce. Ce guide complet est con\u00e7u pour vous guider \u00e0 travers les \u00e9tapes simples permettant d&#039;effectuer un paiement en crypto-monnaie apr\u00e8s avoir pass\u00e9 votre commande.<\/p>\n\n\n\n<h3 class=\"wp-block-heading\">Guide \u00e9tape par \u00e9tape du paiement par crypto-monnaie<\/h3>\n\n\n\n<h4 class=\"wp-block-heading\"><strong>1. S\u00e9lectionnez vos produits souhait\u00e9s\u00a0:<\/strong><\/h4>\n\n\n\n<p>Parcourez notre vaste collection de vapes THC haut de gamme, ajoutez les articles s\u00e9lectionn\u00e9s au panier et proc\u00e9dez au paiement.<\/p>\n\n\n\n<h4 class=\"wp-block-heading\"><strong>2. Choisissez la crypto-monnaie comme m\u00e9thode de paiement pr\u00e9f\u00e9r\u00e9e\u00a0:<\/strong><\/h4>\n\n\n\n<p>Sur la page de paiement, vous trouverez diff\u00e9rentes options de paiement. S\u00e9lectionnez \u00ab\u00a0Crypto-monnaie\u00a0\u00bb comme mode de paiement pr\u00e9f\u00e9r\u00e9.<\/p>\n\n\n\n<h4 class=\"wp-block-heading\"><strong>3. Terminez le processus de paiement\u00a0:<\/strong><\/h4>\n\n\n\n<p>Remplissez les informations n\u00e9cessaires, y compris votre adresse de livraison, et proc\u00e9dez au paiement. Une fois termin\u00e9, une page r\u00e9capitulative de la commande appara\u00eetra.<\/p>\n\n\n\n<h4 class=\"wp-block-heading\"><strong>4. Notez le code QR et les informations du portefeuille\u00a0:<\/strong><\/h4>\n\n\n\n<p>Sur la page de r\u00e9capitulatif de la commande, un code QR et des informations de portefeuille pour le paiement en crypto-monnaie vous seront pr\u00e9sent\u00e9s. Ces informations sont cruciales pour finaliser votre paiement.<\/p>\n\n\n\n<h4 class=\"wp-block-heading\"><strong>5. Ouvrez votre portefeuille de crypto-monnaie\u00a0:<\/strong><\/h4>\n\n\n\n<p>Acc\u00e9dez \u00e0 votre application de portefeuille de crypto-monnaie. Si vous n&#039;avez pas encore de portefeuille, il existe diverses applications de portefeuille fiables que vous pouvez t\u00e9l\u00e9charger et configurer facilement.<\/p>\n\n\n\n<h4 class=\"wp-block-heading\"><strong>6. Scannez le code QR ou saisissez manuellement les informations du portefeuille\u00a0:<\/strong><\/h4>\n\n\n\n<p>Utilisez votre application de portefeuille de crypto-monnaie pour scanner le code QR affich\u00e9 sur la page de r\u00e9capitulatif de la commande. Alternativement, vous pouvez saisir manuellement les informations du portefeuille pour proc\u00e9der au paiement.<\/p>\n\n\n\n<h4 class=\"wp-block-heading\"><strong>7. Entrez le montant exact du paiement\u00a0:<\/strong><\/h4>\n\n\n\n<p>Assurez-vous de saisir le montant exact tel qu&#039;affich\u00e9 sur la page r\u00e9capitulative de la commande. Il est essentiel d&#039;\u00eatre pr\u00e9cis pour \u00e9viter tout probl\u00e8me de transaction.<\/p>\n\n\n\n<h4 class=\"wp-block-heading\"><strong>8. Confirmez et compl\u00e9tez votre transaction\u00a0:<\/strong><\/h4>\n\n\n\n<p>V\u00e9rifiez tous les d\u00e9tails du paiement pour garantir leur exactitude, puis confirmez la transaction. Le processus de paiement est rapide et vous recevrez une confirmation une fois termin\u00e9.<\/p>\n\n\n\n<h4 class=\"wp-block-heading\"><strong>9. Attendez la confirmation de votre commande\u00a0:<\/strong><\/h4>\n\n\n\n<p>Une fois le paiement r\u00e9ussi, vous recevrez une confirmation de commande de THC Zen Vapes et votre commande sera trait\u00e9e pour l&#039;exp\u00e9dition.<\/p>\n\n\n\n<h3 class=\"wp-block-heading\">Points importants \u00e0 noter\u00a0:<\/h3>\n\n\n\n<ul class=\"wp-block-list\">\n<li>Les paiements en crypto-monnaie ne sont pas remboursables.<\/li>\n\n\n\n<li>Assurez-vous que les informations du portefeuille et le montant du paiement sont saisis avec pr\u00e9cision pour \u00e9viter tout probl\u00e8me.<\/li>\n\n\n\n<li>Les paiements effectu\u00e9s sur le mauvais portefeuille ne seront pas consid\u00e9r\u00e9s comme une commande pay\u00e9e.<\/li>\n<\/ul>\n\n\n\n<h3 class=\"wp-block-heading\">Conclusion<\/h3>\n\n\n\n<p>Payer avec de la crypto-monnaie sur la boutique THC Zen Vapes WooCommerce est con\u00e7u pour \u00eatre un processus simple et s\u00e9curis\u00e9, garantissant une exp\u00e9rience d&#039;achat am\u00e9lior\u00e9e. Si vous rencontrez des difficult\u00e9s ou avez d&#039;autres questions, notre \u00e9quipe de service client d\u00e9di\u00e9e est \u00e0 votre disposition pour vous aider. Nous nous engageons \u00e0 faire de chaque \u00e9tape de votre parcours d&#039;achat avec nous, de la s\u00e9lection au paiement, une exp\u00e9rience agr\u00e9able. Bon shopping!<\/p>","protected":false},"excerpt":{"rendered":"<p>Bienvenue chez THC Zen Vapes, o\u00f9 nous nous effor\u00e7ons non seulement d&#039;offrir des vapes THC de qualit\u00e9 sup\u00e9rieure, mais \u00e9galement de garantir que votre exp\u00e9rience d&#039;achat soit fluide et pratique.<span class=\"excerpt-hellip\"> [\u2026]<\/span><\/p>","protected":false},"author":1,"featured_media":0,"parent":0,"menu_order":0,"comment_status":"closed","ping_status":"closed","template":"","meta":{"footnotes":""},"class_list":["post-244","page","type-page","status-publish","hentry"],"jetpack_sharing_enabled":true,"_links":{"self":[{"href":"https:\/\/thczenvapes.com\/fr\/wp-json\/wp\/v2\/pages\/244","targetHints":{"allow":["GET"]}}],"collection":[{"href":"https:\/\/thczenvapes.com\/fr\/wp-json\/wp\/v2\/pages"}],"about":[{"href":"https:\/\/thczenvapes.com\/fr\/wp-json\/wp\/v2\/types\/page"}],"author":[{"embeddable":true,"href":"https:\/\/thczenvapes.com\/fr\/wp-json\/wp\/v2\/users\/1"}],"replies":[{"embeddable":true,"href":"https:\/\/thczenvapes.com\/fr\/wp-json\/wp\/v2\/comments?post=244"}],"version-history":[{"count":1,"href":"https:\/\/thczenvapes.com\/fr\/wp-json\/wp\/v2\/pages\/244\/revisions"}],"predecessor-version":[{"id":245,"href":"https:\/\/thczenvapes.com\/fr\/wp-json\/wp\/v2\/pages\/244\/revisions\/245"}],"wp:attachment":[{"href":"https:\/\/thczenvapes.com\/fr\/wp-json\/wp\/v2\/media?parent=244"}],"curies":[{"name":"wp","href":"https:\/\/api.w.org\/{rel}","templated":true}]}}