{"id":242,"date":"2023-09-30T21:28:30","date_gmt":"2023-09-30T21:28:30","guid":{"rendered":"https:\/\/thczenvapes.com\/?page_id=242"},"modified":"2023-09-30T21:28:31","modified_gmt":"2023-09-30T21:28:31","slug":"shipping-and-payments-ensuring-efficiency-and-security-at-thc-zen-vapes","status":"publish","type":"page","link":"https:\/\/thczenvapes.com\/fr\/expedition-et-paiements-garantissant-lefficacite-et-la-securite-chez-thc-zen-vapes\/","title":{"rendered":"Exp\u00e9dition et paiements\u00a0: garantir l&#039;efficacit\u00e9 et la s\u00e9curit\u00e9 chez THC Zen Vapes"},"content":{"rendered":"<p>Chez THC Zen Vapes, nous ne nous engageons pas seulement \u00e0 fournir des produits de qualit\u00e9 sup\u00e9rieure, mais \u00e9galement \u00e0 garantir que le processus depuis la commande jusqu&#039;\u00e0 la r\u00e9ception de vos vapes THC pr\u00e9f\u00e9r\u00e9es est transparent, s\u00e9curis\u00e9 et efficace. Nous appr\u00e9cions nos clients et nous effor\u00e7ons de faire de chaque \u00e9tape de votre exp\u00e9rience d&#039;achat chez nous un plaisir. Ci-dessous, nous examinons nos proc\u00e9dures d&#039;exp\u00e9dition et de paiement, d\u00e9crivant ce qui fait de faire des achats chez nous un choix d&#039;excellence.<\/p>\n\n\n\n<h3 class=\"wp-block-heading\">Exp\u00e9dition rapide et s\u00e9curis\u00e9e<\/h3>\n\n\n\n<p><strong>Exp\u00e9dition sous 48 heures\u00a0:<\/strong> Nous comprenons l&#039;impatience de recevoir votre commande, et c&#039;est pourquoi nous avons rationalis\u00e9 nos processus pour garantir que chaque commande soit exp\u00e9di\u00e9e dans les 48 heures suivant sa passation. Nos op\u00e9rations sont optimis\u00e9es pour garantir que vos vapes arrivent chez vous en un rien de temps.<\/p>\n\n\n\n<p><strong>Emballage discret\u00a0:<\/strong> Votre vie priv\u00e9e est primordiale. Chaque commande est emball\u00e9e discr\u00e8tement, garantissant que le contenu reste confidentiel et prot\u00e8ge la vie priv\u00e9e de nos clients. Nous veillons m\u00e9ticuleusement \u00e0 ce que vous seul connaissiez l&#039;excitation qui vous attend dans chaque package.<\/p>\n\n\n\n<p><strong>Assurance qualit\u00e9:<\/strong> Avant d&#039;envoyer une commande, chaque appareil est rigoureusement test\u00e9 pour garantir qu&#039;il r\u00e9pond \u00e0 nos normes de qualit\u00e9 strictes. Chaque emballage est soigneusement \u00e9tiquet\u00e9, garantissant que le produit qui vous parvient est en parfait \u00e9tat, pr\u00eat \u00e0 offrir l&#039;exp\u00e9rience de vapotage in\u00e9gal\u00e9e pour laquelle THC Zen Vapes est r\u00e9put\u00e9.<\/p>\n\n\n\n<h3 class=\"wp-block-heading\">Processus de paiement transparents et s\u00e9curis\u00e9s<\/h3>\n\n\n\n<p><strong>Traitement tiers\u00a0:<\/strong> Les paiements sont trait\u00e9s de mani\u00e8re transparente et s\u00e9curis\u00e9e par un fournisseur de traitement tiers, garantissant ainsi la protection de vos donn\u00e9es financi\u00e8res. Nous nous engageons \u00e0 respecter les normes de s\u00e9curit\u00e9 les plus \u00e9lev\u00e9es, garantissant que chaque transaction est effectu\u00e9e en toute confiance.<\/p>\n\n\n\n<p><strong>Politique de remboursement:<\/strong> Nous appr\u00e9cions nos clients et nous effor\u00e7ons d&#039;assurer leur satisfaction \u00e0 chaque \u00e9tape. Cependant, il est essentiel de noter que les paiements des commandes ne sont pas remboursables apr\u00e8s 7 jours suivant l&#039;exp\u00e9dition d&#039;une commande. Nous encourageons nos clients \u00e0 nous faire part de leurs pr\u00e9occupations dans ce d\u00e9lai afin de garantir une r\u00e9solution rapide et efficace.<\/p>\n\n\n\n<p><strong>Transactions en crypto-monnaie\u00a0:<\/strong> Dans notre volont\u00e9 d\u2019offrir des options de paiement diverses et pratiques, nous acceptons les paiements en crypto-monnaie. Il est toutefois important de noter que ces paiements ne sont pas remboursables. Nous invitons nos clients \u00e0 garantir l&#039;exactitude des transactions, car les paiements envoy\u00e9s vers le mauvais portefeuille ne seront pas reconnus comme une commande pay\u00e9e.<\/p>\n\n\n\n<h3 class=\"wp-block-heading\">En conclusion<\/h3>\n\n\n\n<p>THC Zen Vapes ne consiste pas seulement \u00e0 offrir une vaste gamme de vapes haut de gamme, mais \u00e9galement \u00e0 garantir que chaque interaction, de la commande \u00e0 la d\u00e9gustation de votre vape pr\u00e9f\u00e9r\u00e9e, soit caract\u00e9ris\u00e9e par l&#039;efficacit\u00e9, la s\u00e9curit\u00e9 et la commodit\u00e9. Nous \u00e9voluons constamment, adoptant des mesures innovantes pour am\u00e9liorer votre exp\u00e9rience d&#039;achat, en veillant \u00e0 ce que chaque \u00e9tape t\u00e9moigne de notre engagement envers l&#039;excellence, la qualit\u00e9 et un service client in\u00e9gal\u00e9.<\/p>\n\n\n\n<p>Votre satisfaction est notre priorit\u00e9 et, alors que nous continuons \u00e0 ouvrir de nouveaux horizons d&#039;offres, notre engagement \u00e0 garantir une exp\u00e9rience d&#039;achat transparente, s\u00e9curis\u00e9e et agr\u00e9able reste in\u00e9branlable. Avec THC Zen Vapes, chaque bouff\u00e9e n&#039;est pas seulement une exp\u00e9rience mais un voyage \u00e0 travers un monde o\u00f9 la qualit\u00e9, l&#039;innovation et l&#039;excellence du service convergent vers un r\u00e9cit de satisfaction in\u00e9gal\u00e9e. Bienvenue dans un monde o\u00f9 chaque interaction est con\u00e7ue pour faire \u00e9cho \u00e0 la sophistication et \u00e0 la qualit\u00e9 qui nous d\u00e9finissent. Bienvenue chez THC Zen Vapes.<\/p>","protected":false},"excerpt":{"rendered":"<p>Chez THC Zen Vapes, nous ne nous engageons pas seulement \u00e0 fournir des produits de qualit\u00e9 sup\u00e9rieure, mais nous garantissons \u00e9galement que le processus de la commande \u00e0 la r\u00e9ception de votre THC pr\u00e9f\u00e9r\u00e9<span class=\"excerpt-hellip\"> [\u2026]<\/span><\/p>","protected":false},"author":1,"featured_media":0,"parent":0,"menu_order":0,"comment_status":"closed","ping_status":"closed","template":"","meta":{"footnotes":""},"class_list":["post-242","page","type-page","status-publish","hentry"],"jetpack_sharing_enabled":true,"_links":{"self":[{"href":"https:\/\/thczenvapes.com\/fr\/wp-json\/wp\/v2\/pages\/242","targetHints":{"allow":["GET"]}}],"collection":[{"href":"https:\/\/thczenvapes.com\/fr\/wp-json\/wp\/v2\/pages"}],"about":[{"href":"https:\/\/thczenvapes.com\/fr\/wp-json\/wp\/v2\/types\/page"}],"author":[{"embeddable":true,"href":"https:\/\/thczenvapes.com\/fr\/wp-json\/wp\/v2\/users\/1"}],"replies":[{"embeddable":true,"href":"https:\/\/thczenvapes.com\/fr\/wp-json\/wp\/v2\/comments?post=242"}],"version-history":[{"count":1,"href":"https:\/\/thczenvapes.com\/fr\/wp-json\/wp\/v2\/pages\/242\/revisions"}],"predecessor-version":[{"id":243,"href":"https:\/\/thczenvapes.com\/fr\/wp-json\/wp\/v2\/pages\/242\/revisions\/243"}],"wp:attachment":[{"href":"https:\/\/thczenvapes.com\/fr\/wp-json\/wp\/v2\/media?parent=242"}],"curies":[{"name":"wp","href":"https:\/\/api.w.org\/{rel}","templated":true}]}}