{"id":240,"date":"2023-09-30T21:24:27","date_gmt":"2023-09-30T21:24:27","guid":{"rendered":"https:\/\/thczenvapes.com\/?page_id=240"},"modified":"2023-09-30T21:24:28","modified_gmt":"2023-09-30T21:24:28","slug":"overcoming-clogged-vapes-a-comprehensive-guide-by-thc-zen-vapes","status":"publish","type":"page","link":"https:\/\/thczenvapes.com\/fr\/surmonter-les-vapes-bouchees-un-guide-complet-de-thc-zen-vapes\/","title":{"rendered":"Surmonter les vapes obstru\u00e9es\u00a0: un guide complet de THC Zen Vapes"},"content":{"rendered":"<p>Se retrouver avec une vape bouch\u00e9e est un probl\u00e8me courant, et cela a tendance \u00e0 se produire plus fr\u00e9quemment pendant les mois les plus froids. Bien que des mesures pr\u00e9ventives telles que le stockage du stylo en position verticale puissent \u00eatre utiles, des obstructions peuvent n\u00e9anmoins se produire.<\/p>\n\n\n\n<p>Cependant, il y a une bonne nouvelle : r\u00e9soudre un probl\u00e8me est simple et direct. \u00c9tant donn\u00e9 que les constituants de la vape sont \u00e9pais et adh\u00e8rent ensemble \u00e0 des temp\u00e9ratures plus basses, appliquer un peu de chaleur peut les liqu\u00e9fier, simplifiant ainsi le processus de nettoyage. Ceci peut \u00eatre r\u00e9alis\u00e9 soit en soufflant dans la vape, soit en la r\u00e9chauffant plusieurs fois pour dissoudre les substances obstruant les passages d&#039;air.<\/p>\n\n\n\n<h3 class=\"wp-block-heading\">\u00c9tapes pour d\u00e9boucher vos THC Zen Vapes\u00a0:<\/h3>\n\n\n\n<p><strong>1. Nettoyez en profondeur votre vape\u00a0:<\/strong> Utilisez un instrument mince et allong\u00e9 comme un trombone ou un cure-dent pour sonder doucement l&#039;embout buccal. Balayez soigneusement l&#039;instrument d&#039;un c\u00f4t\u00e9 \u00e0 l&#039;autre pour nettoyer les parties int\u00e9rieures de l&#039;embout buccal, \u00e9liminant ainsi l&#039;exc\u00e8s d&#039;huile. Cette m\u00e9thode doit \u00eatre ex\u00e9cut\u00e9e avec prudence et peut fournir une solution rapide aux blocages.<\/p>\n\n\n\n<p><strong>2. R\u00e9chauffez-le\u00a0:<\/strong> Pensez \u00e0 utiliser un s\u00e8che-cheveux pour r\u00e9chauffer votre stylo pendant plusieurs secondes tout en le maintenant vertical pour faciliter l&#039;\u00e9coulement de l&#039;huile hors des canaux d&#039;air. Si un s\u00e8che-cheveux n&#039;est pas \u00e0 port\u00e9e de main, placez votre stylo vape dans un sac en plastique scell\u00e9 et plongez-le dans de l&#039;eau ti\u00e8de, en vous assurant qu&#039;aucune eau ne s&#039;infiltre dans le sac ou n&#039;entre en contact avec le stylo.<\/p>\n\n\n\n<p><strong>3. Tirages d\u2019air doux\u00a0:<\/strong> En cas de colmatage, aspirez d\u00e9licatement de l&#039;air. Vous pourriez sentir l\u2019obstruction se d\u00e9placer dans le canal d\u2019air, corrigeant ainsi le probl\u00e8me. \u00c9vitez les tractions intenses pour emp\u00eacher que de l&#039;huile suppl\u00e9mentaire ne p\u00e9n\u00e8tre dans les voies respiratoires. Souffler directement dans la base du port USB-C peut \u00e9galement \u00eatre efficace pour r\u00e9soudre le blocage.<\/p>\n\n\n\n<h3 class=\"wp-block-heading\">Conseils pour \u00e9viter les bouchons\u00a0:<\/h3>\n\n\n\n<p>\u2022 <strong>Stockage appropri\u00e9\u00a0:<\/strong> Apr\u00e8s utilisation, assurez-vous que le stylo est rang\u00e9 verticalement jusqu&#039;\u00e0 ce que l&#039;huile retrouve son \u00e9paisseur.<\/p>\n\n\n\n<p>\u2022 <strong>Entretien de la batterie\u00a0:<\/strong> Assurez-vous que votre batterie est toujours compl\u00e8tement charg\u00e9e.<\/p>\n\n\n\n<p>\u2022 <strong>Pr\u00e9cautions de stockage\u00a0:<\/strong> \u00c9vitez de mettre votre vape dans vos poches.<\/p>\n\n\n\n<p>\u2022 <strong>Exposition au soleil\u00a0:<\/strong> Minimisez l\u2019exposition directe au soleil, en particulier pendant des dur\u00e9es prolong\u00e9es.<\/p>\n\n\n\n<p>\u2022 <strong>Contr\u00f4le de la temp\u00e9rature:<\/strong> \u00c9vitez de laisser votre vape dans votre voiture pour \u00e9viter les variations de temp\u00e9rature et pensez \u00e0 la stocker dans un endroit chaud, car le froid peut provoquer un \u00e9paississement et une cristallisation du liquide de vape.<\/p>\n\n\n\n<p>\u2022 <strong>Utilisation r\u00e9guli\u00e8re\u00a0:<\/strong> Utilisez fr\u00e9quemment votre vape. Les sabots sont souvent le r\u00e9sultat de l&#039;inactivit\u00e9 ; un coup rapide plusieurs fois par semaine peut maintenir un passage d\u00e9gag\u00e9.<\/p>\n\n\n\n<p>Nous sommes extr\u00eamement reconnaissants de votre soutien ind\u00e9fectible et vous encourageons \u00e0 profiter pleinement de notre gamme de produits. Chaque bouff\u00e9e est con\u00e7ue pour offrir une exp\u00e9rience in\u00e9gal\u00e9e de qualit\u00e9, de saveur et de satisfaction.<\/p>\n\n\n\n<p>Cordialement,<br>Votre \u00e9quipe THC Zen Vapes !<\/p>","protected":false},"excerpt":{"rendered":"<p>Se retrouver avec une vape bouch\u00e9e est un probl\u00e8me courant, et cela a tendance \u00e0 se produire plus fr\u00e9quemment pendant les mois les plus froids. Bien que les mesures pr\u00e9ventives comme le stockage du stylo<span class=\"excerpt-hellip\"> [\u2026]<\/span><\/p>","protected":false},"author":1,"featured_media":0,"parent":0,"menu_order":0,"comment_status":"closed","ping_status":"closed","template":"","meta":{"footnotes":""},"class_list":["post-240","page","type-page","status-publish","hentry"],"jetpack_sharing_enabled":true,"_links":{"self":[{"href":"https:\/\/thczenvapes.com\/fr\/wp-json\/wp\/v2\/pages\/240","targetHints":{"allow":["GET"]}}],"collection":[{"href":"https:\/\/thczenvapes.com\/fr\/wp-json\/wp\/v2\/pages"}],"about":[{"href":"https:\/\/thczenvapes.com\/fr\/wp-json\/wp\/v2\/types\/page"}],"author":[{"embeddable":true,"href":"https:\/\/thczenvapes.com\/fr\/wp-json\/wp\/v2\/users\/1"}],"replies":[{"embeddable":true,"href":"https:\/\/thczenvapes.com\/fr\/wp-json\/wp\/v2\/comments?post=240"}],"version-history":[{"count":1,"href":"https:\/\/thczenvapes.com\/fr\/wp-json\/wp\/v2\/pages\/240\/revisions"}],"predecessor-version":[{"id":241,"href":"https:\/\/thczenvapes.com\/fr\/wp-json\/wp\/v2\/pages\/240\/revisions\/241"}],"wp:attachment":[{"href":"https:\/\/thczenvapes.com\/fr\/wp-json\/wp\/v2\/media?parent=240"}],"curies":[{"name":"wp","href":"https:\/\/api.w.org\/{rel}","templated":true}]}}