{"id":237,"date":"2023-09-30T21:22:21","date_gmt":"2023-09-30T21:22:21","guid":{"rendered":"https:\/\/thczenvapes.com\/?page_id=237"},"modified":"2023-09-30T21:22:23","modified_gmt":"2023-09-30T21:22:23","slug":"countries-we-ship-to","status":"publish","type":"page","link":"https:\/\/thczenvapes.com\/fr\/pays-vers-lesquels-nous-expedions\/","title":{"rendered":"Pays vers lesquels nous exp\u00e9dions"},"content":{"rendered":"<p>Chez Zen THC Vapes, nous sommes fiers de notre capacit\u00e9 \u00e0 servir un large \u00e9ventail de clients provenant de divers coins d&#039;Europe. Nous sommes r\u00e9put\u00e9s pour nos produits de qualit\u00e9 sup\u00e9rieure, notre service client exceptionnel et nos syst\u00e8mes de livraison rapides. Notre port\u00e9e s&#039;\u00e9tend au-del\u00e0 des fronti\u00e8res, garantissant que nos estim\u00e9s clients re\u00e7oivent leurs THC Vapes pr\u00e9f\u00e9r\u00e9s directement chez eux, quel que soit leur emplacement dans les r\u00e9gions que nous couvrons. Vous trouverez ci-dessous un aper\u00e7u des pays qui figurent sur notre radar de navigation.<\/p>\n\n\n\n<h3 class=\"wp-block-heading\">Notre port\u00e9e \u00e0 travers l\u2019Europe<\/h3>\n\n\n\n<p><strong>Allemagne<\/strong> \u2013 Terre connue pour sa riche histoire et ses avanc\u00e9es technologiques, nous veillons \u00e0 ce que nos clients allemands b\u00e9n\u00e9ficient d\u2019un acc\u00e8s transparent \u00e0 nos produits de premier ordre.<\/p>\n\n\n\n<p><strong>Italie<\/strong> \u2013 Des merveilles architecturales de Rome aux canaux sereins de Venise, notre client\u00e8le italienne b\u00e9n\u00e9ficie d\u2019une livraison ininterrompue de Zen THC Vapes.<\/p>\n\n\n\n<p><strong>le Portugal<\/strong> \u2013 Que ce soit dans les centres historiques de Porto ou dans les magnifiques paysages de Lisbonne, nos clients au Portugal ne sont jamais trop loin pour profiter de nos services de livraison impeccables.<\/p>\n\n\n\n<p><strong>Espagne<\/strong> \u2013 Aussi color\u00e9 et diversifi\u00e9 que le pays lui-m\u00eame, nous proposons une gamme de THC Vapes pour r\u00e9pondre aux go\u00fbts \u00e9clectiques de nos clients espagnols.<\/p>\n\n\n\n<p><strong>France<\/strong> \u2013 Dans l\u2019ambiance romantique de Paris et d\u2019ailleurs, les connaisseurs fran\u00e7ais de cannabis pourront facilement mettre la main sur notre assortiment de produits.<\/p>\n\n\n\n<p><strong>Belgique<\/strong> \u2013 Connue pour ses villes m\u00e9di\u00e9vales et son architecture Renaissance, la Belgique abrite \u00e9galement une population qui b\u00e9n\u00e9ficie d\u2019un acc\u00e8s sans entrave aux Zen THC Vapes.<\/p>\n\n\n\n<h3 class=\"wp-block-heading\">Plonger dans diverses donn\u00e9es d\u00e9mographiques<\/h3>\n\n\n\n<p><strong>Suisse<\/strong> et <strong>Slov\u00e9nie<\/strong> \u2013 Au milieu de paysages sereins et d\u2019une vie sophistiqu\u00e9e, nous veillons \u00e0 ce que la population profite d\u2019une gamme vari\u00e9e de nos vapes THC.<\/p>\n\n\n\n<p><strong>Estonie, Slovaquie, R\u00e9publique tch\u00e8que et Pologne<\/strong> \u2013 Dans ces joyaux architecturaux de l&#039;Europe, nous avons \u00e9tabli un r\u00e9seau qui garantit des livraisons rapides et efficaces.<\/p>\n\n\n\n<p><strong>Hongrie<\/strong> et <strong>Royaume-Uni (Royaume-Uni)<\/strong> \u2013 Nos clients estim\u00e9s dans les villes historiques et les m\u00e9tropoles modernes re\u00e7oivent leurs commandes avec rapidit\u00e9 et pr\u00e9cision.<\/p>\n\n\n\n<h3 class=\"wp-block-heading\">Nous sommes \u00e0 port\u00e9e de clic<\/h3>\n\n\n\n<p><strong>Autriche, Bulgarie, Croatie, Chypre, Danemark, Finlande, Gr\u00e8ce, Irlande, Lettonie, Lituanie, Luxembourg, Malte, Pays-Bas, Roumanie, Su\u00e8de<\/strong> \u2013 Notre empreinte s\u2019\u00e9tend de mani\u00e8re robuste, garantissant que chaque pays, avec sa culture et son patrimoine uniques, est au courant de notre r\u00e9seau de livraison efficace.<\/p>\n\n\n\n<h3 class=\"wp-block-heading\">Conclusion<\/h3>\n\n\n\n<p>Chez Zen THC Vapes, le monde est notre hu\u00eetre et l&#039;Europe est notre joyau ch\u00e9ri. Nos capacit\u00e9s d&#039;exp\u00e9dition \u00e9tendues sont con\u00e7ues pour garantir qu&#039;aucun client n&#039;est laiss\u00e9 pour compte et que chaque individu, quel que soit son emplacement, puisse profiter de la qualit\u00e9 impeccable et de la vari\u00e9t\u00e9 in\u00e9gal\u00e9e de nos vapes THC.<\/p>\n\n\n\n<p>Chaque commande est trait\u00e9e avec la plus grande pr\u00e9cision, garantissant des livraisons dans les d\u00e9lais et des produits qui vous parviennent en parfait \u00e9tat, pr\u00e9servant ainsi la qualit\u00e9 et l&#039;int\u00e9grit\u00e9 qui font la renomm\u00e9e de Zen THC Vapes.<\/p>\n\n\n\n<p>Notre engagement \u00e0 transcender les fronti\u00e8res est in\u00e9branlable, et alors que nous continuons \u00e0 \u00e9largir nos horizons, notre engagement envers un service et une qualit\u00e9 irr\u00e9prochables reste plus in\u00e9branlable que jamais. Avec Zen THC Vapes, vous n&#039;\u00eates pas seulement un client ; vous \u00eates un membre appr\u00e9ci\u00e9 d&#039;une famille mondiale o\u00f9 la qualit\u00e9, la diversit\u00e9 et un service impeccable sont les pierres angulaires de votre exp\u00e9rience.<\/p>","protected":false},"excerpt":{"rendered":"<p>Chez Zen THC Vapes, nous sommes fiers de notre capacit\u00e9 \u00e0 servir un large \u00e9ventail de clients provenant de divers coins d&#039;Europe. Nous sommes r\u00e9put\u00e9s pour<span class=\"excerpt-hellip\"> [\u2026]<\/span><\/p>","protected":false},"author":1,"featured_media":0,"parent":0,"menu_order":0,"comment_status":"closed","ping_status":"closed","template":"","meta":{"footnotes":""},"class_list":["post-237","page","type-page","status-publish","hentry"],"jetpack_sharing_enabled":true,"_links":{"self":[{"href":"https:\/\/thczenvapes.com\/fr\/wp-json\/wp\/v2\/pages\/237","targetHints":{"allow":["GET"]}}],"collection":[{"href":"https:\/\/thczenvapes.com\/fr\/wp-json\/wp\/v2\/pages"}],"about":[{"href":"https:\/\/thczenvapes.com\/fr\/wp-json\/wp\/v2\/types\/page"}],"author":[{"embeddable":true,"href":"https:\/\/thczenvapes.com\/fr\/wp-json\/wp\/v2\/users\/1"}],"replies":[{"embeddable":true,"href":"https:\/\/thczenvapes.com\/fr\/wp-json\/wp\/v2\/comments?post=237"}],"version-history":[{"count":1,"href":"https:\/\/thczenvapes.com\/fr\/wp-json\/wp\/v2\/pages\/237\/revisions"}],"predecessor-version":[{"id":238,"href":"https:\/\/thczenvapes.com\/fr\/wp-json\/wp\/v2\/pages\/237\/revisions\/238"}],"wp:attachment":[{"href":"https:\/\/thczenvapes.com\/fr\/wp-json\/wp\/v2\/media?parent=237"}],"curies":[{"name":"wp","href":"https:\/\/api.w.org\/{rel}","templated":true}]}}