{"id":223,"date":"2023-09-30T20:22:52","date_gmt":"2023-09-30T20:22:52","guid":{"rendered":"https:\/\/thczenvapes.com\/?page_id=223"},"modified":"2023-09-30T21:16:59","modified_gmt":"2023-09-30T21:16:59","slug":"terms-and-conditions","status":"publish","type":"page","link":"https:\/\/thczenvapes.com\/fr\/termes-et-conditions\/","title":{"rendered":"Termes et conditions"},"content":{"rendered":"<p>Bienvenue chez Zen THC Vapes. Ces termes et conditions d\u00e9crivent les r\u00e8gles et r\u00e9glementations d&#039;utilisation du site Web et des services de Zen THC Vapes. En acc\u00e9dant \u00e0 ce site Web, nous supposons que vous acceptez ces termes et conditions dans leur int\u00e9gralit\u00e9. Ne continuez pas \u00e0 utiliser le site Web de Zen THC Vapes si vous n&#039;acceptez pas tous les termes et conditions \u00e9nonc\u00e9s sur cette page.<\/p>\n\n\n\n<h4 class=\"wp-block-heading\"><strong>1. Conditions de la boutique en ligne<\/strong><\/h4>\n\n\n\n<p>En acceptant ces conditions de service, vous d\u00e9clarez que vous avez au moins l&#039;\u00e2ge de la majorit\u00e9 dans votre \u00e9tat ou province de r\u00e9sidence, ou que vous avez l&#039;\u00e2ge de la majorit\u00e9 dans votre \u00e9tat ou province de r\u00e9sidence et vous nous avez donn\u00e9 votre consentement \u00e0 permettre \u00e0 l&#039;une des personnes mineures \u00e0 votre charge d&#039;utiliser ce site.<\/p>\n\n\n\n<h4 class=\"wp-block-heading\"><strong>2. Conditions g\u00e9n\u00e9rales<\/strong><\/h4>\n\n\n\n<p>Nous nous r\u00e9servons le droit de refuser le service \u00e0 quiconque, pour quelque raison que ce soit, \u00e0 tout moment. Vous comprenez que votre contenu (\u00e0 l&#039;exclusion des informations de carte de cr\u00e9dit) peut \u00eatre transf\u00e9r\u00e9 en clair et impliquer des transmissions sur divers r\u00e9seaux et des modifications pour se conformer et s&#039;adapter aux exigences techniques de connexion des r\u00e9seaux ou des appareils.<\/p>\n\n\n\n<h4 class=\"wp-block-heading\"><strong>3. Produits ou services<\/strong><\/h4>\n\n\n\n<p>Certains produits ou services peuvent \u00eatre disponibles exclusivement en ligne via le site Web. Ces produits ou services peuvent avoir des quantit\u00e9s limit\u00e9es et sont sujets \u00e0 retour ou \u00e0 \u00e9change uniquement conform\u00e9ment \u00e0 notre politique de retour.<\/p>\n\n\n\n<h4 class=\"wp-block-heading\"><strong>4. Exactitude des informations de facturation et de compte<\/strong><\/h4>\n\n\n\n<p>Nous nous r\u00e9servons le droit de refuser toute commande que vous passez chez nous. Nous pouvons, \u00e0 notre seule discr\u00e9tion, limiter ou annuler les quantit\u00e9s achet\u00e9es par personne, par foyer ou par commande.<\/p>\n\n\n\n<h4 class=\"wp-block-heading\"><strong>5. Outils optionnels<\/strong><\/h4>\n\n\n\n<p>Nous pouvons vous fournir un acc\u00e8s \u00e0 des outils tiers sur lesquels nous ne surveillons ni n&#039;avons aucun contr\u00f4le ou contribution.<\/p>\n\n\n\n<h4 class=\"wp-block-heading\"><strong>6. Politique de remboursement<\/strong><\/h4>\n\n\n\n<p>Nous proposons une politique de remboursement \u00e0 nos pr\u00e9cieux clients pour leur tranquillit\u00e9 d&#039;esprit et une exp\u00e9rience d&#039;achat am\u00e9lior\u00e9e. Les remboursements sont disponibles dans les 5 jours suivant l&#039;exp\u00e9dition de l&#039;article. Pour initier un remboursement, contactez notre service client avec les d\u00e9tails de votre commande et nous vous guiderons tout au long du processus. Le produit doit \u00eatre retourn\u00e9 dans son \u00e9tat d&#039;origine, et les frais de port pour le retour de l&#039;article sont \u00e0 la charge du client.<\/p>\n\n\n\n<h4 class=\"wp-block-heading\"><strong>7. Limitation de responsabilit\u00e9<\/strong><\/h4>\n\n\n\n<p>En aucun cas Zen THC Vapes, nos administrateurs, dirigeants, employ\u00e9s, soci\u00e9t\u00e9s affili\u00e9es, agents, entrepreneurs, stagiaires, fournisseurs, prestataires de services ou conc\u00e9dants de licence ne pourront \u00eatre tenus responsables de toute blessure, perte, r\u00e9clamation ou de tout dommage direct, indirect, accidentel, punitif, sp\u00e9cial. , ou des dommages cons\u00e9cutifs de toute nature.<\/p>\n\n\n\n<h4 class=\"wp-block-heading\"><strong>8. Indemnisation<\/strong><\/h4>\n\n\n\n<p>Vous acceptez d&#039;indemniser, de d\u00e9fendre et de d\u00e9gager Zen THC Vapes et nos soci\u00e9t\u00e9s m\u00e8res, filiales, soci\u00e9t\u00e9s affili\u00e9es, partenaires, dirigeants, administrateurs, agents, entrepreneurs, conc\u00e9dants de licence, prestataires de services, sous-traitants, fournisseurs, stagiaires et employ\u00e9s, de toute r\u00e9clamation ou demande.<\/p>\n\n\n\n<h4 class=\"wp-block-heading\"><strong>9. Divisibilit\u00e9<\/strong><\/h4>\n\n\n\n<p>Dans le cas o\u00f9 une disposition des pr\u00e9sentes Conditions de service est jug\u00e9e ill\u00e9gale, nulle ou inapplicable, cette disposition sera n\u00e9anmoins ex\u00e9cutoire dans toute la mesure permise par la loi applicable.<\/p>\n\n\n\n<h4 class=\"wp-block-heading\"><strong>10. R\u00e9siliation<\/strong><\/h4>\n\n\n\n<p>Les obligations et responsabilit\u00e9s des parties encourues avant la date de r\u00e9siliation survivront \u00e0 la r\u00e9siliation du pr\u00e9sent accord \u00e0 toutes fins.<\/p>","protected":false},"excerpt":{"rendered":"<p>Bienvenue chez Zen THC Vapes. Ces termes et conditions d\u00e9crivent les r\u00e8gles et r\u00e9glementations d&#039;utilisation du site Web et des services de Zen THC Vapes. En acc\u00e9dant<span class=\"excerpt-hellip\"> [\u2026]<\/span><\/p>","protected":false},"author":1,"featured_media":0,"parent":0,"menu_order":0,"comment_status":"closed","ping_status":"closed","template":"","meta":{"footnotes":""},"class_list":["post-223","page","type-page","status-publish","hentry"],"jetpack_sharing_enabled":true,"_links":{"self":[{"href":"https:\/\/thczenvapes.com\/fr\/wp-json\/wp\/v2\/pages\/223","targetHints":{"allow":["GET"]}}],"collection":[{"href":"https:\/\/thczenvapes.com\/fr\/wp-json\/wp\/v2\/pages"}],"about":[{"href":"https:\/\/thczenvapes.com\/fr\/wp-json\/wp\/v2\/types\/page"}],"author":[{"embeddable":true,"href":"https:\/\/thczenvapes.com\/fr\/wp-json\/wp\/v2\/users\/1"}],"replies":[{"embeddable":true,"href":"https:\/\/thczenvapes.com\/fr\/wp-json\/wp\/v2\/comments?post=223"}],"version-history":[{"count":2,"href":"https:\/\/thczenvapes.com\/fr\/wp-json\/wp\/v2\/pages\/223\/revisions"}],"predecessor-version":[{"id":233,"href":"https:\/\/thczenvapes.com\/fr\/wp-json\/wp\/v2\/pages\/223\/revisions\/233"}],"wp:attachment":[{"href":"https:\/\/thczenvapes.com\/fr\/wp-json\/wp\/v2\/media?parent=223"}],"curies":[{"name":"wp","href":"https:\/\/api.w.org\/{rel}","templated":true}]}}