{"id":320,"date":"2023-11-02T09:47:55","date_gmt":"2023-11-02T09:47:55","guid":{"rendered":"https:\/\/thczenvapes.com\/?page_id=320"},"modified":"2023-11-02T10:14:50","modified_gmt":"2023-11-02T10:14:50","slug":"buy-online-thc-vapes-with-ease-in-belgium-easy-guide-how-to-purchase-thc-zen-vape-in-belgium","status":"publish","type":"page","link":"https:\/\/thczenvapes.com\/es\/comprar-thc-en-linea\/compre-vaporizadores-de-thc-en-linea-con-facilidad-en-belgica-guia-sencilla-sobre-como-comprar-vaporizadores-de-thc-zen-en-belgica\/","title":{"rendered":"Compre vaporizadores de THC en l\u00ednea con facilidad en B\u00e9lgica: Gu\u00eda sencilla sobre c\u00f3mo comprar THC Zen Vape en B\u00e9lgica"},"content":{"rendered":"<p>Nuestro objetivo es facilitar el proceso de compra de vaporizadores de THC en B\u00e9lgica. Ya sea que sea nuevo en el vapeo de THC o un entusiasta experimentado, nuestra plataforma est\u00e1 aqu\u00ed para satisfacer sus necesidades. Explore nuestra selecci\u00f3n, compre vaporizadores de THC en B\u00e9lgica con confianza y mejore su experiencia de THC con THC Zen Vapes.<\/p>\n<style>\/*! elementor - v3.15.0 - 02-08-2023 *\/\n.elementor-heading-title{padding:0;margin:0;line-height:1}.elementor-widget-heading .elementor-heading-title[class*=elementor-size-]>a{color:inherit;font-size:inherit;line-height:inherit}.elementor-widget-heading .elementor-heading-title.elementor-size-small{font-size:15px}.elementor-widget-heading .elementor-heading-title.elementor-size-medium{font-size:19px}.elementor-widget-heading .elementor-heading-title.elementor-size-large{font-size:29px}.elementor-widget-heading .elementor-heading-title.elementor-size-xl{font-size:39px}.elementor-widget-heading .elementor-heading-title.elementor-size-xxl{font-size:59px}<\/style>\n<h3>Introducci\u00f3n para comprar THC Zen Vapes en B\u00e9lgica:<\/h3>\n<p>Bienvenido a THC Zen Vapes B\u00e9lgica, su <strong>confiable<\/strong> destino para perfecta <strong>vaporizador de THC<\/strong> compras. Nuestra misi\u00f3n es proporcionar una selecci\u00f3n diversa de <strong>THC de primera calidad<\/strong> productos de vapeo, lo que garantiza una experiencia sin complicaciones mientras explora el mundo del THC. Nuestro f\u00e1cil de usar <a href=\"https:\/\/thczenvapes.com\/es\/shop\/\">tienda en l\u00ednea<\/a> est\u00e1 dise\u00f1ado pensando en su comodidad y ofrece descripciones detalladas de los productos e im\u00e1genes de alta resoluci\u00f3n para ayudarle a tomar decisiones informadas.<\/p>\n<h3>Experiencia de compra con THC Zen Vapes: <\/h3>\n<p>En THC Zen Vapes Belgium, nos enorgullecemos de ofrecer una experiencia de compra extraordinaria. Nuestro <strong><a href=\"https:\/\/thczenvapes.com\/es\/shop\/\">tienda en l\u00ednea<\/a><\/strong> est\u00e1 cuidadosamente dise\u00f1ado para una f\u00e1cil navegaci\u00f3n, lo que le permite explorar y seleccionar productos que se alineen con sus preferencias sin esfuerzo.<\/p>\n<link rel=\"stylesheet\" href=\"https:\/\/thczenvapes.com\/wp-content\/plugins\/elementor-pro\/assets\/css\/widget-call-to-action.min.css\">\n<h2>Comprar vaporizadores ZEN THC premium<\/h2>\n<p>\t\t\t\t\t\tAsegure su compra de Zen THC Vapes de B\u00e9lgica<br \/>\n\t\t\t\t\t<a href=\"https:\/\/thczenvapes.com\/es\/shop\/\"><br \/>\n\t\t\t\t\t\tComprar ahora\t\t\t\t\t<\/a><\/p>\n<h3>Navegar por la tienda:<\/h3>\n<p>Navegando por nuestro <a href=\"https:\/\/thczenvapes.com\/es\/shop\/\">almacenar<\/a> es simple. Puede buscar productos espec\u00edficos o navegar por categor\u00edas para encontrar el producto perfecto.<strong> vaporizador de THC<\/strong> para tus necesidades. Con una perfecta y <a href=\"https:\/\/thczenvapes.com\/es\/una-guia-paso-a-paso-para-el-pago-de-facturas-en-la-tienda-zen-vapes\/\"><strong>pago seguro<\/strong><\/a> proceso, tendr\u00e1 los productos que desea en camino hacia usted r\u00e1pidamente.<\/p>\n<h3>Compra online en B\u00e9lgica:<\/h3>\n<p>Adquisitivo <a href=\"https:\/\/thczenvapes.com\/es\/shop\/\">vaporizadores de THC online<\/a> En B\u00e9lgica nunca ha sido m\u00e1s conveniente. Ofrecemos rapidez y <a href=\"https:\/\/thczenvapes.com\/es\/envios-y-pagos-garantizando-eficiencia-y-seguridad-en-thc-zen-vapes\/\"><strong>env\u00edo discreto<\/strong><\/a> en todo el pa\u00eds, asegurando su <strong>privacidad y seguridad<\/strong> durante todo el proceso.<\/p>\n<h3>Gama de productos:<\/h3>\n<p>Explore nuestra amplia selecci\u00f3n de productos para vapear THC, desde <a href=\"https:\/\/thczenvapes.com\/es\/shop\/\"><strong>vaporizador premium<\/strong><\/a> bol\u00edgrafos hasta una variedad de l\u00edquidos electr\u00f3nicos con infusi\u00f3n de THC. Obtenemos nuestros productos de fabricantes acreditados para <strong>garantizar la calidad<\/strong> y potencia. Ya sea que sea un entusiasta experimentado del THC o un explorador por primera vez, atendemos todas las preferencias.<\/p>\n<h3>Seguridad y privacidad al comprar THC Zen en B\u00e9lgica:<\/h3>\n<p>En THC Zen Vapes B\u00e9lgica, su <a href=\"https:\/\/thczenvapes.com\/es\/politica-de-privacidad-2\/\"><strong>seguridad y privacidad<\/strong><\/a> son nuestras principales prioridades. Tomamos todas las medidas necesarias para proteger su informaci\u00f3n personal y garantizar <a href=\"https:\/\/thczenvapes.com\/es\/envios-y-pagos-garantizando-eficiencia-y-seguridad-en-thc-zen-vapes\/\"><strong>entregas de pedidos discretas<\/strong><\/a>. Todos nuestros productos se someten a pruebas exhaustivas de laboratorio para cumplir con los m\u00e1s altos est\u00e1ndares de <strong>calidad y seguridad<\/strong>, garantizando tranquilidad en cada compra.<\/p>\n<h3>Pide tu THC Zen Vape de forma segura y sencilla desde B\u00e9lgica:<br \/>Compra seguro y r\u00e1pido<\/h3>\n<h3>Preguntas frecuentes (FAQ):<\/h3>\n<ul>\n<li><strong>\u00bfEs legal comprar vaporizadores de THC en B\u00e9lgica?<\/strong> El estatus legal de los vaporizadores de THC en B\u00e9lgica puede ser complejo. Es importante comprender que el THC es una sustancia controlada y que el uso y posesi\u00f3n de productos de vapeo con THC generalmente est\u00e1n sujetos a regulaciones estrictas. Le recomendamos que se familiarice con las leyes y regulaciones de su \u00e1rea para garantizar su cumplimiento.<\/li>\n<li><strong>\u00bfQu\u00e9 m\u00e9todos de pago aceptan?<\/strong> Ofrecemos una variedad de m\u00e9todos de pago para su comodidad, incluidas tarjetas de cr\u00e9dito\/d\u00e9bito, transferencias bancarias y criptomonedas.<\/li>\n<li><strong>\u00bfOfrecen env\u00edos internacionales a otros pa\u00edses europeos? <\/strong>S\u00ed, ofrecemos env\u00edos internacionales a pa\u00edses europeos seleccionados. Consulte nuestra informaci\u00f3n de env\u00edo para obtener la lista de <a href=\"https:\/\/thczenvapes.com\/es\/paises-a-los-que-enviamos\/\"><strong>destinos admitidos<\/strong><\/a>.<\/li>\n<li><strong>\u00bfC\u00f3mo puedo comunicarme con su equipo de atenci\u00f3n al cliente si tengo preguntas o inquietudes? <\/strong>Puede comunicarse con nuestro equipo de atenci\u00f3n al cliente a trav\u00e9s de correo electr\u00f3nico, tel\u00e9fono o la funci\u00f3n de chat en vivo de nuestro sitio web. Estamos aqu\u00ed para ayudarle con cualquier consulta o inquietud.<\/li>\n<li><strong>\u00bfHay descuentos o promociones para los clientes que regresan? <\/strong>S\u00ed, ofrecemos peri\u00f3dicamente promociones y descuentos especiales a nuestros clientes leales. Mant\u00e9ngase actualizado sobre nuestras \u00faltimas ofertas suscribi\u00e9ndose a nuestro bolet\u00edn y sigui\u00e9ndonos en las redes sociales.<\/li>\n<\/ul>\n<style>\/*! elementor - v3.15.0 - 02-08-2023 *\/\n.elementor-widget-image{text-align:center}.elementor-widget-image a{display:inline-block}.elementor-widget-image a img[src$=\".svg\"]{width:48px}.elementor-widget-image img{vertical-align:middle;display:inline-block}<\/style>\n<p>\t\t\t\t\t\t\t\t\t\t\t\t<img loading=\"lazy\" decoding=\"async\" width=\"150\" height=\"150\" src=\"https:\/\/thczenvapes.com\/wp-content\/uploads\/2023\/09\/logo_only_512-150x150.png\" alt=\"los vaporizadores\" srcset=\"https:\/\/thczenvapes.com\/wp-content\/uploads\/2023\/09\/logo_only_512-150x150.png 150w, https:\/\/thczenvapes.com\/wp-content\/uploads\/2023\/09\/logo_only_512-300x300.png 300w, https:\/\/thczenvapes.com\/wp-content\/uploads\/2023\/09\/logo_only_512-500x500.png 500w, https:\/\/thczenvapes.com\/wp-content\/uploads\/2023\/09\/logo_only_512-75x75.png 75w, https:\/\/thczenvapes.com\/wp-content\/uploads\/2023\/09\/logo_only_512-480x480.png 480w, https:\/\/thczenvapes.com\/wp-content\/uploads\/2023\/09\/logo_only_512.png 512w\" sizes=\"auto, (max-width:767px) 150px, 150px\" title=\"los vaporizadores\"><\/p>","protected":false},"excerpt":{"rendered":"<p>Nuestro objetivo es hacer que el proceso de comprar vaporizadores de THC en B\u00e9lgica sea sencillo. Tanto si eres nuevo en el vapeo de THC como si eres un entusiasta experimentado, nuestra plataforma<span class=\"excerpt-hellip\"> [\u2026]<\/span><\/p>","protected":false},"author":1,"featured_media":0,"parent":138,"menu_order":0,"comment_status":"closed","ping_status":"closed","template":"","meta":{"footnotes":""},"class_list":["post-320","page","type-page","status-publish","hentry"],"jetpack_sharing_enabled":true,"_links":{"self":[{"href":"https:\/\/thczenvapes.com\/es\/wp-json\/wp\/v2\/pages\/320","targetHints":{"allow":["GET"]}}],"collection":[{"href":"https:\/\/thczenvapes.com\/es\/wp-json\/wp\/v2\/pages"}],"about":[{"href":"https:\/\/thczenvapes.com\/es\/wp-json\/wp\/v2\/types\/page"}],"author":[{"embeddable":true,"href":"https:\/\/thczenvapes.com\/es\/wp-json\/wp\/v2\/users\/1"}],"replies":[{"embeddable":true,"href":"https:\/\/thczenvapes.com\/es\/wp-json\/wp\/v2\/comments?post=320"}],"version-history":[{"count":5,"href":"https:\/\/thczenvapes.com\/es\/wp-json\/wp\/v2\/pages\/320\/revisions"}],"predecessor-version":[{"id":325,"href":"https:\/\/thczenvapes.com\/es\/wp-json\/wp\/v2\/pages\/320\/revisions\/325"}],"up":[{"embeddable":true,"href":"https:\/\/thczenvapes.com\/es\/wp-json\/wp\/v2\/pages\/138"}],"wp:attachment":[{"href":"https:\/\/thczenvapes.com\/es\/wp-json\/wp\/v2\/media?parent=320"}],"curies":[{"name":"wp","href":"https:\/\/api.w.org\/{rel}","templated":true}]}}