{"id":240,"date":"2023-09-30T21:24:27","date_gmt":"2023-09-30T21:24:27","guid":{"rendered":"https:\/\/thczenvapes.com\/?page_id=240"},"modified":"2023-09-30T21:24:28","modified_gmt":"2023-09-30T21:24:28","slug":"overcoming-clogged-vapes-a-comprehensive-guide-by-thc-zen-vapes","status":"publish","type":"page","link":"https:\/\/thczenvapes.com\/es\/superar-los-vaporizadores-obstruidos-una-guia-completa-de-thc-zen-vapes\/","title":{"rendered":"Superar los vaporizadores obstruidos: una gu\u00eda completa de THC Zen Vapes"},"content":{"rendered":"<p>Experimentar un vaporizador obstruido es un problema com\u00fan y tiende a ocurrir con m\u00e1s frecuencia durante los meses m\u00e1s fr\u00edos. Aunque las medidas preventivas como guardar el bol\u00edgrafo en posici\u00f3n vertical pueden ser \u00fatiles, a veces a\u00fan pueden producirse obstrucciones.<\/p>\n\n\n\n<p>Sin embargo, hay buenas noticias: resolver una obstrucci\u00f3n es sencillo y sencillo. Dado que los componentes del vaporizador son espesos y se adhieren entre s\u00ed a temperaturas m\u00e1s bajas, aplicar un poco de calor puede licuarlos, simplificando el proceso de limpieza. Esto se puede lograr soplando el vaporizador o calent\u00e1ndolo varias veces para disolver las sustancias que obstruyen los conductos de aire.<\/p>\n\n\n\n<h3 class=\"wp-block-heading\">Pasos para desatascar sus THC Zen Vapes:<\/h3>\n\n\n\n<p><strong>1. Dale una limpieza a fondo a tu vaporizador:<\/strong> Utilice un instrumento delgado y alargado, como un clip o un palillo de dientes, para sondear suavemente la boquilla. Barra con cuidado el instrumento de lado a lado para limpiar las partes internas de la boquilla, eliminando as\u00ed el exceso de aceite. Este m\u00e9todo debe ejecutarse con precauci\u00f3n y puede proporcionar una soluci\u00f3n r\u00e1pida para los bloqueos.<\/p>\n\n\n\n<p><strong>2. Cali\u00e9ntalo:<\/strong> Considere usar un secador de pelo para calentar el bol\u00edgrafo durante varios segundos mientras lo mantiene vertical para facilitar el flujo de aceite fuera de los canales de aire. Si no tiene un secador de pelo a su alcance, coloque su vaporizador en una bolsa de pl\u00e1stico sellada y sum\u00e9rjalo en agua tibia, asegur\u00e1ndose de que no se filtre agua en la bolsa ni entre en contacto con el bol\u00edgrafo.<\/p>\n\n\n\n<p><strong>3. Tirones de aire suaves:<\/strong> En caso de obstrucci\u00f3n, aspirar aire con delicadeza. Es posible que sienta que la obstrucci\u00f3n se desplaza a trav\u00e9s del canal de aire, rectificando el problema. Abstenerse de tirones intensos para evitar que entre m\u00e1s aceite en las v\u00edas respiratorias. Soplar directamente en la base del puerto USB-C tambi\u00e9n puede ser eficaz para solucionar el bloqueo.<\/p>\n\n\n\n<h3 class=\"wp-block-heading\">Consejos para prevenir obstrucciones:<\/h3>\n\n\n\n<p>\u2022 <strong>Almacenamiento adecuado:<\/strong> Despu\u00e9s de su uso, aseg\u00farese de guardar la pluma en posici\u00f3n vertical hasta que el aceite recupere su espesor.<\/p>\n\n\n\n<p>\u2022 <strong>Mantenimiento de la bater\u00eda:<\/strong> Aseg\u00farese de que su bater\u00eda est\u00e9 siempre completamente cargada.<\/p>\n\n\n\n<p>\u2022 <strong>Precauciones de almacenamiento:<\/strong> Evite colocar su vaporizador en sus bolsillos.<\/p>\n\n\n\n<p>\u2022 <strong>Exposici\u00f3n a la luz solar:<\/strong> Minimizar la exposici\u00f3n a la luz solar directa, especialmente durante per\u00edodos prolongados.<\/p>\n\n\n\n<p>\u2022 <strong>Control de temperatura:<\/strong> Evite dejar su vaporizador en su autom\u00f3vil para evitar variaciones de temperatura y considere guardarlo en un lugar c\u00e1lido, ya que las condiciones fr\u00edas pueden hacer que el l\u00edquido del vaporizador se espese y cristalice.<\/p>\n\n\n\n<p>\u2022 <strong>Uso habitual:<\/strong> Haz un uso frecuente de tu vaporizador. Los atascos suelen ser el resultado de la inactividad; una calada r\u00e1pida un par de veces por semana puede mantener un pasaje claro.<\/p>\n\n\n\n<p>Estamos inmensamente agradecidos por su apoyo inquebrantable y lo animamos a disfrutar plenamente de nuestra gama de productos. Cada bocanada est\u00e1 dise\u00f1ada para brindar una experiencia incomparable de calidad, sabor y satisfacci\u00f3n.<\/p>\n\n\n\n<p>Un cordial saludo,<br>\u00a1Tu equipo de THC Zen Vapes!<\/p>","protected":false},"excerpt":{"rendered":"<p>Experimentar un vaporizador obstruido es un problema com\u00fan y tiende a ocurrir con m\u00e1s frecuencia durante los meses m\u00e1s fr\u00edos. Aunque las medidas preventivas como guardar el bol\u00edgrafo<span class=\"excerpt-hellip\"> [\u2026]<\/span><\/p>","protected":false},"author":1,"featured_media":0,"parent":0,"menu_order":0,"comment_status":"closed","ping_status":"closed","template":"","meta":{"footnotes":""},"class_list":["post-240","page","type-page","status-publish","hentry"],"jetpack_sharing_enabled":true,"_links":{"self":[{"href":"https:\/\/thczenvapes.com\/es\/wp-json\/wp\/v2\/pages\/240","targetHints":{"allow":["GET"]}}],"collection":[{"href":"https:\/\/thczenvapes.com\/es\/wp-json\/wp\/v2\/pages"}],"about":[{"href":"https:\/\/thczenvapes.com\/es\/wp-json\/wp\/v2\/types\/page"}],"author":[{"embeddable":true,"href":"https:\/\/thczenvapes.com\/es\/wp-json\/wp\/v2\/users\/1"}],"replies":[{"embeddable":true,"href":"https:\/\/thczenvapes.com\/es\/wp-json\/wp\/v2\/comments?post=240"}],"version-history":[{"count":1,"href":"https:\/\/thczenvapes.com\/es\/wp-json\/wp\/v2\/pages\/240\/revisions"}],"predecessor-version":[{"id":241,"href":"https:\/\/thczenvapes.com\/es\/wp-json\/wp\/v2\/pages\/240\/revisions\/241"}],"wp:attachment":[{"href":"https:\/\/thczenvapes.com\/es\/wp-json\/wp\/v2\/media?parent=240"}],"curies":[{"name":"wp","href":"https:\/\/api.w.org\/{rel}","templated":true}]}}