{"id":237,"date":"2023-09-30T21:22:21","date_gmt":"2023-09-30T21:22:21","guid":{"rendered":"https:\/\/thczenvapes.com\/?page_id=237"},"modified":"2023-09-30T21:22:23","modified_gmt":"2023-09-30T21:22:23","slug":"countries-we-ship-to","status":"publish","type":"page","link":"https:\/\/thczenvapes.com\/es\/paises-a-los-que-enviamos\/","title":{"rendered":"Pa\u00edses a los que enviamos"},"content":{"rendered":"<p>En Zen THC Vapes, estamos orgullosos de nuestra capacidad para atender a un amplio espectro de clientes de varios rincones de Europa. Somos reconocidos por nuestros productos de primera calidad, un servicio al cliente excepcional y sistemas de entrega r\u00e1pidos. Nuestro alcance se extiende m\u00e1s all\u00e1 de las fronteras, garantizando que nuestros estimados clientes reciban directamente sus THC Vapes preferidos, independientemente de su ubicaci\u00f3n dentro de las regiones que cubrimos. A continuaci\u00f3n se muestra una visi\u00f3n de los pa\u00edses que est\u00e1n dentro de nuestro radar de env\u00edo.<\/p>\n\n\n\n<h3 class=\"wp-block-heading\">Nuestro alcance en toda Europa<\/h3>\n\n\n\n<p><strong>Alemania<\/strong> \u2013 Una tierra conocida por su rica historia y avances tecnol\u00f3gicos, nos aseguramos de que nuestros clientes alemanes disfruten de un acceso perfecto a nuestros productos de primer nivel.<\/p>\n\n\n\n<p><strong>Italia<\/strong> \u2013 Desde las maravillas arquitect\u00f3nicas de Roma hasta los serenos canales de Venecia, nuestra clientela italiana disfruta de la entrega ininterrumpida de Zen THC Vapes.<\/p>\n\n\n\n<p><strong>Portugal<\/strong> \u2013 Ya sea en los centros hist\u00f3ricos de Oporto o en los hermosos paisajes de Lisboa, nuestros clientes en Portugal nunca est\u00e1n demasiado lejos para disfrutar de nuestros impecables servicios de entrega.<\/p>\n\n\n\n<p><strong>Espa\u00f1a<\/strong> \u2013 Tan colorido y diverso como el propio pa\u00eds, ofrecemos una gama de THC Vapes para satisfacer los gustos ecl\u00e9cticos de nuestros clientes espa\u00f1oles.<\/p>\n\n\n\n<p><strong>Francia<\/strong> \u2013 En el ambiente rom\u00e1ntico de Par\u00eds y m\u00e1s all\u00e1, los conocedores franceses del cannabis pueden hacerse con nuestra variedad de productos.<\/p>\n\n\n\n<p><strong>B\u00e9lgica<\/strong> \u2013 Conocida por sus ciudades medievales y su arquitectura renacentista, B\u00e9lgica tambi\u00e9n es el hogar de una poblaci\u00f3n que disfruta de acceso sin obst\u00e1culos a Zen THC Vapes.<\/p>\n\n\n\n<h3 class=\"wp-block-heading\">Bucear en diversos grupos demogr\u00e1ficos<\/h3>\n\n\n\n<p><strong>Suiza<\/strong> y <strong>Eslovenia<\/strong> \u2013 En medio de paisajes serenos y una vida sofisticada, nos aseguramos de que la poblaci\u00f3n disfrute de una variedad de nuestros THC Vapes.<\/p>\n\n\n\n<p><strong>Estonia, Eslovaquia, Rep\u00fablica Checa y Polonia<\/strong> \u2013 En estas joyas arquitect\u00f3nicas de Europa, hemos establecido una red que garantiza entregas oportunas y eficientes.<\/p>\n\n\n\n<p><strong>Hungr\u00eda<\/strong> y <strong>Reino Unido (Reino Unido)<\/strong> \u2013 Nuestros estimados clientes tanto en las ciudades hist\u00f3ricas como en las metr\u00f3polis modernas reciben sus pedidos con rapidez y precisi\u00f3n.<\/p>\n\n\n\n<h3 class=\"wp-block-heading\">Estamos a s\u00f3lo un clic de distancia<\/h3>\n\n\n\n<p><strong>Austria, Bulgaria, Croacia, Chipre, Dinamarca, Finlandia, Grecia, Irlanda, Letonia, Lituania, Luxemburgo, Malta, Pa\u00edses Bajos, Rumania, Suecia<\/strong> \u2013 Nuestra huella se extiende con fuerza, garantizando que cada pa\u00eds, con su cultura y herencia \u00fanicas, est\u00e9 al tanto de nuestra eficiente red de entrega.<\/p>\n\n\n\n<h3 class=\"wp-block-heading\">Conclusi\u00f3n<\/h3>\n\n\n\n<p>En Zen THC Vapes, el mundo es nuestra ostra y Europa es nuestra joya preciada. Nuestras amplias capacidades de env\u00edo est\u00e1n dise\u00f1adas para garantizar que ning\u00fan cliente se quede atr\u00e1s y que cada individuo, independientemente de su ubicaci\u00f3n, pueda disfrutar de la calidad impecable y la variedad inigualable de nuestros THC Vapes.<\/p>\n\n\n\n<p>Cada pedido se maneja con la m\u00e1xima precisi\u00f3n, lo que garantiza entregas oportunas y productos que lleguen a usted en perfectas condiciones, preservando la calidad e integridad por las que Zen THC Vapes es famoso.<\/p>\n\n\n\n<p>Nuestro compromiso de trascender fronteras es inquebrantable y, a medida que continuamos ampliando nuestros horizontes, nuestra dedicaci\u00f3n a un servicio y una calidad impecables sigue siendo tan firme como siempre. Con Zen THC Vapes, no eres s\u00f3lo un cliente; usted es un miembro valioso de una familia global donde la calidad, la diversidad y el servicio impecable son las piedras angulares de su experiencia.<\/p>","protected":false},"excerpt":{"rendered":"<p>En Zen THC Vapes, nos enorgullecemos de nuestra capacidad para atender a un amplio espectro de clientes de varios rincones de Europa. Somos reconocidos por<span class=\"excerpt-hellip\"> [\u2026]<\/span><\/p>","protected":false},"author":1,"featured_media":0,"parent":0,"menu_order":0,"comment_status":"closed","ping_status":"closed","template":"","meta":{"footnotes":""},"class_list":["post-237","page","type-page","status-publish","hentry"],"jetpack_sharing_enabled":true,"_links":{"self":[{"href":"https:\/\/thczenvapes.com\/es\/wp-json\/wp\/v2\/pages\/237","targetHints":{"allow":["GET"]}}],"collection":[{"href":"https:\/\/thczenvapes.com\/es\/wp-json\/wp\/v2\/pages"}],"about":[{"href":"https:\/\/thczenvapes.com\/es\/wp-json\/wp\/v2\/types\/page"}],"author":[{"embeddable":true,"href":"https:\/\/thczenvapes.com\/es\/wp-json\/wp\/v2\/users\/1"}],"replies":[{"embeddable":true,"href":"https:\/\/thczenvapes.com\/es\/wp-json\/wp\/v2\/comments?post=237"}],"version-history":[{"count":1,"href":"https:\/\/thczenvapes.com\/es\/wp-json\/wp\/v2\/pages\/237\/revisions"}],"predecessor-version":[{"id":238,"href":"https:\/\/thczenvapes.com\/es\/wp-json\/wp\/v2\/pages\/237\/revisions\/238"}],"wp:attachment":[{"href":"https:\/\/thczenvapes.com\/es\/wp-json\/wp\/v2\/media?parent=237"}],"curies":[{"name":"wp","href":"https:\/\/api.w.org\/{rel}","templated":true}]}}