{"id":223,"date":"2023-09-30T20:22:52","date_gmt":"2023-09-30T20:22:52","guid":{"rendered":"https:\/\/thczenvapes.com\/?page_id=223"},"modified":"2023-09-30T21:16:59","modified_gmt":"2023-09-30T21:16:59","slug":"terms-and-conditions","status":"publish","type":"page","link":"https:\/\/thczenvapes.com\/es\/terminos-y-condiciones\/","title":{"rendered":"T\u00e9rminos y condiciones"},"content":{"rendered":"<p>Bienvenido a Zen THC Vapes. Estos t\u00e9rminos y condiciones describen las reglas y regulaciones para el uso del sitio web y los servicios de Zen THC Vapes. Al acceder a este sitio web, asumimos que acepta estos t\u00e9rminos y condiciones en su totalidad. No contin\u00fae utilizando el sitio web de Zen THC Vapes si no acepta todos los t\u00e9rminos y condiciones establecidos en esta p\u00e1gina.<\/p>\n\n\n\n<h4 class=\"wp-block-heading\"><strong>1. T\u00e9rminos de la tienda en l\u00ednea<\/strong><\/h4>\n\n\n\n<p>Al aceptar estos t\u00e9rminos de servicio, usted declara que tiene al menos la mayor\u00eda de edad en su estado o provincia de residencia, o que tiene la mayor\u00eda de edad en su estado o provincia de residencia y que nos ha dado su consentimiento para permitir que cualquiera de sus dependientes menores utilice este sitio.<\/p>\n\n\n\n<h4 class=\"wp-block-heading\"><strong>2. Condiciones Generales<\/strong><\/h4>\n\n\n\n<p>Nos reservamos el derecho de negar el servicio a cualquier persona por cualquier motivo y en cualquier momento. Usted comprende que su contenido (sin incluir la informaci\u00f3n de la tarjeta de cr\u00e9dito) puede transferirse sin cifrar e implicar transmisiones a trav\u00e9s de varias redes y cambios para ajustarse y adaptarse a los requisitos t\u00e9cnicos de conexi\u00f3n de redes o dispositivos.<\/p>\n\n\n\n<h4 class=\"wp-block-heading\"><strong>3. Productos o Servicios<\/strong><\/h4>\n\n\n\n<p>Ciertos productos o servicios pueden estar disponibles exclusivamente en l\u00ednea a trav\u00e9s del sitio web. Estos productos o servicios pueden tener cantidades limitadas y est\u00e1n sujetos a devoluci\u00f3n o cambio \u00fanicamente de acuerdo con nuestra Pol\u00edtica de devoluciones.<\/p>\n\n\n\n<h4 class=\"wp-block-heading\"><strong>4. Precisi\u00f3n de la informaci\u00f3n de facturaci\u00f3n y cuenta<\/strong><\/h4>\n\n\n\n<p>Nos reservamos el derecho de rechazar cualquier pedido que realice con nosotros. Podemos, a nuestro exclusivo criterio, limitar o cancelar las cantidades compradas por persona, por hogar o por pedido.<\/p>\n\n\n\n<h4 class=\"wp-block-heading\"><strong>5. Herramientas opcionales<\/strong><\/h4>\n\n\n\n<p>Podemos brindarle acceso a herramientas de terceros sobre las cuales no monitoreamos ni tenemos ning\u00fan control o entrada.<\/p>\n\n\n\n<h4 class=\"wp-block-heading\"><strong>6. Pol\u00edtica de reembolso<\/strong><\/h4>\n\n\n\n<p>Ofrecemos una pol\u00edtica de reembolso para nuestros valiosos clientes para su tranquilidad y una mejor experiencia de compra. Los reembolsos est\u00e1n disponibles dentro de los 5 d\u00edas posteriores al env\u00edo del art\u00edculo. Para iniciar un reembolso, comun\u00edquese con nuestro servicio de atenci\u00f3n al cliente con los detalles de su pedido y lo guiaremos a trav\u00e9s del proceso. El producto debe devolverse en su estado original y los gastos de env\u00edo para devolver el art\u00edculo son responsabilidad del cliente.<\/p>\n\n\n\n<h4 class=\"wp-block-heading\"><strong>7. Limitaci\u00f3n de responsabilidad<\/strong><\/h4>\n\n\n\n<p>En ning\u00fan caso Zen THC Vapes, nuestros directores, funcionarios, empleados, afiliados, agentes, contratistas, pasantes, proveedores, proveedores de servicios o licenciantes ser\u00e1n responsables de cualquier lesi\u00f3n, p\u00e9rdida, reclamo o cualquier da\u00f1o directo, indirecto, incidental, punitivo, especial. , o da\u00f1os emergentes de cualquier tipo.<\/p>\n\n\n\n<h4 class=\"wp-block-heading\"><strong>8. Indemnizaci\u00f3n<\/strong><\/h4>\n\n\n\n<p>Usted acepta indemnizar, defender y eximir de responsabilidad a Zen THC Vapes y a nuestras matrices, subsidiarias, afiliados, socios, funcionarios, directores, agentes, contratistas, licenciantes, proveedores de servicios, subcontratistas, proveedores, pasantes y empleados, de cualquier reclamo o demanda.<\/p>\n\n\n\n<h4 class=\"wp-block-heading\"><strong>9. Divisibilidad<\/strong><\/h4>\n\n\n\n<p>En el caso de que se determine que alguna disposici\u00f3n de estos T\u00e9rminos de servicio es ilegal, nula o inaplicable, dicha disposici\u00f3n ser\u00e1, no obstante, ejecutable en la m\u00e1xima medida permitida por la ley aplicable.<\/p>\n\n\n\n<h4 class=\"wp-block-heading\"><strong>10. Terminaci\u00f3n<\/strong><\/h4>\n\n\n\n<p>Las obligaciones y responsabilidades de las partes incurridas antes de la fecha de terminaci\u00f3n sobrevivir\u00e1n a la terminaci\u00f3n de este acuerdo para todos los efectos.<\/p>","protected":false},"excerpt":{"rendered":"<p>Bienvenido a Zen THC Vapes. Estos t\u00e9rminos y condiciones describen las reglas y regulaciones para el uso del sitio web y los servicios de Zen THC Vapes. Al acceder<span class=\"excerpt-hellip\"> [\u2026]<\/span><\/p>","protected":false},"author":1,"featured_media":0,"parent":0,"menu_order":0,"comment_status":"closed","ping_status":"closed","template":"","meta":{"footnotes":""},"class_list":["post-223","page","type-page","status-publish","hentry"],"jetpack_sharing_enabled":true,"_links":{"self":[{"href":"https:\/\/thczenvapes.com\/es\/wp-json\/wp\/v2\/pages\/223","targetHints":{"allow":["GET"]}}],"collection":[{"href":"https:\/\/thczenvapes.com\/es\/wp-json\/wp\/v2\/pages"}],"about":[{"href":"https:\/\/thczenvapes.com\/es\/wp-json\/wp\/v2\/types\/page"}],"author":[{"embeddable":true,"href":"https:\/\/thczenvapes.com\/es\/wp-json\/wp\/v2\/users\/1"}],"replies":[{"embeddable":true,"href":"https:\/\/thczenvapes.com\/es\/wp-json\/wp\/v2\/comments?post=223"}],"version-history":[{"count":2,"href":"https:\/\/thczenvapes.com\/es\/wp-json\/wp\/v2\/pages\/223\/revisions"}],"predecessor-version":[{"id":233,"href":"https:\/\/thczenvapes.com\/es\/wp-json\/wp\/v2\/pages\/223\/revisions\/233"}],"wp:attachment":[{"href":"https:\/\/thczenvapes.com\/es\/wp-json\/wp\/v2\/media?parent=223"}],"curies":[{"name":"wp","href":"https:\/\/api.w.org\/{rel}","templated":true}]}}