{"id":138,"date":"2023-09-30T18:54:08","date_gmt":"2023-09-30T18:54:08","guid":{"rendered":"https:\/\/thczenvapes.com\/?page_id=138"},"modified":"2024-05-23T21:00:08","modified_gmt":"2024-05-23T21:00:08","slug":"buy-thc-online","status":"publish","type":"page","link":"https:\/\/thczenvapes.com\/es\/comprar-thc-en-linea\/","title":{"rendered":"Compre THC online en Europa: una gu\u00eda completa"},"content":{"rendered":"<div data-elementor-type=\"wp-page\" data-elementor-id=\"138\" class=\"elementor elementor-138\">\n\t\t\t\t\t\t<section class=\"elementor-section elementor-top-section elementor-element elementor-element-a3e41b8 elementor-section-boxed elementor-section-height-default elementor-section-height-default\" data-id=\"a3e41b8\" data-element_type=\"section\">\n\t\t\t\t\t\t<div class=\"elementor-container elementor-column-gap-default\">\n\t\t\t\t\t<div class=\"elementor-column elementor-col-100 elementor-top-column elementor-element elementor-element-ae1d111\" data-id=\"ae1d111\" data-element_type=\"column\">\n\t\t\t<div class=\"elementor-widget-wrap elementor-element-populated\">\n\t\t\t\t\t\t<div class=\"elementor-element elementor-element-61685ed elementor-widget elementor-widget-text-editor\" data-id=\"61685ed\" data-element_type=\"widget\" data-widget_type=\"text-editor.default\">\n\t\t\t\t<div class=\"elementor-widget-container\">\n\t\t\t\t\t\t\t\t\t<p>En el mundo actual en r\u00e1pida evoluci\u00f3n, la accesibilidad de diversos productos y servicios a trav\u00e9s de plataformas en l\u00ednea se ha convertido en algo com\u00fan. Uno de esos productos que ha atra\u00eddo mucha atenci\u00f3n es el THC, el compuesto psicoactivo que se encuentra en el cannabis. La gente de toda Europa siente cada vez m\u00e1s curiosidad por saber c\u00f3mo comprar THC online, dados los posibles beneficios y el uso recreativo asociados a \u00e9l. En esta gu\u00eda completa, profundizaremos en los diversos aspectos de la compra de THC en l\u00ednea en Europa, asegur\u00e1ndonos de que tenga toda la informaci\u00f3n necesaria para tomar decisiones informadas.<\/p>\t\t\t\t\t\t\t\t<\/div>\n\t\t\t\t<\/div>\n\t\t\t\t<div class=\"elementor-element elementor-element-801fbc1 elementor-widget elementor-widget-text-editor\" data-id=\"801fbc1\" data-element_type=\"widget\" data-widget_type=\"text-editor.default\">\n\t\t\t\t<div class=\"elementor-widget-container\">\n\t\t\t\t\t\t\t\t\t<h2>Tabla de contenido<\/h2><ol><li><p><strong>Entendiendo el THC<\/strong><\/p><ul><li>\u00bfQu\u00e9 es el THC?<\/li><li>El estatus legal del THC en Europa<\/li><\/ul><\/li><li><p><strong>Beneficios de usar THC<\/strong><\/p><ul><li>Aplicaciones m\u00e9dicas<\/li><li>Uso recreacional<\/li><\/ul><\/li><li><p><strong>Desaf\u00edos y riesgos<\/strong><\/p><ul><li>Preocupaciones legales<\/li><li>Cuestiones de calidad y seguridad<\/li><\/ul><\/li><li><p><strong>C\u00f3mo comprar THC en l\u00ednea<\/strong><\/p><ul><li>Investigar fuentes confiables<\/li><li>Garantizar el cumplimiento legal<\/li><\/ul><\/li><li><p><strong>Seleccionar el producto de THC adecuado<\/strong><\/p><ul><li>Diferentes tipos de productos de THC<\/li><li>M\u00e9todos de dosificaci\u00f3n y consumo.<\/li><\/ul><\/li><li><p><strong>Pago y Entrega<\/strong><\/p><ul><li>Opciones de pago<\/li><li>Env\u00edo discreto y seguro<\/li><\/ul><\/li><li><p><strong>Medidas de seguridad<\/strong><\/p><ul><li>Uso responsable<\/li><li>Mantenerse informado sobre las leyes locales<\/li><\/ul><\/li><li><p><strong>Rese\u00f1as y recomendaciones de clientes<\/strong><\/p><ul><li>Encontrar comentarios confiables<\/li><li>Consejos para una experiencia de compra positiva<\/li><\/ul><\/li><li><p><strong>Preguntas frecuentes sobre la compra de THC online en Europa<\/strong><\/p><ul><li>\u00bfEs legal comprar THC online en Europa?<\/li><li>\u00bfCu\u00e1les son los posibles beneficios para la salud del THC?<\/li><li>\u00bfC\u00f3mo puedo garantizar la calidad del producto de THC?<\/li><li>\u00bfQu\u00e9 precauciones debo tomar al comprar THC online?<\/li><li>\u00bfExisten restricciones de edad para comprar THC online en Europa?<\/li><\/ul><\/li><\/ol>\t\t\t\t\t\t\t\t<\/div>\n\t\t\t\t<\/div>\n\t\t\t\t<section class=\"elementor-section elementor-inner-section elementor-element elementor-element-0e4c109 elementor-section-boxed elementor-section-height-default elementor-section-height-default\" data-id=\"0e4c109\" data-element_type=\"section\">\n\t\t\t\t\t\t<div class=\"elementor-container elementor-column-gap-default\">\n\t\t\t\t\t<div class=\"elementor-column elementor-col-50 elementor-inner-column elementor-element elementor-element-af163df\" data-id=\"af163df\" data-element_type=\"column\">\n\t\t\t<div class=\"elementor-widget-wrap elementor-element-populated\">\n\t\t\t\t\t\t<div class=\"elementor-element elementor-element-edd4eb1 elementor-widget elementor-widget-image\" data-id=\"edd4eb1\" data-element_type=\"widget\" data-widget_type=\"image.default\">\n\t\t\t\t<div class=\"elementor-widget-container\">\n\t\t\t\t\t\t\t\t\t\t\t\t\t\t\t<img fetchpriority=\"high\" decoding=\"async\" width=\"322\" height=\"157\" src=\"https:\/\/thczenvapes.com\/wp-content\/uploads\/2023\/09\/1.jpeg\" class=\"attachment-medium_large size-medium_large wp-image-149\" alt=\"Compre THC en l\u00ednea en Europa\" srcset=\"https:\/\/thczenvapes.com\/wp-content\/uploads\/2023\/09\/1.jpeg 322w, https:\/\/thczenvapes.com\/wp-content\/uploads\/2023\/09\/1-300x146.jpeg 300w, https:\/\/thczenvapes.com\/wp-content\/uploads\/2023\/09\/1-150x73.jpeg 150w\" sizes=\"(max-width:767px) 322px, 322px\" title=\"los vaporizadores\">\t\t\t\t\t\t\t\t\t\t\t\t\t\t\t<\/div>\n\t\t\t\t<\/div>\n\t\t\t\t\t<\/div>\n\t\t<\/div>\n\t\t\t\t<div class=\"elementor-column elementor-col-50 elementor-inner-column elementor-element elementor-element-d5b2a71\" data-id=\"d5b2a71\" data-element_type=\"column\">\n\t\t\t<div class=\"elementor-widget-wrap\">\n\t\t\t\t\t\t\t<\/div>\n\t\t<\/div>\n\t\t\t\t\t<\/div>\n\t\t<\/section>\n\t\t\t\t<div class=\"elementor-element elementor-element-855ee30 elementor-widget elementor-widget-text-editor\" data-id=\"855ee30\" data-element_type=\"widget\" data-widget_type=\"text-editor.default\">\n\t\t\t\t<div class=\"elementor-widget-container\">\n\t\t\t\t\t\t\t\t\t<h2>Explorando tiendas de THC en l\u00ednea de buena reputaci\u00f3n<\/h2>\n<p>Cuando se trata de comprar THC online en Europa, es fundamental elegir fuentes acreditadas y fiables. Dos de estos establecimientos que se han ganado el reconocimiento de la comunidad de THC son THC Zen Vapes y Vader THC Vapes. Estas tiendas en l\u00ednea ofrecen una amplia gama de productos de THC, lo que garantiza que tengas acceso a opciones de alta calidad para tus necesidades.<\/p>\n<h2>THC Zen Vapes Tienda Online<\/h2>\n<p><a href=\"https:\/\/thczenvapes.com\/es\/shop\/\" target=\"_new\"><strong>Vaporizadores Zen con THC<\/strong><\/a> es un dispensario en l\u00ednea de buena reputaci\u00f3n conocido por su compromiso con la calidad y la satisfacci\u00f3n del cliente. Ofrecen una selecci\u00f3n diversa de productos de THC, incluidos vaporizadores, comestibles y m\u00e1s. Con el objetivo de ofrecer productos seguros y probados en laboratorio, THC Zen Vapes es el destino ideal para quienes buscan una fuente confiable de productos de THC.<\/p>\n<h2>Vader THC Vapes Tienda Online<\/h2>\n<p>Si est\u00e1 buscando una experiencia de compra en l\u00ednea excepcional de productos de THC, <a href=\"https:\/\/vadercnbs.com\/thc-shop\/\" target=\"_new\" rel=\"noopener\"><strong>Vaporizadores Vader THC<\/strong><\/a> es otra excelente opci\u00f3n. Su amplia gama de productos de vapeo con THC seguramente satisfar\u00e1 diversas preferencias. Vader THC Vapes se enorgullece de su dedicaci\u00f3n a la seguridad y calidad del producto, lo que los convierte en una opci\u00f3n confiable para los entusiastas del THC.<\/p>\n<p><strong>Tomar medidas ahora:<\/strong> Si est\u00e1 listo para explorar el mundo del THC y experimentar los beneficios que puede ofrecer, considere visitar <a href=\"https:\/\/thczenvapes.com\/es\/shop\/\" target=\"_new\">Vaporizadores Zen con THC<\/a> y <a href=\"https:\/\/vadercnbs.com\/thc-shop\/\" target=\"_new\" rel=\"noopener\">Vaporizadores Vader THC<\/a>. Estas tiendas en l\u00ednea de buena reputaci\u00f3n brindan una forma segura y conveniente de acceder a productos premium de THC. Comience su viaje hoy y descubra las posibilidades que el THC tiene para ofrecer. Su satisfacci\u00f3n y bienestar son sus principales prioridades.<\/p>\n<p>Tenga en cuenta que es esencial investigar y cumplir con las leyes y regulaciones locales al comprar productos de THC en l\u00ednea. Disfrute responsablemente y tome decisiones informadas para garantizar una experiencia positiva.<\/p>\t\t\t\t\t\t\t\t<\/div>\n\t\t\t\t<\/div>\n\t\t\t\t<div class=\"elementor-element elementor-element-57d0363 elementor-widget elementor-widget-text-editor\" data-id=\"57d0363\" data-element_type=\"widget\" data-widget_type=\"text-editor.default\">\n\t\t\t\t<div class=\"elementor-widget-container\">\n\t\t\t\t\t\t\t\t\t<h2>Comprando THC por pa\u00edses:<\/h2><ul><li><a href=\"https:\/\/thczenvapes.com\/es\/comprar-thc-en-linea\/compre-thc-en-linea-en-alemania-su-guia-definitiva-sobre-thc-zen-vapes-shop\/\"><span style=\"letter-spacing: 0px;\"><u>Comprar THC Alemania<\/u><\/span><\/a><\/li><li><a href=\"https:\/\/thczenvapes.com\/es\/buy-thc-online-in-italy-with-confidence-at-thc-zen-shop\/\"><span style=\"letter-spacing: 0px;\"><u>Comprar THC Italia<\/u><\/span><\/a><\/li><li><span style=\"text-decoration: underline;\"><a href=\"https:\/\/thczenvapes.com\/es\/buy-thc-online-in-portugal-find-best-thc-flavor-at-thc-zen-vapes-shop\/\">Comprar THC Portugal<\/a><\/span><\/li><li><span style=\"text-decoration: underline;\"><a href=\"https:\/\/thczenvapes.com\/es\/buy-thc-in-spain-online-easy-guide-how-to-buy-thc-vapes-in-spain-using-thc-zen-shop\/\">Comprar THC Espa\u00f1a<\/a><\/span><\/li><li><span style=\"text-decoration: underline;\"><a href=\"https:\/\/thczenvapes.com\/es\/comprar-thc-en-linea\/descubra-y-compre-de-forma-segura-sus-vaporizadores-de-thc-preferidos-con-thc-zen-vapes-en-francia\/\">Comprar THC Francia<\/a><\/span><\/li><li><span style=\"text-decoration: underline;\"><a href=\"https:\/\/thczenvapes.com\/es\/comprar-thc-en-linea\/compre-vaporizadores-de-thc-en-linea-con-facilidad-en-belgica-guia-sencilla-sobre-como-comprar-vaporizadores-de-thc-zen-en-belgica\/\">Comprar THC B\u00e9lgica<\/a><\/span><\/li><li><a href=\"https:\/\/thczenvapes.com\/es\/comprar-thc-en-linea\/comprar-productos-thc-vape-en-suiza-de-forma-segura-y-sencilla-con-zen-vape\/\"><span style=\"text-decoration: underline;\">Comprar THC Suiza<\/span><\/a><\/li><li><span style=\"text-decoration: underline;\"><a href=\"https:\/\/thczenvapes.com\/es\/comprar-thc-en-linea\/explorando-el-mundo-del-vapeo-en-eslovenia-compre-el-vapeo-zen-en-eslovenia\/\">Comprar THC Eslovenia<\/a><\/span><\/li><li><span style=\"text-decoration: underline;\"><a href=\"https:\/\/thczenvapes.com\/es\/comprar-thc-en-linea\/explorando-el-vapeo-de-thc-en-estonia-guia-para-comprar-thc-zen-vape-en-estonia\/\">Comprar THC Estonia<\/a><\/span><\/li><li><span style=\"text-decoration: underline;\"><a href=\"https:\/\/thczenvapes.com\/es\/comprar-thc-en-linea\/explorando-el-vapeo-de-thc-en-eslovaquia\/\">Comprar THC Eslovaquia<\/a><\/span><\/li><li><span style=\"text-decoration: underline;\"><a href=\"https:\/\/thczenvapes.com\/es\/comprar-thc-en-linea\/vapeo-de-thc-en-la-republica-checa\/\">Comprar THC Rep\u00fablica Checa<\/a><\/span><\/li><li><span style=\"text-decoration: underline;\"><a href=\"https:\/\/thczenvapes.com\/es\/comprar-thc-en-linea\/comprar-thc-zen-vape-en-polonia\/\">Comprar THC Polonia<\/a><\/span><\/li><li><span style=\"text-decoration: underline;\"><a href=\"https:\/\/thczenvapes.com\/es\/comprar-thc-en-linea\/la-mejor-experiencia-de-vapeo-de-thc-en-hungria\/\">Comprar THC Hungr\u00eda<\/a><\/span><\/li><li><span style=\"text-decoration: underline;\"><a href=\"https:\/\/thczenvapes.com\/es\/comprar-thc-en-linea\/la-experiencia-de-vapeo-en-el-reino-unido-con-zen-vape\/\">Comprar THC Reino Unido (Reino Unido)<\/a><\/span><\/li><li><span style=\"text-decoration: underline;\"><a href=\"https:\/\/thczenvapes.com\/es\/comprar-thc-en-linea\/guia-definitiva-para-comprar-vaporizadores-de-thc-en-austria\/\">Comprar THC Austria<\/a><\/span><\/li><li><a href=\"https:\/\/thczenvapes.com\/es\/comprar-thc-en-linea\/compre-vaporizadores-de-thc-en-bulgaria-explore-thc-zen\/\"><span style=\"text-decoration: underline;\">Comprar THC Bulgaria<\/span><\/a><\/li><li><a href=\"https:\/\/thczenvapes.com\/es\/comprar-thc-en-linea\/comprar-vaporizadores-en-croacia-con-thc-zen\/\"><span style=\"text-decoration: underline;\">Comprar THC Croacia<\/span><\/a><\/li><li><a href=\"https:\/\/thczenvapes.com\/es\/comprar-thc-en-linea\/vapes-de-thc-de-primera-calidad-en-chipre-compre-ahora-con-thc-zen-vapes\/\"><span style=\"text-decoration: underline;\">Comprar THC Chipre<\/span><\/a><\/li><li><a href=\"https:\/\/thczenvapes.com\/es\/comprar-thc-en-linea\/experiencia-de-vapeo-en-dinamarca-con-los-vaporizadores-zen\/\"><span style=\"text-decoration: underline;\">Comprar THC Dinamarca<\/span><\/a><\/li><li><a href=\"https:\/\/thczenvapes.com\/es\/comprar-thc-en-linea\/compre-vaporizadores-de-thc-en-finlandia-con-thc-zen-vapes\/\"><span style=\"text-decoration: underline;\">Comprar THC Finlandia<\/span><\/a><\/li><li><a href=\"https:\/\/thczenvapes.com\/es\/comprar-thc-en-linea\/vapeo-de-thc-en-grecia-con-thc-zen-vapes\/\"><span style=\"text-decoration: underline;\"><span style=\"font-family: Poppins, -apple-system, BlinkMacSystemFont, 'Segoe UI', Roboto, Oxygen-Sans, Ubuntu, Cantarell, 'Helvetica Neue', sans-serif; font-size: 16px; font-style: normal; font-variant-ligatures: normal; font-variant-caps: normal; font-weight: 400;\">Comprar THC\u00a0<\/span>Grecia<\/span><\/a><\/li><li><a href=\"https:\/\/thczenvapes.com\/es\/comprar-thc-en-linea\/vapeo-de-thc-en-irlanda-con-thc-zen-vapes\/\"><span style=\"text-decoration: underline;\"><span style=\"font-family: Poppins, -apple-system, BlinkMacSystemFont, 'Segoe UI', Roboto, Oxygen-Sans, Ubuntu, Cantarell, 'Helvetica Neue', sans-serif; font-size: 16px; font-style: normal; font-variant-ligatures: normal; font-variant-caps: normal; font-weight: 400;\">Comprar THC Irlanda<\/span><\/span><\/a><\/li><li><span style=\"font-family: Poppins, -apple-system, BlinkMacSystemFont, 'Segoe UI', Roboto, Oxygen-Sans, Ubuntu, Cantarell, 'Helvetica Neue', sans-serif; font-size: 16px; font-style: normal; font-variant-ligatures: normal; font-variant-caps: normal; font-weight: 400;\"><a href=\"https:\/\/thczenvapes.com\/es\/comprar-thc-en-linea\/experiencia-de-vapeo-de-thc-en-letonia-con-thc-zen-vapes\/\"><span style=\"text-decoration: underline;\">Comprar THC Letonia<\/span><\/a><br \/><\/span><\/li><li><span style=\"font-family: Poppins, -apple-system, BlinkMacSystemFont, 'Segoe UI', Roboto, Oxygen-Sans, Ubuntu, Cantarell, 'Helvetica Neue', sans-serif; font-size: 16px; font-style: normal; font-variant-ligatures: normal; font-variant-caps: normal; font-weight: 400;\"><a href=\"https:\/\/thczenvapes.com\/es\/comprar-thc-en-linea\/vapeo-de-primera-calidad-en-lituania-con-thc-zen-vapes\/\"><span style=\"text-decoration: underline;\">Comprar THC Lituania<\/span><\/a><br \/><\/span><\/li><li><span style=\"font-family: Poppins, -apple-system, BlinkMacSystemFont, 'Segoe UI', Roboto, Oxygen-Sans, Ubuntu, Cantarell, 'Helvetica Neue', sans-serif; font-size: 16px; font-style: normal; font-variant-ligatures: normal; font-variant-caps: normal; font-weight: 400;\"><a href=\"https:\/\/thczenvapes.com\/es\/comprar-thc-en-linea\/experiencia-de-vapeo-de-thc-en-luxemburgo-con-thc-zen-vapes\/\"><span style=\"text-decoration: underline;\">Comprar THC Luxemburgo<\/span><\/a><br \/><\/span><\/li><li><span style=\"font-family: Poppins, -apple-system, BlinkMacSystemFont, 'Segoe UI', Roboto, Oxygen-Sans, Ubuntu, Cantarell, 'Helvetica Neue', sans-serif; font-size: 16px; font-style: normal; font-variant-ligatures: normal; font-variant-caps: normal; font-weight: 400;\"><a href=\"https:\/\/thczenvapes.com\/es\/comprar-thc-en-linea\/mejora-tu-experiencia-de-vapeo-en-malta-con-los-vaporizadores-zen\/\"><span style=\"text-decoration: underline;\">Comprar THC Malta<\/span><\/a><br \/><\/span><\/li><li><span style=\"font-family: Poppins, -apple-system, BlinkMacSystemFont, 'Segoe UI', Roboto, Oxygen-Sans, Ubuntu, Cantarell, 'Helvetica Neue', sans-serif; font-size: 16px; font-style: normal; font-variant-ligatures: normal; font-variant-caps: normal; font-weight: 400;\"><span style=\"text-decoration: underline;\"><a href=\"https:\/\/thczenvapes.com\/es\/comprar-thc-en-linea\/compre-vaporizadores-thc-premium-en-los-paises-bajos-con-thc-zen\/\">Comprar THC Pa\u00edses Bajos<\/a><\/span><br \/><\/span><\/li><li><a href=\"https:\/\/thczenvapes.com\/es\/comprar-thc-en-linea\/experiencia-de-vapeo-en-rumania-con-thc-zen-vapes\/\"><span style=\"text-decoration: underline;\"><span style=\"font-family: Poppins, -apple-system, BlinkMacSystemFont, 'Segoe UI', Roboto, Oxygen-Sans, Ubuntu, Cantarell, 'Helvetica Neue', sans-serif; font-size: 16px; font-style: normal; font-variant-ligatures: normal; font-variant-caps: normal; font-weight: 400;\">Comprar THC Rumania<\/span><\/span><\/a><\/li><li><span style=\"font-family: Poppins, -apple-system, BlinkMacSystemFont, 'Segoe UI', Roboto, Oxygen-Sans, Ubuntu, Cantarell, 'Helvetica Neue', sans-serif; font-size: 16px; font-style: normal; font-variant-ligatures: normal; font-variant-caps: normal; font-weight: 400;\">Comprar THC Suecia<br \/><\/span><\/li><\/ul>\t\t\t\t\t\t\t\t<\/div>\n\t\t\t\t<\/div>\n\t\t\t\t<div class=\"elementor-element elementor-element-f9f191f elementor-widget elementor-widget-text-editor\" data-id=\"f9f191f\" data-element_type=\"widget\" data-widget_type=\"text-editor.default\">\n\t\t\t\t<div class=\"elementor-widget-container\">\n\t\t\t\t\t\t\t\t\t<h2>Entendiendo el THC<\/h2><h3>\u00bfQu\u00e9 es el THC?<\/h3><p>El tetrahidrocannabinol, com\u00fanmente conocido como THC, es el principal compuesto psicoactivo que se encuentra en el cannabis. Es responsable de los efectos euf\u00f3ricos y embriagadores que a menudo se asocian con la planta.<\/p><h3>El estatus legal del THC en Europa<\/h3><p>La legalidad del THC var\u00eda de un pa\u00eds europeo a otro. Algunos pa\u00edses lo han legalizado para uso m\u00e9dico y\/o recreativo, mientras que otros mantienen estrictas prohibiciones.<\/p><h2>Beneficios de usar THC<\/h2><h3>Aplicaciones m\u00e9dicas<\/h3><p>El THC se ha mostrado prometedor para aliviar los s\u00edntomas de diversas afecciones m\u00e9dicas, incluidos el dolor cr\u00f3nico, las n\u00e1useas y los espasmos musculares.<\/p><h3>Uso recreacional<\/h3><p>Muchas personas utilizan el THC de forma recreativa para relajarse, mejorar la creatividad o simplemente disfrutar de sus efectos euf\u00f3ricos.<\/p><h2>Desaf\u00edos y riesgos<\/h2><h3>Preocupaciones legales<\/h3><p>Antes de comprar THC, es fundamental comprender el marco legal de su pa\u00eds o regi\u00f3n espec\u00edfica. Poseer o comprar THC donde es ilegal puede tener graves consecuencias.<\/p><h3>Cuestiones de calidad y seguridad<\/h3><p>Comprar THC en l\u00ednea plantea riesgos relacionados con la calidad y seguridad del producto. Es esencial asegurarse de obtener un producto de alta calidad de una fuente confiable.<\/p><h2>C\u00f3mo comprar THC en l\u00ednea<\/h2><h3>Investigar fuentes confiables<\/h3><p>Investigue y examine minuciosamente los dispensarios en l\u00ednea para asegurarse de que sean leg\u00edtimos y ofrezcan productos seguros.<\/p><h3>Garantizar el cumplimiento legal<\/h3><p>Cumpla siempre con las leyes y regulaciones locales al comprar y usar THC. El desconocimiento de la ley no es una excusa v\u00e1lida.<\/p><p>Verificar <a href=\"https:\/\/www.youtube.com\/shorts\/DrurV-wAakA\" target=\"_blank\" rel=\"noopener\">este video menciona la compra en l\u00ednea de THC<\/a><\/p><h2>Seleccionar el producto de THC adecuado<\/h2><h3>Diferentes tipos de productos de THC<\/h3><p>El THC est\u00e1 disponible en varias formas, incluidos comestibles, aceites y flores secas. Elija un producto que se adapte a sus preferencias y necesidades.<\/p><h3>M\u00e9todos de dosificaci\u00f3n y consumo.<\/h3><p>Comprender la dosis y el m\u00e9todo de consumo adecuados es vital para tener una experiencia positiva con el THC.<\/p><h2>Pago y Entrega<\/h2><h3>Opciones de pago<\/h3><p>Los dispensarios en l\u00ednea de buena reputaci\u00f3n ofrecen m\u00e9todos de pago seguros para proteger su informaci\u00f3n financiera.<\/p><h3>Env\u00edo discreto y seguro<\/h3><p>Elija vendedores que den prioridad al embalaje discreto y seguro para mantener su privacidad.<\/p><h2>Medidas de seguridad<\/h2><h3>Uso responsable<\/h3><p>Consume THC de forma responsable y moderada. El exceso puede provocar efectos adversos.<\/p><h3>Mantenerse informado sobre las leyes locales<\/h3><p>Mant\u00e9ngase actualizado sobre la evoluci\u00f3n del panorama legal del THC en su regi\u00f3n para evitar problemas legales.<\/p><h2>Rese\u00f1as y recomendaciones de clientes<\/h2><h3>Encontrar comentarios confiables<\/h3><p>Lea rese\u00f1as y busque recomendaciones de fuentes confiables para garantizar una experiencia de compra positiva.<\/p><h3>Consejos para una experiencia de compra positiva<\/h3><p>Siga los consejos y pautas para mejorar su experiencia de compra de THC en l\u00ednea.<\/p><h2>Preguntas frecuentes sobre la compra de THC online en Europa<\/h2><h3>\u00bfEs legal comprar THC online en Europa?<\/h3><p>La legalidad de comprar THC online var\u00eda seg\u00fan el pa\u00eds. Investigue las leyes locales para garantizar el cumplimiento.<\/p><h3>\u00bfCu\u00e1les son los posibles beneficios para la salud del THC?<\/h3><p>El THC puede ofrecer alivio para diversas afecciones m\u00e9dicas, pero consulte a un profesional de la salud para obtener asesoramiento personalizado.<\/p><h3>\u00bfC\u00f3mo puedo garantizar la calidad del producto de THC?<\/h3><p>Elija dispensarios acreditados con comentarios positivos de los clientes e informaci\u00f3n transparente sobre el producto.<\/p><h3>\u00bfQu\u00e9 precauciones debo tomar al comprar THC online?<\/h3><p>Garantice el cumplimiento legal, practique un uso responsable y priorice su seguridad y privacidad.<\/p><h3>\u00bfExisten restricciones de edad para comprar THC online en Europa?<\/h3><p>S\u00ed, la mayor\u00eda de los pa\u00edses europeos tienen restricciones de edad para comprar productos de THC en l\u00ednea. Verifique la edad legal en su jurisdicci\u00f3n.<\/p><p>En conclusi\u00f3n, comprar THC online en Europa puede ser una forma c\u00f3moda de acceder a esta sustancia, pero conlleva responsabilidades y riesgos potenciales. Si comprende el panorama legal, elige fuentes confiables y practica un uso responsable, puede tener una experiencia segura y positiva. Recuerde mantenerse informado y tomar decisiones informadas al considerar la compra de productos de THC.<\/p>\t\t\t\t\t\t\t\t<\/div>\n\t\t\t\t<\/div>\n\t\t\t\t\t<\/div>\n\t\t<\/div>\n\t\t\t\t\t<\/div>\n\t\t<\/section>\n\t\t\t\t<section class=\"elementor-section elementor-top-section elementor-element elementor-element-7c47ad4 elementor-section-boxed elementor-section-height-default elementor-section-height-default\" data-id=\"7c47ad4\" data-element_type=\"section\">\n\t\t\t\t\t\t<div class=\"elementor-container elementor-column-gap-default\">\n\t\t\t\t\t<div class=\"elementor-column elementor-col-100 elementor-top-column elementor-element elementor-element-43a8064\" data-id=\"43a8064\" data-element_type=\"column\">\n\t\t\t<div class=\"elementor-widget-wrap elementor-element-populated\">\n\t\t\t\t\t\t<div class=\"elementor-element elementor-element-e7ea031 elementor-widget elementor-widget-heading\" data-id=\"e7ea031\" data-element_type=\"widget\" data-widget_type=\"heading.default\">\n\t\t\t\t<div class=\"elementor-widget-container\">\n\t\t\t\t\t<h2 class=\"elementor-heading-title elementor-size-default\">Leer m\u00e1s<\/h2>\t\t\t\t<\/div>\n\t\t\t\t<\/div>\n\t\t\t\t<div class=\"elementor-element elementor-element-a0b7e80 elementor-icon-list--layout-traditional elementor-list-item-link-full_width elementor-widget elementor-widget-icon-list\" data-id=\"a0b7e80\" data-element_type=\"widget\" data-widget_type=\"icon-list.default\">\n\t\t\t\t<div class=\"elementor-widget-container\">\n\t\t\t\t\t\t\t<ul class=\"elementor-icon-list-items\">\n\t\t\t\t\t\t\t<li class=\"elementor-icon-list-item\">\n\t\t\t\t\t\t\t\t\t\t\t<a href=\"https:\/\/thczenvapes.com\/es\/son-los-cartuchos-de-vapeo-de-thc-malos-para-ti\/\">\n\n\t\t\t\t\t\t\t\t\t\t\t\t<span class=\"elementor-icon-list-icon\">\n\t\t\t\t\t\t\t<i aria-hidden=\"true\" class=\"far fa-dizzy\"><\/i>\t\t\t\t\t\t<\/span>\n\t\t\t\t\t\t\t\t\t\t<span class=\"elementor-icon-list-text\">\u00bfLos carritos de THC Vape son realmente malos para ti?<\/span>\n\t\t\t\t\t\t\t\t\t\t\t<\/a>\n\t\t\t\t\t\t\t\t\t<\/li>\n\t\t\t\t\t\t<\/ul>\n\t\t\t\t\t\t<\/div>\n\t\t\t\t<\/div>\n\t\t\t\t\t<\/div>\n\t\t<\/div>\n\t\t\t\t\t<\/div>\n\t\t<\/section>\n\t\t\t\t<\/div>","protected":false},"excerpt":{"rendered":"<p>En el mundo en r\u00e1pida evoluci\u00f3n de hoy, la accesibilidad a diversos productos y servicios a trav\u00e9s de plataformas en l\u00ednea se ha convertido en algo com\u00fan. Un producto de este tipo que ha atra\u00eddo una atenci\u00f3n significativa<span class=\"excerpt-hellip\"> [\u2026]<\/span><\/p>","protected":false},"author":1,"featured_media":0,"parent":0,"menu_order":0,"comment_status":"closed","ping_status":"closed","template":"","meta":{"footnotes":""},"class_list":["post-138","page","type-page","status-publish","hentry"],"jetpack_sharing_enabled":true,"_links":{"self":[{"href":"https:\/\/thczenvapes.com\/es\/wp-json\/wp\/v2\/pages\/138","targetHints":{"allow":["GET"]}}],"collection":[{"href":"https:\/\/thczenvapes.com\/es\/wp-json\/wp\/v2\/pages"}],"about":[{"href":"https:\/\/thczenvapes.com\/es\/wp-json\/wp\/v2\/types\/page"}],"author":[{"embeddable":true,"href":"https:\/\/thczenvapes.com\/es\/wp-json\/wp\/v2\/users\/1"}],"replies":[{"embeddable":true,"href":"https:\/\/thczenvapes.com\/es\/wp-json\/wp\/v2\/comments?post=138"}],"version-history":[{"count":5,"href":"https:\/\/thczenvapes.com\/es\/wp-json\/wp\/v2\/pages\/138\/revisions"}],"predecessor-version":[{"id":664,"href":"https:\/\/thczenvapes.com\/es\/wp-json\/wp\/v2\/pages\/138\/revisions\/664"}],"wp:attachment":[{"href":"https:\/\/thczenvapes.com\/es\/wp-json\/wp\/v2\/media?parent=138"}],"curies":[{"name":"wp","href":"https:\/\/api.w.org\/{rel}","templated":true}]}}