{"id":320,"date":"2023-11-02T09:47:55","date_gmt":"2023-11-02T09:47:55","guid":{"rendered":"https:\/\/thczenvapes.com\/?page_id=320"},"modified":"2023-11-02T10:14:50","modified_gmt":"2023-11-02T10:14:50","slug":"buy-online-thc-vapes-with-ease-in-belgium-easy-guide-how-to-purchase-thc-zen-vape-in-belgium","status":"publish","type":"page","link":"https:\/\/thczenvapes.com\/de\/thc-online-kaufen\/kaufen-sie-thc-verdampfer-ganz-einfach-online-in-belgien-einfache-anleitung-zum-kauf-von-thc-zen-vape-in-belgien\/","title":{"rendered":"Kaufen Sie THC-Vapes ganz einfach online in Belgien: Einfache Anleitung zum Kauf von THC-Zen-Vapes in Belgien"},"content":{"rendered":"<p>Unser Ziel ist es, den Kauf von THC-Vapes in Belgien m\u00fchelos zu gestalten. Egal, ob Sie neu im THC-Dampfen sind oder ein erfahrener Enthusiast sind, unsere Plattform ist f\u00fcr Sie da, um Ihre Bed\u00fcrfnisse zu erf\u00fcllen. Entdecken Sie unsere Auswahl, kaufen Sie THC-Vapes in Belgien mit Vertrauen und steigern Sie Ihr THC-Erlebnis mit THC Zen Vapes.<\/p>\n<style>\/*! elementor - v3.15.0 - 02-08-2023 *\/\n.elementor-heading-title{padding:0;margin:0;line-height:1}.elementor-widget-heading .elementor-heading-title[class*=elementor-size-]>a{color:inherit;font-size:inherit;line-height:inherit}.elementor-widget-heading .elementor-heading-title.elementor-size-small{font-size:15px}.elementor-widget-heading .elementor-heading-title.elementor-size-medium{font-size:19px}.elementor-widget-heading .elementor-heading-title.elementor-size-large{font-size:29px}.elementor-widget-heading .elementor-heading-title.elementor-size-xl{font-size:39px}.elementor-widget-heading .elementor-heading-title.elementor-size-xxl{font-size:59px}<\/style>\n<h3>Einf\u00fchrung zum Kauf von THC Zen Vapes in Belgien:<\/h3>\n<p>Willkommen bei THC Zen Vapes Belgium, Ihrem <strong>Vertrauensw\u00fcrdige<\/strong> Ziel f\u00fcr nahtlose <strong>THC-Vape<\/strong> K\u00e4ufe. Unsere Mission ist es, eine vielf\u00e4ltige Auswahl anzubieten <strong>THC von h\u00f6chster Qualit\u00e4t<\/strong> Vape-Produkte sorgen f\u00fcr ein problemloses Erlebnis bei der Erkundung der Welt von THC. Unsere benutzerfreundliche <a href=\"https:\/\/thczenvapes.com\/de\/shop\/\">Online-Shop<\/a> ist auf Ihre Bequemlichkeit ausgelegt und bietet detaillierte Produktbeschreibungen und hochaufl\u00f6sende Bilder, die Sie bei der fundierten Entscheidungsfindung unterst\u00fctzen.<\/p>\n<h3>Shop-Erlebnis mit THC Zen Vapes: <\/h3>\n<p>Bei THC Zen Vapes Belgium sind wir stolz darauf, ein au\u00dfergew\u00f6hnliches Einkaufserlebnis zu bieten. Unser <strong><a href=\"https:\/\/thczenvapes.com\/de\/shop\/\">Online-Shop<\/a><\/strong> ist durchdacht f\u00fcr eine einfache Navigation konzipiert, sodass Sie m\u00fchelos Produkte erkunden und ausw\u00e4hlen k\u00f6nnen, die Ihren Vorlieben entsprechen.<\/p>\n<link rel=\"stylesheet\" href=\"https:\/\/thczenvapes.com\/wp-content\/plugins\/elementor-pro\/assets\/css\/widget-call-to-action.min.css\">\n<h2>Kaufen Sie Premium ZEN THC VAPES<\/h2>\n<p>\t\t\t\t\t\tSichern Sie sich Ihren Kauf von Zen THC Vapes aus Belgien<br \/>\n\t\t\t\t\t<a href=\"https:\/\/thczenvapes.com\/de\/shop\/\"><br \/>\n\t\t\t\t\t\tKaufe jetzt\t\t\t\t\t<\/a><\/p>\n<h3>Navigieren im Store:<\/h3>\n<p>Navigieren in unserem <a href=\"https:\/\/thczenvapes.com\/de\/shop\/\">speichern<\/a> Ist einfach. Sie k\u00f6nnen nach bestimmten Produkten suchen oder durch Kategorien st\u00f6bern, um das perfekte Produkt zu finden<strong> THC-Vape<\/strong> f\u00fcr Ihre Bed\u00fcrfnisse. Mit einem nahtlosen und <a href=\"https:\/\/thczenvapes.com\/de\/eine-schritt-fur-schritt-anleitung-zur-rechnungszahlung-im-thc-zen-vapes-store\/\"><strong>Sichere Kasse<\/strong><\/a> So haben Sie Ihre gew\u00fcnschten Produkte schnell auf dem Weg zu Ihnen.<\/p>\n<h3>Online in Belgien kaufen:<\/h3>\n<p>Einkauf <a href=\"https:\/\/thczenvapes.com\/de\/shop\/\">THC-Vapes online<\/a> in Belgien war noch nie so bequem. Wir bieten schnelle und <a href=\"https:\/\/thczenvapes.com\/de\/versand-und-zahlungen-sorgen-fur-effizienz-und-sicherheit-bei-thc-zen-vapes\/\"><strong>diskreter Versand<\/strong><\/a> im ganzen Land, um Ihre sicherzustellen <strong>Privatsph\u00e4re und Sicherheit<\/strong> w\u00e4hrend des gesamten Prozesses.<\/p>\n<h3>Produktauswahl:<\/h3>\n<p>Entdecken Sie unsere gro\u00dfe Auswahl an THC-Vape-Produkten von <a href=\"https:\/\/thczenvapes.com\/de\/shop\/\"><strong>Premium-Vapor<\/strong><\/a> Stifte zu einer Vielzahl von THC-infundierten E-Liquids. Wir beziehen unsere Produkte von namhaften Herstellern <strong>Qualit\u00e4t garantieren<\/strong> und Potenz. Egal, ob Sie ein erfahrener THC-Enthusiast oder ein Neuentdecker sind, wir gehen auf alle Vorlieben ein.<\/p>\n<h3>Sicherheit und Datenschutz beim Kauf von THC Zen in Belgien:<\/h3>\n<p>Bei THC Zen Vapes Belgium, Ihr <a href=\"https:\/\/thczenvapes.com\/de\/datenschutzrichtlinie\/\"><strong>Sicherheit und Privatsph\u00e4re<\/strong><\/a> sind unsere obersten Priorit\u00e4ten. Wir ergreifen alle notwendigen Ma\u00dfnahmen, um Ihre pers\u00f6nlichen Daten zu sch\u00fctzen und sicherzustellen <a href=\"https:\/\/thczenvapes.com\/de\/versand-und-zahlungen-sorgen-fur-effizienz-und-sicherheit-bei-thc-zen-vapes\/\"><strong>Diskrete Auftragslieferungen<\/strong><\/a>. Alle unsere Produkte werden umfassenden Labortests unterzogen, um die h\u00f6chsten Standards zu erf\u00fcllen <strong>Qualit\u00e4t und Sicherheit<\/strong>So k\u00f6nnen Sie bei jedem Einkauf beruhigt sein.<\/p>\n<h3>Bestellen Sie Ihren THC Zen Vape sicher und einfach aus Belgien:<br \/>Kaufen Sie sicher und schnell<\/h3>\n<h3>H\u00e4ufig gestellte Fragen (FAQ):<\/h3>\n<ul>\n<li><strong>Ist es legal, THC-Vapes in Belgien zu kaufen?<\/strong> Der rechtliche Status von THC-Vapes in Belgien kann komplex sein. Es ist wichtig zu verstehen, dass THC eine kontrollierte Substanz ist und die Verwendung und der Besitz von THC-Vape-Produkten im Allgemeinen strengen Vorschriften unterliegen. Wir empfehlen Ihnen, sich mit den Gesetzen und Vorschriften in Ihrer Region vertraut zu machen, um deren Einhaltung sicherzustellen.<\/li>\n<li><strong>Welche Zahlungsmethoden werden akzeptiert?<\/strong> F\u00fcr Ihren Komfort bieten wir eine Vielzahl von Zahlungsmethoden an, darunter Kredit-\/Debitkarten, Bank\u00fcberweisungen und Kryptow\u00e4hrung.<\/li>\n<li><strong>Bieten Sie internationalen Versand in andere europ\u00e4ische L\u00e4nder an? <\/strong>Ja, wir bieten internationalen Versand in ausgew\u00e4hlte europ\u00e4ische L\u00e4nder an. Die Liste finden Sie in unseren Versandinformationen <a href=\"https:\/\/thczenvapes.com\/de\/lander-in-die-wir-liefern\/\"><strong>unterst\u00fctzte Ziele<\/strong><\/a>.<\/li>\n<li><strong>Wie kann ich Ihr Kundensupport-Team erreichen, wenn ich Fragen oder Bedenken habe? <\/strong>Sie k\u00f6nnen unser Kundensupport-Team per E-Mail, Telefon oder \u00fcber die Live-Chat-Funktion unserer Website erreichen. Wir sind f\u00fcr Sie da, wenn Sie Fragen oder Bedenken haben.<\/li>\n<li><strong>Gibt es Rabatte oder Sonderangebote f\u00fcr wiederkehrende Kunden? <\/strong>Ja, wir bieten unseren treuen Kunden regelm\u00e4\u00dfig Sonderaktionen und Rabatte an. Bleiben Sie \u00fcber unsere neuesten Angebote auf dem Laufenden, indem Sie unseren Newsletter abonnieren und uns in den sozialen Medien folgen.<\/li>\n<\/ul>\n<style>\/*! elementor - v3.15.0 - 02-08-2023 *\/\n.elementor-widget-image{text-align:center}.elementor-widget-image a{display:inline-block}.elementor-widget-image a img[src$=\".svg\"]{width:48px}.elementor-widget-image img{vertical-align:middle;display:inline-block}<\/style>\n<p>\t\t\t\t\t\t\t\t\t\t\t\t<img loading=\"lazy\" decoding=\"async\" width=\"150\" height=\"150\" src=\"https:\/\/thczenvapes.com\/wp-content\/uploads\/2023\/09\/logo_only_512-150x150.png\" alt=\"THC-Verdampfer\" srcset=\"https:\/\/thczenvapes.com\/wp-content\/uploads\/2023\/09\/logo_only_512-150x150.png 150w, https:\/\/thczenvapes.com\/wp-content\/uploads\/2023\/09\/logo_only_512-300x300.png 300w, https:\/\/thczenvapes.com\/wp-content\/uploads\/2023\/09\/logo_only_512-500x500.png 500w, https:\/\/thczenvapes.com\/wp-content\/uploads\/2023\/09\/logo_only_512-75x75.png 75w, https:\/\/thczenvapes.com\/wp-content\/uploads\/2023\/09\/logo_only_512-480x480.png 480w, https:\/\/thczenvapes.com\/wp-content\/uploads\/2023\/09\/logo_only_512.png 512w\" sizes=\"auto, (max-width:767px) 150px, 150px\" title=\"THC-Verdampfer\"><\/p>","protected":false},"excerpt":{"rendered":"<p>Unser Ziel ist es, den Kauf von THC-Vapes in Belgien m\u00fchelos zu gestalten. Egal, ob Sie neu im THC-Dampfen sind oder ein erfahrener Enthusiast, unsere Plattform<span class=\"excerpt-hellip\"> [\u2026]<\/span><\/p>","protected":false},"author":1,"featured_media":0,"parent":138,"menu_order":0,"comment_status":"closed","ping_status":"closed","template":"","meta":{"footnotes":""},"class_list":["post-320","page","type-page","status-publish","hentry"],"jetpack_sharing_enabled":true,"_links":{"self":[{"href":"https:\/\/thczenvapes.com\/de\/wp-json\/wp\/v2\/pages\/320","targetHints":{"allow":["GET"]}}],"collection":[{"href":"https:\/\/thczenvapes.com\/de\/wp-json\/wp\/v2\/pages"}],"about":[{"href":"https:\/\/thczenvapes.com\/de\/wp-json\/wp\/v2\/types\/page"}],"author":[{"embeddable":true,"href":"https:\/\/thczenvapes.com\/de\/wp-json\/wp\/v2\/users\/1"}],"replies":[{"embeddable":true,"href":"https:\/\/thczenvapes.com\/de\/wp-json\/wp\/v2\/comments?post=320"}],"version-history":[{"count":5,"href":"https:\/\/thczenvapes.com\/de\/wp-json\/wp\/v2\/pages\/320\/revisions"}],"predecessor-version":[{"id":325,"href":"https:\/\/thczenvapes.com\/de\/wp-json\/wp\/v2\/pages\/320\/revisions\/325"}],"up":[{"embeddable":true,"href":"https:\/\/thczenvapes.com\/de\/wp-json\/wp\/v2\/pages\/138"}],"wp:attachment":[{"href":"https:\/\/thczenvapes.com\/de\/wp-json\/wp\/v2\/media?parent=320"}],"curies":[{"name":"wp","href":"https:\/\/api.w.org\/{rel}","templated":true}]}}