{"id":242,"date":"2023-09-30T21:28:30","date_gmt":"2023-09-30T21:28:30","guid":{"rendered":"https:\/\/thczenvapes.com\/?page_id=242"},"modified":"2023-09-30T21:28:31","modified_gmt":"2023-09-30T21:28:31","slug":"shipping-and-payments-ensuring-efficiency-and-security-at-thc-zen-vapes","status":"publish","type":"page","link":"https:\/\/thczenvapes.com\/de\/versand-und-zahlungen-sorgen-fur-effizienz-und-sicherheit-bei-thc-zen-vapes\/","title":{"rendered":"Versand und Zahlungen: Gew\u00e4hrleistung von Effizienz und Sicherheit bei THC Zen Vapes"},"content":{"rendered":"<p>Bei THC Zen Vapes ist es uns nicht nur ein Anliegen, erstklassige Qualit\u00e4tsprodukte zu liefern, sondern auch sicherzustellen, dass der Prozess von der Bestellung bis zum Erhalt Ihrer bevorzugten THC-Vapes reibungslos, sicher und effizient verl\u00e4uft. Wir sch\u00e4tzen unsere Kunden und sind bestrebt, jeden Schritt Ihres Einkaufserlebnisses bei uns zu einem Vergn\u00fcgen zu machen. Im Folgenden gehen wir n\u00e4her auf unsere Versand- und Zahlungsabl\u00e4ufe ein und erl\u00e4utern, was den Einkauf bei uns zu einer erstklassigen Wahl macht.<\/p>\n\n\n\n<h3 class=\"wp-block-heading\">Schneller und sicherer Versand<\/h3>\n\n\n\n<p><strong>48-Stunden-Versand:<\/strong> Wir verstehen, wie gespannt wir auf Ihre Bestellung sind, und haben deshalb unsere Prozesse optimiert, um sicherzustellen, dass jede Bestellung innerhalb von 48 Stunden nach Aufgabe versandt wird. Unsere Abl\u00e4ufe sind optimiert, um sicherzustellen, dass Ihre E-Zigaretten in k\u00fcrzester Zeit auf dem Weg zu Ihnen sind.<\/p>\n\n\n\n<p><strong>Diskrete Verpackung:<\/strong> Ihre Privatsph\u00e4re steht an erster Stelle. Jede Bestellung wird diskret verpackt, um sicherzustellen, dass der Inhalt vertraulich bleibt und die Privatsph\u00e4re unserer Kunden gesch\u00fctzt ist. Wir achten sorgf\u00e4ltig darauf, dass nur Sie die Spannung kennen, die in jedem Paket auf Sie wartet.<\/p>\n\n\n\n<p><strong>Qualit\u00e4tskontrolle:<\/strong> Bevor wir eine Bestellung versenden, wird jedes Ger\u00e4t gr\u00fcndlich getestet, um sicherzustellen, dass es unseren strengen Qualit\u00e4tsstandards entspricht. Jede Verpackung ist sorgf\u00e4ltig etikettiert, um sicherzustellen, dass das Produkt, das Sie erhalten, in makellosem Zustand ist und bereit ist, das unvergleichliche Dampferlebnis zu bieten, f\u00fcr das THC Zen Vapes bekannt ist.<\/p>\n\n\n\n<h3 class=\"wp-block-heading\">Transparente und sichere Zahlungsprozesse<\/h3>\n\n\n\n<p><strong>Verarbeitung durch Dritte:<\/strong> Zahlungen werden nahtlos und sicher \u00fcber einen Drittanbieter abgewickelt, sodass Ihre Finanzdaten gesch\u00fctzt sind. Wir sind bestrebt, die h\u00f6chsten Sicherheitsstandards einzuhalten und sicherzustellen, dass jede Transaktion mit gr\u00f6\u00dfter Sicherheit durchgef\u00fchrt wird.<\/p>\n\n\n\n<p><strong>R\u00fcckgaberecht:<\/strong> Wir sch\u00e4tzen unsere Kunden und streben danach, bei jedem Schritt Zufriedenheit zu gew\u00e4hrleisten. Es ist jedoch wichtig zu beachten, dass Zahlungen f\u00fcr Bestellungen nach Ablauf von 7 Tagen nach Versand einer Bestellung nicht mehr erstattet werden k\u00f6nnen. Wir ermutigen unsere Kunden, sich innerhalb dieses Zeitfensters mit allen Anliegen an uns zu wenden, um eine schnelle und effiziente L\u00f6sung zu gew\u00e4hrleisten.<\/p>\n\n\n\n<p><strong>Kryptow\u00e4hrungstransaktionen:<\/strong> In unserem Bestreben, vielf\u00e4ltige und bequeme Zahlungsoptionen anzubieten, akzeptieren wir Zahlungen in Kryptow\u00e4hrung. Es ist jedoch wichtig zu beachten, dass diese Zahlungen nicht erstattungsf\u00e4hig sind. Wir bitten unsere Kunden dringend, bei Transaktionen auf Genauigkeit zu achten, da Zahlungen, die an die falsche Wallet gesendet werden, nicht als bezahlte Bestellung anerkannt werden.<\/p>\n\n\n\n<h3 class=\"wp-block-heading\">Abschlie\u00dfend<\/h3>\n\n\n\n<p>Bei THC Zen Vapes geht es nicht nur darum, ein umfangreiches Sortiment an Premium-Vapes anzubieten, sondern auch darum, sicherzustellen, dass jede Interaktion, von der Bestellung bis zum Genuss Ihres Lieblings-Vapes, von Effizienz, Sicherheit und Komfort gepr\u00e4gt ist. Wir entwickeln uns st\u00e4ndig weiter und ergreifen innovative Ma\u00dfnahmen, um Ihr Einkaufserlebnis zu verbessern. Dabei stellen wir sicher, dass jeder Schritt ein Beweis f\u00fcr unser Engagement f\u00fcr Exzellenz, Qualit\u00e4t und un\u00fcbertroffenen Kundenservice ist.<\/p>\n\n\n\n<p>Ihre Zufriedenheit steht f\u00fcr uns an erster Stelle, und w\u00e4hrend wir weiterhin neue Angebotshorizonte erschlie\u00dfen, bleibt unser Engagement f\u00fcr die Gew\u00e4hrleistung eines reibungslosen, sicheren und angenehmen Einkaufserlebnisses unersch\u00fctterlich. Mit THC Zen Vapes ist jeder Zug nicht nur ein Erlebnis, sondern eine Reise durch eine Welt, in der Qualit\u00e4t, Innovation und exzellenter Service zu einer Geschichte unvergleichlicher Zufriedenheit verschmelzen. Willkommen in einer Welt, in der jede Interaktion darauf zugeschnitten ist, die Raffinesse und Qualit\u00e4t widerzuspiegeln, die uns ausmacht. Willkommen bei THC Zen Vapes.<\/p>","protected":false},"excerpt":{"rendered":"<p>Bei THC Zen Vapes sind wir nicht nur bestrebt, Produkte von h\u00f6chster Qualit\u00e4t zu liefern, sondern auch sicherzustellen, dass der Prozess von der Bestellung bis zum Erhalt Ihres bevorzugten THC<span class=\"excerpt-hellip\"> [\u2026]<\/span><\/p>","protected":false},"author":1,"featured_media":0,"parent":0,"menu_order":0,"comment_status":"closed","ping_status":"closed","template":"","meta":{"footnotes":""},"class_list":["post-242","page","type-page","status-publish","hentry"],"jetpack_sharing_enabled":true,"_links":{"self":[{"href":"https:\/\/thczenvapes.com\/de\/wp-json\/wp\/v2\/pages\/242","targetHints":{"allow":["GET"]}}],"collection":[{"href":"https:\/\/thczenvapes.com\/de\/wp-json\/wp\/v2\/pages"}],"about":[{"href":"https:\/\/thczenvapes.com\/de\/wp-json\/wp\/v2\/types\/page"}],"author":[{"embeddable":true,"href":"https:\/\/thczenvapes.com\/de\/wp-json\/wp\/v2\/users\/1"}],"replies":[{"embeddable":true,"href":"https:\/\/thczenvapes.com\/de\/wp-json\/wp\/v2\/comments?post=242"}],"version-history":[{"count":1,"href":"https:\/\/thczenvapes.com\/de\/wp-json\/wp\/v2\/pages\/242\/revisions"}],"predecessor-version":[{"id":243,"href":"https:\/\/thczenvapes.com\/de\/wp-json\/wp\/v2\/pages\/242\/revisions\/243"}],"wp:attachment":[{"href":"https:\/\/thczenvapes.com\/de\/wp-json\/wp\/v2\/media?parent=242"}],"curies":[{"name":"wp","href":"https:\/\/api.w.org\/{rel}","templated":true}]}}