{"id":237,"date":"2023-09-30T21:22:21","date_gmt":"2023-09-30T21:22:21","guid":{"rendered":"https:\/\/thczenvapes.com\/?page_id=237"},"modified":"2023-09-30T21:22:23","modified_gmt":"2023-09-30T21:22:23","slug":"countries-we-ship-to","status":"publish","type":"page","link":"https:\/\/thczenvapes.com\/de\/lander-in-die-wir-liefern\/","title":{"rendered":"L\u00e4nder, in die wir versenden"},"content":{"rendered":"<p>Bei Zen THC Vapes sind wir stolz auf unsere F\u00e4higkeit, ein breites Spektrum an Kunden aus verschiedenen Teilen Europas zu bedienen. Wir sind bekannt f\u00fcr unsere erstklassigen Qualit\u00e4tsprodukte, unseren au\u00dfergew\u00f6hnlichen Kundenservice und unsere prompten Liefersysteme. Unsere Reichweite erstreckt sich \u00fcber die Grenzen hinaus und stellt sicher, dass unsere gesch\u00e4tzten Kunden ihre bevorzugten THC-Vapes direkt an sie geliefert bekommen, unabh\u00e4ngig von ihrem Standort in den von uns abgedeckten Regionen. Nachfolgend finden Sie einen Einblick in die L\u00e4nder, die sich auf unserem Versandradar befinden.<\/p>\n\n\n\n<h3 class=\"wp-block-heading\">Unsere Reichweite in ganz Europa<\/h3>\n\n\n\n<p><strong>Deutschland<\/strong> \u2013 Als Land, das f\u00fcr seine reiche Geschichte und seinen technologischen Fortschritt bekannt ist, stellen wir sicher, dass unsere deutschen Kunden nahtlosen Zugang zu unseren erstklassigen Produkten genie\u00dfen.<\/p>\n\n\n\n<p><strong>Italien<\/strong> \u2013 Von den architektonischen Wundern Roms bis zu den ruhigen Kan\u00e4len Venedigs genie\u00dft unsere italienische Kundschaft eine ununterbrochene Lieferung von Zen THC Vapes.<\/p>\n\n\n\n<p><strong>Portugal<\/strong> \u2013 Ob in den historischen Zentren von Porto oder in den wundersch\u00f6nen Landschaften von Lissabon, unsere Kunden in Portugal sind nie zu weit entfernt, um unseren tadellosen Lieferservice zu genie\u00dfen.<\/p>\n\n\n\n<p><strong>Spanien<\/strong> \u2013 So bunt und vielf\u00e4ltig wie das Land selbst, bieten wir eine Reihe von THC-Vapes an, um den vielseitigen Geschm\u00e4ckern unserer spanischen Kunden gerecht zu werden.<\/p>\n\n\n\n<p><strong>Frankreich<\/strong> \u2013 In der romantischen Atmosph\u00e4re von Paris und dar\u00fcber hinaus k\u00f6nnen franz\u00f6sische Cannabiskenner problemlos unser Produktsortiment in die H\u00e4nde bekommen.<\/p>\n\n\n\n<p><strong>Belgien<\/strong> \u2013 Belgien ist bekannt f\u00fcr seine mittelalterlichen St\u00e4dte und Renaissance-Architektur und beherbergt auch eine Bev\u00f6lkerung, die ungehinderten Zugang zu Zen THC Vapes genie\u00dft.<\/p>\n\n\n\n<h3 class=\"wp-block-heading\">Eintauchen in vielf\u00e4ltige Demografien<\/h3>\n\n\n\n<p><strong>Schweiz<\/strong> Und <strong>Slowenien<\/strong> \u2013 Inmitten der ruhigen Landschaften und des anspruchsvollen Lebensstils sorgen wir daf\u00fcr, dass die Bev\u00f6lkerung eine vielf\u00e4ltige Auswahl unserer THC-Vapes genie\u00dft.<\/p>\n\n\n\n<p><strong>Estland, Slowakei, Tschechische Republik und Polen<\/strong> \u2013 In diesen architektonischen Juwelen Europas haben wir ein Netzwerk aufgebaut, das p\u00fcnktliche und effiziente Lieferungen garantiert.<\/p>\n\n\n\n<p><strong>Ungarn<\/strong> Und <strong>Vereinigtes K\u00f6nigreich (UK)<\/strong> \u2013 Unsere gesch\u00e4tzten Kunden in historischen St\u00e4dten und modernen Metropolen erhalten ihre Bestellungen schnell und pr\u00e4zise.<\/p>\n\n\n\n<h3 class=\"wp-block-heading\">Wir sind nur einen Klick entfernt<\/h3>\n\n\n\n<p><strong>\u00d6sterreich, Bulgarien, Kroatien, Zypern, D\u00e4nemark, Finnland, Griechenland, Irland, Lettland, Litauen, Luxemburg, Malta, Niederlande, Rum\u00e4nien, Schweden<\/strong> \u2013 Unsere Pr\u00e4senz w\u00e4chst stark und stellt sicher, dass jedes Land mit seiner einzigartigen Kultur und seinem Erbe in den Kreislauf unseres effizienten Liefernetzwerks eingebunden ist.<\/p>\n\n\n\n<h3 class=\"wp-block-heading\">Abschluss<\/h3>\n\n\n\n<p>Bei Zen THC Vapes liegt uns die Welt zu F\u00fc\u00dfen und Europa unser gesch\u00e4tztes Juwel. Unsere umfassenden Versandm\u00f6glichkeiten sollen sicherstellen, dass kein Kunde zur\u00fcckbleibt und jeder Einzelne, unabh\u00e4ngig von seinem Standort, die einwandfreie Qualit\u00e4t und un\u00fcbertroffene Vielfalt unserer THC-Vapes genie\u00dfen kann.<\/p>\n\n\n\n<p>Jede Bestellung wird mit h\u00f6chster Pr\u00e4zision bearbeitet, um p\u00fcnktliche Lieferungen und Produkte zu gew\u00e4hrleisten, die Sie in makellosem Zustand erreichen und die Qualit\u00e4t und Integrit\u00e4t bewahren, f\u00fcr die Zen THC Vapes bekannt ist.<\/p>\n\n\n\n<p>Unser Engagement, Grenzen zu \u00fcberschreiten, ist unersch\u00fctterlich, und w\u00e4hrend wir unseren Horizont weiter erweitern, bleibt unser Engagement f\u00fcr tadellosen Service und Qualit\u00e4t so unersch\u00fctterlich wie eh und je. Bei Zen THC Vapes sind Sie nicht nur ein Kunde; Sie sind ein gesch\u00e4tztes Mitglied einer globalen Familie, in der Qualit\u00e4t, Vielfalt und tadelloser Service die Eckpfeiler Ihrer Erfahrung sind.<\/p>","protected":false},"excerpt":{"rendered":"<p>Bei Zen THC Vapes sind wir stolz auf unsere F\u00e4higkeit, ein breites Spektrum an Kunden aus verschiedenen Teilen Europas zu bedienen. Wir sind bekannt f\u00fcr<span class=\"excerpt-hellip\"> [\u2026]<\/span><\/p>","protected":false},"author":1,"featured_media":0,"parent":0,"menu_order":0,"comment_status":"closed","ping_status":"closed","template":"","meta":{"footnotes":""},"class_list":["post-237","page","type-page","status-publish","hentry"],"jetpack_sharing_enabled":true,"_links":{"self":[{"href":"https:\/\/thczenvapes.com\/de\/wp-json\/wp\/v2\/pages\/237","targetHints":{"allow":["GET"]}}],"collection":[{"href":"https:\/\/thczenvapes.com\/de\/wp-json\/wp\/v2\/pages"}],"about":[{"href":"https:\/\/thczenvapes.com\/de\/wp-json\/wp\/v2\/types\/page"}],"author":[{"embeddable":true,"href":"https:\/\/thczenvapes.com\/de\/wp-json\/wp\/v2\/users\/1"}],"replies":[{"embeddable":true,"href":"https:\/\/thczenvapes.com\/de\/wp-json\/wp\/v2\/comments?post=237"}],"version-history":[{"count":1,"href":"https:\/\/thczenvapes.com\/de\/wp-json\/wp\/v2\/pages\/237\/revisions"}],"predecessor-version":[{"id":238,"href":"https:\/\/thczenvapes.com\/de\/wp-json\/wp\/v2\/pages\/237\/revisions\/238"}],"wp:attachment":[{"href":"https:\/\/thczenvapes.com\/de\/wp-json\/wp\/v2\/media?parent=237"}],"curies":[{"name":"wp","href":"https:\/\/api.w.org\/{rel}","templated":true}]}}