{"id":223,"date":"2023-09-30T20:22:52","date_gmt":"2023-09-30T20:22:52","guid":{"rendered":"https:\/\/thczenvapes.com\/?page_id=223"},"modified":"2023-09-30T21:16:59","modified_gmt":"2023-09-30T21:16:59","slug":"terms-and-conditions","status":"publish","type":"page","link":"https:\/\/thczenvapes.com\/de\/geschaftsbedingungen\/","title":{"rendered":"Gesch\u00e4ftsbedingungen"},"content":{"rendered":"<p>Willkommen bei Zen THC Vapes. Diese Allgemeinen Gesch\u00e4ftsbedingungen beschreiben die Regeln und Vorschriften f\u00fcr die Nutzung der Website und der Dienste von Zen THC Vapes. Mit dem Zugriff auf diese Website gehen wir davon aus, dass Sie diese Allgemeinen Gesch\u00e4ftsbedingungen vollst\u00e4ndig akzeptieren. Nutzen Sie die Website von Zen THC Vapes nicht weiter, wenn Sie nicht alle auf dieser Seite aufgef\u00fchrten Gesch\u00e4ftsbedingungen akzeptieren.<\/p>\n\n\n\n<h4 class=\"wp-block-heading\"><strong>1. Online-Shop-Bedingungen<\/strong><\/h4>\n\n\n\n<p>Indem Sie diesen Nutzungsbedingungen zustimmen, erkl\u00e4ren Sie, dass Sie in Ihrem Wohnsitzstaat oder -provinz mindestens die Vollj\u00e4hrigkeit erreicht haben oder dass Sie in Ihrem Wohnsitzstaat oder -provinz die Vollj\u00e4hrigkeit erreicht haben und uns Ihr Einverst\u00e4ndnis dazu gegeben haben Erlauben Sie Ihren minderj\u00e4hrigen Angeh\u00f6rigen, diese Website zu nutzen.<\/p>\n\n\n\n<h4 class=\"wp-block-heading\"><strong>2. Allgemeine Gesch\u00e4ftsbedingungen<\/strong><\/h4>\n\n\n\n<p>Wir behalten uns das Recht vor, jederzeit und aus beliebigen Gr\u00fcnden den Service zu verweigern. Sie verstehen, dass Ihre Inhalte (einschlie\u00dflich Kreditkarteninformationen) m\u00f6glicherweise unverschl\u00fcsselt \u00fcbertragen werden und \u00dcbertragungen \u00fcber verschiedene Netzwerke sowie \u00c4nderungen zur Anpassung an die technischen Anforderungen der Verbindungsnetzwerke oder Ger\u00e4te erfordern.<\/p>\n\n\n\n<h4 class=\"wp-block-heading\"><strong>3. Produkte oder Dienstleistungen<\/strong><\/h4>\n\n\n\n<p>Bestimmte Produkte oder Dienstleistungen sind m\u00f6glicherweise ausschlie\u00dflich online \u00fcber die Website verf\u00fcgbar. Diese Produkte oder Dienstleistungen sind m\u00f6glicherweise nur in begrenzten Mengen erh\u00e4ltlich und k\u00f6nnen nur gem\u00e4\u00df unserer R\u00fcckgaberichtlinie zur\u00fcckgegeben oder umgetauscht werden.<\/p>\n\n\n\n<h4 class=\"wp-block-heading\"><strong>4. Genauigkeit der Rechnungs- und Kontoinformationen<\/strong><\/h4>\n\n\n\n<p>Wir behalten uns das Recht vor, jede Bestellung, die Sie bei uns aufgeben, abzulehnen. Wir k\u00f6nnen nach unserem alleinigen Ermessen die gekauften Mengen pro Person, pro Haushalt oder pro Bestellung begrenzen oder stornieren.<\/p>\n\n\n\n<h4 class=\"wp-block-heading\"><strong>5. Optionale Tools<\/strong><\/h4>\n\n\n\n<p>Wir gew\u00e4hren Ihnen m\u00f6glicherweise Zugriff auf Tools von Drittanbietern, die wir weder \u00fcberwachen noch kontrollieren oder beeinflussen k\u00f6nnen.<\/p>\n\n\n\n<h4 class=\"wp-block-heading\"><strong>6. R\u00fcckerstattungsrichtlinie<\/strong><\/h4>\n\n\n\n<p>Wir bieten unseren gesch\u00e4tzten Kunden eine R\u00fcckerstattungsrichtlinie f\u00fcr ihre Sicherheit und ein verbessertes Einkaufserlebnis. R\u00fcckerstattungen sind innerhalb von 5 Tagen nach Versand des Artikels m\u00f6glich. Um eine R\u00fcckerstattung zu veranlassen, wenden Sie sich mit Ihren Bestelldaten an unseren Kundenservice. Wir werden Sie dann durch den Vorgang f\u00fchren. Das Produkt muss im Originalzustand zur\u00fcckgegeben werden und die Versandkosten f\u00fcr die R\u00fccksendung des Artikels liegen in der Verantwortung des Kunden.<\/p>\n\n\n\n<h4 class=\"wp-block-heading\"><strong>7. Haftungsbeschr\u00e4nkung<\/strong><\/h4>\n\n\n\n<p>In keinem Fall haften Zen THC Vapes, unsere Direktoren, leitenden Angestellten, Mitarbeiter, verbundenen Unternehmen, Vertreter, Auftragnehmer, Praktikanten, Lieferanten, Dienstleister oder Lizenzgeber f\u00fcr Verletzungen, Verluste, Anspr\u00fcche oder andere direkte, indirekte, zuf\u00e4llige, strafrechtliche oder besondere Anspr\u00fcche oder Folgesch\u00e4den jeglicher Art.<\/p>\n\n\n\n<h4 class=\"wp-block-heading\"><strong>8. Schadensersatz<\/strong><\/h4>\n\n\n\n<p>Sie erkl\u00e4ren sich damit einverstanden, Zen THC Vapes und unsere Muttergesellschaft, Tochtergesellschaften, verbundenen Unternehmen, Partner, leitenden Angestellten, Direktoren, Vertreter, Auftragnehmer, Lizenzgeber, Dienstleister, Subunternehmer, Lieferanten, Praktikanten und Mitarbeiter von allen Anspr\u00fcchen oder Forderungen freizustellen, zu verteidigen und schadlos zu halten.<\/p>\n\n\n\n<h4 class=\"wp-block-heading\"><strong>9. Salvatorische Klausel<\/strong><\/h4>\n\n\n\n<p>Sollte sich herausstellen, dass eine Bestimmung dieser Nutzungsbedingungen rechtswidrig, nichtig oder nicht durchsetzbar ist, ist diese Bestimmung dennoch im gr\u00f6\u00dftm\u00f6glichen gesetzlich zul\u00e4ssigen Umfang durchsetzbar.<\/p>\n\n\n\n<h4 class=\"wp-block-heading\"><strong>10. K\u00fcndigung<\/strong><\/h4>\n\n\n\n<p>Die Verpflichtungen und Verbindlichkeiten der Parteien, die vor dem K\u00fcndigungsdatum eingegangen sind, bleiben in jeder Hinsicht auch nach Beendigung dieser Vereinbarung bestehen.<\/p>","protected":false},"excerpt":{"rendered":"<p>Willkommen bei Zen THC Vapes. Diese Allgemeinen Gesch\u00e4ftsbedingungen beschreiben die Regeln und Vorschriften f\u00fcr die Nutzung der Website und der Dienste von Zen THC Vapes. Durch Zugriff<span class=\"excerpt-hellip\"> [\u2026]<\/span><\/p>","protected":false},"author":1,"featured_media":0,"parent":0,"menu_order":0,"comment_status":"closed","ping_status":"closed","template":"","meta":{"footnotes":""},"class_list":["post-223","page","type-page","status-publish","hentry"],"jetpack_sharing_enabled":true,"_links":{"self":[{"href":"https:\/\/thczenvapes.com\/de\/wp-json\/wp\/v2\/pages\/223","targetHints":{"allow":["GET"]}}],"collection":[{"href":"https:\/\/thczenvapes.com\/de\/wp-json\/wp\/v2\/pages"}],"about":[{"href":"https:\/\/thczenvapes.com\/de\/wp-json\/wp\/v2\/types\/page"}],"author":[{"embeddable":true,"href":"https:\/\/thczenvapes.com\/de\/wp-json\/wp\/v2\/users\/1"}],"replies":[{"embeddable":true,"href":"https:\/\/thczenvapes.com\/de\/wp-json\/wp\/v2\/comments?post=223"}],"version-history":[{"count":2,"href":"https:\/\/thczenvapes.com\/de\/wp-json\/wp\/v2\/pages\/223\/revisions"}],"predecessor-version":[{"id":233,"href":"https:\/\/thczenvapes.com\/de\/wp-json\/wp\/v2\/pages\/223\/revisions\/233"}],"wp:attachment":[{"href":"https:\/\/thczenvapes.com\/de\/wp-json\/wp\/v2\/media?parent=223"}],"curies":[{"name":"wp","href":"https:\/\/api.w.org\/{rel}","templated":true}]}}