{"id":138,"date":"2023-09-30T18:54:08","date_gmt":"2023-09-30T18:54:08","guid":{"rendered":"https:\/\/thczenvapes.com\/?page_id=138"},"modified":"2024-05-23T21:00:08","modified_gmt":"2024-05-23T21:00:08","slug":"buy-thc-online","status":"publish","type":"page","link":"https:\/\/thczenvapes.com\/de\/thc-online-kaufen\/","title":{"rendered":"Kaufen Sie THC online in Europa: Ein umfassender Leitfaden"},"content":{"rendered":"<div data-elementor-type=\"wp-page\" data-elementor-id=\"138\" class=\"elementor elementor-138\">\n\t\t\t\t\t\t<section class=\"elementor-section elementor-top-section elementor-element elementor-element-a3e41b8 elementor-section-boxed elementor-section-height-default elementor-section-height-default\" data-id=\"a3e41b8\" data-element_type=\"section\">\n\t\t\t\t\t\t<div class=\"elementor-container elementor-column-gap-default\">\n\t\t\t\t\t<div class=\"elementor-column elementor-col-100 elementor-top-column elementor-element elementor-element-ae1d111\" data-id=\"ae1d111\" data-element_type=\"column\">\n\t\t\t<div class=\"elementor-widget-wrap elementor-element-populated\">\n\t\t\t\t\t\t<div class=\"elementor-element elementor-element-61685ed elementor-widget elementor-widget-text-editor\" data-id=\"61685ed\" data-element_type=\"widget\" data-widget_type=\"text-editor.default\">\n\t\t\t\t<div class=\"elementor-widget-container\">\n\t\t\t\t\t\t\t\t\t<p>In der sich schnell entwickelnden Welt von heute ist der Zugang zu verschiedenen Produkten und Dienstleistungen \u00fcber Online-Plattformen allt\u00e4glich geworden. Ein solches Produkt, das gro\u00dfe Aufmerksamkeit erregt hat, ist THC, die psychoaktive Verbindung, die in Cannabis vorkommt. Angesichts der potenziellen Vorteile und der damit verbundenen Freizeitnutzung sind Menschen in ganz Europa zunehmend neugierig darauf, wie man THC online kaufen kann. In diesem umfassenden Leitfaden befassen wir uns mit den verschiedenen Aspekten des Online-Kaufs von THC in Europa und stellen sicher, dass Sie \u00fcber alle notwendigen Informationen verf\u00fcgen, um fundierte Entscheidungen zu treffen.<\/p>\t\t\t\t\t\t\t\t<\/div>\n\t\t\t\t<\/div>\n\t\t\t\t<div class=\"elementor-element elementor-element-801fbc1 elementor-widget elementor-widget-text-editor\" data-id=\"801fbc1\" data-element_type=\"widget\" data-widget_type=\"text-editor.default\">\n\t\t\t\t<div class=\"elementor-widget-container\">\n\t\t\t\t\t\t\t\t\t<h2>Inhaltsverzeichnis<\/h2><ol><li><p><strong>THC verstehen<\/strong><\/p><ul><li>Was ist THC?<\/li><li>Der rechtliche Status von THC in Europa<\/li><\/ul><\/li><li><p><strong>Vorteile der Verwendung von THC<\/strong><\/p><ul><li>Medizinische Anwendungen<\/li><li>Freizeitnutzung<\/li><\/ul><\/li><li><p><strong>Herausforderungen und Risiken<\/strong><\/p><ul><li>Rechtliche Bedenken<\/li><li>Qualit\u00e4ts- und Sicherheitsfragen<\/li><\/ul><\/li><li><p><strong>So kaufen Sie THC online<\/strong><\/p><ul><li>Recherche seri\u00f6ser Quellen<\/li><li>Sicherstellung der Rechtskonformit\u00e4t<\/li><\/ul><\/li><li><p><strong>Auswahl des richtigen THC-Produkts<\/strong><\/p><ul><li>Verschiedene Arten von THC-Produkten<\/li><li>Dosierungs- und Verbrauchsmethoden<\/li><\/ul><\/li><li><p><strong>Zahlungs-und Lieferbedingungen<\/strong><\/p><ul><li>Zahlungsm\u00f6glichkeiten<\/li><li>Diskreter und sicherer Versand<\/li><\/ul><\/li><li><p><strong>Sicherheitsma\u00dfnahmen<\/strong><\/p><ul><li>Verantwortungsvoller Umgang<\/li><li>Bleiben Sie \u00fcber die \u00f6rtlichen Gesetze informiert<\/li><\/ul><\/li><li><p><strong>Kundenrezensionen und Empfehlungen<\/strong><\/p><ul><li>Verl\u00e4ssliches Feedback finden<\/li><li>Tipps f\u00fcr ein positives Kauferlebnis<\/li><\/ul><\/li><li><p><strong>FAQs zum Online-Kauf von THC in Europa<\/strong><\/p><ul><li>Ist es in Europa legal, THC online zu kaufen?<\/li><li>Was sind die potenziellen gesundheitlichen Vorteile von THC?<\/li><li>Wie kann ich die Qualit\u00e4t des THC-Produkts sicherstellen?<\/li><li>Welche Vorsichtsma\u00dfnahmen sollte ich beim Online-Kauf von THC treffen?<\/li><li>Gibt es Altersbeschr\u00e4nkungen f\u00fcr den Online-Kauf von THC in Europa?<\/li><\/ul><\/li><\/ol>\t\t\t\t\t\t\t\t<\/div>\n\t\t\t\t<\/div>\n\t\t\t\t<section class=\"elementor-section elementor-inner-section elementor-element elementor-element-0e4c109 elementor-section-boxed elementor-section-height-default elementor-section-height-default\" data-id=\"0e4c109\" data-element_type=\"section\">\n\t\t\t\t\t\t<div class=\"elementor-container elementor-column-gap-default\">\n\t\t\t\t\t<div class=\"elementor-column elementor-col-50 elementor-inner-column elementor-element elementor-element-af163df\" data-id=\"af163df\" data-element_type=\"column\">\n\t\t\t<div class=\"elementor-widget-wrap elementor-element-populated\">\n\t\t\t\t\t\t<div class=\"elementor-element elementor-element-edd4eb1 elementor-widget elementor-widget-image\" data-id=\"edd4eb1\" data-element_type=\"widget\" data-widget_type=\"image.default\">\n\t\t\t\t<div class=\"elementor-widget-container\">\n\t\t\t\t\t\t\t\t\t\t\t\t\t\t\t<img fetchpriority=\"high\" decoding=\"async\" width=\"322\" height=\"157\" src=\"https:\/\/thczenvapes.com\/wp-content\/uploads\/2023\/09\/1.jpeg\" class=\"attachment-medium_large size-medium_large wp-image-149\" alt=\"Kaufen Sie THC online in Europa\" srcset=\"https:\/\/thczenvapes.com\/wp-content\/uploads\/2023\/09\/1.jpeg 322w, https:\/\/thczenvapes.com\/wp-content\/uploads\/2023\/09\/1-300x146.jpeg 300w, https:\/\/thczenvapes.com\/wp-content\/uploads\/2023\/09\/1-150x73.jpeg 150w\" sizes=\"(max-width:767px) 322px, 322px\" title=\"THC-Verdampfer\">\t\t\t\t\t\t\t\t\t\t\t\t\t\t\t<\/div>\n\t\t\t\t<\/div>\n\t\t\t\t\t<\/div>\n\t\t<\/div>\n\t\t\t\t<div class=\"elementor-column elementor-col-50 elementor-inner-column elementor-element elementor-element-d5b2a71\" data-id=\"d5b2a71\" data-element_type=\"column\">\n\t\t\t<div class=\"elementor-widget-wrap\">\n\t\t\t\t\t\t\t<\/div>\n\t\t<\/div>\n\t\t\t\t\t<\/div>\n\t\t<\/section>\n\t\t\t\t<div class=\"elementor-element elementor-element-855ee30 elementor-widget elementor-widget-text-editor\" data-id=\"855ee30\" data-element_type=\"widget\" data-widget_type=\"text-editor.default\">\n\t\t\t\t<div class=\"elementor-widget-container\">\n\t\t\t\t\t\t\t\t\t<h2>Erkundung seri\u00f6ser Online-THC-Shops<\/h2>\n<p>Beim Online-Kauf von THC in Europa ist es entscheidend, seri\u00f6se und vertrauensw\u00fcrdige Quellen zu w\u00e4hlen. Zwei dieser Etablissements, die in der THC-Community Anerkennung gefunden haben, sind THC Zen Vapes und Vader THC Vapes. Diese Online-Shops bieten eine gro\u00dfe Auswahl an THC-Produkten und stellen sicher, dass Sie Zugriff auf hochwertige Optionen f\u00fcr Ihre Bed\u00fcrfnisse haben.<\/p>\n<h2>THC Zen Vapes Online-Shop<\/h2>\n<p><a href=\"https:\/\/thczenvapes.com\/de\/shop\/\" target=\"_new\"><strong>THC Zen Vapes<\/strong><\/a> ist eine renommierte Online-Apotheke, die f\u00fcr ihr Engagement f\u00fcr Qualit\u00e4t und Kundenzufriedenheit bekannt ist. Sie bieten eine vielf\u00e4ltige Auswahl an THC-Produkten an, darunter Vapes, Esswaren und mehr. Mit dem Schwerpunkt auf der Bereitstellung sicherer und im Labor getesteter Produkte ist THC Zen Vapes eine Anlaufstelle f\u00fcr alle, die eine zuverl\u00e4ssige Quelle f\u00fcr THC-Produkte suchen.<\/p>\n<h2>Vader THC Vapes Online-Shop<\/h2>\n<p>Wenn Sie auf der Suche nach einem au\u00dfergew\u00f6hnlichen Online-Einkaufserlebnis f\u00fcr THC-Produkte sind, <a href=\"https:\/\/vadercnbs.com\/thc-shop\/\" target=\"_new\" rel=\"noopener\"><strong>Vader THC Vapes<\/strong><\/a> ist eine weitere ausgezeichnete Wahl. Ihre gro\u00dfe Auswahl an THC-Vape-Produkten wird mit Sicherheit den unterschiedlichsten Vorlieben gerecht. Vader THC Vapes ist stolz auf sein Engagement f\u00fcr Produktsicherheit und -qualit\u00e4t, was sie zu einer vertrauensw\u00fcrdigen Option f\u00fcr THC-Enthusiasten macht.<\/p>\n<p><strong>Ergreift Ma\u00dfnahmen jetzt:<\/strong> Wenn Sie bereit sind, die Welt von THC zu erkunden und die Vorteile zu erleben, die es bieten kann, sollten Sie einen Besuch in Betracht ziehen <a href=\"https:\/\/thczenvapes.com\/de\/shop\/\" target=\"_new\">THC Zen Vapes<\/a> Und <a href=\"https:\/\/vadercnbs.com\/thc-shop\/\" target=\"_new\" rel=\"noopener\">Vader THC Vapes<\/a>. Diese seri\u00f6sen Online-Shops bieten eine sichere und bequeme M\u00f6glichkeit, auf Premium-THC-Produkte zuzugreifen. Beginnen Sie noch heute Ihre Reise und entdecken Sie die M\u00f6glichkeiten, die THC zu bieten hat. Ihre Zufriedenheit und Ihr Wohlbefinden stehen f\u00fcr uns an erster Stelle.<\/p>\n<p>Bitte beachten Sie, dass es beim Online-Kauf von THC-Produkten unbedingt erforderlich ist, die \u00f6rtlichen Gesetze und Vorschriften zu recherchieren und einzuhalten. Genie\u00dfen Sie verantwortungsbewusst und treffen Sie fundierte Entscheidungen, um ein positives Erlebnis zu gew\u00e4hrleisten.<\/p>\t\t\t\t\t\t\t\t<\/div>\n\t\t\t\t<\/div>\n\t\t\t\t<div class=\"elementor-element elementor-element-57d0363 elementor-widget elementor-widget-text-editor\" data-id=\"57d0363\" data-element_type=\"widget\" data-widget_type=\"text-editor.default\">\n\t\t\t\t<div class=\"elementor-widget-container\">\n\t\t\t\t\t\t\t\t\t<h2>THC-Einkauf nach L\u00e4ndern:<\/h2><ul><li><a href=\"https:\/\/thczenvapes.com\/de\/thc-online-kaufen\/thc-online-in-deutschland-kaufen-ihr-ultimativer-leitfaden-zum-thc-zen-vapes-shop\/\"><span style=\"letter-spacing: 0px;\"><u>Kaufen Sie THC Deutschland<\/u><\/span><\/a><\/li><li><a href=\"https:\/\/thczenvapes.com\/de\/buy-thc-online-in-italy-with-confidence-at-thc-zen-shop\/\"><span style=\"letter-spacing: 0px;\"><u>Kaufen Sie THC Italien<\/u><\/span><\/a><\/li><li><span style=\"text-decoration: underline;\"><a href=\"https:\/\/thczenvapes.com\/de\/buy-thc-online-in-portugal-find-best-thc-flavor-at-thc-zen-vapes-shop\/\">Kaufen Sie THC Portugal<\/a><\/span><\/li><li><span style=\"text-decoration: underline;\"><a href=\"https:\/\/thczenvapes.com\/de\/buy-thc-in-spain-online-easy-guide-how-to-buy-thc-vapes-in-spain-using-thc-zen-shop\/\">Kaufen Sie THC Spanien<\/a><\/span><\/li><li><span style=\"text-decoration: underline;\"><a href=\"https:\/\/thczenvapes.com\/de\/thc-online-kaufen\/entdecken-und-kaufen-sie-ihre-bevorzugten-thc-verdampfer-sicher-bei-thc-zen-vapes-in-frankreich\/\">Kaufen Sie THC Frankreich<\/a><\/span><\/li><li><span style=\"text-decoration: underline;\"><a href=\"https:\/\/thczenvapes.com\/de\/thc-online-kaufen\/kaufen-sie-thc-verdampfer-ganz-einfach-online-in-belgien-einfache-anleitung-zum-kauf-von-thc-zen-vape-in-belgien\/\">Kaufen Sie THC Belgien<\/a><\/span><\/li><li><a href=\"https:\/\/thczenvapes.com\/de\/thc-online-kaufen\/thc-vape-produkte-in-der-schweiz-sicher-und-einfach-kaufen-mit-zen-vape\/\"><span style=\"text-decoration: underline;\">Kaufen Sie THC Schweiz<\/span><\/a><\/li><li><span style=\"text-decoration: underline;\"><a href=\"https:\/\/thczenvapes.com\/de\/thc-online-kaufen\/entdecken-sie-die-welt-des-thc-vapings-in-slowenien-kaufen-sie-thc-zen-vape-in-slowenien\/\">Kaufen Sie THC Slowenien<\/a><\/span><\/li><li><span style=\"text-decoration: underline;\"><a href=\"https:\/\/thczenvapes.com\/de\/thc-online-kaufen\/thc-vaping-in-estland-entdecken-leitfaden-zum-kauf-von-thc-zen-vape-in-estland\/\">Kaufen Sie THC Estland<\/a><\/span><\/li><li><span style=\"text-decoration: underline;\"><a href=\"https:\/\/thczenvapes.com\/de\/thc-online-kaufen\/erkundung-des-thc-verdampfens-in-der-slowakei\/\">Kaufen Sie THC Slowakei<\/a><\/span><\/li><li><span style=\"text-decoration: underline;\"><a href=\"https:\/\/thczenvapes.com\/de\/thc-online-kaufen\/thc-verdampfen-in-der-tschechischen-republik\/\">Kaufen Sie THC Tschechien<\/a><\/span><\/li><li><span style=\"text-decoration: underline;\"><a href=\"https:\/\/thczenvapes.com\/de\/thc-online-kaufen\/thc-zen-vape-in-polen-kaufen\/\">Kaufen Sie THC Polen<\/a><\/span><\/li><li><span style=\"text-decoration: underline;\"><a href=\"https:\/\/thczenvapes.com\/de\/thc-online-kaufen\/bestes-thc-vaping-erlebnis-in-ungarn\/\">Kaufen Sie THC Ungarn<\/a><\/span><\/li><li><span style=\"text-decoration: underline;\"><a href=\"https:\/\/thczenvapes.com\/de\/thc-online-kaufen\/thc-dampferlebnis-in-grosbritannien-mit-zen-vape\/\">Kaufen Sie THC Vereinigtes K\u00f6nigreich (UK)<\/a><\/span><\/li><li><span style=\"text-decoration: underline;\"><a href=\"https:\/\/thczenvapes.com\/de\/thc-online-kaufen\/der-ultimative-leitfaden-zum-kauf-von-thc-verdampfern-in-osterreich\/\">Kaufen Sie THC \u00d6sterreich<\/a><\/span><\/li><li><a href=\"https:\/\/thczenvapes.com\/de\/thc-online-kaufen\/kaufen-sie-thc-verdampfer-in-bulgarien-entdecken-sie-thc-zen\/\"><span style=\"text-decoration: underline;\">Kaufen Sie THC Bulgarien<\/span><\/a><\/li><li><a href=\"https:\/\/thczenvapes.com\/de\/thc-online-kaufen\/kaufen-sie-thc-vaporizer-in-kroatien-mit-thc-zen\/\"><span style=\"text-decoration: underline;\">Kaufen Sie THC Kroatien<\/span><\/a><\/li><li><a href=\"https:\/\/thczenvapes.com\/de\/thc-online-kaufen\/premium-thc-verdampfer-in-zypern-jetzt-bei-thc-zen-vapes-kaufen\/\"><span style=\"text-decoration: underline;\">Kaufen Sie THC Zypern<\/span><\/a><\/li><li><a href=\"https:\/\/thczenvapes.com\/de\/thc-online-kaufen\/dampferlebnis-in-danemark-mit-thc-zen-vapes\/\"><span style=\"text-decoration: underline;\">Kaufen Sie THC D\u00e4nemark<\/span><\/a><\/li><li><a href=\"https:\/\/thczenvapes.com\/de\/thc-online-kaufen\/kaufen-sie-thc-verdampfer-in-finnland-mit-thc-zen-vapes\/\"><span style=\"text-decoration: underline;\">Kaufen Sie THC Finnland<\/span><\/a><\/li><li><a href=\"https:\/\/thczenvapes.com\/de\/thc-online-kaufen\/thc-verdampfen-in-griechenland-mit-thc-zen-vapes\/\"><span style=\"text-decoration: underline;\"><span style=\"font-family: Poppins, -apple-system, BlinkMacSystemFont, 'Segoe UI', Roboto, Oxygen-Sans, Ubuntu, Cantarell, 'Helvetica Neue', sans-serif; font-size: 16px; font-style: normal; font-variant-ligatures: normal; font-variant-caps: normal; font-weight: 400;\">Kaufen Sie THC\u00a0<\/span>Griechenland<\/span><\/a><\/li><li><a href=\"https:\/\/thczenvapes.com\/de\/thc-online-kaufen\/thc-verdampfen-in-irland-mit-thc-zen-vapes\/\"><span style=\"text-decoration: underline;\"><span style=\"font-family: Poppins, -apple-system, BlinkMacSystemFont, 'Segoe UI', Roboto, Oxygen-Sans, Ubuntu, Cantarell, 'Helvetica Neue', sans-serif; font-size: 16px; font-style: normal; font-variant-ligatures: normal; font-variant-caps: normal; font-weight: 400;\">Kaufen Sie THC Irland<\/span><\/span><\/a><\/li><li><span style=\"font-family: Poppins, -apple-system, BlinkMacSystemFont, 'Segoe UI', Roboto, Oxygen-Sans, Ubuntu, Cantarell, 'Helvetica Neue', sans-serif; font-size: 16px; font-style: normal; font-variant-ligatures: normal; font-variant-caps: normal; font-weight: 400;\"><a href=\"https:\/\/thczenvapes.com\/de\/thc-online-kaufen\/thc-dampferlebnis-in-lettland-mit-thc-zen-vapes\/\"><span style=\"text-decoration: underline;\">Kaufen Sie THC Lettland<\/span><\/a><br \/><\/span><\/li><li><span style=\"font-family: Poppins, -apple-system, BlinkMacSystemFont, 'Segoe UI', Roboto, Oxygen-Sans, Ubuntu, Cantarell, 'Helvetica Neue', sans-serif; font-size: 16px; font-style: normal; font-variant-ligatures: normal; font-variant-caps: normal; font-weight: 400;\"><a href=\"https:\/\/thczenvapes.com\/de\/thc-online-kaufen\/premium-vaping-in-litauen-mit-thc-zen-vapes\/\"><span style=\"text-decoration: underline;\">Kaufen Sie THC Litauen<\/span><\/a><br \/><\/span><\/li><li><span style=\"font-family: Poppins, -apple-system, BlinkMacSystemFont, 'Segoe UI', Roboto, Oxygen-Sans, Ubuntu, Cantarell, 'Helvetica Neue', sans-serif; font-size: 16px; font-style: normal; font-variant-ligatures: normal; font-variant-caps: normal; font-weight: 400;\"><a href=\"https:\/\/thczenvapes.com\/de\/thc-online-kaufen\/thc-dampferlebnis-in-luxemburg-mit-thc-zen-vapes\/\"><span style=\"text-decoration: underline;\">Kaufen Sie THC Luxemburg<\/span><\/a><br \/><\/span><\/li><li><span style=\"font-family: Poppins, -apple-system, BlinkMacSystemFont, 'Segoe UI', Roboto, Oxygen-Sans, Ubuntu, Cantarell, 'Helvetica Neue', sans-serif; font-size: 16px; font-style: normal; font-variant-ligatures: normal; font-variant-caps: normal; font-weight: 400;\"><a href=\"https:\/\/thczenvapes.com\/de\/thc-online-kaufen\/verbessern-sie-ihr-dampferlebnis-in-malta-mit-thc-zen-vapes\/\"><span style=\"text-decoration: underline;\">Kaufen Sie THC Malta<\/span><\/a><br \/><\/span><\/li><li><span style=\"font-family: Poppins, -apple-system, BlinkMacSystemFont, 'Segoe UI', Roboto, Oxygen-Sans, Ubuntu, Cantarell, 'Helvetica Neue', sans-serif; font-size: 16px; font-style: normal; font-variant-ligatures: normal; font-variant-caps: normal; font-weight: 400;\"><span style=\"text-decoration: underline;\"><a href=\"https:\/\/thczenvapes.com\/de\/thc-online-kaufen\/kaufen-sie-premium-thc-vaporizer-in-den-niederlanden-mit-thc-zen\/\">Kaufen Sie THC Niederlande<\/a><\/span><br \/><\/span><\/li><li><a href=\"https:\/\/thczenvapes.com\/de\/thc-online-kaufen\/dampferlebnis-in-rumanien-mit-thc-zen-vapes\/\"><span style=\"text-decoration: underline;\"><span style=\"font-family: Poppins, -apple-system, BlinkMacSystemFont, 'Segoe UI', Roboto, Oxygen-Sans, Ubuntu, Cantarell, 'Helvetica Neue', sans-serif; font-size: 16px; font-style: normal; font-variant-ligatures: normal; font-variant-caps: normal; font-weight: 400;\">Kaufen Sie THC Rum\u00e4nien<\/span><\/span><\/a><\/li><li><span style=\"font-family: Poppins, -apple-system, BlinkMacSystemFont, 'Segoe UI', Roboto, Oxygen-Sans, Ubuntu, Cantarell, 'Helvetica Neue', sans-serif; font-size: 16px; font-style: normal; font-variant-ligatures: normal; font-variant-caps: normal; font-weight: 400;\">Kaufen Sie THC Schweden<br \/><\/span><\/li><\/ul>\t\t\t\t\t\t\t\t<\/div>\n\t\t\t\t<\/div>\n\t\t\t\t<div class=\"elementor-element elementor-element-f9f191f elementor-widget elementor-widget-text-editor\" data-id=\"f9f191f\" data-element_type=\"widget\" data-widget_type=\"text-editor.default\">\n\t\t\t\t<div class=\"elementor-widget-container\">\n\t\t\t\t\t\t\t\t\t<h2>THC verstehen<\/h2><h3>Was ist THC?<\/h3><p>Tetrahydrocannabinol, allgemein bekannt als THC, ist die wichtigste psychoaktive Verbindung, die in Cannabis vorkommt. Es ist f\u00fcr die euphorisierenden und berauschenden Wirkungen verantwortlich, die oft mit der Pflanze verbunden sind.<\/p><h3>Der rechtliche Status von THC in Europa<\/h3><p>Die Legalit\u00e4t von THC variiert von einem europ\u00e4ischen Land zum anderen. Einige L\u00e4nder haben es f\u00fcr medizinische und\/oder Freizeitzwecke legalisiert, w\u00e4hrend andere strikte Verbote aufrechterhalten.<\/p><h2>Vorteile der Verwendung von THC<\/h2><h3>Medizinische Anwendungen<\/h3><p>THC hat sich als vielversprechend bei der Linderung der Symptome verschiedener Erkrankungen erwiesen, darunter chronische Schmerzen, \u00dcbelkeit und Muskelkr\u00e4mpfe.<\/p><h3>Freizeitnutzung<\/h3><p>Viele Menschen nutzen THC in der Freizeit, um sich zu entspannen, die Kreativit\u00e4t zu steigern oder einfach die euphorisierende Wirkung zu genie\u00dfen.<\/p><h2>Herausforderungen und Risiken<\/h2><h3>Rechtliche Bedenken<\/h3><p>Vor dem Kauf von THC ist es wichtig, die rechtlichen Rahmenbedingungen in Ihrem spezifischen Land oder Ihrer Region zu verstehen. Der Besitz oder Kauf von THC, wo es illegal ist, kann schwerwiegende Folgen haben.<\/p><h3>Qualit\u00e4ts- und Sicherheitsfragen<\/h3><p>Der Online-Kauf von THC birgt Risiken hinsichtlich der Produktqualit\u00e4t und -sicherheit. Es ist wichtig sicherzustellen, dass Sie ein qualitativ hochwertiges Produkt von einer seri\u00f6sen Quelle erhalten.<\/p><h2>So kaufen Sie THC online<\/h2><h3>Recherche seri\u00f6ser Quellen<\/h3><p>Recherchieren und \u00fcberpr\u00fcfen Sie Online-Apotheken gr\u00fcndlich, um sicherzustellen, dass sie seri\u00f6s sind und sichere Produkte anbieten.<\/p><h3>Sicherstellung der Rechtskonformit\u00e4t<\/h3><p>Halten Sie sich beim Kauf und der Verwendung von THC stets an die \u00f6rtlichen Gesetze und Vorschriften. Unkenntnis des Gesetzes ist keine g\u00fcltige Entschuldigung.<\/p><p>Kasse <a href=\"https:\/\/www.youtube.com\/shorts\/DrurV-wAakA\" target=\"_blank\" rel=\"noopener\">In diesem Video wird der Online-Kauf von THC erw\u00e4hnt<\/a><\/p><h2>Auswahl des richtigen THC-Produkts<\/h2><h3>Verschiedene Arten von THC-Produkten<\/h3><p>THC ist in verschiedenen Formen erh\u00e4ltlich, darunter Lebensmittel, \u00d6le und getrocknete Bl\u00fcten. W\u00e4hlen Sie ein Produkt, das Ihren Vorlieben und Bed\u00fcrfnissen entspricht.<\/p><h3>Dosierungs- und Verbrauchsmethoden<\/h3><p>Das Verst\u00e4ndnis der richtigen Dosierung und Konsummethode ist f\u00fcr eine positive Erfahrung mit THC von entscheidender Bedeutung.<\/p><h2>Zahlungs-und Lieferbedingungen<\/h2><h3>Zahlungsm\u00f6glichkeiten<\/h3><p>Seri\u00f6se Online-Apotheken bieten sichere Zahlungsmethoden zum Schutz Ihrer Finanzdaten.<\/p><h3>Diskreter und sicherer Versand<\/h3><p>W\u00e4hlen Sie Verk\u00e4ufer, die Wert auf eine diskrete und sichere Verpackung legen, um Ihre Privatsph\u00e4re zu sch\u00fctzen.<\/p><h2>Sicherheitsma\u00dfnahmen<\/h2><h3>Verantwortungsvoller Umgang<\/h3><p>Konsumieren Sie THC verantwortungsvoll und in Ma\u00dfen. \u00dcberm\u00e4\u00dfiger Genuss kann zu negativen Auswirkungen f\u00fchren.<\/p><h3>Bleiben Sie \u00fcber die \u00f6rtlichen Gesetze informiert<\/h3><p>Bleiben Sie \u00fcber die sich entwickelnde Rechtslandschaft von THC in Ihrer Region auf dem Laufenden, um rechtliche Probleme zu vermeiden.<\/p><h2>Kundenrezensionen und Empfehlungen<\/h2><h3>Verl\u00e4ssliches Feedback finden<\/h3><p>Lesen Sie Bewertungen und holen Sie Empfehlungen aus vertrauensw\u00fcrdigen Quellen ein, um ein positives Kauferlebnis zu gew\u00e4hrleisten.<\/p><h3>Tipps f\u00fcr ein positives Kauferlebnis<\/h3><p>Befolgen Sie Tipps und Richtlinien, um Ihr Online-Kauferlebnis mit THC zu verbessern.<\/p><h2>FAQs zum Online-Kauf von THC in Europa<\/h2><h3>Ist es in Europa legal, THC online zu kaufen?<\/h3><p>Die Rechtm\u00e4\u00dfigkeit des Online-Kaufs von THC variiert je nach Land. Informieren Sie sich \u00fcber die \u00f6rtlichen Gesetze, um deren Einhaltung sicherzustellen.<\/p><h3>Was sind die potenziellen gesundheitlichen Vorteile von THC?<\/h3><p>THC kann bei verschiedenen Erkrankungen Linderung verschaffen, f\u00fcr eine individuelle Beratung sollten Sie jedoch einen Arzt konsultieren.<\/p><h3>Wie kann ich die Qualit\u00e4t des THC-Produkts sicherstellen?<\/h3><p>W\u00e4hlen Sie seri\u00f6se Apotheken mit positivem Kundenfeedback und transparenten Produktinformationen.<\/p><h3>Welche Vorsichtsma\u00dfnahmen sollte ich beim Online-Kauf von THC treffen?<\/h3><p>Sorgen Sie f\u00fcr die Einhaltung gesetzlicher Vorschriften, praktizieren Sie einen verantwortungsvollen Umgang und legen Sie Wert auf Ihre Sicherheit und Privatsph\u00e4re.<\/p><h3>Gibt es Altersbeschr\u00e4nkungen f\u00fcr den Online-Kauf von THC in Europa?<\/h3><p>Ja, in den meisten europ\u00e4ischen L\u00e4ndern gelten Altersbeschr\u00e4nkungen f\u00fcr den Online-Kauf von THC-Produkten. \u00dcberpr\u00fcfen Sie das gesetzliche Mindestalter in Ihrem Land.<\/p><p>Zusammenfassend l\u00e4sst sich sagen, dass der Online-Kauf von THC in Europa eine bequeme M\u00f6glichkeit sein kann, an diese Substanz zu gelangen, aber er birgt Verantwortung und potenzielle Risiken. Wenn Sie die Rechtslandschaft verstehen, seri\u00f6se Quellen ausw\u00e4hlen und einen verantwortungsvollen Umgang praktizieren, k\u00f6nnen Sie eine sichere und positive Erfahrung machen. Denken Sie daran, informiert zu bleiben und fundierte Entscheidungen zu treffen, wenn Sie den Kauf von THC-Produkten in Betracht ziehen.<\/p>\t\t\t\t\t\t\t\t<\/div>\n\t\t\t\t<\/div>\n\t\t\t\t\t<\/div>\n\t\t<\/div>\n\t\t\t\t\t<\/div>\n\t\t<\/section>\n\t\t\t\t<section class=\"elementor-section elementor-top-section elementor-element elementor-element-7c47ad4 elementor-section-boxed elementor-section-height-default elementor-section-height-default\" data-id=\"7c47ad4\" data-element_type=\"section\">\n\t\t\t\t\t\t<div class=\"elementor-container elementor-column-gap-default\">\n\t\t\t\t\t<div class=\"elementor-column elementor-col-100 elementor-top-column elementor-element elementor-element-43a8064\" data-id=\"43a8064\" data-element_type=\"column\">\n\t\t\t<div class=\"elementor-widget-wrap elementor-element-populated\">\n\t\t\t\t\t\t<div class=\"elementor-element elementor-element-e7ea031 elementor-widget elementor-widget-heading\" data-id=\"e7ea031\" data-element_type=\"widget\" data-widget_type=\"heading.default\">\n\t\t\t\t<div class=\"elementor-widget-container\">\n\t\t\t\t\t<h2 class=\"elementor-heading-title elementor-size-default\">Mehr lesen<\/h2>\t\t\t\t<\/div>\n\t\t\t\t<\/div>\n\t\t\t\t<div class=\"elementor-element elementor-element-a0b7e80 elementor-icon-list--layout-traditional elementor-list-item-link-full_width elementor-widget elementor-widget-icon-list\" data-id=\"a0b7e80\" data-element_type=\"widget\" data-widget_type=\"icon-list.default\">\n\t\t\t\t<div class=\"elementor-widget-container\">\n\t\t\t\t\t\t\t<ul class=\"elementor-icon-list-items\">\n\t\t\t\t\t\t\t<li class=\"elementor-icon-list-item\">\n\t\t\t\t\t\t\t\t\t\t\t<a href=\"https:\/\/thczenvapes.com\/de\/sind-thc-vape-carts-schlecht-fur-dich\/\">\n\n\t\t\t\t\t\t\t\t\t\t\t\t<span class=\"elementor-icon-list-icon\">\n\t\t\t\t\t\t\t<i aria-hidden=\"true\" class=\"far fa-dizzy\"><\/i>\t\t\t\t\t\t<\/span>\n\t\t\t\t\t\t\t\t\t\t<span class=\"elementor-icon-list-text\">Sind THC-Vape-Kartuschen wirklich schlecht f\u00fcr Sie?<\/span>\n\t\t\t\t\t\t\t\t\t\t\t<\/a>\n\t\t\t\t\t\t\t\t\t<\/li>\n\t\t\t\t\t\t<\/ul>\n\t\t\t\t\t\t<\/div>\n\t\t\t\t<\/div>\n\t\t\t\t\t<\/div>\n\t\t<\/div>\n\t\t\t\t\t<\/div>\n\t\t<\/section>\n\t\t\t\t<\/div>","protected":false},"excerpt":{"rendered":"<p>In der sich schnell entwickelnden Welt von heute ist der Zugang zu verschiedenen Produkten und Dienstleistungen \u00fcber Online-Plattformen allt\u00e4glich geworden. Ein solches Produkt, das gro\u00dfe Aufmerksamkeit erregt hat<span class=\"excerpt-hellip\"> [\u2026]<\/span><\/p>","protected":false},"author":1,"featured_media":0,"parent":0,"menu_order":0,"comment_status":"closed","ping_status":"closed","template":"","meta":{"footnotes":""},"class_list":["post-138","page","type-page","status-publish","hentry"],"jetpack_sharing_enabled":true,"_links":{"self":[{"href":"https:\/\/thczenvapes.com\/de\/wp-json\/wp\/v2\/pages\/138","targetHints":{"allow":["GET"]}}],"collection":[{"href":"https:\/\/thczenvapes.com\/de\/wp-json\/wp\/v2\/pages"}],"about":[{"href":"https:\/\/thczenvapes.com\/de\/wp-json\/wp\/v2\/types\/page"}],"author":[{"embeddable":true,"href":"https:\/\/thczenvapes.com\/de\/wp-json\/wp\/v2\/users\/1"}],"replies":[{"embeddable":true,"href":"https:\/\/thczenvapes.com\/de\/wp-json\/wp\/v2\/comments?post=138"}],"version-history":[{"count":5,"href":"https:\/\/thczenvapes.com\/de\/wp-json\/wp\/v2\/pages\/138\/revisions"}],"predecessor-version":[{"id":664,"href":"https:\/\/thczenvapes.com\/de\/wp-json\/wp\/v2\/pages\/138\/revisions\/664"}],"wp:attachment":[{"href":"https:\/\/thczenvapes.com\/de\/wp-json\/wp\/v2\/media?parent=138"}],"curies":[{"name":"wp","href":"https:\/\/api.w.org\/{rel}","templated":true}]}}